{"id":2658,"date":"2025-04-26T22:00:39","date_gmt":"2025-04-26T20:00:39","guid":{"rendered":"https:\/\/ai4performance.com\/?post_type=product&#038;p=2658"},"modified":"2025-04-26T22:11:34","modified_gmt":"2025-04-26T20:11:34","slug":"oezellestirilmis-sosyal-medya-goenderi-hizmeti-3","status":"publish","type":"product","link":"https:\/\/ai4performance.com\/tr\/ueruen-2\/oezellestirilmis-sosyal-medya-goenderi-hizmeti-3\/","title":{"rendered":"Otomobil sat\u0131c\u0131lar\u0131 i\u00e7in tam otomatik sosyal medya payla\u015f\u0131m hizmeti"},"content":{"rendered":"<h3 data-start=\"690\" data-end=\"759\"><strong>Sosyal medya payla\u015f\u0131m hizmeti: otomobil sat\u0131c\u0131lar\u0131 i\u00e7in m\u00fckemmel \u00e7\u00f6z\u00fcm<\/strong><\/h3>\n<p class=\"\" data-start=\"760\" data-end=\"1111\"><strong data-start=\"760\" data-end=\"812\">Sosyal medyadaki ba\u015far\u0131n\u0131z - tamamen otomatik!<\/strong><br data-start=\"812\" data-end=\"815\" \/>Otomobil bayileri i\u00e7in \u00f6zel olarak geli\u015ftirilen sosyal medya payla\u015f\u0131m hizmetimiz, ara\u00e7 sunumlar\u0131n\u0131z\u0131n ve tekliflerinizin tam olarak do\u011fru zamanda ve en iyi platformlarda g\u00f6r\u00fcnmesini sa\u011flar. Bu, maksimum dikkat \u00e7ekmenizi ve ek bir \u00e7aba harcamadan eri\u015fiminizi art\u0131rman\u0131z\u0131 sa\u011flar.<\/p>\n<h3><strong>Araba sat\u0131c\u0131lar\u0131na ne sunuyoruz:<\/strong><\/h3>\n<ul>\n<li data-start=\"1154\" data-end=\"1361\"><strong data-start=\"1154\" data-end=\"1194\">\u00d6zelle\u015ftirilmi\u015f sosyal medya stratejisi:<\/strong><br data-start=\"1194\" data-end=\"1197\" \/>Hedef kitlenize ve bayili\u011finize g\u00f6re uyarlanm\u0131\u015f tam otomatik bir ilan plan\u0131 geli\u015ftiriyoruz - ara\u00e7lar\u0131n\u0131z\u0131 m\u00fcmk\u00fcn olan en iyi \u015fekilde sunmak i\u00e7in m\u00fckemmel.<\/li>\n<li data-start=\"1363\" data-end=\"1537\"><strong data-start=\"1363\" data-end=\"1398\">D\u00fczenli yay\u0131nlar:<\/strong><br data-start=\"1398\" data-end=\"1401\" \/>Ara\u00e7 g\u00f6nderileriniz Instagram, TikTok, Facebook, LinkedIn ve YouTube'da s\u00fcrekli olarak ve en uygun zamanlarda yay\u0131nlan\u0131r.<\/li>\n<li data-start=\"1539\" data-end=\"1719\"><strong data-start=\"1539\" data-end=\"1579\">Hedef kitlenize y\u00f6nelik hedefli adresleme:<\/strong><br data-start=\"1579\" data-end=\"1582\" \/>Stratejimiz, g\u00f6nderilerinizin tam olarak do\u011fru ilgili taraflara (ara\u00e7 al\u0131c\u0131lar\u0131, leasing m\u00fc\u015fterileri veya filo m\u00fc\u015fterileri) ula\u015fmas\u0131n\u0131 sa\u011flar.<\/li>\n<li data-start=\"1721\" data-end=\"1901\"><strong data-start=\"1721\" data-end=\"1750\">Marka olu\u015fturma ve varl\u0131\u011f\u0131:<\/strong><br data-start=\"1750\" data-end=\"1753\" \/>D\u00fczenli ve yarat\u0131c\u0131 katk\u0131larla marka varl\u0131\u011f\u0131n\u0131z\u0131 g\u00fc\u00e7lendiriyor ve bayili\u011finizin dijital rekabette g\u00f6r\u00fcn\u00fcr kalmas\u0131n\u0131 sa\u011fl\u0131yoruz.<\/li>\n<\/ul>\n<h3 class=\"\" data-start=\"1908\" data-end=\"1965\"><strong>Bu hizmet sizin i\u00e7in neden gerekli?<\/strong><\/h3>\n<ul>\n<li data-start=\"1967\" data-end=\"2108\"><strong data-start=\"1967\" data-end=\"1985\">Zaman tasarrufu:<\/strong><br data-start=\"1985\" data-end=\"1988\" \/>Biz i\u00e7eri\u011finizi profesyonel ve stratejik bir \u015fekilde yay\u0131nlarken siz dan\u0131\u015fmanl\u0131k ve sat\u0131\u015fa odaklan\u0131n.<\/li>\n<li data-start=\"2110\" data-end=\"2237\"><strong data-start=\"2110\" data-end=\"2130\">Daha fazla menzil:<\/strong><br data-start=\"2130\" data-end=\"2133\" \/>Uzmanl\u0131\u011f\u0131m\u0131z sayesinde daha fazla potansiyel al\u0131c\u0131ya ula\u015fabilir ve sat\u0131\u015f f\u0131rsatlar\u0131n\u0131z\u0131 \u00f6nemli \u00f6l\u00e7\u00fcde art\u0131rabilirsiniz.<\/li>\n<li data-start=\"2239\" data-end=\"2374\"><strong data-start=\"2239\" data-end=\"2265\">Basit ve verimli:<\/strong><br data-start=\"2265\" data-end=\"2268\" \/>Otomatik s\u00fcre\u00e7ler, siz detaylar hakk\u0131nda endi\u015felenmenize gerek kalmadan m\u00fckemmel sonu\u00e7lar\u0131 garanti eder.<\/li>\n<\/ul>\n<p>&nbsp;<\/p>\n<p>&nbsp;<\/p>","protected":false},"excerpt":{"rendered":"<p>\u00d6zel olarak geli\u015ftirilmi\u015f <strong>Otomobil sat\u0131c\u0131lar\u0131 i\u00e7in sosyal medya payla\u015f\u0131m hizmeti <\/strong>ara\u00e7 videolar\u0131n\u0131z\u0131n ve sat\u0131\u015f i\u00e7eriklerinizin tam olarak do\u011fru zamanda ve en iyi platformlarda yay\u0131nlanmas\u0131n\u0131 sa\u011flar.<\/p>","protected":false},"featured_media":0,"template":"","meta":[],"product_brand":[],"product_cat":[72],"product_tag":[],"class_list":{"0":"post-2658","1":"product","2":"type-product","3":"status-publish","5":"product_cat-social-media-services","7":"first","8":"instock","9":"sale","10":"featured","11":"taxable","12":"shipping-taxable","13":"purchasable","14":"product-type-variable-subscription","15":"has-default-attributes"},"yoast_head":"<!-- This site is optimized with the Yoast SEO plugin v27.3 - https:\/\/yoast.com\/product\/yoast-seo-wordpress\/ -->\n<title>Vollautomatischer Social Media Posting Service f\u00fcr Autoh\u00e4ndler - AI 4 Performance<\/title>\n<meta name=\"robots\" content=\"index, follow, max-snippet:-1, max-image-preview:large, max-video-preview:-1\" \/>\n<link rel=\"canonical\" href=\"https:\/\/ai4performance.com\/tr\/ueruen-2\/oezellestirilmis-sosyal-medya-goenderi-hizmeti-3\/\" \/>\n<meta property=\"og:locale\" content=\"tr_TR\" \/>\n<meta property=\"og:type\" content=\"article\" \/>\n<meta property=\"og:title\" content=\"Vollautomatischer Social Media Posting Service f\u00fcr Autoh\u00e4ndler - AI 4 Performance\" \/>\n<meta property=\"og:description\" content=\"Unser speziell entwickelter Social Media Posting Service f\u00fcr Autoh\u00e4ndler sorgt daf\u00fcr, dass Ihre Fahrzeugvideos und Verkaufsinhalte genau zur richtigen Zeit und auf den besten Plattformen ver\u00f6ffentlicht werden.\" \/>\n<meta property=\"og:url\" content=\"https:\/\/ai4performance.com\/tr\/ueruen-2\/oezellestirilmis-sosyal-medya-goenderi-hizmeti-3\/\" \/>\n<meta property=\"og:site_name\" content=\"AI 4 Performance\" \/>\n<meta property=\"article:modified_time\" content=\"2025-04-26T20:11:34+00:00\" \/>\n<meta name=\"twitter:card\" content=\"summary_large_image\" \/>\n<meta name=\"twitter:label1\" content=\"Est. reading time\" \/>\n\t<meta name=\"twitter:data1\" content=\"1 minute\" \/>\n<script type=\"application\/ld+json\" class=\"yoast-schema-graph\">{\"@context\":\"https:\\\/\\\/schema.org\",\"@graph\":[{\"@type\":\"WebPage\",\"@id\":\"https:\\\/\\\/ai4performance.com\\\/produkt\\\/vollautomatischer-social-media-posting-service-fuer-autohaeuser\\\/\",\"url\":\"https:\\\/\\\/ai4performance.com\\\/produkt\\\/vollautomatischer-social-media-posting-service-fuer-autohaeuser\\\/\",\"name\":\"Vollautomatischer Social Media Posting Service f\u00fcr Autoh\u00e4ndler - AI 4 Performance\",\"isPartOf\":{\"@id\":\"https:\\\/\\\/ai4performance.com\\\/#website\"},\"datePublished\":\"2025-04-26T20:00:39+00:00\",\"dateModified\":\"2025-04-26T20:11:34+00:00\",\"breadcrumb\":{\"@id\":\"https:\\\/\\\/ai4performance.com\\\/produkt\\\/vollautomatischer-social-media-posting-service-fuer-autohaeuser\\\/#breadcrumb\"},\"inLanguage\":\"tr-TR\",\"potentialAction\":[{\"@type\":\"ReadAction\",\"target\":[\"https:\\\/\\\/ai4performance.com\\\/produkt\\\/vollautomatischer-social-media-posting-service-fuer-autohaeuser\\\/\"]}]},{\"@type\":\"BreadcrumbList\",\"@id\":\"https:\\\/\\\/ai4performance.com\\\/produkt\\\/vollautomatischer-social-media-posting-service-fuer-autohaeuser\\\/#breadcrumb\",\"itemListElement\":[{\"@type\":\"ListItem\",\"position\":1,\"name\":\"Startseite\",\"item\":\"https:\\\/\\\/ai4performance.com\\\/\"},{\"@type\":\"ListItem\",\"position\":2,\"name\":\"Shop\",\"item\":\"https:\\\/\\\/ai4performance.com\\\/shop\\\/\"},{\"@type\":\"ListItem\",\"position\":3,\"name\":\"Vollautomatischer Social Media Posting Service f\u00fcr Autoh\u00e4ndler\"}]},{\"@type\":\"WebSite\",\"@id\":\"https:\\\/\\\/ai4performance.com\\\/#website\",\"url\":\"https:\\\/\\\/ai4performance.com\\\/\",\"name\":\"AI 4 Performance\",\"description\":\"\",\"publisher\":{\"@id\":\"https:\\\/\\\/ai4performance.com\\\/#organization\"},\"potentialAction\":[{\"@type\":\"SearchAction\",\"target\":{\"@type\":\"EntryPoint\",\"urlTemplate\":\"https:\\\/\\\/ai4performance.com\\\/?s={search_term_string}\"},\"query-input\":{\"@type\":\"PropertyValueSpecification\",\"valueRequired\":true,\"valueName\":\"search_term_string\"}}],\"inLanguage\":\"tr-TR\"},{\"@type\":\"Organization\",\"@id\":\"https:\\\/\\\/ai4performance.com\\\/#organization\",\"name\":\"AI 4 Performance\",\"url\":\"https:\\\/\\\/ai4performance.com\\\/\",\"logo\":{\"@type\":\"ImageObject\",\"inLanguage\":\"tr-TR\",\"@id\":\"https:\\\/\\\/ai4performance.com\\\/#\\\/schema\\\/logo\\\/image\\\/\",\"url\":\"https:\\\/\\\/ai4performance.com\\\/wp-content\\\/uploads\\\/2016\\\/08\\\/logo.svg\",\"contentUrl\":\"https:\\\/\\\/ai4performance.com\\\/wp-content\\\/uploads\\\/2016\\\/08\\\/logo.svg\",\"width\":1,\"height\":1,\"caption\":\"AI 4 Performance\"},\"image\":{\"@id\":\"https:\\\/\\\/ai4performance.com\\\/#\\\/schema\\\/logo\\\/image\\\/\"}}]}<\/script>\n<!-- \/ Yoast SEO plugin. -->","yoast_head_json":{"title":"Otomobil sat\u0131c\u0131lar\u0131 i\u00e7in tam otomatik sosyal medya payla\u015f\u0131m hizmeti - AI 4 Performance","robots":{"index":"index","follow":"follow","max-snippet":"max-snippet:-1","max-image-preview":"max-image-preview:large","max-video-preview":"max-video-preview:-1"},"canonical":"https:\/\/ai4performance.com\/tr\/ueruen-2\/oezellestirilmis-sosyal-medya-goenderi-hizmeti-3\/","og_locale":"tr_TR","og_type":"article","og_title":"Vollautomatischer Social Media Posting Service f\u00fcr Autoh\u00e4ndler - AI 4 Performance","og_description":"Unser speziell entwickelter Social Media Posting Service f\u00fcr Autoh\u00e4ndler sorgt daf\u00fcr, dass Ihre Fahrzeugvideos und Verkaufsinhalte genau zur richtigen Zeit und auf den besten Plattformen ver\u00f6ffentlicht werden.","og_url":"https:\/\/ai4performance.com\/tr\/ueruen-2\/oezellestirilmis-sosyal-medya-goenderi-hizmeti-3\/","og_site_name":"AI 4 Performance","article_modified_time":"2025-04-26T20:11:34+00:00","twitter_card":"summary_large_image","twitter_misc":{"Est. reading time":"1 minute"},"schema":{"@context":"https:\/\/schema.org","@graph":[{"@type":"WebPage","@id":"https:\/\/ai4performance.com\/produkt\/vollautomatischer-social-media-posting-service-fuer-autohaeuser\/","url":"https:\/\/ai4performance.com\/produkt\/vollautomatischer-social-media-posting-service-fuer-autohaeuser\/","name":"Otomobil sat\u0131c\u0131lar\u0131 i\u00e7in tam otomatik sosyal medya payla\u015f\u0131m hizmeti - AI 4 Performance","isPartOf":{"@id":"https:\/\/ai4performance.com\/#website"},"datePublished":"2025-04-26T20:00:39+00:00","dateModified":"2025-04-26T20:11:34+00:00","breadcrumb":{"@id":"https:\/\/ai4performance.com\/produkt\/vollautomatischer-social-media-posting-service-fuer-autohaeuser\/#breadcrumb"},"inLanguage":"tr-TR","potentialAction":[{"@type":"ReadAction","target":["https:\/\/ai4performance.com\/produkt\/vollautomatischer-social-media-posting-service-fuer-autohaeuser\/"]}]},{"@type":"BreadcrumbList","@id":"https:\/\/ai4performance.com\/produkt\/vollautomatischer-social-media-posting-service-fuer-autohaeuser\/#breadcrumb","itemListElement":[{"@type":"ListItem","position":1,"name":"Startseite","item":"https:\/\/ai4performance.com\/"},{"@type":"ListItem","position":2,"name":"Shop","item":"https:\/\/ai4performance.com\/shop\/"},{"@type":"ListItem","position":3,"name":"Vollautomatischer Social Media Posting Service f\u00fcr Autoh\u00e4ndler"}]},{"@type":"WebSite","@id":"https:\/\/ai4performance.com\/#website","url":"https:\/\/ai4performance.com\/","name":"AI 4 Performans","description":"","publisher":{"@id":"https:\/\/ai4performance.com\/#organization"},"potentialAction":[{"@type":"SearchAction","target":{"@type":"EntryPoint","urlTemplate":"https:\/\/ai4performance.com\/?s={search_term_string}"},"query-input":{"@type":"PropertyValueSpecification","valueRequired":true,"valueName":"search_term_string"}}],"inLanguage":"tr-TR"},{"@type":"Organization","@id":"https:\/\/ai4performance.com\/#organization","name":"AI 4 Performans","url":"https:\/\/ai4performance.com\/","logo":{"@type":"ImageObject","inLanguage":"tr-TR","@id":"https:\/\/ai4performance.com\/#\/schema\/logo\/image\/","url":"https:\/\/ai4performance.com\/wp-content\/uploads\/2016\/08\/logo.svg","contentUrl":"https:\/\/ai4performance.com\/wp-content\/uploads\/2016\/08\/logo.svg","width":1,"height":1,"caption":"AI 4 Performance"},"image":{"@id":"https:\/\/ai4performance.com\/#\/schema\/logo\/image\/"}}]}},"_links":{"self":[{"href":"https:\/\/ai4performance.com\/tr\/wp-json\/wp\/v2\/product\/2658","targetHints":{"allow":["GET"]}}],"collection":[{"href":"https:\/\/ai4performance.com\/tr\/wp-json\/wp\/v2\/product"}],"about":[{"href":"https:\/\/ai4performance.com\/tr\/wp-json\/wp\/v2\/types\/product"}],"wp:attachment":[{"href":"https:\/\/ai4performance.com\/tr\/wp-json\/wp\/v2\/media?parent=2658"}],"wp:term":[{"taxonomy":"product_brand","embeddable":true,"href":"https:\/\/ai4performance.com\/tr\/wp-json\/wp\/v2\/product_brand?post=2658"},{"taxonomy":"product_cat","embeddable":true,"href":"https:\/\/ai4performance.com\/tr\/wp-json\/wp\/v2\/product_cat?post=2658"},{"taxonomy":"product_tag","embeddable":true,"href":"https:\/\/ai4performance.com\/tr\/wp-json\/wp\/v2\/product_tag?post=2658"}],"curies":[{"name":"wp","href":"https:\/\/api.w.org\/{rel}","templated":true}]}}