{"id":2508,"date":"2025-04-14T13:58:07","date_gmt":"2025-04-14T11:58:07","guid":{"rendered":"https:\/\/ai4performance.com\/?post_type=product&#038;p=2508"},"modified":"2025-06-03T16:42:28","modified_gmt":"2025-06-03T14:42:28","slug":"aylik-ki-asistan-guencelleme-egitimi-2","status":"publish","type":"product","link":"https:\/\/ai4performance.com\/tr\/ueruen-2\/aylik-ki-asistan-guencelleme-egitimi-2\/","title":{"rendered":"\u015eirketiniz i\u00e7in yapay zekal\u0131 dil asistan\u0131"},"content":{"rendered":"<p class=\"\" data-start=\"134\" data-end=\"265\"><strong data-start=\"134\" data-end=\"221\">\u015eirketiniz i\u00e7in yapay zekal\u0131 sesli asistan - 7\/24 kullan\u0131labilir, g\u00fcvenilir ve ak\u0131ll\u0131<\/strong><br data-start=\"221\" data-end=\"224\" \/><strong data-start=\"224\" data-end=\"265\">Ayl\u0131k fiyat: 289 \u20ac (KDV dahil)<\/strong><\/p>\n<p class=\"\" data-start=\"267\" data-end=\"605\">Yapay zeka tabanl\u0131 sesli asistan\u0131m\u0131z, g\u00fcn\u00fcn her saati aramalar\u0131 yan\u0131tlayan, randevular\u0131 koordine eden ve s\u0131k sorulan sorular\u0131 yan\u0131tlayan dijital \u00e7al\u0131\u015fan\u0131n\u0131zd\u0131r - arkada\u015f canl\u0131s\u0131, yetkin ve tamamen otomatik. Kullan\u0131labilirliklerini art\u0131rmak, \u00e7al\u0131\u015fanlar\u0131 rahatlatmak ve modern m\u00fc\u015fteri hizmetleri sunmak isteyen \u015firketler i\u00e7in idealdir.<\/p>\n<p class=\"\" data-start=\"607\" data-end=\"949\">Kurulum, profesyonel ses, \u00e7a\u011fr\u0131 yan\u0131tlama, randevu i\u015flevi (iste\u011fe ba\u011fl\u0131 olarak takvim ba\u011flant\u0131s\u0131 ile) ve GDPR uyumlu veri i\u015fleme dahil olmak \u00fczere sekt\u00f6r\u00fcn\u00fcze ve gereksinimlerinize g\u00f6re \u00f6zelle\u015ftirilir. \u0130ster y\u00fcksek \u00e7a\u011fr\u0131 hacmi olan g\u00fcn i\u00e7inde ister mesai saatleri d\u0131\u015f\u0131nda gece olsun: Yapay zeka asistan\u0131n\u0131z her zaman haz\u0131r.<\/p>\n<p class=\"\" data-start=\"951\" data-end=\"1215\">Buna ayda 300'e kadar \u00e7a\u011fr\u0131, \u00e7a\u011fr\u0131 de\u011ferlendirmesi i\u00e7in bir analiz portal\u0131na eri\u015fim, istenirse web siteniz \u00fczerinden entegrasyon, destek ve bak\u0131m dahildir. \u0130lk kat\u0131l\u0131mdan sonra asistan\u0131n\u0131z genellikle 48 saat i\u00e7inde kullan\u0131ma haz\u0131r hale gelir.<\/p>\n<p class=\"\" data-start=\"1217\" data-end=\"1403\">\u2714\ufe0f 7\/24 ula\u015f\u0131labilir<br data-start=\"1234\" data-end=\"1237\" \/>\u2714\ufe0f \u00d6zelle\u015ftirilmi\u015f<br data-start=\"1261\" data-end=\"1264\" \/>\u2714\ufe0f Hizmet sa\u011flay\u0131c\u0131lar, hukuk firmalar\u0131, muayenehaneler, el sanatlar\u0131 i\u015fletmeleri ve daha fazlas\u0131 i\u00e7in<br data-start=\"1329\" data-end=\"1332\" \/>\u2714\ufe0f 3 ay sonra ayl\u0131k olarak iptal edilebilir<br data-start=\"1367\" data-end=\"1370\" \/>\u2714\ufe0f Ki\u015fisel destek dahil<\/p>","protected":false},"excerpt":{"rendered":"<p><strong data-start=\"1501\" data-end=\"1564\">Dijital telefon asistan\u0131n\u0131z - g\u00fcn\u00fcn her saati hizmetinizde. <\/strong>\u015eirketler i\u00e7in \u00e7a\u011fr\u0131lar\u0131 yan\u0131tlayan, randevu veren ve s\u0131k sorulan sorular\u0131 yan\u0131tlayan profesyonel yapay zekal\u0131 sesli asistan - tamamen otomatik, \u00f6zelle\u015ftirilmi\u015f ve GDPR uyumlu. Ekibinizi rahatlatmak ve m\u00fc\u015fteri hizmetlerinizi optimize etmek i\u00e7in ideal<\/p>","protected":false},"featured_media":0,"template":"","meta":[],"product_brand":[],"product_cat":[108],"product_tag":[],"class_list":{"0":"post-2508","1":"product","2":"type-product","3":"status-publish","5":"product_cat-ki-assistent","7":"first","8":"instock","9":"sold-individually","10":"taxable","11":"shipping-taxable","12":"purchasable","13":"product-type-subscription"},"yoast_head":"<!-- This site is optimized with the Yoast SEO plugin v27.3 - https:\/\/yoast.com\/product\/yoast-seo-wordpress\/ -->\n<title>KI-Sprachassistent f\u00fcr Ihr Unternehmen - AI 4 Performance<\/title>\n<meta name=\"robots\" content=\"index, follow, max-snippet:-1, max-image-preview:large, max-video-preview:-1\" \/>\n<link rel=\"canonical\" href=\"https:\/\/ai4performance.com\/tr\/ueruen-2\/aylik-ki-asistan-guencelleme-egitimi-2\/\" \/>\n<meta property=\"og:locale\" content=\"tr_TR\" \/>\n<meta property=\"og:type\" content=\"article\" \/>\n<meta property=\"og:title\" content=\"KI-Sprachassistent f\u00fcr Ihr Unternehmen - AI 4 Performance\" \/>\n<meta property=\"og:description\" content=\"Ihr digitaler Telefonassistent \u2013 rund um die Uhr verf\u00fcgbar. Professioneller KI-Sprachassistent f\u00fcr Unternehmen, der Anrufe entgegennimmt, Termine vereinbart und h\u00e4ufige Fragen beantwortet \u2013 vollautomatisch, individuell angepasst und DSGVO-konform. Ideal zur Entlastung Ihres Teams und zur Optimierung Ihres Kundenservices\" \/>\n<meta property=\"og:url\" content=\"https:\/\/ai4performance.com\/tr\/ueruen-2\/aylik-ki-asistan-guencelleme-egitimi-2\/\" \/>\n<meta property=\"og:site_name\" content=\"AI 4 Performance\" \/>\n<meta property=\"article:modified_time\" content=\"2025-06-03T14:42:28+00:00\" \/>\n<meta name=\"twitter:card\" content=\"summary_large_image\" \/>\n<meta name=\"twitter:label1\" content=\"Est. reading time\" \/>\n\t<meta name=\"twitter:data1\" content=\"1 minute\" \/>\n<script type=\"application\/ld+json\" class=\"yoast-schema-graph\">{\"@context\":\"https:\\\/\\\/schema.org\",\"@graph\":[{\"@type\":\"WebPage\",\"@id\":\"https:\\\/\\\/ai4performance.com\\\/produkt\\\/ki-sprachassistent-fuer-ihr-unternehmen\\\/\",\"url\":\"https:\\\/\\\/ai4performance.com\\\/produkt\\\/ki-sprachassistent-fuer-ihr-unternehmen\\\/\",\"name\":\"KI-Sprachassistent f\u00fcr Ihr Unternehmen - AI 4 Performance\",\"isPartOf\":{\"@id\":\"https:\\\/\\\/ai4performance.com\\\/#website\"},\"datePublished\":\"2025-04-14T11:58:07+00:00\",\"dateModified\":\"2025-06-03T14:42:28+00:00\",\"breadcrumb\":{\"@id\":\"https:\\\/\\\/ai4performance.com\\\/produkt\\\/ki-sprachassistent-fuer-ihr-unternehmen\\\/#breadcrumb\"},\"inLanguage\":\"tr-TR\",\"potentialAction\":[{\"@type\":\"ReadAction\",\"target\":[\"https:\\\/\\\/ai4performance.com\\\/produkt\\\/ki-sprachassistent-fuer-ihr-unternehmen\\\/\"]}]},{\"@type\":\"BreadcrumbList\",\"@id\":\"https:\\\/\\\/ai4performance.com\\\/produkt\\\/ki-sprachassistent-fuer-ihr-unternehmen\\\/#breadcrumb\",\"itemListElement\":[{\"@type\":\"ListItem\",\"position\":1,\"name\":\"Startseite\",\"item\":\"https:\\\/\\\/ai4performance.com\\\/\"},{\"@type\":\"ListItem\",\"position\":2,\"name\":\"Shop\",\"item\":\"https:\\\/\\\/ai4performance.com\\\/shop\\\/\"},{\"@type\":\"ListItem\",\"position\":3,\"name\":\"KI-Sprachassistent f\u00fcr Ihr Unternehmen\"}]},{\"@type\":\"WebSite\",\"@id\":\"https:\\\/\\\/ai4performance.com\\\/#website\",\"url\":\"https:\\\/\\\/ai4performance.com\\\/\",\"name\":\"AI 4 Performance\",\"description\":\"\",\"publisher\":{\"@id\":\"https:\\\/\\\/ai4performance.com\\\/#organization\"},\"potentialAction\":[{\"@type\":\"SearchAction\",\"target\":{\"@type\":\"EntryPoint\",\"urlTemplate\":\"https:\\\/\\\/ai4performance.com\\\/?s={search_term_string}\"},\"query-input\":{\"@type\":\"PropertyValueSpecification\",\"valueRequired\":true,\"valueName\":\"search_term_string\"}}],\"inLanguage\":\"tr-TR\"},{\"@type\":\"Organization\",\"@id\":\"https:\\\/\\\/ai4performance.com\\\/#organization\",\"name\":\"AI 4 Performance\",\"url\":\"https:\\\/\\\/ai4performance.com\\\/\",\"logo\":{\"@type\":\"ImageObject\",\"inLanguage\":\"tr-TR\",\"@id\":\"https:\\\/\\\/ai4performance.com\\\/#\\\/schema\\\/logo\\\/image\\\/\",\"url\":\"https:\\\/\\\/ai4performance.com\\\/wp-content\\\/uploads\\\/2016\\\/08\\\/logo.svg\",\"contentUrl\":\"https:\\\/\\\/ai4performance.com\\\/wp-content\\\/uploads\\\/2016\\\/08\\\/logo.svg\",\"width\":1,\"height\":1,\"caption\":\"AI 4 Performance\"},\"image\":{\"@id\":\"https:\\\/\\\/ai4performance.com\\\/#\\\/schema\\\/logo\\\/image\\\/\"}}]}<\/script>\n<!-- \/ Yoast SEO plugin. -->","yoast_head_json":{"title":"\u015eirketiniz i\u00e7in yapay zeka dil asistan\u0131 - AI 4 Performance","robots":{"index":"index","follow":"follow","max-snippet":"max-snippet:-1","max-image-preview":"max-image-preview:large","max-video-preview":"max-video-preview:-1"},"canonical":"https:\/\/ai4performance.com\/tr\/ueruen-2\/aylik-ki-asistan-guencelleme-egitimi-2\/","og_locale":"tr_TR","og_type":"article","og_title":"KI-Sprachassistent f\u00fcr Ihr Unternehmen - AI 4 Performance","og_description":"Ihr digitaler Telefonassistent \u2013 rund um die Uhr verf\u00fcgbar. Professioneller KI-Sprachassistent f\u00fcr Unternehmen, der Anrufe entgegennimmt, Termine vereinbart und h\u00e4ufige Fragen beantwortet \u2013 vollautomatisch, individuell angepasst und DSGVO-konform. Ideal zur Entlastung Ihres Teams und zur Optimierung Ihres Kundenservices","og_url":"https:\/\/ai4performance.com\/tr\/ueruen-2\/aylik-ki-asistan-guencelleme-egitimi-2\/","og_site_name":"AI 4 Performance","article_modified_time":"2025-06-03T14:42:28+00:00","twitter_card":"summary_large_image","twitter_misc":{"Est. reading time":"1 minute"},"schema":{"@context":"https:\/\/schema.org","@graph":[{"@type":"WebPage","@id":"https:\/\/ai4performance.com\/produkt\/ki-sprachassistent-fuer-ihr-unternehmen\/","url":"https:\/\/ai4performance.com\/produkt\/ki-sprachassistent-fuer-ihr-unternehmen\/","name":"\u015eirketiniz i\u00e7in yapay zeka dil asistan\u0131 - AI 4 Performance","isPartOf":{"@id":"https:\/\/ai4performance.com\/#website"},"datePublished":"2025-04-14T11:58:07+00:00","dateModified":"2025-06-03T14:42:28+00:00","breadcrumb":{"@id":"https:\/\/ai4performance.com\/produkt\/ki-sprachassistent-fuer-ihr-unternehmen\/#breadcrumb"},"inLanguage":"tr-TR","potentialAction":[{"@type":"ReadAction","target":["https:\/\/ai4performance.com\/produkt\/ki-sprachassistent-fuer-ihr-unternehmen\/"]}]},{"@type":"BreadcrumbList","@id":"https:\/\/ai4performance.com\/produkt\/ki-sprachassistent-fuer-ihr-unternehmen\/#breadcrumb","itemListElement":[{"@type":"ListItem","position":1,"name":"Startseite","item":"https:\/\/ai4performance.com\/"},{"@type":"ListItem","position":2,"name":"Shop","item":"https:\/\/ai4performance.com\/shop\/"},{"@type":"ListItem","position":3,"name":"KI-Sprachassistent f\u00fcr Ihr Unternehmen"}]},{"@type":"WebSite","@id":"https:\/\/ai4performance.com\/#website","url":"https:\/\/ai4performance.com\/","name":"AI 4 Performans","description":"","publisher":{"@id":"https:\/\/ai4performance.com\/#organization"},"potentialAction":[{"@type":"SearchAction","target":{"@type":"EntryPoint","urlTemplate":"https:\/\/ai4performance.com\/?s={search_term_string}"},"query-input":{"@type":"PropertyValueSpecification","valueRequired":true,"valueName":"search_term_string"}}],"inLanguage":"tr-TR"},{"@type":"Organization","@id":"https:\/\/ai4performance.com\/#organization","name":"AI 4 Performans","url":"https:\/\/ai4performance.com\/","logo":{"@type":"ImageObject","inLanguage":"tr-TR","@id":"https:\/\/ai4performance.com\/#\/schema\/logo\/image\/","url":"https:\/\/ai4performance.com\/wp-content\/uploads\/2016\/08\/logo.svg","contentUrl":"https:\/\/ai4performance.com\/wp-content\/uploads\/2016\/08\/logo.svg","width":1,"height":1,"caption":"AI 4 Performance"},"image":{"@id":"https:\/\/ai4performance.com\/#\/schema\/logo\/image\/"}}]}},"_links":{"self":[{"href":"https:\/\/ai4performance.com\/tr\/wp-json\/wp\/v2\/product\/2508","targetHints":{"allow":["GET"]}}],"collection":[{"href":"https:\/\/ai4performance.com\/tr\/wp-json\/wp\/v2\/product"}],"about":[{"href":"https:\/\/ai4performance.com\/tr\/wp-json\/wp\/v2\/types\/product"}],"wp:attachment":[{"href":"https:\/\/ai4performance.com\/tr\/wp-json\/wp\/v2\/media?parent=2508"}],"wp:term":[{"taxonomy":"product_brand","embeddable":true,"href":"https:\/\/ai4performance.com\/tr\/wp-json\/wp\/v2\/product_brand?post=2508"},{"taxonomy":"product_cat","embeddable":true,"href":"https:\/\/ai4performance.com\/tr\/wp-json\/wp\/v2\/product_cat?post=2508"},{"taxonomy":"product_tag","embeddable":true,"href":"https:\/\/ai4performance.com\/tr\/wp-json\/wp\/v2\/product_tag?post=2508"}],"curies":[{"name":"wp","href":"https:\/\/api.w.org\/{rel}","templated":true}]}}