{"id":2287,"date":"2025-01-04T16:41:01","date_gmt":"2025-01-04T15:41:01","guid":{"rendered":"https:\/\/ai4performance.com\/?post_type=product&#038;p=2287"},"modified":"2025-02-17T10:20:28","modified_gmt":"2025-02-17T09:20:28","slug":"oezellestirilmis-sosyal-medya-goenderi-hizmeti-2","status":"publish","type":"product","link":"https:\/\/ai4performance.com\/tr\/ueruen-2\/oezellestirilmis-sosyal-medya-goenderi-hizmeti-2\/","title":{"rendered":"Emlak\u00e7\u0131lar i\u00e7in tam otomatik sosyal medya payla\u015f\u0131m hizmeti"},"content":{"rendered":"<h3>Sosyal medya payla\u015f\u0131m hizmeti: emlak\u00e7\u0131lar i\u00e7in m\u00fckemmel \u00e7\u00f6z\u00fcm<\/h3>\n<p><strong>Sosyal medyadaki ba\u015far\u0131n\u0131z - tamamen otomatik!<\/strong><br \/>\nEmlak\u00e7\u0131lar i\u00e7in \u00f6zel olarak geli\u015ftirilen sosyal medya payla\u015f\u0131m hizmetimiz, emlak videolar\u0131n\u0131z\u0131n ve i\u00e7eriklerinizin tam olarak do\u011fru zamanda ve en iyi platformlarda yay\u0131nlanmas\u0131n\u0131 sa\u011flar. Bu, ek bir \u00e7aba harcamadan maksimum dikkat \u00e7ekmenizi ve eri\u015fiminizi art\u0131rman\u0131z\u0131 sa\u011flar.<\/p>\n<hr \/>\n<h3><strong>Emlak acentelerine ne sunuyoruz?<\/strong><\/h3>\n<ol>\n<li><strong>\u00d6zelle\u015ftirilmi\u015f sosyal medya stratejisi:<\/strong><br \/>\nHedef kitlenize ve markan\u0131za g\u00f6re uyarlanm\u0131\u015f tam otomatik bir ilan plan\u0131 geli\u015ftiriyoruz - m\u00fclklerinizi m\u00fcmk\u00fcn olan en iyi \u015fekilde sunmak i\u00e7in m\u00fckemmel.<\/li>\n<li><strong>D\u00fczenli yay\u0131nlar:<\/strong><br \/>\nM\u00fclk payla\u015f\u0131mlar\u0131n\u0131z\u0131 Instagram, TikTok, Facebook, LinkedIn ve YouTube'da s\u00fcrekli ve en iyi zamanlarda yay\u0131nl\u0131yoruz.<\/li>\n<li><strong>Hedef kitlenize y\u00f6nelik hedefli adresleme:<\/strong><br \/>\nStratejimiz, g\u00f6nderilerinizin al\u0131c\u0131lar, kirac\u0131lar veya yat\u0131r\u0131mc\u0131lar gibi tam olarak do\u011fru ilgili taraflara ula\u015fmas\u0131n\u0131 sa\u011flar.<\/li>\n<li><strong>Marka olu\u015fturma ve varl\u0131\u011f\u0131:<\/strong><br \/>\nD\u00fczenli ve yarat\u0131c\u0131 katk\u0131larla markan\u0131z\u0131n sosyal medyada g\u00f6r\u00fcn\u00fcr kalmas\u0131n\u0131 ve s\u00fcrd\u00fcr\u00fclebilir bir \u015fekilde b\u00fcy\u00fcmesini sa\u011fl\u0131yoruz.<\/li>\n<\/ol>\n<hr \/>\n<h3><strong>Bu hizmet brokerler i\u00e7in neden gereklidir?<\/strong><\/h3>\n<ul>\n<li><strong>Zaman tasarrufu:<\/strong> Biz i\u00e7eri\u011finizi stratejik olarak yay\u0131nlarken siz temel g\u00f6revlerinize odaklan\u0131n.<\/li>\n<li><strong>Daha fazla menzil:<\/strong> Uzmanl\u0131\u011f\u0131m\u0131z sayesinde her zamankinden daha fazla potansiyel al\u0131c\u0131 ve kirac\u0131ya ula\u015fabilirsiniz.<\/li>\n<li><strong>Basit ve verimli:<\/strong> Otomatik s\u00fcre\u00e7ler, siz detaylar hakk\u0131nda endi\u015felenmenize gerek kalmadan m\u00fckemmel sonu\u00e7lar\u0131 garanti eder.<\/li>\n<\/ul>\n<p>&nbsp;<\/p>","protected":false},"excerpt":{"rendered":"<p>\u00d6zel olarak geli\u015ftirilmi\u015f <strong>Emlak\u00e7\u0131lar i\u00e7in sosyal medya payla\u015f\u0131m hizmeti<\/strong> m\u00fclk videolar\u0131n\u0131z\u0131n ve i\u00e7eri\u011finizin tam olarak do\u011fru zamanda ve en iyi platformlarda yay\u0131nlanmas\u0131n\u0131 sa\u011flar.<\/p>","protected":false},"featured_media":0,"template":"","meta":[],"product_brand":[],"product_cat":[72],"product_tag":[],"class_list":{"0":"post-2287","1":"product","2":"type-product","3":"status-publish","5":"product_cat-social-media-services","7":"first","8":"instock","9":"sale","10":"featured","11":"taxable","12":"shipping-taxable","13":"purchasable","14":"product-type-variable-subscription","15":"has-default-attributes"},"yoast_head":"<!-- This site is optimized with the Yoast SEO plugin v27.3 - https:\/\/yoast.com\/product\/yoast-seo-wordpress\/ -->\n<title>Vollautomatischer Social Media Posting Service f\u00fcr Immobilienmakler - AI 4 Performance<\/title>\n<meta name=\"robots\" content=\"index, follow, max-snippet:-1, max-image-preview:large, max-video-preview:-1\" \/>\n<link rel=\"canonical\" href=\"https:\/\/ai4performance.com\/tr\/ueruen-2\/oezellestirilmis-sosyal-medya-goenderi-hizmeti-2\/\" \/>\n<meta property=\"og:locale\" content=\"tr_TR\" \/>\n<meta property=\"og:type\" content=\"article\" \/>\n<meta property=\"og:title\" content=\"Vollautomatischer Social Media Posting Service f\u00fcr Immobilienmakler - AI 4 Performance\" \/>\n<meta property=\"og:description\" content=\"Unser speziell entwickelter Social Media Posting Service f\u00fcr Immobilienmakler sorgt daf\u00fcr, dass Ihre Immobilienvideos und Inhalte genau zur richtigen Zeit und auf den besten Plattformen ver\u00f6ffentlicht werden.\" \/>\n<meta property=\"og:url\" content=\"https:\/\/ai4performance.com\/tr\/ueruen-2\/oezellestirilmis-sosyal-medya-goenderi-hizmeti-2\/\" \/>\n<meta property=\"og:site_name\" content=\"AI 4 Performance\" \/>\n<meta property=\"article:modified_time\" content=\"2025-02-17T09:20:28+00:00\" \/>\n<meta name=\"twitter:card\" content=\"summary_large_image\" \/>\n<meta name=\"twitter:label1\" content=\"Est. reading time\" \/>\n\t<meta name=\"twitter:data1\" content=\"1 minute\" \/>\n<script type=\"application\/ld+json\" class=\"yoast-schema-graph\">{\"@context\":\"https:\\\/\\\/schema.org\",\"@graph\":[{\"@type\":\"WebPage\",\"@id\":\"https:\\\/\\\/ai4performance.com\\\/produkt\\\/vollautomatischer-social-media-posting-service-fuer-immobilienmakler\\\/\",\"url\":\"https:\\\/\\\/ai4performance.com\\\/produkt\\\/vollautomatischer-social-media-posting-service-fuer-immobilienmakler\\\/\",\"name\":\"Vollautomatischer Social Media Posting Service f\u00fcr Immobilienmakler - AI 4 Performance\",\"isPartOf\":{\"@id\":\"https:\\\/\\\/ai4performance.com\\\/#website\"},\"datePublished\":\"2025-01-04T15:41:01+00:00\",\"dateModified\":\"2025-02-17T09:20:28+00:00\",\"breadcrumb\":{\"@id\":\"https:\\\/\\\/ai4performance.com\\\/produkt\\\/vollautomatischer-social-media-posting-service-fuer-immobilienmakler\\\/#breadcrumb\"},\"inLanguage\":\"tr-TR\",\"potentialAction\":[{\"@type\":\"ReadAction\",\"target\":[\"https:\\\/\\\/ai4performance.com\\\/produkt\\\/vollautomatischer-social-media-posting-service-fuer-immobilienmakler\\\/\"]}]},{\"@type\":\"BreadcrumbList\",\"@id\":\"https:\\\/\\\/ai4performance.com\\\/produkt\\\/vollautomatischer-social-media-posting-service-fuer-immobilienmakler\\\/#breadcrumb\",\"itemListElement\":[{\"@type\":\"ListItem\",\"position\":1,\"name\":\"Startseite\",\"item\":\"https:\\\/\\\/ai4performance.com\\\/\"},{\"@type\":\"ListItem\",\"position\":2,\"name\":\"Shop\",\"item\":\"https:\\\/\\\/ai4performance.com\\\/shop\\\/\"},{\"@type\":\"ListItem\",\"position\":3,\"name\":\"Vollautomatischer Social Media Posting Service f\u00fcr Immobilienmakler\"}]},{\"@type\":\"WebSite\",\"@id\":\"https:\\\/\\\/ai4performance.com\\\/#website\",\"url\":\"https:\\\/\\\/ai4performance.com\\\/\",\"name\":\"AI 4 Performance\",\"description\":\"\",\"publisher\":{\"@id\":\"https:\\\/\\\/ai4performance.com\\\/#organization\"},\"potentialAction\":[{\"@type\":\"SearchAction\",\"target\":{\"@type\":\"EntryPoint\",\"urlTemplate\":\"https:\\\/\\\/ai4performance.com\\\/?s={search_term_string}\"},\"query-input\":{\"@type\":\"PropertyValueSpecification\",\"valueRequired\":true,\"valueName\":\"search_term_string\"}}],\"inLanguage\":\"tr-TR\"},{\"@type\":\"Organization\",\"@id\":\"https:\\\/\\\/ai4performance.com\\\/#organization\",\"name\":\"AI 4 Performance\",\"url\":\"https:\\\/\\\/ai4performance.com\\\/\",\"logo\":{\"@type\":\"ImageObject\",\"inLanguage\":\"tr-TR\",\"@id\":\"https:\\\/\\\/ai4performance.com\\\/#\\\/schema\\\/logo\\\/image\\\/\",\"url\":\"https:\\\/\\\/ai4performance.com\\\/wp-content\\\/uploads\\\/2016\\\/08\\\/logo.svg\",\"contentUrl\":\"https:\\\/\\\/ai4performance.com\\\/wp-content\\\/uploads\\\/2016\\\/08\\\/logo.svg\",\"width\":1,\"height\":1,\"caption\":\"AI 4 Performance\"},\"image\":{\"@id\":\"https:\\\/\\\/ai4performance.com\\\/#\\\/schema\\\/logo\\\/image\\\/\"}}]}<\/script>\n<!-- \/ Yoast SEO plugin. -->","yoast_head_json":{"title":"Vollautomatischer Social Media Posting Service f\u00fcr Immobilienmakler - AI 4 Performance","robots":{"index":"index","follow":"follow","max-snippet":"max-snippet:-1","max-image-preview":"max-image-preview:large","max-video-preview":"max-video-preview:-1"},"canonical":"https:\/\/ai4performance.com\/tr\/ueruen-2\/oezellestirilmis-sosyal-medya-goenderi-hizmeti-2\/","og_locale":"tr_TR","og_type":"article","og_title":"Vollautomatischer Social Media Posting Service f\u00fcr Immobilienmakler - AI 4 Performance","og_description":"Unser speziell entwickelter Social Media Posting Service f\u00fcr Immobilienmakler sorgt daf\u00fcr, dass Ihre Immobilienvideos und Inhalte genau zur richtigen Zeit und auf den besten Plattformen ver\u00f6ffentlicht werden.","og_url":"https:\/\/ai4performance.com\/tr\/ueruen-2\/oezellestirilmis-sosyal-medya-goenderi-hizmeti-2\/","og_site_name":"AI 4 Performance","article_modified_time":"2025-02-17T09:20:28+00:00","twitter_card":"summary_large_image","twitter_misc":{"Est. reading time":"1 minute"},"schema":{"@context":"https:\/\/schema.org","@graph":[{"@type":"WebPage","@id":"https:\/\/ai4performance.com\/produkt\/vollautomatischer-social-media-posting-service-fuer-immobilienmakler\/","url":"https:\/\/ai4performance.com\/produkt\/vollautomatischer-social-media-posting-service-fuer-immobilienmakler\/","name":"Vollautomatischer Social Media Posting Service f\u00fcr Immobilienmakler - AI 4 Performance","isPartOf":{"@id":"https:\/\/ai4performance.com\/#website"},"datePublished":"2025-01-04T15:41:01+00:00","dateModified":"2025-02-17T09:20:28+00:00","breadcrumb":{"@id":"https:\/\/ai4performance.com\/produkt\/vollautomatischer-social-media-posting-service-fuer-immobilienmakler\/#breadcrumb"},"inLanguage":"tr-TR","potentialAction":[{"@type":"ReadAction","target":["https:\/\/ai4performance.com\/produkt\/vollautomatischer-social-media-posting-service-fuer-immobilienmakler\/"]}]},{"@type":"BreadcrumbList","@id":"https:\/\/ai4performance.com\/produkt\/vollautomatischer-social-media-posting-service-fuer-immobilienmakler\/#breadcrumb","itemListElement":[{"@type":"ListItem","position":1,"name":"Startseite","item":"https:\/\/ai4performance.com\/"},{"@type":"ListItem","position":2,"name":"Shop","item":"https:\/\/ai4performance.com\/shop\/"},{"@type":"ListItem","position":3,"name":"Vollautomatischer Social Media Posting Service f\u00fcr Immobilienmakler"}]},{"@type":"WebSite","@id":"https:\/\/ai4performance.com\/#website","url":"https:\/\/ai4performance.com\/","name":"AI 4 Performans","description":"","publisher":{"@id":"https:\/\/ai4performance.com\/#organization"},"potentialAction":[{"@type":"SearchAction","target":{"@type":"EntryPoint","urlTemplate":"https:\/\/ai4performance.com\/?s={search_term_string}"},"query-input":{"@type":"PropertyValueSpecification","valueRequired":true,"valueName":"search_term_string"}}],"inLanguage":"tr-TR"},{"@type":"Organization","@id":"https:\/\/ai4performance.com\/#organization","name":"AI 4 Performans","url":"https:\/\/ai4performance.com\/","logo":{"@type":"ImageObject","inLanguage":"tr-TR","@id":"https:\/\/ai4performance.com\/#\/schema\/logo\/image\/","url":"https:\/\/ai4performance.com\/wp-content\/uploads\/2016\/08\/logo.svg","contentUrl":"https:\/\/ai4performance.com\/wp-content\/uploads\/2016\/08\/logo.svg","width":1,"height":1,"caption":"AI 4 Performance"},"image":{"@id":"https:\/\/ai4performance.com\/#\/schema\/logo\/image\/"}}]}},"_links":{"self":[{"href":"https:\/\/ai4performance.com\/tr\/wp-json\/wp\/v2\/product\/2287","targetHints":{"allow":["GET"]}}],"collection":[{"href":"https:\/\/ai4performance.com\/tr\/wp-json\/wp\/v2\/product"}],"about":[{"href":"https:\/\/ai4performance.com\/tr\/wp-json\/wp\/v2\/types\/product"}],"wp:attachment":[{"href":"https:\/\/ai4performance.com\/tr\/wp-json\/wp\/v2\/media?parent=2287"}],"wp:term":[{"taxonomy":"product_brand","embeddable":true,"href":"https:\/\/ai4performance.com\/tr\/wp-json\/wp\/v2\/product_brand?post=2287"},{"taxonomy":"product_cat","embeddable":true,"href":"https:\/\/ai4performance.com\/tr\/wp-json\/wp\/v2\/product_cat?post=2287"},{"taxonomy":"product_tag","embeddable":true,"href":"https:\/\/ai4performance.com\/tr\/wp-json\/wp\/v2\/product_tag?post=2287"}],"curies":[{"name":"wp","href":"https:\/\/api.w.org\/{rel}","templated":true}]}}