{"id":1534,"date":"2024-09-12T23:50:23","date_gmt":"2024-09-12T21:50:23","guid":{"rendered":"https:\/\/ai4performance.com\/?post_type=product&#038;p=1534"},"modified":"2024-11-27T13:50:23","modified_gmt":"2024-11-27T12:50:23","slug":"aylik-ki-asistan-guencelleme-egitimi","status":"publish","type":"product","link":"https:\/\/ai4performance.com\/tr\/ueruen-2\/aylik-ki-asistan-guencelleme-egitimi\/","title":{"rendered":"Web siteniz i\u00e7in yapay zeka tabanl\u0131 m\u00fc\u015fteri dan\u0131\u015fman\u0131"},"content":{"rendered":"<h3>Yapay zeka asistan\u0131n\u0131z\u0131 ayl\u0131k g\u00fcncellemeler ve s\u00fcrekli e\u011fitim ile her zaman g\u00fcncel tutun<\/h3>\n<p>Bizim ayl\u0131k <strong>Yapay Zeka Asistan\u0131 G\u00fcncelleme ve E\u011fitim Hizmeti<\/strong> asistan\u0131n\u0131z\u0131n \u00fcr\u00fcn ve hizmetleriniz hakk\u0131nda her zaman en son bilgilere sahip olmas\u0131n\u0131 sa\u011flar. D\u00fczenli ayarlamalar ve g\u00fcncellemeler asistan\u0131n esnek kalmas\u0131n\u0131, de\u011fi\u015fikliklere tepki verebilmesini ve m\u00fc\u015fterilere profesyonel destek sunabilmesini sa\u011flar.<\/p>\n<h4>Ne alacaks\u0131n?<\/h4>\n<ol>\n<li><strong>Yapay zeka asistan\u0131n\u0131n ayl\u0131k g\u00fcncellemeleri:<\/strong><br \/>\n\u00dcr\u00fcnler, fiyatlar, promosyonlar ve di\u011fer ilgili bilgiler hakk\u0131ndaki verileri d\u00fczenli olarak g\u00fcncelleyerek asistan\u0131n\u0131z\u0131 g\u00fcncel tutuyoruz.<\/li>\n<li><strong>De\u011fi\u015fiklik durumunda bireysel e\u011fitim:<\/strong><br \/>\n\u00dcr\u00fcnlerinizde, hizmetlerinizde veya SSS'lerinizde de\u011fi\u015fiklik yapt\u0131\u011f\u0131n\u0131z anda, asistan\u0131 buna g\u00f6re e\u011fitiyoruz, b\u00f6ylece her zaman do\u011fru cevaplar\u0131 veriyor.<\/li>\n<li><strong>S\u00fcrekli optimizasyon:<\/strong><br \/>\nYapay zeka asistan\u0131n\u0131z\u0131n yan\u0131tlar\u0131n\u0131n do\u011frulu\u011funu ve kalitesini s\u00fcrekli olarak iyile\u015ftirmek i\u00e7in m\u00fc\u015fteri etkile\u015fimlerinden gelen geri bildirimleri kullan\u0131yoruz.<\/li>\n<\/ol>\n<h4>Bu hizmete neden ihtiyac\u0131n\u0131z var?<\/h4>\n<p>S\u00fcrekli de\u011fi\u015fen i\u015f d\u00fcnyas\u0131nda, yapay zeka asistan\u0131n\u0131z\u0131n en son bilgilerle donat\u0131lm\u0131\u015f olmas\u0131 \u00e7ok \u00f6nemlidir. \u0130ster yeni \u00fcr\u00fcnler, ister ayarlanm\u0131\u015f fiyatlar veya de\u011fi\u015ftirilmi\u015f SSS'ler olsun - hizmetimiz asistan\u0131n\u0131z\u0131n her zaman g\u00fcncel olmas\u0131n\u0131 sa\u011flar. Bu, m\u00fc\u015fterilerinizin her zaman g\u00fcvenilir ve kesin yan\u0131tlar almas\u0131n\u0131 ve \u015firketinizin profesyonel ve yetkin bir \u015fekilde temsil edilmesini sa\u011flar.<\/p>\n<p><strong>Ne alacaks\u0131n?<\/strong><\/p>\n<ul>\n<li><strong>Yapay zeka asistan\u0131n\u0131n ayl\u0131k g\u00fcncellemeleri:<\/strong> \u00dcr\u00fcnleriniz, fiyatlar\u0131n\u0131z, promosyonlar\u0131n\u0131z ve di\u011fer ilgili bilgiler hakk\u0131ndaki verileri d\u00fczenli olarak g\u00fcncelliyoruz.<\/li>\n<li><strong>De\u011fi\u015fiklik durumunda bireysel e\u011fitim:<\/strong> \u00dcr\u00fcnlerde, hizmetlerde veya SSS'lerde de\u011fi\u015fiklik yapt\u0131\u011f\u0131n\u0131z anda, asistan\u0131 buna g\u00f6re e\u011fitiyoruz, b\u00f6ylece her zaman do\u011fru cevaplar\u0131 veriyor.<\/li>\n<li><strong>S\u00fcrekli optimizasyon:<\/strong> Yan\u0131tlar\u0131n do\u011frulu\u011funu ve kalitesini s\u00fcrekli olarak iyile\u015ftirmek i\u00e7in m\u00fc\u015fteri geri bildirimlerini analiz ediyoruz.<\/li>\n<\/ul>\n<p><strong>Notlar:<\/strong><\/p>\n<ul>\n<li>Hizmet, 300 sayfaya kadar olan bir alan ad\u0131n\u0131n okunmas\u0131n\u0131 i\u00e7erir.<\/li>\n<li>M\u00fc\u015fteri dan\u0131\u015fman\u0131 portal\u0131n\u0131za sizin i\u00e7in okuyaca\u011f\u0131m\u0131z 5 adede kadar ek URL girebilirsiniz.<\/li>\n<li>Ayr\u0131ca, yapay zeka asistan\u0131na \u00f6zel bilgiler sa\u011flamak i\u00e7in 5 adede kadar belge y\u00fckleyebilirsiniz.<\/li>\n<\/ul>\n<p><strong>Bu hizmete neden ihtiyac\u0131n\u0131z var?<\/strong><br \/>\nS\u00fcrekli de\u011fi\u015fen i\u015f d\u00fcnyas\u0131nda, yapay zeka asistan\u0131n\u0131z\u0131n en son bilgilerle donat\u0131lm\u0131\u015f olmas\u0131 \u00e7ok \u00f6nemlidir. \u0130ster yeni \u00fcr\u00fcnler, ister ayarlanm\u0131\u015f fiyatlar veya de\u011fi\u015ftirilmi\u015f SSS'ler olsun - hizmetimiz asistan\u0131n\u0131z\u0131n her zaman g\u00fcncel olmas\u0131n\u0131 sa\u011flar. Bu, m\u00fc\u015fterilerinizin her zaman g\u00fcvenilir ve kesin yan\u0131tlar almas\u0131n\u0131 ve \u015firketinizin profesyonel ve yetkin bir \u015fekilde temsil edilmesini sa\u011flar.<\/p>","protected":false},"excerpt":{"rendered":"<p>Bizim <strong>G\u00fcnl\u00fck g\u00fcncellemeler ve e\u011fitim ile yapay zeka asistanlar\u0131<\/strong> Hizmet, \u015firketiniz ve hizmetleriniz hakk\u0131nda her zaman g\u00fcncel bilgilerin elde edilmesini ve yay\u0131nlanmas\u0131n\u0131 sa\u011flar<\/p>","protected":false},"featured_media":0,"template":"","meta":[],"product_brand":[],"product_cat":[108],"product_tag":[],"class_list":{"0":"post-1534","1":"product","2":"type-product","3":"status-publish","5":"product_cat-ki-assistent","7":"first","8":"instock","9":"sale","10":"sold-individually","11":"taxable","12":"shipping-taxable","13":"purchasable","14":"product-type-variable-subscription","15":"has-default-attributes"},"yoast_head":"<!-- This site is optimized with the Yoast SEO plugin v27.3 - https:\/\/yoast.com\/product\/yoast-seo-wordpress\/ -->\n<title>KI basierter Kundenberater f\u00fcr Ihre Webseite - AI 4 Performance<\/title>\n<meta name=\"robots\" content=\"index, follow, max-snippet:-1, max-image-preview:large, max-video-preview:-1\" \/>\n<link rel=\"canonical\" href=\"https:\/\/ai4performance.com\/tr\/ueruen-2\/aylik-ki-asistan-guencelleme-egitimi\/\" \/>\n<meta property=\"og:locale\" content=\"tr_TR\" \/>\n<meta property=\"og:type\" content=\"article\" \/>\n<meta property=\"og:title\" content=\"KI basierter Kundenberater f\u00fcr Ihre Webseite - AI 4 Performance\" \/>\n<meta property=\"og:description\" content=\"Unser KI-Assistenten mit t\u00e4gliches Updates &amp; Training Service stellt sicher, dass stets aktuelle Informationen zu Ihrem Unternehmen und Dienstleistungen ermittelt und publiziert werden\" \/>\n<meta property=\"og:url\" content=\"https:\/\/ai4performance.com\/tr\/ueruen-2\/aylik-ki-asistan-guencelleme-egitimi\/\" \/>\n<meta property=\"og:site_name\" content=\"AI 4 Performance\" \/>\n<meta property=\"article:modified_time\" content=\"2024-11-27T12:50:23+00:00\" \/>\n<meta name=\"twitter:card\" content=\"summary_large_image\" \/>\n<meta name=\"twitter:label1\" content=\"Est. reading time\" \/>\n\t<meta name=\"twitter:data1\" content=\"2 minutes\" \/>\n<script type=\"application\/ld+json\" class=\"yoast-schema-graph\">{\"@context\":\"https:\\\/\\\/schema.org\",\"@graph\":[{\"@type\":\"WebPage\",\"@id\":\"https:\\\/\\\/ai4performance.com\\\/produkt\\\/monatliches-ki-assistenten-update-training\\\/\",\"url\":\"https:\\\/\\\/ai4performance.com\\\/produkt\\\/monatliches-ki-assistenten-update-training\\\/\",\"name\":\"KI basierter Kundenberater f\u00fcr Ihre Webseite - AI 4 Performance\",\"isPartOf\":{\"@id\":\"https:\\\/\\\/ai4performance.com\\\/#website\"},\"datePublished\":\"2024-09-12T21:50:23+00:00\",\"dateModified\":\"2024-11-27T12:50:23+00:00\",\"breadcrumb\":{\"@id\":\"https:\\\/\\\/ai4performance.com\\\/produkt\\\/monatliches-ki-assistenten-update-training\\\/#breadcrumb\"},\"inLanguage\":\"tr-TR\",\"potentialAction\":[{\"@type\":\"ReadAction\",\"target\":[\"https:\\\/\\\/ai4performance.com\\\/produkt\\\/monatliches-ki-assistenten-update-training\\\/\"]}]},{\"@type\":\"BreadcrumbList\",\"@id\":\"https:\\\/\\\/ai4performance.com\\\/produkt\\\/monatliches-ki-assistenten-update-training\\\/#breadcrumb\",\"itemListElement\":[{\"@type\":\"ListItem\",\"position\":1,\"name\":\"Startseite\",\"item\":\"https:\\\/\\\/ai4performance.com\\\/\"},{\"@type\":\"ListItem\",\"position\":2,\"name\":\"Shop\",\"item\":\"https:\\\/\\\/ai4performance.com\\\/shop\\\/\"},{\"@type\":\"ListItem\",\"position\":3,\"name\":\"KI basierter Kundenberater f\u00fcr Ihre Webseite\"}]},{\"@type\":\"WebSite\",\"@id\":\"https:\\\/\\\/ai4performance.com\\\/#website\",\"url\":\"https:\\\/\\\/ai4performance.com\\\/\",\"name\":\"AI 4 Performance\",\"description\":\"\",\"publisher\":{\"@id\":\"https:\\\/\\\/ai4performance.com\\\/#organization\"},\"potentialAction\":[{\"@type\":\"SearchAction\",\"target\":{\"@type\":\"EntryPoint\",\"urlTemplate\":\"https:\\\/\\\/ai4performance.com\\\/?s={search_term_string}\"},\"query-input\":{\"@type\":\"PropertyValueSpecification\",\"valueRequired\":true,\"valueName\":\"search_term_string\"}}],\"inLanguage\":\"tr-TR\"},{\"@type\":\"Organization\",\"@id\":\"https:\\\/\\\/ai4performance.com\\\/#organization\",\"name\":\"AI 4 Performance\",\"url\":\"https:\\\/\\\/ai4performance.com\\\/\",\"logo\":{\"@type\":\"ImageObject\",\"inLanguage\":\"tr-TR\",\"@id\":\"https:\\\/\\\/ai4performance.com\\\/#\\\/schema\\\/logo\\\/image\\\/\",\"url\":\"https:\\\/\\\/ai4performance.com\\\/wp-content\\\/uploads\\\/2016\\\/08\\\/logo.svg\",\"contentUrl\":\"https:\\\/\\\/ai4performance.com\\\/wp-content\\\/uploads\\\/2016\\\/08\\\/logo.svg\",\"width\":1,\"height\":1,\"caption\":\"AI 4 Performance\"},\"image\":{\"@id\":\"https:\\\/\\\/ai4performance.com\\\/#\\\/schema\\\/logo\\\/image\\\/\"}}]}<\/script>\n<!-- \/ Yoast SEO plugin. -->","yoast_head_json":{"title":"KI basierter Kundenberater f\u00fcr Ihre Webseite - AI 4 Performance","robots":{"index":"index","follow":"follow","max-snippet":"max-snippet:-1","max-image-preview":"max-image-preview:large","max-video-preview":"max-video-preview:-1"},"canonical":"https:\/\/ai4performance.com\/tr\/ueruen-2\/aylik-ki-asistan-guencelleme-egitimi\/","og_locale":"tr_TR","og_type":"article","og_title":"KI basierter Kundenberater f\u00fcr Ihre Webseite - AI 4 Performance","og_description":"Unser KI-Assistenten mit t\u00e4gliches Updates &amp; Training Service stellt sicher, dass stets aktuelle Informationen zu Ihrem Unternehmen und Dienstleistungen ermittelt und publiziert werden","og_url":"https:\/\/ai4performance.com\/tr\/ueruen-2\/aylik-ki-asistan-guencelleme-egitimi\/","og_site_name":"AI 4 Performance","article_modified_time":"2024-11-27T12:50:23+00:00","twitter_card":"summary_large_image","twitter_misc":{"Est. reading time":"2 minutes"},"schema":{"@context":"https:\/\/schema.org","@graph":[{"@type":"WebPage","@id":"https:\/\/ai4performance.com\/produkt\/monatliches-ki-assistenten-update-training\/","url":"https:\/\/ai4performance.com\/produkt\/monatliches-ki-assistenten-update-training\/","name":"KI basierter Kundenberater f\u00fcr Ihre Webseite - AI 4 Performance","isPartOf":{"@id":"https:\/\/ai4performance.com\/#website"},"datePublished":"2024-09-12T21:50:23+00:00","dateModified":"2024-11-27T12:50:23+00:00","breadcrumb":{"@id":"https:\/\/ai4performance.com\/produkt\/monatliches-ki-assistenten-update-training\/#breadcrumb"},"inLanguage":"tr-TR","potentialAction":[{"@type":"ReadAction","target":["https:\/\/ai4performance.com\/produkt\/monatliches-ki-assistenten-update-training\/"]}]},{"@type":"BreadcrumbList","@id":"https:\/\/ai4performance.com\/produkt\/monatliches-ki-assistenten-update-training\/#breadcrumb","itemListElement":[{"@type":"ListItem","position":1,"name":"Startseite","item":"https:\/\/ai4performance.com\/"},{"@type":"ListItem","position":2,"name":"Shop","item":"https:\/\/ai4performance.com\/shop\/"},{"@type":"ListItem","position":3,"name":"KI basierter Kundenberater f\u00fcr Ihre Webseite"}]},{"@type":"WebSite","@id":"https:\/\/ai4performance.com\/#website","url":"https:\/\/ai4performance.com\/","name":"AI 4 Performans","description":"","publisher":{"@id":"https:\/\/ai4performance.com\/#organization"},"potentialAction":[{"@type":"SearchAction","target":{"@type":"EntryPoint","urlTemplate":"https:\/\/ai4performance.com\/?s={search_term_string}"},"query-input":{"@type":"PropertyValueSpecification","valueRequired":true,"valueName":"search_term_string"}}],"inLanguage":"tr-TR"},{"@type":"Organization","@id":"https:\/\/ai4performance.com\/#organization","name":"AI 4 Performans","url":"https:\/\/ai4performance.com\/","logo":{"@type":"ImageObject","inLanguage":"tr-TR","@id":"https:\/\/ai4performance.com\/#\/schema\/logo\/image\/","url":"https:\/\/ai4performance.com\/wp-content\/uploads\/2016\/08\/logo.svg","contentUrl":"https:\/\/ai4performance.com\/wp-content\/uploads\/2016\/08\/logo.svg","width":1,"height":1,"caption":"AI 4 Performance"},"image":{"@id":"https:\/\/ai4performance.com\/#\/schema\/logo\/image\/"}}]}},"_links":{"self":[{"href":"https:\/\/ai4performance.com\/tr\/wp-json\/wp\/v2\/product\/1534","targetHints":{"allow":["GET"]}}],"collection":[{"href":"https:\/\/ai4performance.com\/tr\/wp-json\/wp\/v2\/product"}],"about":[{"href":"https:\/\/ai4performance.com\/tr\/wp-json\/wp\/v2\/types\/product"}],"wp:attachment":[{"href":"https:\/\/ai4performance.com\/tr\/wp-json\/wp\/v2\/media?parent=1534"}],"wp:term":[{"taxonomy":"product_brand","embeddable":true,"href":"https:\/\/ai4performance.com\/tr\/wp-json\/wp\/v2\/product_brand?post=1534"},{"taxonomy":"product_cat","embeddable":true,"href":"https:\/\/ai4performance.com\/tr\/wp-json\/wp\/v2\/product_cat?post=1534"},{"taxonomy":"product_tag","embeddable":true,"href":"https:\/\/ai4performance.com\/tr\/wp-json\/wp\/v2\/product_tag?post=1534"}],"curies":[{"name":"wp","href":"https:\/\/api.w.org\/{rel}","templated":true}]}}