{"id":1089,"date":"2024-09-03T11:00:09","date_gmt":"2024-09-03T09:00:09","guid":{"rendered":"https:\/\/ai4performance.com\/?post_type=product&#038;p=1089"},"modified":"2024-11-27T14:00:03","modified_gmt":"2024-11-27T13:00:03","slug":"facebook-instagram-i%cc%87ci%cc%87n-aylik-reklam-yoeneti%cc%87mi%cc%87","status":"publish","type":"product","link":"https:\/\/ai4performance.com\/tr\/ueruen-2\/facebook-instagram-i%cc%87ci%cc%87n-aylik-reklam-yoeneti%cc%87mi%cc%87\/","title":{"rendered":"Google Advertising | Yapay zeka tabanl\u0131 reklam y\u00f6netimi"},"content":{"rendered":"<h3>Google'da hedefli reklamlarla hedef kitlenize ula\u015f\u0131n - profesyonelce olu\u015fturulmu\u015f ve ayl\u0131k olarak optimize edilmi\u015f<\/h3>\n<p>Bizim ayl\u0131k <strong>Google Reklam Y\u00f6netimi<\/strong> reklam kampanyalar\u0131n\u0131z\u0131 etkili bir \u015fekilde planlaman\u0131z, olu\u015fturman\u0131z ve s\u00fcrekli olarak izlemeniz i\u00e7in size kapsaml\u0131 bir hizmet sunar. Hedefli reklamlarla tam olarak \u00fcr\u00fcn veya hizmetlerinizle ilgilenen m\u00fc\u015fterilere ula\u015fabilir ve b\u00f6ylece pazarlama verimlili\u011finizi art\u0131rabilirsiniz.<\/p>\n<h4>Ne alacaks\u0131n?<\/h4>\n<ol>\n<li><strong>\u00c7ekici reklamlar\u0131n olu\u015fturulmas\u0131:<\/strong><br \/>\nNitelikli potansiyel m\u00fc\u015fteriler olu\u015fturmak ve eri\u015fiminizi art\u0131rmak i\u00e7in tasarlanm\u0131\u015f hedefli ve yarat\u0131c\u0131 reklamlar geli\u015ftiriyoruz.<\/li>\n<li><strong>Hassas hedefleme:<\/strong><br \/>\nHassas hedef grup analizlerinin yard\u0131m\u0131yla, reklamlar\u0131n\u0131z\u0131 demografik \u00f6zelliklere, ilgi alanlar\u0131na ve davran\u0131\u015fsal verilere dayal\u0131 olarak tam olarak en b\u00fcy\u00fck etkiyi yaratacaklar\u0131 yerlere yerle\u015ftiriyoruz.<\/li>\n<li><strong>Ayl\u0131k optimizasyon ve izleme:<\/strong><br \/>\nReklamlar\u0131n\u0131z\u0131n performans\u0131n\u0131 s\u00fcrekli olarak analiz ediyor ve en iyi sonu\u00e7lar\u0131 elde etmek ve b\u00fct\u00e7enizi en iyi \u015fekilde kullanmak i\u00e7in hedefe y\u00f6nelik ayl\u0131k ayarlamalar yap\u0131yoruz.<\/li>\n<li><strong>\u015eeffaf raporlar:<\/strong><br \/>\nD\u00fczenli raporlar, kampanyalar\u0131n\u0131z\u0131n performans\u0131 hakk\u0131nda sizi g\u00fcncel tutar, b\u00f6ylece ilerlemeyi istedi\u011finiz zaman takip edebilirsiniz.<\/li>\n<\/ol>\n<h4>Bu hizmete neden ihtiyac\u0131n\u0131z var?<\/h4>\n<p>G\u00fcn\u00fcm\u00fcz\u00fcn dijital d\u00fcnyas\u0131nda, hedef kitlenize y\u00f6nelik hedefli bir yakla\u015f\u0131m \u015firketinizin ba\u015far\u0131s\u0131 i\u00e7in \u00e7ok \u00f6nemlidir. Bizim <strong>Google Reklam Y\u00f6netimi<\/strong> reklam kampanyalar\u0131n\u0131z\u0131n yaln\u0131zca profesyonelce uygulanmas\u0131n\u0131 de\u011fil, ayn\u0131 zamanda maksimum sonu\u00e7 elde etmek i\u00e7in s\u00fcrekli olarak optimize edilmesini sa\u011flar. Hassas hedefleme ve veri odakl\u0131 stratejilerle nitelikli m\u00fc\u015fteriler kazan\u0131r, \u00e7evrimi\u00e7i varl\u0131\u011f\u0131n\u0131z\u0131 g\u00fc\u00e7lendirir ve sat\u0131\u015flar\u0131n\u0131z\u0131 s\u00fcrd\u00fcr\u00fclebilir \u015fekilde art\u0131r\u0131rs\u0131n\u0131z.<\/p>\n<p><strong>Not:<\/strong> Hizmet, ger\u00e7ek reklamlar i\u00e7in herhangi bir maliyet i\u00e7ermez - bunlar ayr\u0131ca faturaland\u0131r\u0131l\u0131r.<\/p>\n<p><strong>Ne alacaks\u0131n?<\/strong><\/p>\n<ul>\n<li><strong>Reklamlar\u0131n\u0131z\u0131n \u00f6zelle\u015ftirilmesi:<\/strong><br \/>\nNitelikli potansiyel m\u00fc\u015fteriler olu\u015fturmay\u0131 ve eri\u015fiminizi art\u0131rmay\u0131 ama\u00e7layan yarat\u0131c\u0131 ve hedefli reklamlar geli\u015ftiriyoruz.<\/li>\n<li><strong>Hedefleme:<\/strong><br \/>\nDetayl\u0131 hedef kitle analizleri sayesinde reklamlar\u0131n\u0131z\u0131 demografik \u00f6zellikler, ilgi alanlar\u0131 ve davran\u0131\u015fsal verilere g\u00f6re stratejik olarak yerle\u015ftiriyoruz.<\/li>\n<li><strong>Ayl\u0131k optimizasyon ve izleme:<\/strong><br \/>\nReklamlar\u0131n\u0131z\u0131n performans\u0131n\u0131 d\u00fczenli olarak analiz ediyor ve b\u00fct\u00e7enizden en iyi \u015fekilde yararlanmak i\u00e7in hedefe y\u00f6nelik ayarlamalar yap\u0131yoruz.<\/li>\n<\/ul>\n<p><strong>Notlar:<\/strong><\/p>\n<ul>\n<li><strong>Anahtar kelime y\u00f6netimi:<\/strong> Y\u00f6netti\u011fimiz maksimum <strong>10 anahtar kelime<\/strong>.<\/li>\n<li><strong>Yerle\u015ftirme garantisi yok:<\/strong> Google arama sonu\u00e7lar\u0131nda daha iyi s\u0131ralamalar\u0131 garanti edemeyiz.<\/li>\n<li><strong>Maliyet azaltma ve t\u0131klama oran\u0131:<\/strong> Ama\u00e7, t\u0131klama ba\u015f\u0131na maliyeti optimize etmek ve t\u0131klama oran\u0131n\u0131 iyile\u015ftirmektir. Ancak bu fakt\u00f6rler dalgalanmalara tabidir ve her zaman ayn\u0131 seviyede tutulamaz.<\/li>\n<li><strong>Reklam maliyetleri:<\/strong> Reklamlar\u0131n maliyetleri hizmete dahil de\u011fildir ve Google taraf\u0131ndan ayr\u0131ca faturaland\u0131r\u0131l\u0131r.<\/li>\n<\/ul>\n<p><strong>Bu hizmete neden ihtiyac\u0131n\u0131z var?<\/strong><\/p>\n<p>Rekabetin y\u00fcksek oldu\u011fu dijital d\u00fcnyada, hedefli ve etkili bir \u015fekilde reklam vermek \u00e7ok \u00f6nemlidir. Google Ads Y\u00f6netimimiz, reklam kampanyalar\u0131n\u0131z\u0131 profesyonelce tasarlaman\u0131za ve s\u00fcrekli olarak geli\u015ftirmenize yard\u0131mc\u0131 olur. Hassas hedefleme, veriye dayal\u0131 stratejiler ve optimize edilmi\u015f reklamlarla do\u011fru hedef kitleye ula\u015fabilir, \u00e7evrimi\u00e7i varl\u0131\u011f\u0131n\u0131z\u0131 art\u0131rabilir ve pazarlama yat\u0131r\u0131m getirinizi en \u00fcst d\u00fczeye \u00e7\u0131karabilirsiniz.<\/p>","protected":false},"excerpt":{"rendered":"<p>Bizim ayl\u0131k <strong>Google Reklam Y\u00f6netimi<\/strong> reklam kampanyalar\u0131n\u0131z\u0131 etkili bir \u015fekilde planlaman\u0131z, olu\u015fturman\u0131z ve s\u00fcrekli olarak izlemeniz i\u00e7in size kapsaml\u0131 bir hizmet sunar.<\/p>","protected":false},"featured_media":0,"template":"","meta":[],"product_brand":[],"product_cat":[106],"product_tag":[],"class_list":{"0":"post-1089","1":"product","2":"type-product","3":"status-publish","5":"product_cat-seo-dienste","7":"first","8":"instock","9":"sale","10":"taxable","11":"shipping-taxable","12":"purchasable","13":"product-type-variable-subscription"},"yoast_head":"<!-- This site is optimized with the Yoast SEO plugin v27.3 - https:\/\/yoast.com\/product\/yoast-seo-wordpress\/ -->\n<title>Google Werbung | KI-basiertes Werbeanzeigen Management - AI 4 Performance<\/title>\n<meta name=\"robots\" content=\"index, follow, max-snippet:-1, max-image-preview:large, max-video-preview:-1\" \/>\n<link rel=\"canonical\" href=\"https:\/\/ai4performance.com\/tr\/ueruen-2\/facebook-instagram-i\u0307ci\u0307n-aylik-reklam-yoeneti\u0307mi\u0307\/\" \/>\n<meta property=\"og:locale\" content=\"tr_TR\" \/>\n<meta property=\"og:type\" content=\"article\" \/>\n<meta property=\"og:title\" content=\"Google Werbung | KI-basiertes Werbeanzeigen Management - AI 4 Performance\" \/>\n<meta property=\"og:description\" content=\"Unser monatliches Google Ads Management bietet Ihnen einen umfassenden Service, um Ihre Werbekampagnen effektiv zu planen, zu erstellen und kontinuierlich zu \u00fcberwachen.\" \/>\n<meta property=\"og:url\" content=\"https:\/\/ai4performance.com\/tr\/ueruen-2\/facebook-instagram-i\u0307ci\u0307n-aylik-reklam-yoeneti\u0307mi\u0307\/\" \/>\n<meta property=\"og:site_name\" content=\"AI 4 Performance\" \/>\n<meta property=\"article:modified_time\" content=\"2024-11-27T13:00:03+00:00\" \/>\n<meta name=\"twitter:card\" content=\"summary_large_image\" \/>\n<meta name=\"twitter:label1\" content=\"Est. reading time\" \/>\n\t<meta name=\"twitter:data1\" content=\"2 minutes\" \/>\n<script type=\"application\/ld+json\" class=\"yoast-schema-graph\">{\"@context\":\"https:\\\/\\\/schema.org\",\"@graph\":[{\"@type\":\"WebPage\",\"@id\":\"https:\\\/\\\/ai4performance.com\\\/produkt\\\/google-ki-werbeanzeigen-management\\\/\",\"url\":\"https:\\\/\\\/ai4performance.com\\\/produkt\\\/google-ki-werbeanzeigen-management\\\/\",\"name\":\"Google Werbung | KI-basiertes Werbeanzeigen Management - AI 4 Performance\",\"isPartOf\":{\"@id\":\"https:\\\/\\\/ai4performance.com\\\/#website\"},\"datePublished\":\"2024-09-03T09:00:09+00:00\",\"dateModified\":\"2024-11-27T13:00:03+00:00\",\"breadcrumb\":{\"@id\":\"https:\\\/\\\/ai4performance.com\\\/produkt\\\/google-ki-werbeanzeigen-management\\\/#breadcrumb\"},\"inLanguage\":\"tr-TR\",\"potentialAction\":[{\"@type\":\"ReadAction\",\"target\":[\"https:\\\/\\\/ai4performance.com\\\/produkt\\\/google-ki-werbeanzeigen-management\\\/\"]}]},{\"@type\":\"BreadcrumbList\",\"@id\":\"https:\\\/\\\/ai4performance.com\\\/produkt\\\/google-ki-werbeanzeigen-management\\\/#breadcrumb\",\"itemListElement\":[{\"@type\":\"ListItem\",\"position\":1,\"name\":\"Startseite\",\"item\":\"https:\\\/\\\/ai4performance.com\\\/\"},{\"@type\":\"ListItem\",\"position\":2,\"name\":\"Shop\",\"item\":\"https:\\\/\\\/ai4performance.com\\\/shop\\\/\"},{\"@type\":\"ListItem\",\"position\":3,\"name\":\"Google Werbung | KI-basiertes Werbeanzeigen Management\"}]},{\"@type\":\"WebSite\",\"@id\":\"https:\\\/\\\/ai4performance.com\\\/#website\",\"url\":\"https:\\\/\\\/ai4performance.com\\\/\",\"name\":\"AI 4 Performance\",\"description\":\"\",\"publisher\":{\"@id\":\"https:\\\/\\\/ai4performance.com\\\/#organization\"},\"potentialAction\":[{\"@type\":\"SearchAction\",\"target\":{\"@type\":\"EntryPoint\",\"urlTemplate\":\"https:\\\/\\\/ai4performance.com\\\/?s={search_term_string}\"},\"query-input\":{\"@type\":\"PropertyValueSpecification\",\"valueRequired\":true,\"valueName\":\"search_term_string\"}}],\"inLanguage\":\"tr-TR\"},{\"@type\":\"Organization\",\"@id\":\"https:\\\/\\\/ai4performance.com\\\/#organization\",\"name\":\"AI 4 Performance\",\"url\":\"https:\\\/\\\/ai4performance.com\\\/\",\"logo\":{\"@type\":\"ImageObject\",\"inLanguage\":\"tr-TR\",\"@id\":\"https:\\\/\\\/ai4performance.com\\\/#\\\/schema\\\/logo\\\/image\\\/\",\"url\":\"https:\\\/\\\/ai4performance.com\\\/wp-content\\\/uploads\\\/2016\\\/08\\\/logo.svg\",\"contentUrl\":\"https:\\\/\\\/ai4performance.com\\\/wp-content\\\/uploads\\\/2016\\\/08\\\/logo.svg\",\"width\":1,\"height\":1,\"caption\":\"AI 4 Performance\"},\"image\":{\"@id\":\"https:\\\/\\\/ai4performance.com\\\/#\\\/schema\\\/logo\\\/image\\\/\"}}]}<\/script>\n<!-- \/ Yoast SEO plugin. -->","yoast_head_json":{"title":"Google Advertising | Yapay zeka tabanl\u0131 reklam y\u00f6netimi - AI 4 Performance","robots":{"index":"index","follow":"follow","max-snippet":"max-snippet:-1","max-image-preview":"max-image-preview:large","max-video-preview":"max-video-preview:-1"},"canonical":"https:\/\/ai4performance.com\/tr\/ueruen-2\/facebook-instagram-i\u0307ci\u0307n-aylik-reklam-yoeneti\u0307mi\u0307\/","og_locale":"tr_TR","og_type":"article","og_title":"Google Werbung | KI-basiertes Werbeanzeigen Management - AI 4 Performance","og_description":"Unser monatliches Google Ads Management bietet Ihnen einen umfassenden Service, um Ihre Werbekampagnen effektiv zu planen, zu erstellen und kontinuierlich zu \u00fcberwachen.","og_url":"https:\/\/ai4performance.com\/tr\/ueruen-2\/facebook-instagram-i\u0307ci\u0307n-aylik-reklam-yoeneti\u0307mi\u0307\/","og_site_name":"AI 4 Performance","article_modified_time":"2024-11-27T13:00:03+00:00","twitter_card":"summary_large_image","twitter_misc":{"Est. reading time":"2 minutes"},"schema":{"@context":"https:\/\/schema.org","@graph":[{"@type":"WebPage","@id":"https:\/\/ai4performance.com\/produkt\/google-ki-werbeanzeigen-management\/","url":"https:\/\/ai4performance.com\/produkt\/google-ki-werbeanzeigen-management\/","name":"Google Advertising | Yapay zeka tabanl\u0131 reklam y\u00f6netimi - AI 4 Performance","isPartOf":{"@id":"https:\/\/ai4performance.com\/#website"},"datePublished":"2024-09-03T09:00:09+00:00","dateModified":"2024-11-27T13:00:03+00:00","breadcrumb":{"@id":"https:\/\/ai4performance.com\/produkt\/google-ki-werbeanzeigen-management\/#breadcrumb"},"inLanguage":"tr-TR","potentialAction":[{"@type":"ReadAction","target":["https:\/\/ai4performance.com\/produkt\/google-ki-werbeanzeigen-management\/"]}]},{"@type":"BreadcrumbList","@id":"https:\/\/ai4performance.com\/produkt\/google-ki-werbeanzeigen-management\/#breadcrumb","itemListElement":[{"@type":"ListItem","position":1,"name":"Startseite","item":"https:\/\/ai4performance.com\/"},{"@type":"ListItem","position":2,"name":"Shop","item":"https:\/\/ai4performance.com\/shop\/"},{"@type":"ListItem","position":3,"name":"Google Werbung | KI-basiertes Werbeanzeigen Management"}]},{"@type":"WebSite","@id":"https:\/\/ai4performance.com\/#website","url":"https:\/\/ai4performance.com\/","name":"AI 4 Performans","description":"","publisher":{"@id":"https:\/\/ai4performance.com\/#organization"},"potentialAction":[{"@type":"SearchAction","target":{"@type":"EntryPoint","urlTemplate":"https:\/\/ai4performance.com\/?s={search_term_string}"},"query-input":{"@type":"PropertyValueSpecification","valueRequired":true,"valueName":"search_term_string"}}],"inLanguage":"tr-TR"},{"@type":"Organization","@id":"https:\/\/ai4performance.com\/#organization","name":"AI 4 Performans","url":"https:\/\/ai4performance.com\/","logo":{"@type":"ImageObject","inLanguage":"tr-TR","@id":"https:\/\/ai4performance.com\/#\/schema\/logo\/image\/","url":"https:\/\/ai4performance.com\/wp-content\/uploads\/2016\/08\/logo.svg","contentUrl":"https:\/\/ai4performance.com\/wp-content\/uploads\/2016\/08\/logo.svg","width":1,"height":1,"caption":"AI 4 Performance"},"image":{"@id":"https:\/\/ai4performance.com\/#\/schema\/logo\/image\/"}}]}},"_links":{"self":[{"href":"https:\/\/ai4performance.com\/tr\/wp-json\/wp\/v2\/product\/1089","targetHints":{"allow":["GET"]}}],"collection":[{"href":"https:\/\/ai4performance.com\/tr\/wp-json\/wp\/v2\/product"}],"about":[{"href":"https:\/\/ai4performance.com\/tr\/wp-json\/wp\/v2\/types\/product"}],"wp:attachment":[{"href":"https:\/\/ai4performance.com\/tr\/wp-json\/wp\/v2\/media?parent=1089"}],"wp:term":[{"taxonomy":"product_brand","embeddable":true,"href":"https:\/\/ai4performance.com\/tr\/wp-json\/wp\/v2\/product_brand?post=1089"},{"taxonomy":"product_cat","embeddable":true,"href":"https:\/\/ai4performance.com\/tr\/wp-json\/wp\/v2\/product_cat?post=1089"},{"taxonomy":"product_tag","embeddable":true,"href":"https:\/\/ai4performance.com\/tr\/wp-json\/wp\/v2\/product_tag?post=1089"}],"curies":[{"name":"wp","href":"https:\/\/api.w.org\/{rel}","templated":true}]}}