{"id":1007,"date":"2024-08-31T16:46:12","date_gmt":"2024-08-31T14:46:12","guid":{"rendered":"https:\/\/ai4performance.com\/?post_type=product&#038;p=1007"},"modified":"2025-07-09T00:16:41","modified_gmt":"2025-07-08T22:16:41","slug":"oezellestirilmis-sosyal-medya-goenderi-hizmeti","status":"publish","type":"product","link":"https:\/\/ai4performance.com\/tr\/ueruen-2\/oezellestirilmis-sosyal-medya-goenderi-hizmeti\/","title":{"rendered":"Tam otomatik sosyal medya g\u00f6nderi hizmeti"},"content":{"rendered":"<p>Bizim <strong>\u00d6zelle\u015ftirilmi\u015f sosyal medya payla\u015f\u0131m hizmeti<\/strong> Daha \u00f6nce olu\u015fturdu\u011funuz video makaralar\u0131n\u0131n ve i\u00e7eri\u011fin do\u011fru zamanda ve do\u011fru platformlarda yay\u0131nlanmas\u0131n\u0131 sa\u011flayarak dikkati ve etkile\u015fimi en \u00fcst d\u00fczeye \u00e7\u0131kar\u0131r. Markan\u0131z\u0131 sosyal medyada en iyi \u015fekilde sunan ve eri\u015fiminizi s\u00fcrekli olarak art\u0131ran size \u00f6zel bir g\u00f6nderi stratejisi geli\u015ftiriyoruz.<\/p>\n<p><strong>Ne alacaks\u0131n?<\/strong><\/p>\n<ul>\n<li><strong>Bireysel g\u00f6nderi stratejisi:<\/strong> Hedef kitlenize ve markan\u0131za tam olarak uyarlanm\u0131\u015f, size \u00f6zel bir sosyal medya plan\u0131 olu\u015fturuyoruz.<\/li>\n<li><strong>D\u00fczenli yay\u0131n:<\/strong> M\u00fcmk\u00fcn olan en iyi eri\u015fimi elde etmek i\u00e7in makaralar\u0131n\u0131z\u0131 ve sosyal medya i\u00e7eri\u011finizi ilgili platformlarda s\u00fcrekli olarak ve en uygun zamanda yay\u0131nl\u0131yoruz.<\/li>\n<li><strong>Hedef kitlenize y\u00f6nelik hedefli adresleme:<\/strong> Stratejik planlamam\u0131z sayesinde, g\u00f6nderileriniz tam olarak tekliflerinizle ilgilenen ve onlarla etkile\u015fim kurmak isteyen ki\u015filere ula\u015facakt\u0131r.<\/li>\n<li><strong>Marka varl\u0131\u011f\u0131n\u0131 art\u0131r\u0131n:<\/strong> D\u00fczenli ve hedefe y\u00f6nelik payla\u015f\u0131mlar, markan\u0131z\u0131n sosyal medyada varl\u0131\u011f\u0131n\u0131 s\u00fcrd\u00fcrmesini ve b\u00fcy\u00fcmeye devam etmesini sa\u011flar.<\/li>\n<\/ul>\n<p><strong>Bu \u00fcr\u00fcne neden ihtiyac\u0131n\u0131z var?<\/strong> Sosyal medyan\u0131n dinamik d\u00fcnyas\u0131nda her zaman var olmak ve hedef kitlenize d\u00fczenli olarak hitap etmek \u00e7ok \u00f6nemlidir. Sosyal medya payla\u015f\u0131m hizmetimiz, eri\u015fiminizi ve g\u00f6r\u00fcn\u00fcrl\u00fc\u011f\u00fcn\u00fcz\u00fc etkili bir \u015fekilde art\u0131rabilmeniz i\u00e7in i\u00e7eri\u011finizin en iyi \u015fekilde planlanmas\u0131n\u0131 ve yay\u0131nlanmas\u0131n\u0131 sa\u011flar. Video makaralar\u0131n\u0131z\u0131n ve di\u011fer i\u00e7eri\u011finizin olu\u015fturulmas\u0131 ayr\u0131 ayr\u0131 sat\u0131n al\u0131nabilir veya bir kombinasyon \u00fcr\u00fcn\u00fcne entegre edilebilir - size en uygun olana siz karar verin!<\/p>\n<p><strong>Ne alacaks\u0131n?<\/strong><\/p>\n<ul>\n<li><strong>Bireysel g\u00f6nderi stratejisi:<\/strong><br \/>\nHedef kitlenize hitap eden ve markan\u0131z\u0131 profesyonelce sunan \u00f6zelle\u015ftirilmi\u015f bir sosyal medya plan\u0131 olu\u015fturuyoruz.<\/li>\n<li><strong>D\u00fczenli yay\u0131n:<\/strong><br \/>\nMakaralar\u0131n\u0131z ve i\u00e7erikleriniz, eri\u015fimi en \u00fcst d\u00fczeye \u00e7\u0131karmak i\u00e7in s\u00fcrekli olarak ve en uygun zamanda yay\u0131nlan\u0131r.<\/li>\n<li><strong>Hedef kitlenize y\u00f6nelik hedefli adresleme:<\/strong><br \/>\nStratejik planlama sayesinde, payla\u015f\u0131mlar\u0131n\u0131z tam olarak \u00fcr\u00fcn veya hizmetlerinizle ilgilenen ki\u015filere ula\u015f\u0131r.<\/li>\n<li><strong>Marka varl\u0131\u011f\u0131n\u0131 art\u0131r\u0131n:<\/strong><br \/>\nD\u00fczenli ve hedefe y\u00f6nelik payla\u015f\u0131mlar, markan\u0131z\u0131n sosyal medyada varl\u0131\u011f\u0131n\u0131 s\u00fcrd\u00fcrmesini ve bilinirlik kazanmas\u0131n\u0131 sa\u011flar.<\/li>\n<\/ul>\n<p><strong>Notlar:<\/strong><\/p>\n<ul>\n<li>Sekt\u00f6r\u00fcn\u00fcz veri taban\u0131m\u0131zda yoksa, \u00f6zelle\u015ftirilmi\u015f \u00e7al\u0131\u015fma i\u00e7in ek maliyetler <strong>Saat ba\u015f\u0131na net 80,- \u20ac<\/strong> olu\u015fturulur.<\/li>\n<li>T\u00fcm sosyal medya hesaplar\u0131 i\u00e7in ihtiyac\u0131m\u0131z olan <strong>Y\u00f6netici haklar\u0131<\/strong>i\u00e7eri\u011fi yay\u0131nlayabilmek i\u00e7in.<\/li>\n<li>Bu <strong>Sosyal medya kampanyalar\u0131n\u0131n olu\u015fturulmas\u0131<\/strong> \u00dcretim ve kurulum i\u00e7in 2-3 hafta gerekir. Bu kurulum s\u00fcresi gereklidir ve iade edilmeyecektir.<\/li>\n<li>A\u015fa\u011f\u0131dakiler gibi hassas konulara ili\u015fkin i\u00e7erik <strong>\u00c7\u0131plakl\u0131k, \u015fiddet veya siyasi temalar<\/strong> reddedebiliriz. Ancak, bu ret aboneli\u011finizi etkilemeyecektir.<\/li>\n<\/ul>\n<p><strong>Bu hizmete neden ihtiyac\u0131n\u0131z var?<\/strong><\/p>\n<p>Sosyal medyan\u0131n h\u0131zl\u0131 d\u00fcnyas\u0131nda, d\u00fczenli olarak var olmak ve hedef kitlenizle etkile\u015fime ge\u00e7mek \u00e7ok \u00f6nemlidir. Hizmetimiz i\u015fi sizin i\u00e7in yapar ve i\u00e7eri\u011finizin verimli ve stratejik bir \u015fekilde yay\u0131nlanmas\u0131n\u0131 sa\u011flar. Bu, eri\u015fiminizi art\u0131r\u0131r, marka bilinirli\u011fini y\u00fckseltir ve temel i\u015finize odaklanman\u0131za olanak tan\u0131r.<\/p>\n<p>&nbsp;<\/p>","protected":false},"excerpt":{"rendered":"<p><strong><span class=\"OYPEnA font-feature-liga-off font-feature-clig-off font-feature-calt-off text-decoration-none text-strikethrough-none\">100% yapay zeka tabanl\u0131 olu\u015fturma ve g\u00f6nderme ile tam hizmet<\/span><\/strong>\u00a0Halihaz\u0131rda olu\u015fturdu\u011funuz video makaralar\u0131n\u0131n ve i\u00e7eri\u011fin do\u011fru zamanda ve do\u011fru platformlarda yay\u0131nlanmas\u0131n\u0131 sa\u011flayarak dikkati ve etkile\u015fimi en \u00fcst d\u00fczeye \u00e7\u0131kar\u0131r.<\/p>","protected":false},"featured_media":0,"template":"","meta":[],"product_brand":[],"product_cat":[72],"product_tag":[],"class_list":{"0":"post-1007","1":"product","2":"type-product","3":"status-publish","5":"product_cat-social-media-services","7":"first","8":"instock","9":"sale","10":"featured","11":"taxable","12":"shipping-taxable","13":"purchasable","14":"product-type-variable-subscription","15":"has-default-attributes"},"yoast_head":"<!-- This site is optimized with the Yoast SEO plugin v27.3 - https:\/\/yoast.com\/product\/yoast-seo-wordpress\/ -->\n<title>Vollautomatischer Social Media Posting Service - AI 4 Performance<\/title>\n<meta name=\"robots\" content=\"index, follow, max-snippet:-1, max-image-preview:large, max-video-preview:-1\" \/>\n<link rel=\"canonical\" href=\"https:\/\/ai4performance.com\/tr\/ueruen-2\/oezellestirilmis-sosyal-medya-goenderi-hizmeti\/\" \/>\n<meta property=\"og:locale\" content=\"tr_TR\" \/>\n<meta property=\"og:type\" content=\"article\" \/>\n<meta property=\"og:title\" content=\"Vollautomatischer Social Media Posting Service - AI 4 Performance\" \/>\n<meta property=\"og:description\" content=\"100% Fullservice mit KI basierter Erstellung und Postings\u00a0sorgt daf\u00fcr, dass Ihre bereits erstellten Video Reels und Inhalte zur richtigen Zeit und auf den richtigen Plattformen gepostet werden, um maximale Aufmerksamkeit und Interaktion zu erzielen.\" \/>\n<meta property=\"og:url\" content=\"https:\/\/ai4performance.com\/tr\/ueruen-2\/oezellestirilmis-sosyal-medya-goenderi-hizmeti\/\" \/>\n<meta property=\"og:site_name\" content=\"AI 4 Performance\" \/>\n<meta property=\"article:modified_time\" content=\"2025-07-08T22:16:41+00:00\" \/>\n<meta name=\"twitter:card\" content=\"summary_large_image\" \/>\n<meta name=\"twitter:label1\" content=\"Est. reading time\" \/>\n\t<meta name=\"twitter:data1\" content=\"2 minutes\" \/>\n<script type=\"application\/ld+json\" class=\"yoast-schema-graph\">{\"@context\":\"https:\\\/\\\/schema.org\",\"@graph\":[{\"@type\":\"WebPage\",\"@id\":\"https:\\\/\\\/ai4performance.com\\\/produkt\\\/massgeschneiderter-social-media-posting-service\\\/\",\"url\":\"https:\\\/\\\/ai4performance.com\\\/produkt\\\/massgeschneiderter-social-media-posting-service\\\/\",\"name\":\"Vollautomatischer Social Media Posting Service - AI 4 Performance\",\"isPartOf\":{\"@id\":\"https:\\\/\\\/ai4performance.com\\\/#website\"},\"datePublished\":\"2024-08-31T14:46:12+00:00\",\"dateModified\":\"2025-07-08T22:16:41+00:00\",\"breadcrumb\":{\"@id\":\"https:\\\/\\\/ai4performance.com\\\/produkt\\\/massgeschneiderter-social-media-posting-service\\\/#breadcrumb\"},\"inLanguage\":\"tr-TR\",\"potentialAction\":[{\"@type\":\"ReadAction\",\"target\":[\"https:\\\/\\\/ai4performance.com\\\/produkt\\\/massgeschneiderter-social-media-posting-service\\\/\"]}]},{\"@type\":\"BreadcrumbList\",\"@id\":\"https:\\\/\\\/ai4performance.com\\\/produkt\\\/massgeschneiderter-social-media-posting-service\\\/#breadcrumb\",\"itemListElement\":[{\"@type\":\"ListItem\",\"position\":1,\"name\":\"Startseite\",\"item\":\"https:\\\/\\\/ai4performance.com\\\/\"},{\"@type\":\"ListItem\",\"position\":2,\"name\":\"Shop\",\"item\":\"https:\\\/\\\/ai4performance.com\\\/shop\\\/\"},{\"@type\":\"ListItem\",\"position\":3,\"name\":\"Vollautomatischer Social Media Posting Service\"}]},{\"@type\":\"WebSite\",\"@id\":\"https:\\\/\\\/ai4performance.com\\\/#website\",\"url\":\"https:\\\/\\\/ai4performance.com\\\/\",\"name\":\"AI 4 Performance\",\"description\":\"\",\"publisher\":{\"@id\":\"https:\\\/\\\/ai4performance.com\\\/#organization\"},\"potentialAction\":[{\"@type\":\"SearchAction\",\"target\":{\"@type\":\"EntryPoint\",\"urlTemplate\":\"https:\\\/\\\/ai4performance.com\\\/?s={search_term_string}\"},\"query-input\":{\"@type\":\"PropertyValueSpecification\",\"valueRequired\":true,\"valueName\":\"search_term_string\"}}],\"inLanguage\":\"tr-TR\"},{\"@type\":\"Organization\",\"@id\":\"https:\\\/\\\/ai4performance.com\\\/#organization\",\"name\":\"AI 4 Performance\",\"url\":\"https:\\\/\\\/ai4performance.com\\\/\",\"logo\":{\"@type\":\"ImageObject\",\"inLanguage\":\"tr-TR\",\"@id\":\"https:\\\/\\\/ai4performance.com\\\/#\\\/schema\\\/logo\\\/image\\\/\",\"url\":\"https:\\\/\\\/ai4performance.com\\\/wp-content\\\/uploads\\\/2016\\\/08\\\/logo.svg\",\"contentUrl\":\"https:\\\/\\\/ai4performance.com\\\/wp-content\\\/uploads\\\/2016\\\/08\\\/logo.svg\",\"width\":1,\"height\":1,\"caption\":\"AI 4 Performance\"},\"image\":{\"@id\":\"https:\\\/\\\/ai4performance.com\\\/#\\\/schema\\\/logo\\\/image\\\/\"}}]}<\/script>\n<!-- \/ Yoast SEO plugin. -->","yoast_head_json":{"title":"Tam otomatik sosyal medya g\u00f6nderi hizmeti - AI 4 Performance","robots":{"index":"index","follow":"follow","max-snippet":"max-snippet:-1","max-image-preview":"max-image-preview:large","max-video-preview":"max-video-preview:-1"},"canonical":"https:\/\/ai4performance.com\/tr\/ueruen-2\/oezellestirilmis-sosyal-medya-goenderi-hizmeti\/","og_locale":"tr_TR","og_type":"article","og_title":"Vollautomatischer Social Media Posting Service - AI 4 Performance","og_description":"100% Fullservice mit KI basierter Erstellung und Postings\u00a0sorgt daf\u00fcr, dass Ihre bereits erstellten Video Reels und Inhalte zur richtigen Zeit und auf den richtigen Plattformen gepostet werden, um maximale Aufmerksamkeit und Interaktion zu erzielen.","og_url":"https:\/\/ai4performance.com\/tr\/ueruen-2\/oezellestirilmis-sosyal-medya-goenderi-hizmeti\/","og_site_name":"AI 4 Performance","article_modified_time":"2025-07-08T22:16:41+00:00","twitter_card":"summary_large_image","twitter_misc":{"Est. reading time":"2 minutes"},"schema":{"@context":"https:\/\/schema.org","@graph":[{"@type":"WebPage","@id":"https:\/\/ai4performance.com\/produkt\/massgeschneiderter-social-media-posting-service\/","url":"https:\/\/ai4performance.com\/produkt\/massgeschneiderter-social-media-posting-service\/","name":"Tam otomatik sosyal medya g\u00f6nderi hizmeti - AI 4 Performance","isPartOf":{"@id":"https:\/\/ai4performance.com\/#website"},"datePublished":"2024-08-31T14:46:12+00:00","dateModified":"2025-07-08T22:16:41+00:00","breadcrumb":{"@id":"https:\/\/ai4performance.com\/produkt\/massgeschneiderter-social-media-posting-service\/#breadcrumb"},"inLanguage":"tr-TR","potentialAction":[{"@type":"ReadAction","target":["https:\/\/ai4performance.com\/produkt\/massgeschneiderter-social-media-posting-service\/"]}]},{"@type":"BreadcrumbList","@id":"https:\/\/ai4performance.com\/produkt\/massgeschneiderter-social-media-posting-service\/#breadcrumb","itemListElement":[{"@type":"ListItem","position":1,"name":"Startseite","item":"https:\/\/ai4performance.com\/"},{"@type":"ListItem","position":2,"name":"Shop","item":"https:\/\/ai4performance.com\/shop\/"},{"@type":"ListItem","position":3,"name":"Vollautomatischer Social Media Posting Service"}]},{"@type":"WebSite","@id":"https:\/\/ai4performance.com\/#website","url":"https:\/\/ai4performance.com\/","name":"AI 4 Performans","description":"","publisher":{"@id":"https:\/\/ai4performance.com\/#organization"},"potentialAction":[{"@type":"SearchAction","target":{"@type":"EntryPoint","urlTemplate":"https:\/\/ai4performance.com\/?s={search_term_string}"},"query-input":{"@type":"PropertyValueSpecification","valueRequired":true,"valueName":"search_term_string"}}],"inLanguage":"tr-TR"},{"@type":"Organization","@id":"https:\/\/ai4performance.com\/#organization","name":"AI 4 Performans","url":"https:\/\/ai4performance.com\/","logo":{"@type":"ImageObject","inLanguage":"tr-TR","@id":"https:\/\/ai4performance.com\/#\/schema\/logo\/image\/","url":"https:\/\/ai4performance.com\/wp-content\/uploads\/2016\/08\/logo.svg","contentUrl":"https:\/\/ai4performance.com\/wp-content\/uploads\/2016\/08\/logo.svg","width":1,"height":1,"caption":"AI 4 Performance"},"image":{"@id":"https:\/\/ai4performance.com\/#\/schema\/logo\/image\/"}}]}},"_links":{"self":[{"href":"https:\/\/ai4performance.com\/tr\/wp-json\/wp\/v2\/product\/1007","targetHints":{"allow":["GET"]}}],"collection":[{"href":"https:\/\/ai4performance.com\/tr\/wp-json\/wp\/v2\/product"}],"about":[{"href":"https:\/\/ai4performance.com\/tr\/wp-json\/wp\/v2\/types\/product"}],"wp:attachment":[{"href":"https:\/\/ai4performance.com\/tr\/wp-json\/wp\/v2\/media?parent=1007"}],"wp:term":[{"taxonomy":"product_brand","embeddable":true,"href":"https:\/\/ai4performance.com\/tr\/wp-json\/wp\/v2\/product_brand?post=1007"},{"taxonomy":"product_cat","embeddable":true,"href":"https:\/\/ai4performance.com\/tr\/wp-json\/wp\/v2\/product_cat?post=1007"},{"taxonomy":"product_tag","embeddable":true,"href":"https:\/\/ai4performance.com\/tr\/wp-json\/wp\/v2\/product_tag?post=1007"}],"curies":[{"name":"wp","href":"https:\/\/api.w.org\/{rel}","templated":true}]}}