{"id":789,"date":"2024-08-26T11:56:34","date_gmt":"2024-08-26T09:56:34","guid":{"rendered":"https:\/\/ai4performance.com\/?page_id=789"},"modified":"2024-08-30T13:54:53","modified_gmt":"2024-08-30T11:54:53","slug":"uecretsiz-seo-raporu","status":"publish","type":"page","link":"https:\/\/ai4performance.com\/tr\/uecretsiz-seo-raporu\/","title":{"rendered":"\u00dccretsiz SEO raporu"},"content":{"rendered":"<div class=\"banner has-hover has-video is-full-height\" id=\"banner-1685687876\">\n          <div class=\"banner-inner fill\">\n        <div class=\"banner-bg fill\" >\n                        \t<div class=\"video-overlay no-click fill visible\"><\/div>\n\t<video class=\"video-bg fill visible\" preload playsinline autoplay muted loop>\n\t\t<source src=\"https:\/\/ai4performance.com\/wp-content\/uploads\/2024\/08\/Backlinks-API-the-Largest-Backlink-Index-by-SEO-PowerSuite.mp4\" type=\"video\/mp4\">\t<\/video>\n                        \n                    <\/div>\n\t\t\n        <div class=\"banner-layers container\">\n            <div class=\"fill banner-link\"><\/div>            \n   <div id=\"text-box-1149550680\" class=\"text-box banner-layer x50 md-x50 lg-x50 y50 md-y50 lg-y50 res-text\">\n                                <div class=\"text-box-content text dark\">\n              \n              <div class=\"text-inner text-center\">\n                  \n\t<div id=\"text-2900586016\" class=\"text\">\n\t\t\n<h2 class=\"lead\"><strong>SEO Analiz Raporu<\/strong><\/h2>\n\t\t\n<style>\n#text-2900586016 {\n  font-size: 0.75rem;\n  text-align: center;\n  color: rgb(255,255,255);\n}\n#text-2900586016 > * {\n  color: rgb(255,255,255);\n}\n@media (min-width:550px) {\n  #text-2900586016 {\n    font-size: 1.9rem;\n  }\n}\n<\/style>\n\t<\/div>\n\t\n\t<div id=\"text-624190964\" class=\"text\">\n\t\t\n<h4 class=\"lead\"><strong>Rapor, SEO hatalar\u0131n\u0131 ortaya \u00e7\u0131kar\u0131r ve web sitenizin g\u00f6r\u00fcn\u00fcrl\u00fc\u011f\u00fcn\u00fc ve performans\u0131n\u0131 s\u00fcrd\u00fcr\u00fclebilir bir \u015fekilde iyile\u015ftirmek i\u00e7in hedeflenen optimizasyon se\u00e7eneklerini g\u00f6sterir.<\/strong><\/h4>\n\t\t\n<style>\n#text-624190964 {\n  font-size: 0.75rem;\n  line-height: 1.3;\n  text-align: center;\n  color: rgb(255,255,255);\n}\n#text-624190964 > * {\n  color: rgb(255,255,255);\n}\n@media (min-width:550px) {\n  #text-624190964 {\n    font-size: 1.1rem;\n  }\n}\n<\/style>\n\t<\/div>\n\t\n\t<div id=\"text-4128685232\" class=\"text hide-for-medium\">\n\t\t\n<p>Sayfa h\u0131z\u0131, mobil uyumluluk ve web sitesi mimarisi gibi teknik hususlar\u0131n yan\u0131 s\u0131ra 100'den fazla sayfa i\u00e7i SEO fakt\u00f6r\u00fcn\u00fc dikkate alan ayr\u0131nt\u0131l\u0131 bir analizi PDF olarak alacaks\u0131n\u0131z.<\/p>\n\t\t\n<style>\n#text-4128685232 {\n  font-size: 1.4rem;\n  text-align: center;\n  color: rgb(255, 255, 255);\n}\n#text-4128685232 > * {\n  color: rgb(255, 255, 255);\n}\n<\/style>\n\t<\/div>\n\t\n\n<p><iframe loading=\"lazy\" src=\"https:\/\/vondru.com\/script\/index.html\" width=\"100%\" height=\"250px\" style=\"border:none;\"><\/iframe><br \/>\n\n              <\/div>\n           <\/div>\n                            \n<style>\n#text-box-1149550680 .text-inner {\n  padding: 30px 0px 0px 0px;\n}\n#text-box-1149550680 {\n  width: 83%;\n}\n#text-box-1149550680 .text-box-content {\n  font-size: 100%;\n}\n@media (min-width:550px) {\n  #text-box-1149550680 {\n    width: 81%;\n  }\n}\n@media (min-width:850px) {\n  #text-box-1149550680 {\n    width: 100%;\n  }\n}\n<\/style>\n    <\/div>\n \n   <div id=\"text-box-1621096603\" class=\"text-box banner-layer x50 md-x50 lg-x50 y100 md-y100 lg-y100 res-text\">\n                                <div class=\"text-box-content text dark\">\n              \n              <div class=\"text-inner text-center\">\n                  \n<div class=\"social-icons share-icons share-row relative icon-style-small\" style=\"font-size:110%\"><a href=\"whatsapp:\/\/send?text=Kostenloser%20SEO%20Report - https:\/\/ai4performance.com\/tr\/uecretsiz-seo-raporu\/\" data-action=\"share\/whatsapp\/share\" class=\"icon plain tooltip whatsapp show-for-medium\" title=\"WhatsApp&amp;apos; ta payla\u015f\" aria-label=\"WhatsApp&amp;apos; ta payla\u015f\" ><i class=\"icon-whatsapp\" ><\/i><\/a><a href=\"https:\/\/www.facebook.com\/sharer.php?u=https:\/\/ai4performance.com\/tr\/uecretsiz-seo-raporu\/\" data-label=\"Facebook\" onclick=\"window.open(this.href,this.title,'width=500,height=500,top=300px,left=300px'); return false;\" target=\"_blank\" class=\"icon plain tooltip facebook\" title=\"Facebook&amp;apos; ta payla\u015f\" aria-label=\"Facebook&amp;apos; ta payla\u015f\" rel=\"noopener nofollow\" ><i class=\"icon-facebook\" ><\/i><\/a><a href=\"https:\/\/twitter.com\/share?url=https:\/\/ai4performance.com\/tr\/uecretsiz-seo-raporu\/\" onclick=\"window.open(this.href,this.title,'width=500,height=500,top=300px,left=300px'); return false;\" target=\"_blank\" class=\"icon plain tooltip twitter\" title=\"Twitter&amp;apos; da payla\u015f\" aria-label=\"Twitter&amp;apos; da payla\u015f\" rel=\"noopener nofollow\" ><i class=\"icon-twitter\" ><\/i><\/a><a href=\"mailto:?subject=Kostenloser%20SEO%20Report&body=Buna%20bir%20g%C3%B6z%20at%3A%20https%3A%2F%2Fai4performance.com%2Ftr%2Fuecretsiz-seo-raporu%2F\" class=\"icon plain tooltip email\" title=\"Arkada\u015f\u0131na e-posta ile g\u00f6nder\" aria-label=\"Arkada\u015f\u0131na e-posta ile g\u00f6nder\" rel=\"nofollow\" ><i class=\"icon-envelop\" ><\/i><\/a><a href=\"https:\/\/pinterest.com\/pin\/create\/button?url=https:\/\/ai4performance.com\/tr\/uecretsiz-seo-raporu\/&media&description=Kostenloser%20SEO%20Report\" onclick=\"window.open(this.href,this.title,'width=500,height=500,top=300px,left=300px'); return false;\" target=\"_blank\" class=\"icon plain tooltip pinterest\" title=\"Pinterest&amp;apos; te pinle\" aria-label=\"Pinterest&amp;apos; te pinle\" rel=\"noopener nofollow\" ><i class=\"icon-pinterest\" ><\/i><\/a><a href=\"https:\/\/www.linkedin.com\/shareArticle?mini=true&url=https:\/\/ai4performance.com\/tr\/uecretsiz-seo-raporu\/&title=Kostenloser%20SEO%20Report\" onclick=\"window.open(this.href,this.title,'width=500,height=500,top=300px,left=300px'); return false;\" target=\"_blank\" class=\"icon plain tooltip linkedin\" title=\"Linkedin&amp;apos; de payla\u015f\" aria-label=\"Linkedin&amp;apos; de payla\u015f\" rel=\"noopener nofollow\" ><i class=\"icon-linkedin\" ><\/i><\/a><\/div>\n\t<div id=\"gap-1851134851\" class=\"gap-element clearfix\" style=\"display:block; height:auto;\">\n\t\t\n<style>\n#gap-1851134851 {\n  padding-top: 18px;\n}\n<\/style>\n\t<\/div>\n\t\n              <\/div>\n           <\/div>\n                            \n<style>\n#text-box-1621096603 {\n  width: 60%;\n}\n#text-box-1621096603 .text-box-content {\n  font-size: 100%;\n}\n<\/style>\n    <\/div>\n \n        <\/div>\n      <\/div>\n\n            \n<style>\n#banner-1685687876 {\n  padding-top: 100%;\n}\n@media (min-width:550px) {\n  #banner-1685687876 {\n    padding-top: 900px;\n  }\n}\n@media (min-width:850px) {\n  #banner-1685687876 {\n    padding-top: 100%;\n  }\n}\n<\/style>\n  <\/div>","protected":false},"excerpt":{"rendered":"","protected":false},"author":1,"featured_media":0,"parent":0,"menu_order":0,"comment_status":"closed","ping_status":"closed","template":"page-transparent-header.php","meta":{"footnotes":""},"class_list":["post-789","page","type-page","status-publish","hentry"],"yoast_head":"<!-- This site is optimized with the Yoast SEO plugin v27.3 - https:\/\/yoast.com\/product\/yoast-seo-wordpress\/ -->\n<title>Kostenloser SEO Report - AI 4 Performance<\/title>\n<meta name=\"robots\" content=\"index, follow, max-snippet:-1, max-image-preview:large, max-video-preview:-1\" \/>\n<link rel=\"canonical\" href=\"https:\/\/ai4performance.com\/tr\/uecretsiz-seo-raporu\/\" \/>\n<meta property=\"og:locale\" content=\"tr_TR\" \/>\n<meta property=\"og:type\" content=\"article\" \/>\n<meta property=\"og:title\" content=\"Kostenloser SEO Report - AI 4 Performance\" \/>\n<meta property=\"og:url\" content=\"https:\/\/ai4performance.com\/tr\/uecretsiz-seo-raporu\/\" \/>\n<meta property=\"og:site_name\" content=\"AI 4 Performance\" \/>\n<meta property=\"article:modified_time\" content=\"2024-08-30T11:54:53+00:00\" \/>\n<meta name=\"twitter:card\" content=\"summary_large_image\" \/>\n<meta name=\"twitter:label1\" content=\"Est. reading time\" \/>\n\t<meta name=\"twitter:data1\" content=\"1 minute\" \/>\n<script type=\"application\/ld+json\" class=\"yoast-schema-graph\">{\"@context\":\"https:\\\/\\\/schema.org\",\"@graph\":[{\"@type\":\"WebPage\",\"@id\":\"https:\\\/\\\/ai4performance.com\\\/kostenloser-seo-report\\\/\",\"url\":\"https:\\\/\\\/ai4performance.com\\\/kostenloser-seo-report\\\/\",\"name\":\"Kostenloser SEO Report - AI 4 Performance\",\"isPartOf\":{\"@id\":\"https:\\\/\\\/ai4performance.com\\\/#website\"},\"datePublished\":\"2024-08-26T09:56:34+00:00\",\"dateModified\":\"2024-08-30T11:54:53+00:00\",\"breadcrumb\":{\"@id\":\"https:\\\/\\\/ai4performance.com\\\/kostenloser-seo-report\\\/#breadcrumb\"},\"inLanguage\":\"tr-TR\",\"potentialAction\":[{\"@type\":\"ReadAction\",\"target\":[\"https:\\\/\\\/ai4performance.com\\\/kostenloser-seo-report\\\/\"]}]},{\"@type\":\"BreadcrumbList\",\"@id\":\"https:\\\/\\\/ai4performance.com\\\/kostenloser-seo-report\\\/#breadcrumb\",\"itemListElement\":[{\"@type\":\"ListItem\",\"position\":1,\"name\":\"Startseite\",\"item\":\"https:\\\/\\\/ai4performance.com\\\/\"},{\"@type\":\"ListItem\",\"position\":2,\"name\":\"Kostenloser SEO Report\"}]},{\"@type\":\"WebSite\",\"@id\":\"https:\\\/\\\/ai4performance.com\\\/#website\",\"url\":\"https:\\\/\\\/ai4performance.com\\\/\",\"name\":\"AI 4 Performance\",\"description\":\"\",\"publisher\":{\"@id\":\"https:\\\/\\\/ai4performance.com\\\/#organization\"},\"potentialAction\":[{\"@type\":\"SearchAction\",\"target\":{\"@type\":\"EntryPoint\",\"urlTemplate\":\"https:\\\/\\\/ai4performance.com\\\/?s={search_term_string}\"},\"query-input\":{\"@type\":\"PropertyValueSpecification\",\"valueRequired\":true,\"valueName\":\"search_term_string\"}}],\"inLanguage\":\"tr-TR\"},{\"@type\":\"Organization\",\"@id\":\"https:\\\/\\\/ai4performance.com\\\/#organization\",\"name\":\"AI 4 Performance\",\"url\":\"https:\\\/\\\/ai4performance.com\\\/\",\"logo\":{\"@type\":\"ImageObject\",\"inLanguage\":\"tr-TR\",\"@id\":\"https:\\\/\\\/ai4performance.com\\\/#\\\/schema\\\/logo\\\/image\\\/\",\"url\":\"https:\\\/\\\/ai4performance.com\\\/wp-content\\\/uploads\\\/2016\\\/08\\\/logo.svg\",\"contentUrl\":\"https:\\\/\\\/ai4performance.com\\\/wp-content\\\/uploads\\\/2016\\\/08\\\/logo.svg\",\"width\":1,\"height\":1,\"caption\":\"AI 4 Performance\"},\"image\":{\"@id\":\"https:\\\/\\\/ai4performance.com\\\/#\\\/schema\\\/logo\\\/image\\\/\"}}]}<\/script>\n<!-- \/ Yoast SEO plugin. -->","yoast_head_json":{"title":"Kostenloser SEO Report - AI 4 Performance","robots":{"index":"index","follow":"follow","max-snippet":"max-snippet:-1","max-image-preview":"max-image-preview:large","max-video-preview":"max-video-preview:-1"},"canonical":"https:\/\/ai4performance.com\/tr\/uecretsiz-seo-raporu\/","og_locale":"tr_TR","og_type":"article","og_title":"Kostenloser SEO Report - AI 4 Performance","og_url":"https:\/\/ai4performance.com\/tr\/uecretsiz-seo-raporu\/","og_site_name":"AI 4 Performance","article_modified_time":"2024-08-30T11:54:53+00:00","twitter_card":"summary_large_image","twitter_misc":{"Est. reading time":"1 minute"},"schema":{"@context":"https:\/\/schema.org","@graph":[{"@type":"WebPage","@id":"https:\/\/ai4performance.com\/kostenloser-seo-report\/","url":"https:\/\/ai4performance.com\/kostenloser-seo-report\/","name":"Kostenloser SEO Report - AI 4 Performance","isPartOf":{"@id":"https:\/\/ai4performance.com\/#website"},"datePublished":"2024-08-26T09:56:34+00:00","dateModified":"2024-08-30T11:54:53+00:00","breadcrumb":{"@id":"https:\/\/ai4performance.com\/kostenloser-seo-report\/#breadcrumb"},"inLanguage":"tr-TR","potentialAction":[{"@type":"ReadAction","target":["https:\/\/ai4performance.com\/kostenloser-seo-report\/"]}]},{"@type":"BreadcrumbList","@id":"https:\/\/ai4performance.com\/kostenloser-seo-report\/#breadcrumb","itemListElement":[{"@type":"ListItem","position":1,"name":"Startseite","item":"https:\/\/ai4performance.com\/"},{"@type":"ListItem","position":2,"name":"Kostenloser SEO Report"}]},{"@type":"WebSite","@id":"https:\/\/ai4performance.com\/#website","url":"https:\/\/ai4performance.com\/","name":"AI 4 Performans","description":"","publisher":{"@id":"https:\/\/ai4performance.com\/#organization"},"potentialAction":[{"@type":"SearchAction","target":{"@type":"EntryPoint","urlTemplate":"https:\/\/ai4performance.com\/?s={search_term_string}"},"query-input":{"@type":"PropertyValueSpecification","valueRequired":true,"valueName":"search_term_string"}}],"inLanguage":"tr-TR"},{"@type":"Organization","@id":"https:\/\/ai4performance.com\/#organization","name":"AI 4 Performans","url":"https:\/\/ai4performance.com\/","logo":{"@type":"ImageObject","inLanguage":"tr-TR","@id":"https:\/\/ai4performance.com\/#\/schema\/logo\/image\/","url":"https:\/\/ai4performance.com\/wp-content\/uploads\/2016\/08\/logo.svg","contentUrl":"https:\/\/ai4performance.com\/wp-content\/uploads\/2016\/08\/logo.svg","width":1,"height":1,"caption":"AI 4 Performance"},"image":{"@id":"https:\/\/ai4performance.com\/#\/schema\/logo\/image\/"}}]}},"_links":{"self":[{"href":"https:\/\/ai4performance.com\/tr\/wp-json\/wp\/v2\/pages\/789","targetHints":{"allow":["GET"]}}],"collection":[{"href":"https:\/\/ai4performance.com\/tr\/wp-json\/wp\/v2\/pages"}],"about":[{"href":"https:\/\/ai4performance.com\/tr\/wp-json\/wp\/v2\/types\/page"}],"author":[{"embeddable":true,"href":"https:\/\/ai4performance.com\/tr\/wp-json\/wp\/v2\/users\/1"}],"replies":[{"embeddable":true,"href":"https:\/\/ai4performance.com\/tr\/wp-json\/wp\/v2\/comments?post=789"}],"version-history":[{"count":0,"href":"https:\/\/ai4performance.com\/tr\/wp-json\/wp\/v2\/pages\/789\/revisions"}],"wp:attachment":[{"href":"https:\/\/ai4performance.com\/tr\/wp-json\/wp\/v2\/media?parent=789"}],"curies":[{"name":"wp","href":"https:\/\/api.w.org\/{rel}","templated":true}]}}