{"id":688,"date":"2024-08-23T13:26:58","date_gmt":"2024-08-23T11:26:58","guid":{"rendered":"https:\/\/ai4performance.com\/impressum\/"},"modified":"2025-08-30T07:02:27","modified_gmt":"2025-08-30T05:02:27","slug":"baski","status":"publish","type":"page","link":"https:\/\/ai4performance.com\/tr\/baski\/","title":{"rendered":"K\u00fcnye"},"content":{"rendered":"<p><img loading=\"lazy\" decoding=\"async\" class=\"alignnone wp-image-273\" src=\"https:\/\/ai4performance.com\/wp-content\/uploads\/2024\/08\/logo.svg\" alt=\"\" width=\"255\" height=\"51\" \/><\/p>\n<p><strong>AI4Performance'\u0131n bir hizmetidir:<\/strong><\/p>\n<p>Dijital \u00c7\u00f6z\u00fcm Grubu Limited<br \/>Dept 9086, 196 High Road,<br \/>Wood Green, Londra N22 8HH<br \/>Birle\u015fik Krall\u0131k<\/p>\n<p>Ai4 Performans Ba\u015fkan\u0131: Andreas Bergmann<\/p>\n<p><strong>Telif hakk\u0131, ticari markalar ve patentler<\/strong><br \/>T\u00fcm web sitesi tasar\u0131mlar\u0131, metinler, sesler, film kay\u0131tlar\u0131, grafikler, g\u00f6r\u00fcnt\u00fcler, programlama ve yaz\u0131l\u0131m, tamamen veya k\u0131smen, operat\u00f6r\u00fcn telif hakk\u0131na tabidir. T\u00fcm haklar\u0131 sakl\u0131d\u0131r.<\/p>\n<p><strong>Sorumluluk Reddi<\/strong><br \/>Web sitesi, \u00fc\u00e7\u00fcnc\u00fc taraf web sitelerine y\u00f6nlendiren k\u00f6pr\u00fcler i\u00e7erir. Operat\u00f6r\u00fcn bunlar\u0131n tasar\u0131m\u0131 ve i\u00e7eri\u011fi \u00fczerinde hi\u00e7bir etkisi yoktur ve bu nedenle burada sa\u011flanan bilgilerin do\u011frulu\u011fu, g\u00fcncelli\u011fi, eksiksizli\u011fi ve kalitesi konusunda hi\u00e7bir sorumluluk kabul etmez. Kullan\u0131c\u0131lar, bu t\u00fcr bir web sitesiyle ba\u011flant\u0131l\u0131 olarak sahip olabilecekleri endi\u015feleri do\u011frudan ilgili web sitesinin operat\u00f6r\u00fcne iletmelidir. T\u00fcm k\u00f6pr\u00fcler, web sitesi olu\u015fturuldu\u011funda taraf\u0131m\u0131zdan kontrol edilmi\u015ftir ve d\u00fczenli olarak kontrol edilmemektedir. Yazar, harici web sitelerinin i\u00e7eri\u011fiyle aras\u0131na a\u00e7\u0131k\u00e7a mesafe koymaktad\u0131r. Bu web sitesi, sa\u011flay\u0131c\u0131m\u0131z\u0131n Federal Almanya Cumhuriyeti'ndeki bir bilgisayar merkezinde bulunan bir sunucusunda yer almaktad\u0131r.<\/p>\n<p><strong>Sorumluluk Reddi<\/strong><br \/>Yazara kar\u015f\u0131, sa\u011flanan bilgilerin kullan\u0131lmas\u0131 veya kullan\u0131lmamas\u0131 ya da yanl\u0131\u015f veya eksik bilgilerin kullan\u0131lmas\u0131ndan kaynaklanan maddi veya manevi zararlarla ilgili sorumluluk talepleri temelde hari\u00e7 tutulmu\u015ftur. Yazar, sayfalar\u0131n baz\u0131 b\u00f6l\u00fcmlerini veya web sitesinin tamam\u0131n\u0131 \u00f6nceden haber vermeksizin de\u011fi\u015ftirme, ekleme veya silme ya da yay\u0131n\u0131 ge\u00e7ici veya kal\u0131c\u0131 olarak durdurma hakk\u0131n\u0131 a\u00e7\u0131k\u00e7a sakl\u0131 tutar.<\/p>","protected":false},"excerpt":{"rendered":"<p>AI4Performance ist ein Dienstleistungsservice der: Digital Solution Group LimitedDept 9086, 196 High Road,Wood Green, London N22 8HHUnited Kingdom Leitung Ai4 Performance: Andreas Bergmann Copyright, Warenzeichen und PatenteAlle Website-Designs, Texte, Sounds, Filmaufnahmen, Grafiken, Bilder, Programmierungen und Software, im Ganzen oder auch auszugsweise unterliegen dem Copyright des Betreibers. Alle Rechte vorbehalten. DisclaimerDie Website enth\u00e4lt Hyperlinks, die zu&#8230;<\/p>","protected":false},"author":1,"featured_media":0,"parent":0,"menu_order":99,"comment_status":"closed","ping_status":"closed","template":"","meta":{"footnotes":""},"class_list":["post-688","page","type-page","status-publish","hentry"],"yoast_head":"<!-- This site is optimized with the Yoast SEO plugin v27.3 - https:\/\/yoast.com\/product\/yoast-seo-wordpress\/ -->\n<title>Impressum - AI 4 Performance<\/title>\n<meta name=\"robots\" content=\"index, follow, max-snippet:-1, max-image-preview:large, max-video-preview:-1\" \/>\n<link rel=\"canonical\" href=\"https:\/\/ai4performance.com\/tr\/baski\/\" \/>\n<meta property=\"og:locale\" content=\"tr_TR\" \/>\n<meta property=\"og:type\" content=\"article\" \/>\n<meta property=\"og:title\" content=\"Impressum - AI 4 Performance\" \/>\n<meta property=\"og:description\" content=\"AI4Performance ist ein Dienstleistungsservice der: Digital Solution Group LimitedDept 9086, 196 High Road,Wood Green, London N22 8HHUnited Kingdom Leitung Ai4 Performance: Andreas Bergmann Copyright, Warenzeichen und PatenteAlle Website-Designs, Texte, Sounds, Filmaufnahmen, Grafiken, Bilder, Programmierungen und Software, im Ganzen oder auch auszugsweise unterliegen dem Copyright des Betreibers. Alle Rechte vorbehalten. DisclaimerDie Website enth\u00e4lt Hyperlinks, die zu...\" \/>\n<meta property=\"og:url\" content=\"https:\/\/ai4performance.com\/tr\/baski\/\" \/>\n<meta property=\"og:site_name\" content=\"AI 4 Performance\" \/>\n<meta property=\"article:modified_time\" content=\"2025-08-30T05:02:27+00:00\" \/>\n<meta property=\"og:image\" content=\"https:\/\/ai4performance.com\/wp-content\/uploads\/2024\/08\/logo.svg\" \/>\n<meta name=\"twitter:card\" content=\"summary_large_image\" \/>\n<meta name=\"twitter:label1\" content=\"Est. reading time\" \/>\n\t<meta name=\"twitter:data1\" content=\"1 minute\" \/>\n<script type=\"application\/ld+json\" class=\"yoast-schema-graph\">{\"@context\":\"https:\\\/\\\/schema.org\",\"@graph\":[{\"@type\":\"WebPage\",\"@id\":\"https:\\\/\\\/ai4performance.com\\\/impressum\\\/\",\"url\":\"https:\\\/\\\/ai4performance.com\\\/impressum\\\/\",\"name\":\"Impressum - AI 4 Performance\",\"isPartOf\":{\"@id\":\"https:\\\/\\\/ai4performance.com\\\/#website\"},\"primaryImageOfPage\":{\"@id\":\"https:\\\/\\\/ai4performance.com\\\/impressum\\\/#primaryimage\"},\"image\":{\"@id\":\"https:\\\/\\\/ai4performance.com\\\/impressum\\\/#primaryimage\"},\"thumbnailUrl\":\"https:\\\/\\\/ai4performance.com\\\/wp-content\\\/uploads\\\/2024\\\/08\\\/logo.svg\",\"datePublished\":\"2024-08-23T11:26:58+00:00\",\"dateModified\":\"2025-08-30T05:02:27+00:00\",\"breadcrumb\":{\"@id\":\"https:\\\/\\\/ai4performance.com\\\/impressum\\\/#breadcrumb\"},\"inLanguage\":\"tr-TR\",\"potentialAction\":[{\"@type\":\"ReadAction\",\"target\":[\"https:\\\/\\\/ai4performance.com\\\/impressum\\\/\"]}]},{\"@type\":\"ImageObject\",\"inLanguage\":\"tr-TR\",\"@id\":\"https:\\\/\\\/ai4performance.com\\\/impressum\\\/#primaryimage\",\"url\":\"https:\\\/\\\/ai4performance.com\\\/wp-content\\\/uploads\\\/2024\\\/08\\\/logo.svg\",\"contentUrl\":\"https:\\\/\\\/ai4performance.com\\\/wp-content\\\/uploads\\\/2024\\\/08\\\/logo.svg\"},{\"@type\":\"BreadcrumbList\",\"@id\":\"https:\\\/\\\/ai4performance.com\\\/impressum\\\/#breadcrumb\",\"itemListElement\":[{\"@type\":\"ListItem\",\"position\":1,\"name\":\"Startseite\",\"item\":\"https:\\\/\\\/ai4performance.com\\\/\"},{\"@type\":\"ListItem\",\"position\":2,\"name\":\"Impressum\"}]},{\"@type\":\"WebSite\",\"@id\":\"https:\\\/\\\/ai4performance.com\\\/#website\",\"url\":\"https:\\\/\\\/ai4performance.com\\\/\",\"name\":\"AI 4 Performance\",\"description\":\"\",\"publisher\":{\"@id\":\"https:\\\/\\\/ai4performance.com\\\/#organization\"},\"potentialAction\":[{\"@type\":\"SearchAction\",\"target\":{\"@type\":\"EntryPoint\",\"urlTemplate\":\"https:\\\/\\\/ai4performance.com\\\/?s={search_term_string}\"},\"query-input\":{\"@type\":\"PropertyValueSpecification\",\"valueRequired\":true,\"valueName\":\"search_term_string\"}}],\"inLanguage\":\"tr-TR\"},{\"@type\":\"Organization\",\"@id\":\"https:\\\/\\\/ai4performance.com\\\/#organization\",\"name\":\"AI 4 Performance\",\"url\":\"https:\\\/\\\/ai4performance.com\\\/\",\"logo\":{\"@type\":\"ImageObject\",\"inLanguage\":\"tr-TR\",\"@id\":\"https:\\\/\\\/ai4performance.com\\\/#\\\/schema\\\/logo\\\/image\\\/\",\"url\":\"https:\\\/\\\/ai4performance.com\\\/wp-content\\\/uploads\\\/2016\\\/08\\\/logo.svg\",\"contentUrl\":\"https:\\\/\\\/ai4performance.com\\\/wp-content\\\/uploads\\\/2016\\\/08\\\/logo.svg\",\"width\":1,\"height\":1,\"caption\":\"AI 4 Performance\"},\"image\":{\"@id\":\"https:\\\/\\\/ai4performance.com\\\/#\\\/schema\\\/logo\\\/image\\\/\"}}]}<\/script>\n<!-- \/ Yoast SEO plugin. -->","yoast_head_json":{"title":"K\u00fcnye - AI 4 Performans","robots":{"index":"index","follow":"follow","max-snippet":"max-snippet:-1","max-image-preview":"max-image-preview:large","max-video-preview":"max-video-preview:-1"},"canonical":"https:\/\/ai4performance.com\/tr\/baski\/","og_locale":"tr_TR","og_type":"article","og_title":"Impressum - AI 4 Performance","og_description":"AI4Performance ist ein Dienstleistungsservice der: Digital Solution Group LimitedDept 9086, 196 High Road,Wood Green, London N22 8HHUnited Kingdom Leitung Ai4 Performance: Andreas Bergmann Copyright, Warenzeichen und PatenteAlle Website-Designs, Texte, Sounds, Filmaufnahmen, Grafiken, Bilder, Programmierungen und Software, im Ganzen oder auch auszugsweise unterliegen dem Copyright des Betreibers. Alle Rechte vorbehalten. DisclaimerDie Website enth\u00e4lt Hyperlinks, die zu...","og_url":"https:\/\/ai4performance.com\/tr\/baski\/","og_site_name":"AI 4 Performance","article_modified_time":"2025-08-30T05:02:27+00:00","og_image":[{"url":"https:\/\/ai4performance.com\/wp-content\/uploads\/2024\/08\/logo.svg","type":"","width":"","height":""}],"twitter_card":"summary_large_image","twitter_misc":{"Est. reading time":"1 minute"},"schema":{"@context":"https:\/\/schema.org","@graph":[{"@type":"WebPage","@id":"https:\/\/ai4performance.com\/impressum\/","url":"https:\/\/ai4performance.com\/impressum\/","name":"K\u00fcnye - AI 4 Performans","isPartOf":{"@id":"https:\/\/ai4performance.com\/#website"},"primaryImageOfPage":{"@id":"https:\/\/ai4performance.com\/impressum\/#primaryimage"},"image":{"@id":"https:\/\/ai4performance.com\/impressum\/#primaryimage"},"thumbnailUrl":"https:\/\/ai4performance.com\/wp-content\/uploads\/2024\/08\/logo.svg","datePublished":"2024-08-23T11:26:58+00:00","dateModified":"2025-08-30T05:02:27+00:00","breadcrumb":{"@id":"https:\/\/ai4performance.com\/impressum\/#breadcrumb"},"inLanguage":"tr-TR","potentialAction":[{"@type":"ReadAction","target":["https:\/\/ai4performance.com\/impressum\/"]}]},{"@type":"ImageObject","inLanguage":"tr-TR","@id":"https:\/\/ai4performance.com\/impressum\/#primaryimage","url":"https:\/\/ai4performance.com\/wp-content\/uploads\/2024\/08\/logo.svg","contentUrl":"https:\/\/ai4performance.com\/wp-content\/uploads\/2024\/08\/logo.svg"},{"@type":"BreadcrumbList","@id":"https:\/\/ai4performance.com\/impressum\/#breadcrumb","itemListElement":[{"@type":"ListItem","position":1,"name":"Startseite","item":"https:\/\/ai4performance.com\/"},{"@type":"ListItem","position":2,"name":"Impressum"}]},{"@type":"WebSite","@id":"https:\/\/ai4performance.com\/#website","url":"https:\/\/ai4performance.com\/","name":"AI 4 Performans","description":"","publisher":{"@id":"https:\/\/ai4performance.com\/#organization"},"potentialAction":[{"@type":"SearchAction","target":{"@type":"EntryPoint","urlTemplate":"https:\/\/ai4performance.com\/?s={search_term_string}"},"query-input":{"@type":"PropertyValueSpecification","valueRequired":true,"valueName":"search_term_string"}}],"inLanguage":"tr-TR"},{"@type":"Organization","@id":"https:\/\/ai4performance.com\/#organization","name":"AI 4 Performans","url":"https:\/\/ai4performance.com\/","logo":{"@type":"ImageObject","inLanguage":"tr-TR","@id":"https:\/\/ai4performance.com\/#\/schema\/logo\/image\/","url":"https:\/\/ai4performance.com\/wp-content\/uploads\/2016\/08\/logo.svg","contentUrl":"https:\/\/ai4performance.com\/wp-content\/uploads\/2016\/08\/logo.svg","width":1,"height":1,"caption":"AI 4 Performance"},"image":{"@id":"https:\/\/ai4performance.com\/#\/schema\/logo\/image\/"}}]}},"_links":{"self":[{"href":"https:\/\/ai4performance.com\/tr\/wp-json\/wp\/v2\/pages\/688","targetHints":{"allow":["GET"]}}],"collection":[{"href":"https:\/\/ai4performance.com\/tr\/wp-json\/wp\/v2\/pages"}],"about":[{"href":"https:\/\/ai4performance.com\/tr\/wp-json\/wp\/v2\/types\/page"}],"author":[{"embeddable":true,"href":"https:\/\/ai4performance.com\/tr\/wp-json\/wp\/v2\/users\/1"}],"replies":[{"embeddable":true,"href":"https:\/\/ai4performance.com\/tr\/wp-json\/wp\/v2\/comments?post=688"}],"version-history":[{"count":0,"href":"https:\/\/ai4performance.com\/tr\/wp-json\/wp\/v2\/pages\/688\/revisions"}],"wp:attachment":[{"href":"https:\/\/ai4performance.com\/tr\/wp-json\/wp\/v2\/media?parent=688"}],"curies":[{"name":"wp","href":"https:\/\/api.w.org\/{rel}","templated":true}]}}