{"id":5561,"date":"2025-08-21T14:59:33","date_gmt":"2025-08-21T12:59:33","guid":{"rendered":"https:\/\/ai4performance.com\/?page_id=5561"},"modified":"2025-08-23T15:48:03","modified_gmt":"2025-08-23T13:48:03","slug":"eri%cc%87si%cc%87lebi%cc%87li%cc%87rli%cc%87k-beyani","status":"publish","type":"page","link":"https:\/\/ai4performance.com\/tr\/eri%cc%87si%cc%87lebi%cc%87li%cc%87rli%cc%87k-beyani\/","title":{"rendered":"Eri\u015filebilirlik beyan\u0131"},"content":{"rendered":"<h1><strong>Eri\u015filebilirlik beyan\u0131<\/strong><\/h1>\n<p>Digital Solutions Group LTD, www.ai4performance.com web sitesini Barrierefreiheitsst\u00e4rkungsgesetz (BFSG) ve Barrierefreie-Informationstechnik-Verordnung (BITV 2.0) uyar\u0131nca eri\u015filebilir k\u0131lmak i\u00e7in \u00e7aba g\u00f6stermektedir.<\/p>\n<p>Gereksinimlerle uyumluluk durumu<\/p>\n<p>Bu web sitesi \u015fu anda k\u0131smen eri\u015filebilir durumdad\u0131r. BITV 2.0 gereklilikleri b\u00fcy\u00fck \u00f6l\u00e7\u00fcde kar\u015f\u0131lanmaktad\u0131r. A\u015fa\u011f\u0131daki \u00f6\u011feler \u015fu anda 100% eri\u015filebilir de\u011fildir:<\/p>\n<ul>\n<li>Resimler\/grafikler i\u00e7in otomatik alt metin yok<\/li>\n<li>Sesli\/g\u00f6r\u00fcnt\u00fcl\u00fc altyaz\u0131, sesli betimleme, i\u015faret dili deste\u011fi yok<\/li>\n<li>Otomatik semantik etiketleme yok (\u00f6rn. ARIA, yer i\u015faretleri)<\/li>\n<li>Okuma s\u0131ras\u0131n\u0131n kontrol\u00fc\/ayarlanmas\u0131 yok<\/li>\n<li>Bilginin sadece renkle aktar\u0131l\u0131p aktar\u0131lmad\u0131\u011f\u0131n\u0131 kontrol etmeyin<\/li>\n<li>Yeniden ak\u0131\u015f\/yak\u0131nla\u015ft\u0131rma i\u00e7in garanti yok (400%)<\/li>\n<li>\u00dczerine gelindi\u011finde\/odaklan\u0131ld\u0131\u011f\u0131nda ek i\u00e7eri\u011fin otomatik olarak i\u015flenmesi yok<\/li>\n<li>Klavye tuzaklar\u0131 i\u00e7in kontrol yok<\/li>\n<li>Zaman s\u0131n\u0131r\u0131, duraklama, kesinti mekanizmalar\u0131 yok<\/li>\n<li>Titre\u015fim\/yan\u0131p s\u00f6nme i\u00e7in otomatik kontrol yok<\/li>\n<li>Atlama ba\u011flant\u0131s\u0131\/bypass mekanizmas\u0131 yok<\/li>\n<li><title> kontrol edilmiyor\/ayarlanm\u0131yor<\/li>\n<li>Ba\u015fl\u0131klarla otomatik yap\u0131land\u0131rma yok<\/li>\n<li>Alternatif giri\u015f y\u00f6ntemleri i\u00e7in destek yok (jestler, hedefler, hareketle \u00e7al\u0131\u015ft\u0131rma)<\/li>\n<li>Dil de\u011fi\u015fikliklerinin otomatik olarak etiketlenmesi yok<\/li>\n<li>Al\u0131\u015f\u0131lmad\u0131k kelimeler, k\u0131saltmalar, okuma seviyeleri i\u00e7in mekanizma yok<\/li>\n<li>Formlar i\u00e7in otomatik hata alg\u0131lama\/a\u00e7\u0131klama\/\u00f6neri yok<\/li>\n<li>Tutarl\u0131 navigasyon\/bile\u015fenler i\u00e7in kontrol yok<\/li>\n<li>\u0130sim, rol, de\u011fer otomatik olarak kaydedilmiyor (ARIA)<\/li>\n<li>Ekran okuyucular i\u00e7in durum mesajlar\u0131n\u0131n otomatik olarak etiketlenmesi yok<\/li>\n<\/ul>\n<p>Eri\u015filebilir olmayan i\u00e7erik \u00f6zellikle \u015funlar\u0131 i\u00e7erir<\/p>\n<ul>\n<li>Tam olarak eri\u015filebilir olmayan PDF kataloglar\u0131 ve bilgi materyalleri.<\/li>\n<li>Alternatif metin a\u00e7\u0131klamalar\u0131n\u0131n (ALT metinleri) k\u0131smen eksik oldu\u011fu g\u00f6rseller ve grafikler.<\/li>\n<li>Ekran okuyucularla her zaman tam olarak kullan\u0131lamayan formlar (\u00f6rne\u011fin seyahat rezervasyon formlar\u0131).<\/li>\n<li>\u015eu anda tutarl\u0131 bir \u015fekilde altyaz\u0131l\u0131 veya sesli a\u00e7\u0131klamal\u0131 olmayan videolar.<\/li>\n<\/ul>\n<p>Bu engelleri ortadan kald\u0131rmak ve dijital tekliflerimizin eri\u015filebilirli\u011fini iyile\u015ftirmek i\u00e7in s\u00fcrekli \u00e7al\u0131\u015f\u0131yoruz.<\/p>\n<p>Bu beyannamenin haz\u0131rlanmas\u0131<\/p>\n<p>Bu deklarasyon 26 Temmuz 2025 tarihinde olu\u015fturulmu\u015ftur.<\/p>\n<p>De\u011ferlendirme, BITV 2.0 gerekliliklerine uygun olarak bir \u00f6z de\u011ferlendirmeye dayanmaktad\u0131r.<\/p>\n<p>Beyanname en son 1 A\u011fustos 2025 tarihinde g\u00f6zden ge\u00e7irilmi\u015ftir.<\/p>\n<p>Geri bildirim ve ileti\u015fim<\/p>\n<p>Web sitemizin engelsiz tasar\u0131m\u0131yla ilgili herhangi bir eksiklik fark ederseniz veya engelsiz olmayan i\u00e7erikle ilgili bilgi talep ederseniz, istedi\u011finiz zaman bizimle ileti\u015fime ge\u00e7ebilirsiniz:<\/p>\n<p>Dijital \u00c7\u00f6z\u00fcm Grubu Limited<br \/>\nDept 9086, 196 High Road,<br \/>\nWood Green, Londra N22 8HH<br \/>\nBirle\u015fik Krall\u0131k<\/p>\n<p>E-posta: info (at signs) ai4performance.com<\/p>\n<p>Sorunuzu m\u00fcmk\u00fcn olan en k\u0131sa s\u00fcrede yan\u0131tlamak i\u00e7in \u00e7aba g\u00f6sterece\u011fiz.<\/p>\n<p>Tahkim prosed\u00fcr\u00fc<\/p>\n<p>Eri\u015filebilirlikle ilgili sorunuzun tatmin edici bir \u015fekilde yan\u0131tlanmad\u0131\u011f\u0131n\u0131 d\u00fc\u015f\u00fcn\u00fcyorsan\u0131z, ilgili uzla\u015ft\u0131rma kurumuna ba\u015fvurabilirsiniz:<\/p>\n<p>Engellilik E\u015fitli\u011fi Yasas\u0131 (BGG) uyar\u0131nca tahkim merkezi<\/p>\n<p>Federal \u00c7al\u0131\u015fma ve Sosyal \u0130\u015fler Bakanl\u0131\u011f\u0131'nda<\/p>\n<p>Mauerstrasse 53<\/p>\n<p>10117 Berlin<\/p>\n<p>Web sitesi: <a href=\"https:\/\/www.schlichtungsstelle-bgg.de\/\">www.schlichtungsstelle-bgg.de<\/a><\/p>\n<p>E-posta: info@schlichtungsstelle-bgg.de<\/p>","protected":false},"excerpt":{"rendered":"<p>Barrierefreiheitserkl\u00e4rung Die Digital Solutions Group LTD ist bem\u00fcht, ihre Website www.ai4performance.com im Einklang mit dem Barrierefreiheitsst\u00e4rkungsgesetz (BFSG) sowie der Barrierefreie-Informationstechnik-Verordnung (BITV 2.0) barrierefrei zug\u00e4nglich zu machen. Stand der Vereinbarkeit mit den Anforderungen Diese Website ist derzeit teilweise barrierefrei. Die Anforderungen der BITV 2.0 werden \u00fcberwiegend erf\u00fcllt. Folgende Elemente sind derzeit nicht 100% barrierefrei: Keine automatische&#8230;<\/p>","protected":false},"author":1,"featured_media":0,"parent":0,"menu_order":0,"comment_status":"closed","ping_status":"closed","template":"","meta":{"footnotes":""},"class_list":["post-5561","page","type-page","status-publish","hentry"],"yoast_head":"<!-- This site is optimized with the Yoast SEO plugin v27.3 - https:\/\/yoast.com\/product\/yoast-seo-wordpress\/ -->\n<title>Barrierefreiheitserkl\u00e4rung - AI 4 Performance<\/title>\n<meta name=\"robots\" content=\"index, follow, max-snippet:-1, max-image-preview:large, max-video-preview:-1\" \/>\n<link rel=\"canonical\" href=\"https:\/\/ai4performance.com\/tr\/eri\u0307si\u0307lebi\u0307li\u0307rli\u0307k-beyani\/\" \/>\n<meta property=\"og:locale\" content=\"tr_TR\" \/>\n<meta property=\"og:type\" content=\"article\" \/>\n<meta property=\"og:title\" content=\"Barrierefreiheitserkl\u00e4rung - AI 4 Performance\" \/>\n<meta property=\"og:description\" content=\"Barrierefreiheitserkl\u00e4rung Die Digital Solutions Group LTD ist bem\u00fcht, ihre Website www.ai4performance.com im Einklang mit dem Barrierefreiheitsst\u00e4rkungsgesetz (BFSG) sowie der Barrierefreie-Informationstechnik-Verordnung (BITV 2.0) barrierefrei zug\u00e4nglich zu machen. Stand der Vereinbarkeit mit den Anforderungen Diese Website ist derzeit teilweise barrierefrei. Die Anforderungen der BITV 2.0 werden \u00fcberwiegend erf\u00fcllt. Folgende Elemente sind derzeit nicht 100% barrierefrei: Keine automatische...\" \/>\n<meta property=\"og:url\" content=\"https:\/\/ai4performance.com\/tr\/eri\u0307si\u0307lebi\u0307li\u0307rli\u0307k-beyani\/\" \/>\n<meta property=\"og:site_name\" content=\"AI 4 Performance\" \/>\n<meta property=\"article:modified_time\" content=\"2025-08-23T13:48:03+00:00\" \/>\n<meta name=\"twitter:card\" content=\"summary_large_image\" \/>\n<meta name=\"twitter:label1\" content=\"Est. reading time\" \/>\n\t<meta name=\"twitter:data1\" content=\"2 minutes\" \/>\n<script type=\"application\/ld+json\" class=\"yoast-schema-graph\">{\"@context\":\"https:\\\/\\\/schema.org\",\"@graph\":[{\"@type\":\"WebPage\",\"@id\":\"https:\\\/\\\/ai4performance.com\\\/barrierefreiheitserklaerung\\\/\",\"url\":\"https:\\\/\\\/ai4performance.com\\\/barrierefreiheitserklaerung\\\/\",\"name\":\"Barrierefreiheitserkl\u00e4rung - AI 4 Performance\",\"isPartOf\":{\"@id\":\"https:\\\/\\\/ai4performance.com\\\/#website\"},\"datePublished\":\"2025-08-21T12:59:33+00:00\",\"dateModified\":\"2025-08-23T13:48:03+00:00\",\"breadcrumb\":{\"@id\":\"https:\\\/\\\/ai4performance.com\\\/barrierefreiheitserklaerung\\\/#breadcrumb\"},\"inLanguage\":\"tr-TR\",\"potentialAction\":[{\"@type\":\"ReadAction\",\"target\":[\"https:\\\/\\\/ai4performance.com\\\/barrierefreiheitserklaerung\\\/\"]}]},{\"@type\":\"BreadcrumbList\",\"@id\":\"https:\\\/\\\/ai4performance.com\\\/barrierefreiheitserklaerung\\\/#breadcrumb\",\"itemListElement\":[{\"@type\":\"ListItem\",\"position\":1,\"name\":\"Startseite\",\"item\":\"https:\\\/\\\/ai4performance.com\\\/\"},{\"@type\":\"ListItem\",\"position\":2,\"name\":\"Barrierefreiheitserkl\u00e4rung\"}]},{\"@type\":\"WebSite\",\"@id\":\"https:\\\/\\\/ai4performance.com\\\/#website\",\"url\":\"https:\\\/\\\/ai4performance.com\\\/\",\"name\":\"AI 4 Performance\",\"description\":\"\",\"publisher\":{\"@id\":\"https:\\\/\\\/ai4performance.com\\\/#organization\"},\"potentialAction\":[{\"@type\":\"SearchAction\",\"target\":{\"@type\":\"EntryPoint\",\"urlTemplate\":\"https:\\\/\\\/ai4performance.com\\\/?s={search_term_string}\"},\"query-input\":{\"@type\":\"PropertyValueSpecification\",\"valueRequired\":true,\"valueName\":\"search_term_string\"}}],\"inLanguage\":\"tr-TR\"},{\"@type\":\"Organization\",\"@id\":\"https:\\\/\\\/ai4performance.com\\\/#organization\",\"name\":\"AI 4 Performance\",\"url\":\"https:\\\/\\\/ai4performance.com\\\/\",\"logo\":{\"@type\":\"ImageObject\",\"inLanguage\":\"tr-TR\",\"@id\":\"https:\\\/\\\/ai4performance.com\\\/#\\\/schema\\\/logo\\\/image\\\/\",\"url\":\"https:\\\/\\\/ai4performance.com\\\/wp-content\\\/uploads\\\/2016\\\/08\\\/logo.svg\",\"contentUrl\":\"https:\\\/\\\/ai4performance.com\\\/wp-content\\\/uploads\\\/2016\\\/08\\\/logo.svg\",\"width\":1,\"height\":1,\"caption\":\"AI 4 Performance\"},\"image\":{\"@id\":\"https:\\\/\\\/ai4performance.com\\\/#\\\/schema\\\/logo\\\/image\\\/\"}}]}<\/script>\n<!-- \/ Yoast SEO plugin. -->","yoast_head_json":{"title":"Eri\u015filebilirlik beyan\u0131 - AI 4 Performans","robots":{"index":"index","follow":"follow","max-snippet":"max-snippet:-1","max-image-preview":"max-image-preview:large","max-video-preview":"max-video-preview:-1"},"canonical":"https:\/\/ai4performance.com\/tr\/eri\u0307si\u0307lebi\u0307li\u0307rli\u0307k-beyani\/","og_locale":"tr_TR","og_type":"article","og_title":"Barrierefreiheitserkl\u00e4rung - AI 4 Performance","og_description":"Barrierefreiheitserkl\u00e4rung Die Digital Solutions Group LTD ist bem\u00fcht, ihre Website www.ai4performance.com im Einklang mit dem Barrierefreiheitsst\u00e4rkungsgesetz (BFSG) sowie der Barrierefreie-Informationstechnik-Verordnung (BITV 2.0) barrierefrei zug\u00e4nglich zu machen. Stand der Vereinbarkeit mit den Anforderungen Diese Website ist derzeit teilweise barrierefrei. Die Anforderungen der BITV 2.0 werden \u00fcberwiegend erf\u00fcllt. Folgende Elemente sind derzeit nicht 100% barrierefrei: Keine automatische...","og_url":"https:\/\/ai4performance.com\/tr\/eri\u0307si\u0307lebi\u0307li\u0307rli\u0307k-beyani\/","og_site_name":"AI 4 Performance","article_modified_time":"2025-08-23T13:48:03+00:00","twitter_card":"summary_large_image","twitter_misc":{"Est. reading time":"2 minutes"},"schema":{"@context":"https:\/\/schema.org","@graph":[{"@type":"WebPage","@id":"https:\/\/ai4performance.com\/barrierefreiheitserklaerung\/","url":"https:\/\/ai4performance.com\/barrierefreiheitserklaerung\/","name":"Eri\u015filebilirlik beyan\u0131 - AI 4 Performans","isPartOf":{"@id":"https:\/\/ai4performance.com\/#website"},"datePublished":"2025-08-21T12:59:33+00:00","dateModified":"2025-08-23T13:48:03+00:00","breadcrumb":{"@id":"https:\/\/ai4performance.com\/barrierefreiheitserklaerung\/#breadcrumb"},"inLanguage":"tr-TR","potentialAction":[{"@type":"ReadAction","target":["https:\/\/ai4performance.com\/barrierefreiheitserklaerung\/"]}]},{"@type":"BreadcrumbList","@id":"https:\/\/ai4performance.com\/barrierefreiheitserklaerung\/#breadcrumb","itemListElement":[{"@type":"ListItem","position":1,"name":"Startseite","item":"https:\/\/ai4performance.com\/"},{"@type":"ListItem","position":2,"name":"Barrierefreiheitserkl\u00e4rung"}]},{"@type":"WebSite","@id":"https:\/\/ai4performance.com\/#website","url":"https:\/\/ai4performance.com\/","name":"AI 4 Performans","description":"","publisher":{"@id":"https:\/\/ai4performance.com\/#organization"},"potentialAction":[{"@type":"SearchAction","target":{"@type":"EntryPoint","urlTemplate":"https:\/\/ai4performance.com\/?s={search_term_string}"},"query-input":{"@type":"PropertyValueSpecification","valueRequired":true,"valueName":"search_term_string"}}],"inLanguage":"tr-TR"},{"@type":"Organization","@id":"https:\/\/ai4performance.com\/#organization","name":"AI 4 Performans","url":"https:\/\/ai4performance.com\/","logo":{"@type":"ImageObject","inLanguage":"tr-TR","@id":"https:\/\/ai4performance.com\/#\/schema\/logo\/image\/","url":"https:\/\/ai4performance.com\/wp-content\/uploads\/2016\/08\/logo.svg","contentUrl":"https:\/\/ai4performance.com\/wp-content\/uploads\/2016\/08\/logo.svg","width":1,"height":1,"caption":"AI 4 Performance"},"image":{"@id":"https:\/\/ai4performance.com\/#\/schema\/logo\/image\/"}}]}},"_links":{"self":[{"href":"https:\/\/ai4performance.com\/tr\/wp-json\/wp\/v2\/pages\/5561","targetHints":{"allow":["GET"]}}],"collection":[{"href":"https:\/\/ai4performance.com\/tr\/wp-json\/wp\/v2\/pages"}],"about":[{"href":"https:\/\/ai4performance.com\/tr\/wp-json\/wp\/v2\/types\/page"}],"author":[{"embeddable":true,"href":"https:\/\/ai4performance.com\/tr\/wp-json\/wp\/v2\/users\/1"}],"replies":[{"embeddable":true,"href":"https:\/\/ai4performance.com\/tr\/wp-json\/wp\/v2\/comments?post=5561"}],"version-history":[{"count":0,"href":"https:\/\/ai4performance.com\/tr\/wp-json\/wp\/v2\/pages\/5561\/revisions"}],"wp:attachment":[{"href":"https:\/\/ai4performance.com\/tr\/wp-json\/wp\/v2\/media?parent=5561"}],"curies":[{"name":"wp","href":"https:\/\/api.w.org\/{rel}","templated":true}]}}