{"id":2868,"date":"2025-05-22T08:24:47","date_gmt":"2025-05-22T06:24:47","guid":{"rendered":"https:\/\/ai4performance.com\/?page_id=2868"},"modified":"2025-05-22T16:00:06","modified_gmt":"2025-05-22T14:00:06","slug":"kisiz-sirketler-varliklarini-tehlikeye-atiyor","status":"publish","type":"page","link":"https:\/\/ai4performance.com\/tr\/kisiz-sirketler-varliklarini-tehlikeye-atiyor\/","title":{"rendered":"Yapay zekaya sahip olmayan \u015firketler varl\u0131klar\u0131n\u0131 tehlikeye at\u0131yor"},"content":{"rendered":"<h1>\u00a0<\/h1>\n<h1 style=\"text-align: center;\" data-start=\"0\" data-end=\"85\"><span style=\"font-size: 180%;\"><strong data-start=\"0\" data-end=\"85\"><span class=\"_fadeIn_m1hgl_8\">Yapay zekaya sahip olmayan \u015firketler varl\u0131klar\u0131n\u0131 tehlikeye at\u0131yor<\/span><\/strong><\/span><\/h1>\n<h1 style=\"text-align: center;\" data-start=\"0\" data-end=\"85\"><span class=\"_fadeIn_m1hgl_8\">Yapay zeka olmadan \u015firketler yok olma tehlikesiyle kar\u015f\u0131 kar\u015f\u0131ya<\/span><\/h1>\n\t<div id=\"gap-265765029\" class=\"gap-element clearfix\" style=\"display:block; height:auto;\">\n\t\t\n<style>\n#gap-265765029 {\n  padding-top: 60px;\n}\n<\/style>\n\t<\/div>\n\t\n<div class=\"container section-title-container\" ><h3 class=\"section-title section-title-normal\"><b><\/b><span class=\"section-title-main\" >Yapay zeka 'gelecekteki iflas\u0131n' k\u0131saltmas\u0131 haline gelmemelidir<\/span><b><\/b><\/h3><\/div>\n\t<div class=\"img has-hover x md-x lg-x y md-y lg-y\" id=\"image_245681648\">\n\t\t\t\t\t\t\t\t<div class=\"img-inner dark\" >\n\t\t\t<img loading=\"lazy\" decoding=\"async\" width=\"1630\" height=\"1613\" src=\"https:\/\/ai4performance.com\/wp-content\/uploads\/2025\/05\/ki-kuenftige-insolvenz.jpg\" class=\"attachment-original size-original\" alt=\"\" srcset=\"https:\/\/ai4performance.com\/wp-content\/uploads\/2025\/05\/ki-kuenftige-insolvenz.jpg 1630w, https:\/\/ai4performance.com\/wp-content\/uploads\/2025\/05\/ki-kuenftige-insolvenz-404x400.jpg 404w, https:\/\/ai4performance.com\/wp-content\/uploads\/2025\/05\/ki-kuenftige-insolvenz-808x800.jpg 808w, https:\/\/ai4performance.com\/wp-content\/uploads\/2025\/05\/ki-kuenftige-insolvenz-768x760.jpg 768w, https:\/\/ai4performance.com\/wp-content\/uploads\/2025\/05\/ki-kuenftige-insolvenz-1536x1520.jpg 1536w, https:\/\/ai4performance.com\/wp-content\/uploads\/2025\/05\/ki-kuenftige-insolvenz-12x12.jpg 12w, https:\/\/ai4performance.com\/wp-content\/uploads\/2025\/05\/ki-kuenftige-insolvenz-60x59.jpg 60w, https:\/\/ai4performance.com\/wp-content\/uploads\/2025\/05\/ki-kuenftige-insolvenz-110x109.jpg 110w, https:\/\/ai4performance.com\/wp-content\/uploads\/2025\/05\/ki-kuenftige-insolvenz-420x416.jpg 420w, https:\/\/ai4performance.com\/wp-content\/uploads\/2025\/05\/ki-kuenftige-insolvenz-100x100.jpg 100w\" sizes=\"auto, (max-width: 1630px) 100vw, 1630px\" \/>\t\t\t\t\t\t\n\t\t\t\t\t<\/div>\n\t\t\t\t\t\t\t\t\n<style>\n#image_245681648 {\n  width: 100%;\n}\n<\/style>\n\t<\/div>\n\t\n<a href=\"https:\/\/ai-society.org\/ki-darf-nicht-zur-abkuerzung-fuer-kuenftige-insolvenz-werden\" target=\"_blank\" class=\"button primary is-outline\" rel=\"noopener\"  style=\"border-radius:10px;\">\n\t\t<span>Makaleye<\/span>\n\t<\/a>\n\n\t<div id=\"gap-1077380561\" class=\"gap-element clearfix\" style=\"display:block; height:auto;\">\n\t\t\n<style>\n#gap-1077380561 {\n  padding-top: 30px;\n}\n<\/style>\n\t<\/div>\n\t\n<div class=\"container section-title-container\" ><h3 class=\"section-title section-title-normal\"><b><\/b><span class=\"section-title-main\" >Bir\u00e7ok \u015firketin yapay zeka stratejisi yok<\/span><b><\/b><\/h3><\/div>\n\t<div class=\"img has-hover x md-x lg-x y md-y lg-y\" id=\"image_629088901\">\n\t\t\t\t\t\t\t\t<div class=\"img-inner dark\" >\n\t\t\t<img loading=\"lazy\" decoding=\"async\" width=\"1898\" height=\"1539\" src=\"https:\/\/ai4performance.com\/wp-content\/uploads\/2025\/05\/unternehmen-ohne-ki-strategie.jpg\" class=\"attachment-original size-original\" alt=\"\" srcset=\"https:\/\/ai4performance.com\/wp-content\/uploads\/2025\/05\/unternehmen-ohne-ki-strategie.jpg 1898w, https:\/\/ai4performance.com\/wp-content\/uploads\/2025\/05\/unternehmen-ohne-ki-strategie-493x400.jpg 493w, https:\/\/ai4performance.com\/wp-content\/uploads\/2025\/05\/unternehmen-ohne-ki-strategie-987x800.jpg 987w, https:\/\/ai4performance.com\/wp-content\/uploads\/2025\/05\/unternehmen-ohne-ki-strategie-768x623.jpg 768w, https:\/\/ai4performance.com\/wp-content\/uploads\/2025\/05\/unternehmen-ohne-ki-strategie-1536x1245.jpg 1536w, https:\/\/ai4performance.com\/wp-content\/uploads\/2025\/05\/unternehmen-ohne-ki-strategie-15x12.jpg 15w, https:\/\/ai4performance.com\/wp-content\/uploads\/2025\/05\/unternehmen-ohne-ki-strategie-60x49.jpg 60w, https:\/\/ai4performance.com\/wp-content\/uploads\/2025\/05\/unternehmen-ohne-ki-strategie-110x89.jpg 110w, https:\/\/ai4performance.com\/wp-content\/uploads\/2025\/05\/unternehmen-ohne-ki-strategie-420x341.jpg 420w\" sizes=\"auto, (max-width: 1898px) 100vw, 1898px\" \/>\t\t\t\t\t\t\n\t\t\t\t\t<\/div>\n\t\t\t\t\t\t\t\t\n<style>\n#image_629088901 {\n  width: 100%;\n}\n<\/style>\n\t<\/div>\n\t\n\t<div id=\"gap-441161815\" class=\"gap-element clearfix\" style=\"display:block; height:auto;\">\n\t\t\n<style>\n#gap-441161815 {\n  padding-top: 30px;\n}\n<\/style>\n\t<\/div>\n\t\n<a href=\"https:\/\/www.haufe.de\/personal\/hr-management\/ki-strategie-fehlt-in-vielen-unternehmen_80_616206.html\" target=\"_blank\" class=\"button primary is-outline\" rel=\"noopener\"  style=\"border-radius:10px;\">\n\t\t<span>Makaleye<\/span>\n\t<\/a>\n\n\t<div id=\"gap-230649698\" class=\"gap-element clearfix\" style=\"display:block; height:auto;\">\n\t\t\n<style>\n#gap-230649698 {\n  padding-top: 30px;\n}\n<\/style>\n\t<\/div>\n\t\n<div class=\"row\"  id=\"row-427808632\">\n\n\t<div id=\"col-1943044137\" class=\"col medium-4 small-12 large-4\"  >\n\t\t\t\t<div class=\"col-inner\"  >\n\t\t\t\n\t\t\t\n\t\t<\/div>\n\t\t\t\t\t<\/div>\n\n\t\n\n\t<div id=\"col-354962985\" class=\"col medium-4 small-12 large-4\"  >\n\t\t\t\t<div class=\"col-inner text-center\"  >\n\t\t\t\n\t\t\t\n<a href=\"https:\/\/ai4performance.com\/tr\/ueruen-2\/ki-danismanligi\/\" class=\"button success is-larger\"  style=\"padding:0px 20px 0px 20px;\">\n\t\t<span>Yapay zeka dan\u0131\u015fmanl\u0131\u011f\u0131 i\u00e7in rezervasyon yapt\u0131r\u0131n<\/span>\n\t<\/a>\n\n\t\t<\/div>\n\t\t\t\t\t<\/div>\n\n\t\n\n\t<div id=\"col-924967963\" class=\"col medium-4 small-12 large-4\"  >\n\t\t\t\t<div class=\"col-inner\"  >\n\t\t\t\n\t\t\t\n\t\t<\/div>\n\t\t\t\t\t<\/div>\n\n\t\n<\/div>\n<div class=\"container section-title-container\" ><h3 class=\"section-title section-title-normal\"><b><\/b><span class=\"section-title-main\" >Uzmanlar: Yapay zeka stratejisi olmayan \u015firketler yok olma tehlikesiyle kar\u015f\u0131 kar\u015f\u0131ya<\/span><b><\/b><\/h3><\/div>\n\t<div class=\"img has-hover x md-x lg-x y md-y lg-y\" id=\"image_339607585\">\n\t\t\t\t\t\t\t\t<div class=\"img-inner dark\" >\n\t\t\t<img loading=\"lazy\" decoding=\"async\" width=\"1443\" height=\"1514\" src=\"https:\/\/ai4performance.com\/wp-content\/uploads\/2025\/05\/ohne-ki-firmensterben.jpg\" class=\"attachment-original size-original\" alt=\"\" srcset=\"https:\/\/ai4performance.com\/wp-content\/uploads\/2025\/05\/ohne-ki-firmensterben.jpg 1443w, https:\/\/ai4performance.com\/wp-content\/uploads\/2025\/05\/ohne-ki-firmensterben-381x400.jpg 381w, https:\/\/ai4performance.com\/wp-content\/uploads\/2025\/05\/ohne-ki-firmensterben-762x800.jpg 762w, https:\/\/ai4performance.com\/wp-content\/uploads\/2025\/05\/ohne-ki-firmensterben-768x806.jpg 768w, https:\/\/ai4performance.com\/wp-content\/uploads\/2025\/05\/ohne-ki-firmensterben-11x12.jpg 11w, https:\/\/ai4performance.com\/wp-content\/uploads\/2025\/05\/ohne-ki-firmensterben-60x63.jpg 60w, https:\/\/ai4performance.com\/wp-content\/uploads\/2025\/05\/ohne-ki-firmensterben-110x115.jpg 110w, https:\/\/ai4performance.com\/wp-content\/uploads\/2025\/05\/ohne-ki-firmensterben-420x441.jpg 420w\" sizes=\"auto, (max-width: 1443px) 100vw, 1443px\" \/>\t\t\t\t\t\t\n\t\t\t\t\t<\/div>\n\t\t\t\t\t\t\t\t\n<style>\n#image_339607585 {\n  width: 100%;\n}\n<\/style>\n\t<\/div>\n\t\n\t<div id=\"gap-1966145585\" class=\"gap-element clearfix\" style=\"display:block; height:auto;\">\n\t\t\n<style>\n#gap-1966145585 {\n  padding-top: 30px;\n}\n<\/style>\n\t<\/div>\n\t\n<a href=\"https:\/\/www.telepolis.de\/features\/Experten-Ohne-KI-Strategie-droht-Firmensterben-so-retten-Sie-Ihren-Job-9812197.html\" target=\"_blank\" class=\"button primary is-outline\" rel=\"noopener\"  style=\"border-radius:10px;\">\n\t\t<span>Makaleye<\/span>\n\t<\/a>\n\n\t<div id=\"gap-492043007\" class=\"gap-element clearfix\" style=\"display:block; height:auto;\">\n\t\t\n<style>\n#gap-492043007 {\n  padding-top: 30px;\n}\n<\/style>\n\t<\/div>\n\t\n<div class=\"container section-title-container\" ><h3 class=\"section-title section-title-normal\"><b><\/b><span class=\"section-title-main\" >\u015eirketler yetersiz yapay zeka uygulamalar\u0131yla geleceklerini tehlikeye at\u0131yor<\/span><b><\/b><\/h3><\/div>\n\t<div class=\"img has-hover x md-x lg-x y md-y lg-y\" id=\"image_965344860\">\n\t\t\t\t\t\t\t\t<div class=\"img-inner dark\" >\n\t\t\t<img loading=\"lazy\" decoding=\"async\" width=\"1301\" height=\"1248\" src=\"https:\/\/ai4performance.com\/wp-content\/uploads\/2025\/05\/gefahr-durch-lahme-ki-umsetzung.jpg\" class=\"attachment-original size-original\" alt=\"\" srcset=\"https:\/\/ai4performance.com\/wp-content\/uploads\/2025\/05\/gefahr-durch-lahme-ki-umsetzung.jpg 1301w, https:\/\/ai4performance.com\/wp-content\/uploads\/2025\/05\/gefahr-durch-lahme-ki-umsetzung-417x400.jpg 417w, https:\/\/ai4performance.com\/wp-content\/uploads\/2025\/05\/gefahr-durch-lahme-ki-umsetzung-834x800.jpg 834w, https:\/\/ai4performance.com\/wp-content\/uploads\/2025\/05\/gefahr-durch-lahme-ki-umsetzung-768x737.jpg 768w, https:\/\/ai4performance.com\/wp-content\/uploads\/2025\/05\/gefahr-durch-lahme-ki-umsetzung-13x12.jpg 13w, https:\/\/ai4performance.com\/wp-content\/uploads\/2025\/05\/gefahr-durch-lahme-ki-umsetzung-60x58.jpg 60w, https:\/\/ai4performance.com\/wp-content\/uploads\/2025\/05\/gefahr-durch-lahme-ki-umsetzung-110x106.jpg 110w, https:\/\/ai4performance.com\/wp-content\/uploads\/2025\/05\/gefahr-durch-lahme-ki-umsetzung-420x403.jpg 420w\" sizes=\"auto, (max-width: 1301px) 100vw, 1301px\" \/>\t\t\t\t\t\t\n\t\t\t\t\t<\/div>\n\t\t\t\t\t\t\t\t\n<style>\n#image_965344860 {\n  width: 100%;\n}\n<\/style>\n\t<\/div>\n\t\n\t<div id=\"gap-775098302\" class=\"gap-element clearfix\" style=\"display:block; height:auto;\">\n\t\t\n<style>\n#gap-775098302 {\n  padding-top: 30px;\n}\n<\/style>\n\t<\/div>\n\t\n<a href=\"https:\/\/www.focus.de\/finanzen\/boerse\/das-kann-uns-nicht-zufriedenstellen-deutsche-firmen-gefaehrden-ihre-zukunft-durch-lahme-ki-umsetzung_id_260526700.html\" target=\"_blank\" class=\"button primary is-outline\" rel=\"noopener\"  style=\"border-radius:10px;\">\n\t\t<span>Makaleye<\/span>\n\t<\/a>\n\n\t<div id=\"gap-1176437795\" class=\"gap-element clearfix\" style=\"display:block; height:auto;\">\n\t\t\n<style>\n#gap-1176437795 {\n  padding-top: 30px;\n}\n<\/style>\n\t<\/div>\n\t\n<div class=\"container section-title-container\" ><h3 class=\"section-title section-title-normal\"><b><\/b><span class=\"section-title-main\" >Yapay zeka uzmanl\u0131\u011f\u0131 olu\u015fturmak: Her be\u015f \u015firketten d\u00f6rd\u00fcn\u00fcn plan\u0131 yok<\/span><b><\/b><\/h3><\/div>\n\t<div class=\"img has-hover x md-x lg-x y md-y lg-y\" id=\"image_2002303613\">\n\t\t\t\t\t\t\t\t<div class=\"img-inner dark\" >\n\t\t\t<img loading=\"lazy\" decoding=\"async\" width=\"1138\" height=\"1080\" src=\"https:\/\/ai4performance.com\/wp-content\/uploads\/2025\/05\/ki-kompetenz.jpg\" class=\"attachment-original size-original\" alt=\"\" srcset=\"https:\/\/ai4performance.com\/wp-content\/uploads\/2025\/05\/ki-kompetenz.jpg 1138w, https:\/\/ai4performance.com\/wp-content\/uploads\/2025\/05\/ki-kompetenz-421x400.jpg 421w, https:\/\/ai4performance.com\/wp-content\/uploads\/2025\/05\/ki-kompetenz-843x800.jpg 843w, https:\/\/ai4performance.com\/wp-content\/uploads\/2025\/05\/ki-kompetenz-768x729.jpg 768w, https:\/\/ai4performance.com\/wp-content\/uploads\/2025\/05\/ki-kompetenz-13x12.jpg 13w, https:\/\/ai4performance.com\/wp-content\/uploads\/2025\/05\/ki-kompetenz-60x57.jpg 60w, https:\/\/ai4performance.com\/wp-content\/uploads\/2025\/05\/ki-kompetenz-110x104.jpg 110w, https:\/\/ai4performance.com\/wp-content\/uploads\/2025\/05\/ki-kompetenz-420x399.jpg 420w\" sizes=\"auto, (max-width: 1138px) 100vw, 1138px\" \/>\t\t\t\t\t\t\n\t\t\t\t\t<\/div>\n\t\t\t\t\t\t\t\t\n<style>\n#image_2002303613 {\n  width: 100%;\n}\n<\/style>\n\t<\/div>\n\t\n\t<div id=\"gap-519992766\" class=\"gap-element clearfix\" style=\"display:block; height:auto;\">\n\t\t\n<style>\n#gap-519992766 {\n  padding-top: 30px;\n}\n<\/style>\n\t<\/div>\n\t\n<a href=\"https:\/\/www.heise.de\/news\/KI-Kompetenz-aufbauen-Vier-von-fuenf-Firmen-haben-keinen-Plan-10258560.html\" target=\"_blank\" class=\"button primary is-outline\" rel=\"noopener\"  style=\"border-radius:10px;\">\n\t\t<span>Makaleye<\/span>\n\t<\/a>\n\n\t<div id=\"gap-1932550805\" class=\"gap-element clearfix\" style=\"display:block; height:auto;\">\n\t\t\n<style>\n#gap-1932550805 {\n  padding-top: 30px;\n}\n<\/style>\n\t<\/div>\n\t\n<div class=\"row\"  id=\"row-460165028\">\n\n\t<div id=\"col-389268690\" class=\"col medium-4 small-2 large-4\"  >\n\t\t\t\t<div class=\"col-inner\"  >\n\t\t\t\n\t\t\t\n\t\t<\/div>\n\t\t\t\t\t<\/div>\n\n\t\n\n\t<div id=\"col-2144923217\" class=\"col medium-4 small-10 large-4\"  >\n\t\t\t\t<div class=\"col-inner\"  >\n\t\t\t\n\t\t\t\n<a href=\"https:\/\/ai4performance.com\/tr\/ueruen-2\/ki-danismanligi\/\" class=\"button success is-larger\"  style=\"padding:0px 20px 0px 20px;\">\n\t\t<span>Yapay zeka dan\u0131\u015fmanl\u0131\u011f\u0131 i\u00e7in rezervasyon yapt\u0131r\u0131n<\/span>\n\t<\/a>\n\n\t\t<\/div>\n\t\t\t\t\t<\/div>\n\n\t\n<\/div>","protected":false},"excerpt":{"rendered":"<p>\u00a0 Yapay zekaya sahip olmayan \u015firketler varl\u0131klar\u0131n\u0131 tehlikeye at\u0131yor Yapay zekaya sahip olmayan \u015firketler yok olma tehlikesiyle kar\u015f\u0131 kar\u015f\u0131ya<\/p>","protected":false},"author":1,"featured_media":0,"parent":0,"menu_order":0,"comment_status":"closed","ping_status":"closed","template":"","meta":{"footnotes":""},"class_list":["post-2868","page","type-page","status-publish","hentry"],"yoast_head":"<!-- This site is optimized with the Yoast SEO plugin v27.3 - https:\/\/yoast.com\/product\/yoast-seo-wordpress\/ -->\n<title>Firmen ohne KI gef\u00e4hrden Ihre Existenz - AI 4 Performance<\/title>\n<meta name=\"robots\" content=\"index, follow, max-snippet:-1, max-image-preview:large, max-video-preview:-1\" \/>\n<link rel=\"canonical\" href=\"https:\/\/ai4performance.com\/tr\/kisiz-sirketler-varliklarini-tehlikeye-atiyor\/\" \/>\n<meta property=\"og:locale\" content=\"tr_TR\" \/>\n<meta property=\"og:type\" content=\"article\" \/>\n<meta property=\"og:title\" content=\"Firmen ohne KI gef\u00e4hrden Ihre Existenz - AI 4 Performance\" \/>\n<meta property=\"og:description\" content=\"\u00a0 Firmen ohne KI gef\u00e4hrden Ihre Existenz Ohne KI droht Firmensterben\" \/>\n<meta property=\"og:url\" content=\"https:\/\/ai4performance.com\/tr\/kisiz-sirketler-varliklarini-tehlikeye-atiyor\/\" \/>\n<meta property=\"og:site_name\" content=\"AI 4 Performance\" \/>\n<meta property=\"article:modified_time\" content=\"2025-05-22T14:00:06+00:00\" \/>\n<meta name=\"twitter:card\" content=\"summary_large_image\" \/>\n<meta name=\"twitter:label1\" content=\"Est. reading time\" \/>\n\t<meta name=\"twitter:data1\" content=\"1 minute\" \/>\n<script type=\"application\/ld+json\" class=\"yoast-schema-graph\">{\"@context\":\"https:\\\/\\\/schema.org\",\"@graph\":[{\"@type\":\"WebPage\",\"@id\":\"https:\\\/\\\/ai4performance.com\\\/firmen-ohne-ki-gefaehrden-ihre-existenz\\\/\",\"url\":\"https:\\\/\\\/ai4performance.com\\\/firmen-ohne-ki-gefaehrden-ihre-existenz\\\/\",\"name\":\"Firmen ohne KI gef\u00e4hrden Ihre Existenz - AI 4 Performance\",\"isPartOf\":{\"@id\":\"https:\\\/\\\/ai4performance.com\\\/#website\"},\"datePublished\":\"2025-05-22T06:24:47+00:00\",\"dateModified\":\"2025-05-22T14:00:06+00:00\",\"breadcrumb\":{\"@id\":\"https:\\\/\\\/ai4performance.com\\\/firmen-ohne-ki-gefaehrden-ihre-existenz\\\/#breadcrumb\"},\"inLanguage\":\"tr-TR\",\"potentialAction\":[{\"@type\":\"ReadAction\",\"target\":[\"https:\\\/\\\/ai4performance.com\\\/firmen-ohne-ki-gefaehrden-ihre-existenz\\\/\"]}]},{\"@type\":\"BreadcrumbList\",\"@id\":\"https:\\\/\\\/ai4performance.com\\\/firmen-ohne-ki-gefaehrden-ihre-existenz\\\/#breadcrumb\",\"itemListElement\":[{\"@type\":\"ListItem\",\"position\":1,\"name\":\"Startseite\",\"item\":\"https:\\\/\\\/ai4performance.com\\\/\"},{\"@type\":\"ListItem\",\"position\":2,\"name\":\"Firmen ohne KI gef\u00e4hrden Ihre Existenz\"}]},{\"@type\":\"WebSite\",\"@id\":\"https:\\\/\\\/ai4performance.com\\\/#website\",\"url\":\"https:\\\/\\\/ai4performance.com\\\/\",\"name\":\"AI 4 Performance\",\"description\":\"\",\"publisher\":{\"@id\":\"https:\\\/\\\/ai4performance.com\\\/#organization\"},\"potentialAction\":[{\"@type\":\"SearchAction\",\"target\":{\"@type\":\"EntryPoint\",\"urlTemplate\":\"https:\\\/\\\/ai4performance.com\\\/?s={search_term_string}\"},\"query-input\":{\"@type\":\"PropertyValueSpecification\",\"valueRequired\":true,\"valueName\":\"search_term_string\"}}],\"inLanguage\":\"tr-TR\"},{\"@type\":\"Organization\",\"@id\":\"https:\\\/\\\/ai4performance.com\\\/#organization\",\"name\":\"AI 4 Performance\",\"url\":\"https:\\\/\\\/ai4performance.com\\\/\",\"logo\":{\"@type\":\"ImageObject\",\"inLanguage\":\"tr-TR\",\"@id\":\"https:\\\/\\\/ai4performance.com\\\/#\\\/schema\\\/logo\\\/image\\\/\",\"url\":\"https:\\\/\\\/ai4performance.com\\\/wp-content\\\/uploads\\\/2016\\\/08\\\/logo.svg\",\"contentUrl\":\"https:\\\/\\\/ai4performance.com\\\/wp-content\\\/uploads\\\/2016\\\/08\\\/logo.svg\",\"width\":1,\"height\":1,\"caption\":\"AI 4 Performance\"},\"image\":{\"@id\":\"https:\\\/\\\/ai4performance.com\\\/#\\\/schema\\\/logo\\\/image\\\/\"}}]}<\/script>\n<!-- \/ Yoast SEO plugin. -->","yoast_head_json":{"title":"Firmen ohne KI gef\u00e4hrden Ihre Existenz - AI 4 Performance","robots":{"index":"index","follow":"follow","max-snippet":"max-snippet:-1","max-image-preview":"max-image-preview:large","max-video-preview":"max-video-preview:-1"},"canonical":"https:\/\/ai4performance.com\/tr\/kisiz-sirketler-varliklarini-tehlikeye-atiyor\/","og_locale":"tr_TR","og_type":"article","og_title":"Firmen ohne KI gef\u00e4hrden Ihre Existenz - AI 4 Performance","og_description":"\u00a0 Firmen ohne KI gef\u00e4hrden Ihre Existenz Ohne KI droht Firmensterben","og_url":"https:\/\/ai4performance.com\/tr\/kisiz-sirketler-varliklarini-tehlikeye-atiyor\/","og_site_name":"AI 4 Performance","article_modified_time":"2025-05-22T14:00:06+00:00","twitter_card":"summary_large_image","twitter_misc":{"Est. reading time":"1 minute"},"schema":{"@context":"https:\/\/schema.org","@graph":[{"@type":"WebPage","@id":"https:\/\/ai4performance.com\/firmen-ohne-ki-gefaehrden-ihre-existenz\/","url":"https:\/\/ai4performance.com\/firmen-ohne-ki-gefaehrden-ihre-existenz\/","name":"Firmen ohne KI gef\u00e4hrden Ihre Existenz - AI 4 Performance","isPartOf":{"@id":"https:\/\/ai4performance.com\/#website"},"datePublished":"2025-05-22T06:24:47+00:00","dateModified":"2025-05-22T14:00:06+00:00","breadcrumb":{"@id":"https:\/\/ai4performance.com\/firmen-ohne-ki-gefaehrden-ihre-existenz\/#breadcrumb"},"inLanguage":"tr-TR","potentialAction":[{"@type":"ReadAction","target":["https:\/\/ai4performance.com\/firmen-ohne-ki-gefaehrden-ihre-existenz\/"]}]},{"@type":"BreadcrumbList","@id":"https:\/\/ai4performance.com\/firmen-ohne-ki-gefaehrden-ihre-existenz\/#breadcrumb","itemListElement":[{"@type":"ListItem","position":1,"name":"Startseite","item":"https:\/\/ai4performance.com\/"},{"@type":"ListItem","position":2,"name":"Firmen ohne KI gef\u00e4hrden Ihre Existenz"}]},{"@type":"WebSite","@id":"https:\/\/ai4performance.com\/#website","url":"https:\/\/ai4performance.com\/","name":"AI 4 Performans","description":"","publisher":{"@id":"https:\/\/ai4performance.com\/#organization"},"potentialAction":[{"@type":"SearchAction","target":{"@type":"EntryPoint","urlTemplate":"https:\/\/ai4performance.com\/?s={search_term_string}"},"query-input":{"@type":"PropertyValueSpecification","valueRequired":true,"valueName":"search_term_string"}}],"inLanguage":"tr-TR"},{"@type":"Organization","@id":"https:\/\/ai4performance.com\/#organization","name":"AI 4 Performans","url":"https:\/\/ai4performance.com\/","logo":{"@type":"ImageObject","inLanguage":"tr-TR","@id":"https:\/\/ai4performance.com\/#\/schema\/logo\/image\/","url":"https:\/\/ai4performance.com\/wp-content\/uploads\/2016\/08\/logo.svg","contentUrl":"https:\/\/ai4performance.com\/wp-content\/uploads\/2016\/08\/logo.svg","width":1,"height":1,"caption":"AI 4 Performance"},"image":{"@id":"https:\/\/ai4performance.com\/#\/schema\/logo\/image\/"}}]}},"_links":{"self":[{"href":"https:\/\/ai4performance.com\/tr\/wp-json\/wp\/v2\/pages\/2868","targetHints":{"allow":["GET"]}}],"collection":[{"href":"https:\/\/ai4performance.com\/tr\/wp-json\/wp\/v2\/pages"}],"about":[{"href":"https:\/\/ai4performance.com\/tr\/wp-json\/wp\/v2\/types\/page"}],"author":[{"embeddable":true,"href":"https:\/\/ai4performance.com\/tr\/wp-json\/wp\/v2\/users\/1"}],"replies":[{"embeddable":true,"href":"https:\/\/ai4performance.com\/tr\/wp-json\/wp\/v2\/comments?post=2868"}],"version-history":[{"count":0,"href":"https:\/\/ai4performance.com\/tr\/wp-json\/wp\/v2\/pages\/2868\/revisions"}],"wp:attachment":[{"href":"https:\/\/ai4performance.com\/tr\/wp-json\/wp\/v2\/media?parent=2868"}],"curies":[{"name":"wp","href":"https:\/\/api.w.org\/{rel}","templated":true}]}}