{"id":2840,"date":"2025-05-22T05:17:49","date_gmt":"2025-05-22T03:17:49","guid":{"rendered":"https:\/\/ai4performance.com\/?page_id=2840"},"modified":"2025-05-22T16:09:35","modified_gmt":"2025-05-22T14:09:35","slug":"yapay-zeka-nedeniyle-kitlesel-issizlik","status":"publish","type":"page","link":"https:\/\/ai4performance.com\/tr\/yapay-zeka-nedeniyle-kitlesel-issizlik\/","title":{"rendered":"Yapay zeka nedeniyle kitlesel i\u015fsizlik"},"content":{"rendered":"<h1>\u00a0<\/h1>\n<h1 style=\"text-align: center;\" data-start=\"0\" data-end=\"85\" data-padding=\"5px\"><span style=\"font-size: 180%;\"><strong><span class=\"_fadeIn_m1hgl_8\">Ne zaman<\/span> <span class=\"_fadeIn_m1hgl_8\">Makineler<\/span> <span class=\"_fadeIn_m1hgl_8\">Meslekler <\/span><span class=\"_fadeIn_m1hgl_8\">yemek<\/span><\/strong><\/span><\/h1>\n<h1 style=\"text-align: center;\" data-start=\"0\" data-end=\"85\"><span class=\"_fadeIn_m1hgl_8\">Bu <\/span><span class=\"_fadeIn_m1hgl_8\">Sessiz <\/span><span class=\"_fadeIn_m1hgl_8\">Tsunami <\/span><span class=\"_fadeIn_m1hgl_8\">ve <\/span><span class=\"_fadeIn_m1hgl_8\">\u0130\u015fsizlik<\/span><\/h1>\n\t<div id=\"gap-1042495470\" class=\"gap-element clearfix\" style=\"display:block; height:auto;\">\n\t\t\n<style>\n#gap-1042495470 {\n  padding-top: 60px;\n}\n<\/style>\n\t<\/div>\n\t\n<div class=\"container section-title-container\" ><h3 class=\"section-title section-title-normal\"><b><\/b><span class=\"section-title-main\" >Microsoft d\u00fcnya \u00e7ap\u0131nda binlerce ki\u015fiyi i\u015ften \u00e7\u0131kar\u0131yor<\/span><b><\/b><\/h3><\/div>\n\t<div class=\"img has-hover x md-x lg-x y md-y lg-y\" id=\"image_1077907367\">\n\t\t\t\t\t\t\t\t<div class=\"img-inner dark\" >\n\t\t\t<img loading=\"lazy\" decoding=\"async\" width=\"1352\" height=\"1552\" src=\"https:\/\/ai4performance.com\/wp-content\/uploads\/2025\/05\/microsoft.jpg\" class=\"attachment-original size-original\" alt=\"\" srcset=\"https:\/\/ai4performance.com\/wp-content\/uploads\/2025\/05\/microsoft.jpg 1352w, https:\/\/ai4performance.com\/wp-content\/uploads\/2025\/05\/microsoft-348x400.jpg 348w, https:\/\/ai4performance.com\/wp-content\/uploads\/2025\/05\/microsoft-697x800.jpg 697w, https:\/\/ai4performance.com\/wp-content\/uploads\/2025\/05\/microsoft-768x882.jpg 768w, https:\/\/ai4performance.com\/wp-content\/uploads\/2025\/05\/microsoft-1338x1536.jpg 1338w, https:\/\/ai4performance.com\/wp-content\/uploads\/2025\/05\/microsoft-10x12.jpg 10w, https:\/\/ai4performance.com\/wp-content\/uploads\/2025\/05\/microsoft-60x69.jpg 60w, https:\/\/ai4performance.com\/wp-content\/uploads\/2025\/05\/microsoft-110x126.jpg 110w, https:\/\/ai4performance.com\/wp-content\/uploads\/2025\/05\/microsoft-420x482.jpg 420w\" sizes=\"auto, (max-width: 1352px) 100vw, 1352px\" \/>\t\t\t\t\t\t\n\t\t\t\t\t<\/div>\n\t\t\t\t\t\t\t\t\n<style>\n#image_1077907367 {\n  width: 100%;\n}\n<\/style>\n\t<\/div>\n\t\n\t<div id=\"gap-1316149565\" class=\"gap-element clearfix\" style=\"display:block; height:auto;\">\n\t\t\n<style>\n#gap-1316149565 {\n  padding-top: 30px;\n}\n<\/style>\n\t<\/div>\n\t\n<a href=\"https:\/\/www.bild.de\/geld\/wirtschaft\/microsoft-tech-riese-streicht-weltweit-6000-jobs-682428601ab33127dc53a878\/\" target=\"_blank\" class=\"button primary is-outline\" rel=\"noopener\"  style=\"border-radius:10px;\">\n\t\t<span>Makaleye<\/span>\n\t<\/a>\n\n\t<div id=\"gap-1909631571\" class=\"gap-element clearfix\" style=\"display:block; height:auto;\">\n\t\t\n<style>\n#gap-1909631571 {\n  padding-top: 30px;\n}\n<\/style>\n\t<\/div>\n\t\n<div class=\"row\"  id=\"row-545150524\">\n\n\t<div id=\"col-623407576\" class=\"col medium-2 small-12 large-2\"  >\n\t\t\t\t<div class=\"col-inner\"  >\n\t\t\t\n\t\t\t\n\t\t<\/div>\n\t\t\t\t\t<\/div>\n\n\t\n\n\t<div id=\"col-1532281758\" class=\"col medium-7 small-12 large-7\"  >\n\t\t\t\t<div class=\"col-inner text-center\"  >\n\t\t\t\n\t\t\t\n<a href=\"https:\/\/ai4performance.com\/tr\/ueruen-2\/ki-danismanligi\/\" class=\"button success is-larger\"  style=\"padding:0px 20px 0px 20px;\">\n\t\t<span>\u015eimdi bir dan\u0131\u015fma randevusu al\u0131n!<\/span>\n\t<\/a>\n\n\t\t<\/div>\n\t\t\t\t\t<\/div>\n\n\t\n\n\t<div id=\"col-1489906041\" class=\"col medium-2 small-12 large-2\"  >\n\t\t\t\t<div class=\"col-inner\"  >\n\t\t\t\n\t\t\t\n\t\t<\/div>\n\t\t\t\t\t<\/div>\n\n\t\n<\/div>\n<div class=\"container section-title-container\" ><h3 class=\"section-title section-title-normal\"><b><\/b><span class=\"section-title-main\" >Kitlesel i\u015fsizlik: IMF sonu\u00e7lar\u0131 konusunda uyard\u0131<\/span><b><\/b><\/h3><\/div>\n\t<div class=\"img has-hover x md-x lg-x y md-y lg-y\" id=\"image_84770940\">\n\t\t\t\t\t\t\t\t<div class=\"img-inner dark\" >\n\t\t\t<img loading=\"lazy\" decoding=\"async\" width=\"1395\" height=\"1594\" src=\"https:\/\/ai4performance.com\/wp-content\/uploads\/2025\/05\/iwf-warnt.jpg\" class=\"attachment-original size-original\" alt=\"\" srcset=\"https:\/\/ai4performance.com\/wp-content\/uploads\/2025\/05\/iwf-warnt.jpg 1395w, https:\/\/ai4performance.com\/wp-content\/uploads\/2025\/05\/iwf-warnt-350x400.jpg 350w, https:\/\/ai4performance.com\/wp-content\/uploads\/2025\/05\/iwf-warnt-700x800.jpg 700w, https:\/\/ai4performance.com\/wp-content\/uploads\/2025\/05\/iwf-warnt-768x878.jpg 768w, https:\/\/ai4performance.com\/wp-content\/uploads\/2025\/05\/iwf-warnt-1344x1536.jpg 1344w, https:\/\/ai4performance.com\/wp-content\/uploads\/2025\/05\/iwf-warnt-11x12.jpg 11w, https:\/\/ai4performance.com\/wp-content\/uploads\/2025\/05\/iwf-warnt-60x69.jpg 60w, https:\/\/ai4performance.com\/wp-content\/uploads\/2025\/05\/iwf-warnt-110x126.jpg 110w, https:\/\/ai4performance.com\/wp-content\/uploads\/2025\/05\/iwf-warnt-420x480.jpg 420w\" sizes=\"auto, (max-width: 1395px) 100vw, 1395px\" \/>\t\t\t\t\t\t\n\t\t\t\t\t<\/div>\n\t\t\t\t\t\t\t\t\n<style>\n#image_84770940 {\n  width: 100%;\n}\n<\/style>\n\t<\/div>\n\t\n\t<div id=\"gap-1777944180\" class=\"gap-element clearfix\" style=\"display:block; height:auto;\">\n\t\t\n<style>\n#gap-1777944180 {\n  padding-top: 30px;\n}\n<\/style>\n\t<\/div>\n\t\n<a href=\"https:\/\/www.ingenieur.de\/karriere\/arbeitsleben\/ki-in-deutschland-drei-millionen-jobs-betroffen\/\" target=\"_blank\" class=\"button primary is-outline\" rel=\"noopener\"  style=\"border-radius:10px;\">\n\t\t<span>Makaleye<\/span>\n\t<\/a>\n\n\t<div id=\"gap-1056400064\" class=\"gap-element clearfix\" style=\"display:block; height:auto;\">\n\t\t\n<style>\n#gap-1056400064 {\n  padding-top: 30px;\n}\n<\/style>\n\t<\/div>\n\t\n<div class=\"container section-title-container\" ><h3 class=\"section-title section-title-normal\"><b><\/b><span class=\"section-title-main\" >Handelsblatt: Yapay zeka nedeniyle i\u015fsiz mi kalacaks\u0131n\u0131z?<\/span><b><\/b><\/h3><\/div>\n\t<div class=\"img has-hover x md-x lg-x y md-y lg-y\" id=\"image_1502535368\">\n\t\t\t\t\t\t\t\t<div class=\"img-inner dark\" >\n\t\t\t<img loading=\"lazy\" decoding=\"async\" width=\"1277\" height=\"1676\" src=\"https:\/\/ai4performance.com\/wp-content\/uploads\/2025\/05\/handelsblatt.jpg\" class=\"attachment-original size-original\" alt=\"\" srcset=\"https:\/\/ai4performance.com\/wp-content\/uploads\/2025\/05\/handelsblatt.jpg 1277w, https:\/\/ai4performance.com\/wp-content\/uploads\/2025\/05\/handelsblatt-305x400.jpg 305w, https:\/\/ai4performance.com\/wp-content\/uploads\/2025\/05\/handelsblatt-610x800.jpg 610w, https:\/\/ai4performance.com\/wp-content\/uploads\/2025\/05\/handelsblatt-768x1008.jpg 768w, https:\/\/ai4performance.com\/wp-content\/uploads\/2025\/05\/handelsblatt-1170x1536.jpg 1170w, https:\/\/ai4performance.com\/wp-content\/uploads\/2025\/05\/handelsblatt-9x12.jpg 9w, https:\/\/ai4performance.com\/wp-content\/uploads\/2025\/05\/handelsblatt-60x79.jpg 60w, https:\/\/ai4performance.com\/wp-content\/uploads\/2025\/05\/handelsblatt-110x144.jpg 110w, https:\/\/ai4performance.com\/wp-content\/uploads\/2025\/05\/handelsblatt-420x551.jpg 420w\" sizes=\"auto, (max-width: 1277px) 100vw, 1277px\" \/>\t\t\t\t\t\t\n\t\t\t\t\t<\/div>\n\t\t\t\t\t\t\t\t\n<style>\n#image_1502535368 {\n  width: 100%;\n}\n<\/style>\n\t<\/div>\n\t\n\t<div id=\"gap-1086674061\" class=\"gap-element clearfix\" style=\"display:block; height:auto;\">\n\t\t\n<style>\n#gap-1086674061 {\n  padding-top: 30px;\n}\n<\/style>\n\t<\/div>\n\t\n<a href=\"https:\/\/www.handelsblatt.com\/technik\/ki\/ki-briefing-arbeitslos-durch-ki-debatte-ueber-risiken-wird-realistischer\/100038014.html\" target=\"_blank\" class=\"button primary is-outline\" rel=\"noopener\"  style=\"border-radius:10px;\">\n\t\t<span>Makaleye<\/span>\n\t<\/a>\n\n\t<div id=\"gap-1802821141\" class=\"gap-element clearfix\" style=\"display:block; height:auto;\">\n\t\t\n<style>\n#gap-1802821141 {\n  padding-top: 30px;\n}\n<\/style>\n\t<\/div>\n\t\n<div class=\"row\"  id=\"row-1080732579\">\n\n\t<div id=\"col-423416069\" class=\"col medium-4 small-12 large-4\"  >\n\t\t\t\t<div class=\"col-inner\"  >\n\t\t\t\n\t\t\t\n\t\t<\/div>\n\t\t\t\t\t<\/div>\n\n\t\n\n\t<div id=\"col-1567618283\" class=\"col medium-4 small-12 large-4\"  >\n\t\t\t\t<div class=\"col-inner text-center\"  >\n\t\t\t\n\t\t\t\n<a href=\"https:\/\/ai4performance.com\/tr\/ueruen-2\/ki-danismanligi\/\" class=\"button success is-larger\"  >\n\t\t<span>\u015eimdi bir dan\u0131\u015fma randevusu al\u0131n!<\/span>\n\t<\/a>\n\n\t\t<\/div>\n\t\t\t\t\t<\/div>\n\n\t\n\n\t<div id=\"col-563010234\" class=\"col medium-4 small-12 large-4\"  >\n\t\t\t\t<div class=\"col-inner\"  >\n\t\t\t\n\t\t\t\n\t\t<\/div>\n\t\t\t\t\t<\/div>\n\n\t\n<\/div>\n<div class=\"container section-title-container\" ><h3 class=\"section-title section-title-normal\"><b><\/b><span class=\"section-title-main\" >BILD: Ki kitlesel i\u015fsizli\u011fi tehdit ediyor<\/span><b><\/b><\/h3><\/div>\n\t<div class=\"img has-hover x md-x lg-x y md-y lg-y\" id=\"image_1328296454\">\n\t\t\t\t\t\t\t\t<div class=\"img-inner dark\" >\n\t\t\t<img loading=\"lazy\" decoding=\"async\" width=\"1344\" height=\"1478\" src=\"https:\/\/ai4performance.com\/wp-content\/uploads\/2025\/05\/massenarbeitslosigkeit.jpg\" class=\"attachment-original size-original\" alt=\"\" srcset=\"https:\/\/ai4performance.com\/wp-content\/uploads\/2025\/05\/massenarbeitslosigkeit.jpg 1344w, https:\/\/ai4performance.com\/wp-content\/uploads\/2025\/05\/massenarbeitslosigkeit-364x400.jpg 364w, https:\/\/ai4performance.com\/wp-content\/uploads\/2025\/05\/massenarbeitslosigkeit-727x800.jpg 727w, https:\/\/ai4performance.com\/wp-content\/uploads\/2025\/05\/massenarbeitslosigkeit-768x845.jpg 768w, https:\/\/ai4performance.com\/wp-content\/uploads\/2025\/05\/massenarbeitslosigkeit-11x12.jpg 11w, https:\/\/ai4performance.com\/wp-content\/uploads\/2025\/05\/massenarbeitslosigkeit-60x66.jpg 60w, https:\/\/ai4performance.com\/wp-content\/uploads\/2025\/05\/massenarbeitslosigkeit-110x121.jpg 110w, https:\/\/ai4performance.com\/wp-content\/uploads\/2025\/05\/massenarbeitslosigkeit-420x462.jpg 420w\" sizes=\"auto, (max-width: 1344px) 100vw, 1344px\" \/>\t\t\t\t\t\t\n\t\t\t\t\t<\/div>\n\t\t\t\t\t\t\t\t\n<style>\n#image_1328296454 {\n  width: 100%;\n}\n<\/style>\n\t<\/div>\n\t\n\t<div id=\"gap-1039172893\" class=\"gap-element clearfix\" style=\"display:block; height:auto;\">\n\t\t\n<style>\n#gap-1039172893 {\n  padding-top: 30px;\n}\n<\/style>\n\t<\/div>\n\t\n<a href=\"https:\/\/www.bild.de\/geld\/wirtschaft\/iwf-durch-ki-droht-massenarbeitslosigkeit-das-muss-getan-werden-66728a9f807085036f740fd5\" target=\"_blank\" class=\"button primary is-outline\" rel=\"noopener\"  style=\"border-radius:10px;\">\n\t\t<span>Makaleye<\/span>\n\t<\/a>\n\n\t<div id=\"gap-738550917\" class=\"gap-element clearfix\" style=\"display:block; height:auto;\">\n\t\t\n<style>\n#gap-738550917 {\n  padding-top: 30px;\n}\n<\/style>\n\t<\/div>\n\t\n<div class=\"container section-title-container\" ><h3 class=\"section-title section-title-normal\"><b><\/b><span class=\"section-title-main\" >D\u00fcnya \u00e7ap\u0131nda 300 milyon i\u015f kayb\u0131<\/span><b><\/b><\/h3><\/div>\n\t<div class=\"img has-hover x md-x lg-x y md-y lg-y\" id=\"image_860519155\">\n\t\t\t\t\t\t\t\t<div class=\"img-inner dark\" >\n\t\t\t<img loading=\"lazy\" decoding=\"async\" width=\"1585\" height=\"1668\" src=\"https:\/\/ai4performance.com\/wp-content\/uploads\/2025\/05\/forbes-300-million-jobs-lost.jpg\" class=\"attachment-original size-original\" alt=\"\" srcset=\"https:\/\/ai4performance.com\/wp-content\/uploads\/2025\/05\/forbes-300-million-jobs-lost.jpg 1585w, https:\/\/ai4performance.com\/wp-content\/uploads\/2025\/05\/forbes-300-million-jobs-lost-380x400.jpg 380w, https:\/\/ai4performance.com\/wp-content\/uploads\/2025\/05\/forbes-300-million-jobs-lost-760x800.jpg 760w, https:\/\/ai4performance.com\/wp-content\/uploads\/2025\/05\/forbes-300-million-jobs-lost-768x808.jpg 768w, https:\/\/ai4performance.com\/wp-content\/uploads\/2025\/05\/forbes-300-million-jobs-lost-1460x1536.jpg 1460w, https:\/\/ai4performance.com\/wp-content\/uploads\/2025\/05\/forbes-300-million-jobs-lost-11x12.jpg 11w, https:\/\/ai4performance.com\/wp-content\/uploads\/2025\/05\/forbes-300-million-jobs-lost-60x63.jpg 60w, https:\/\/ai4performance.com\/wp-content\/uploads\/2025\/05\/forbes-300-million-jobs-lost-110x116.jpg 110w, https:\/\/ai4performance.com\/wp-content\/uploads\/2025\/05\/forbes-300-million-jobs-lost-420x442.jpg 420w\" sizes=\"auto, (max-width: 1585px) 100vw, 1585px\" \/>\t\t\t\t\t\t\n\t\t\t\t\t<\/div>\n\t\t\t\t\t\t\t\t\n<style>\n#image_860519155 {\n  width: 100%;\n}\n<\/style>\n\t<\/div>\n\t\n\t<div id=\"gap-1665460532\" class=\"gap-element clearfix\" style=\"display:block; height:auto;\">\n\t\t\n<style>\n#gap-1665460532 {\n  padding-top: 30px;\n}\n<\/style>\n\t<\/div>\n\t\n<a href=\"https:\/\/www.forbes.com\/sites\/jackkelly\/2023\/03\/31\/goldman-sachs-predicts-300-million-jobs-will-be-lost-or-degraded-by-artificial-intelligence\/\" target=\"_blank\" class=\"button primary is-outline\" rel=\"noopener\"  style=\"border-radius:10px;\">\n\t\t<span>Makaleye<\/span>\n\t<\/a>\n\n<div class=\"row\"  id=\"row-1301699869\">\n\n\t<div id=\"col-575869162\" class=\"col medium-4 small-12 large-4\"  >\n\t\t\t\t<div class=\"col-inner\"  >\n\t\t\t\n\t\t\t\n\t\t<\/div>\n\t\t\t\t\t<\/div>\n\n\t\n\n\t<div id=\"col-1547331995\" class=\"col medium-4 small-12 large-4\"  >\n\t\t\t\t<div class=\"col-inner text-center\"  >\n\t\t\t\n\t\t\t\n<a href=\"https:\/\/ai4performance.com\/tr\/ueruen-2\/ki-danismanligi\/\" class=\"button success is-larger\"  >\n\t\t<span>\u015eimdi bir dan\u0131\u015fma randevusu al\u0131n!<\/span>\n\t<\/a>\n\n\t\t<\/div>\n\t\t\t\t\t<\/div>\n\n\t\n\n\t<div id=\"col-1800695829\" class=\"col medium-4 small-12 large-4\"  >\n\t\t\t\t<div class=\"col-inner\"  >\n\t\t\t\n\t\t\t\n\t\t<\/div>\n\t\t\t\t\t<\/div>\n\n\t\n<\/div>","protected":false},"excerpt":{"rendered":"<p>\u00a0 Makineler i\u015fleri yiyip bitirdi\u011finde \u0130\u015fsizli\u011fin sessiz tsunamisi<\/p>","protected":false},"author":1,"featured_media":0,"parent":0,"menu_order":0,"comment_status":"closed","ping_status":"closed","template":"","meta":{"footnotes":""},"class_list":["post-2840","page","type-page","status-publish","hentry"],"yoast_head":"<!-- This site is optimized with the Yoast SEO plugin v27.3 - https:\/\/yoast.com\/product\/yoast-seo-wordpress\/ -->\n<title>Massenarbeitslosigkeit durch K\u00fcnstliche Intelligenz - AI 4 Performance<\/title>\n<meta name=\"robots\" content=\"index, follow, max-snippet:-1, max-image-preview:large, max-video-preview:-1\" \/>\n<link rel=\"canonical\" href=\"https:\/\/ai4performance.com\/tr\/yapay-zeka-nedeniyle-kitlesel-issizlik\/\" \/>\n<meta property=\"og:locale\" content=\"tr_TR\" \/>\n<meta property=\"og:type\" content=\"article\" \/>\n<meta property=\"og:title\" content=\"Massenarbeitslosigkeit durch K\u00fcnstliche Intelligenz - AI 4 Performance\" \/>\n<meta property=\"og:description\" content=\"\u00a0 Wenn Maschinen Jobs fressen Der stille Tsunami der Arbeitslosigkeit\" \/>\n<meta property=\"og:url\" content=\"https:\/\/ai4performance.com\/tr\/yapay-zeka-nedeniyle-kitlesel-issizlik\/\" \/>\n<meta property=\"og:site_name\" content=\"AI 4 Performance\" \/>\n<meta property=\"article:modified_time\" content=\"2025-05-22T14:09:35+00:00\" \/>\n<meta name=\"twitter:card\" content=\"summary_large_image\" \/>\n<meta name=\"twitter:label1\" content=\"Est. reading time\" \/>\n\t<meta name=\"twitter:data1\" content=\"1 minute\" \/>\n<script type=\"application\/ld+json\" class=\"yoast-schema-graph\">{\"@context\":\"https:\\\/\\\/schema.org\",\"@graph\":[{\"@type\":\"WebPage\",\"@id\":\"https:\\\/\\\/ai4performance.com\\\/bg\\\/%d0%bc%d0%b0%d1%81%d0%be%d0%b2%d0%b0-%d0%b1%d0%b5%d0%b7%d1%80%d0%b0%d0%b1%d0%be%d1%82%d0%b8%d1%86%d0%b0-%d0%bf%d0%be%d1%80%d0%b0%d0%b4%d0%b8-%d0%b8%d0%b7%d0%ba%d1%83%d1%81%d1%82%d0%b2%d0%b5%d0%bd\\\/\",\"url\":\"https:\\\/\\\/ai4performance.com\\\/bg\\\/%d0%bc%d0%b0%d1%81%d0%be%d0%b2%d0%b0-%d0%b1%d0%b5%d0%b7%d1%80%d0%b0%d0%b1%d0%be%d1%82%d0%b8%d1%86%d0%b0-%d0%bf%d0%be%d1%80%d0%b0%d0%b4%d0%b8-%d0%b8%d0%b7%d0%ba%d1%83%d1%81%d1%82%d0%b2%d0%b5%d0%bd\\\/\",\"name\":\"Massenarbeitslosigkeit durch K\u00fcnstliche Intelligenz - AI 4 Performance\",\"isPartOf\":{\"@id\":\"https:\\\/\\\/ai4performance.com\\\/#website\"},\"datePublished\":\"2025-05-22T03:17:49+00:00\",\"dateModified\":\"2025-05-22T14:09:35+00:00\",\"breadcrumb\":{\"@id\":\"https:\\\/\\\/ai4performance.com\\\/bg\\\/%d0%bc%d0%b0%d1%81%d0%be%d0%b2%d0%b0-%d0%b1%d0%b5%d0%b7%d1%80%d0%b0%d0%b1%d0%be%d1%82%d0%b8%d1%86%d0%b0-%d0%bf%d0%be%d1%80%d0%b0%d0%b4%d0%b8-%d0%b8%d0%b7%d0%ba%d1%83%d1%81%d1%82%d0%b2%d0%b5%d0%bd\\\/#breadcrumb\"},\"inLanguage\":\"tr-TR\",\"potentialAction\":[{\"@type\":\"ReadAction\",\"target\":[\"https:\\\/\\\/ai4performance.com\\\/bg\\\/%d0%bc%d0%b0%d1%81%d0%be%d0%b2%d0%b0-%d0%b1%d0%b5%d0%b7%d1%80%d0%b0%d0%b1%d0%be%d1%82%d0%b8%d1%86%d0%b0-%d0%bf%d0%be%d1%80%d0%b0%d0%b4%d0%b8-%d0%b8%d0%b7%d0%ba%d1%83%d1%81%d1%82%d0%b2%d0%b5%d0%bd\\\/\"]}]},{\"@type\":\"BreadcrumbList\",\"@id\":\"https:\\\/\\\/ai4performance.com\\\/bg\\\/%d0%bc%d0%b0%d1%81%d0%be%d0%b2%d0%b0-%d0%b1%d0%b5%d0%b7%d1%80%d0%b0%d0%b1%d0%be%d1%82%d0%b8%d1%86%d0%b0-%d0%bf%d0%be%d1%80%d0%b0%d0%b4%d0%b8-%d0%b8%d0%b7%d0%ba%d1%83%d1%81%d1%82%d0%b2%d0%b5%d0%bd\\\/#breadcrumb\",\"itemListElement\":[{\"@type\":\"ListItem\",\"position\":1,\"name\":\"Startseite\",\"item\":\"https:\\\/\\\/ai4performance.com\\\/\"},{\"@type\":\"ListItem\",\"position\":2,\"name\":\"Massenarbeitslosigkeit durch K\u00fcnstliche Intelligenz\"}]},{\"@type\":\"WebSite\",\"@id\":\"https:\\\/\\\/ai4performance.com\\\/#website\",\"url\":\"https:\\\/\\\/ai4performance.com\\\/\",\"name\":\"AI 4 Performance\",\"description\":\"\",\"publisher\":{\"@id\":\"https:\\\/\\\/ai4performance.com\\\/#organization\"},\"potentialAction\":[{\"@type\":\"SearchAction\",\"target\":{\"@type\":\"EntryPoint\",\"urlTemplate\":\"https:\\\/\\\/ai4performance.com\\\/?s={search_term_string}\"},\"query-input\":{\"@type\":\"PropertyValueSpecification\",\"valueRequired\":true,\"valueName\":\"search_term_string\"}}],\"inLanguage\":\"tr-TR\"},{\"@type\":\"Organization\",\"@id\":\"https:\\\/\\\/ai4performance.com\\\/#organization\",\"name\":\"AI 4 Performance\",\"url\":\"https:\\\/\\\/ai4performance.com\\\/\",\"logo\":{\"@type\":\"ImageObject\",\"inLanguage\":\"tr-TR\",\"@id\":\"https:\\\/\\\/ai4performance.com\\\/#\\\/schema\\\/logo\\\/image\\\/\",\"url\":\"https:\\\/\\\/ai4performance.com\\\/wp-content\\\/uploads\\\/2016\\\/08\\\/logo.svg\",\"contentUrl\":\"https:\\\/\\\/ai4performance.com\\\/wp-content\\\/uploads\\\/2016\\\/08\\\/logo.svg\",\"width\":1,\"height\":1,\"caption\":\"AI 4 Performance\"},\"image\":{\"@id\":\"https:\\\/\\\/ai4performance.com\\\/#\\\/schema\\\/logo\\\/image\\\/\"}}]}<\/script>\n<!-- \/ Yoast SEO plugin. -->","yoast_head_json":{"title":"Yapay zeka nedeniyle kitlesel i\u015fsizlik - AI 4 Performance","robots":{"index":"index","follow":"follow","max-snippet":"max-snippet:-1","max-image-preview":"max-image-preview:large","max-video-preview":"max-video-preview:-1"},"canonical":"https:\/\/ai4performance.com\/tr\/yapay-zeka-nedeniyle-kitlesel-issizlik\/","og_locale":"tr_TR","og_type":"article","og_title":"Massenarbeitslosigkeit durch K\u00fcnstliche Intelligenz - AI 4 Performance","og_description":"\u00a0 Wenn Maschinen Jobs fressen Der stille Tsunami der Arbeitslosigkeit","og_url":"https:\/\/ai4performance.com\/tr\/yapay-zeka-nedeniyle-kitlesel-issizlik\/","og_site_name":"AI 4 Performance","article_modified_time":"2025-05-22T14:09:35+00:00","twitter_card":"summary_large_image","twitter_misc":{"Est. reading time":"1 minute"},"schema":{"@context":"https:\/\/schema.org","@graph":[{"@type":"WebPage","@id":"https:\/\/ai4performance.com\/bg\/%d0%bc%d0%b0%d1%81%d0%be%d0%b2%d0%b0-%d0%b1%d0%b5%d0%b7%d1%80%d0%b0%d0%b1%d0%be%d1%82%d0%b8%d1%86%d0%b0-%d0%bf%d0%be%d1%80%d0%b0%d0%b4%d0%b8-%d0%b8%d0%b7%d0%ba%d1%83%d1%81%d1%82%d0%b2%d0%b5%d0%bd\/","url":"https:\/\/ai4performance.com\/bg\/%d0%bc%d0%b0%d1%81%d0%be%d0%b2%d0%b0-%d0%b1%d0%b5%d0%b7%d1%80%d0%b0%d0%b1%d0%be%d1%82%d0%b8%d1%86%d0%b0-%d0%bf%d0%be%d1%80%d0%b0%d0%b4%d0%b8-%d0%b8%d0%b7%d0%ba%d1%83%d1%81%d1%82%d0%b2%d0%b5%d0%bd\/","name":"Yapay zeka nedeniyle kitlesel i\u015fsizlik - AI 4 Performance","isPartOf":{"@id":"https:\/\/ai4performance.com\/#website"},"datePublished":"2025-05-22T03:17:49+00:00","dateModified":"2025-05-22T14:09:35+00:00","breadcrumb":{"@id":"https:\/\/ai4performance.com\/bg\/%d0%bc%d0%b0%d1%81%d0%be%d0%b2%d0%b0-%d0%b1%d0%b5%d0%b7%d1%80%d0%b0%d0%b1%d0%be%d1%82%d0%b8%d1%86%d0%b0-%d0%bf%d0%be%d1%80%d0%b0%d0%b4%d0%b8-%d0%b8%d0%b7%d0%ba%d1%83%d1%81%d1%82%d0%b2%d0%b5%d0%bd\/#breadcrumb"},"inLanguage":"tr-TR","potentialAction":[{"@type":"ReadAction","target":["https:\/\/ai4performance.com\/bg\/%d0%bc%d0%b0%d1%81%d0%be%d0%b2%d0%b0-%d0%b1%d0%b5%d0%b7%d1%80%d0%b0%d0%b1%d0%be%d1%82%d0%b8%d1%86%d0%b0-%d0%bf%d0%be%d1%80%d0%b0%d0%b4%d0%b8-%d0%b8%d0%b7%d0%ba%d1%83%d1%81%d1%82%d0%b2%d0%b5%d0%bd\/"]}]},{"@type":"BreadcrumbList","@id":"https:\/\/ai4performance.com\/bg\/%d0%bc%d0%b0%d1%81%d0%be%d0%b2%d0%b0-%d0%b1%d0%b5%d0%b7%d1%80%d0%b0%d0%b1%d0%be%d1%82%d0%b8%d1%86%d0%b0-%d0%bf%d0%be%d1%80%d0%b0%d0%b4%d0%b8-%d0%b8%d0%b7%d0%ba%d1%83%d1%81%d1%82%d0%b2%d0%b5%d0%bd\/#breadcrumb","itemListElement":[{"@type":"ListItem","position":1,"name":"Startseite","item":"https:\/\/ai4performance.com\/"},{"@type":"ListItem","position":2,"name":"Massenarbeitslosigkeit durch K\u00fcnstliche Intelligenz"}]},{"@type":"WebSite","@id":"https:\/\/ai4performance.com\/#website","url":"https:\/\/ai4performance.com\/","name":"AI 4 Performans","description":"","publisher":{"@id":"https:\/\/ai4performance.com\/#organization"},"potentialAction":[{"@type":"SearchAction","target":{"@type":"EntryPoint","urlTemplate":"https:\/\/ai4performance.com\/?s={search_term_string}"},"query-input":{"@type":"PropertyValueSpecification","valueRequired":true,"valueName":"search_term_string"}}],"inLanguage":"tr-TR"},{"@type":"Organization","@id":"https:\/\/ai4performance.com\/#organization","name":"AI 4 Performans","url":"https:\/\/ai4performance.com\/","logo":{"@type":"ImageObject","inLanguage":"tr-TR","@id":"https:\/\/ai4performance.com\/#\/schema\/logo\/image\/","url":"https:\/\/ai4performance.com\/wp-content\/uploads\/2016\/08\/logo.svg","contentUrl":"https:\/\/ai4performance.com\/wp-content\/uploads\/2016\/08\/logo.svg","width":1,"height":1,"caption":"AI 4 Performance"},"image":{"@id":"https:\/\/ai4performance.com\/#\/schema\/logo\/image\/"}}]}},"_links":{"self":[{"href":"https:\/\/ai4performance.com\/tr\/wp-json\/wp\/v2\/pages\/2840","targetHints":{"allow":["GET"]}}],"collection":[{"href":"https:\/\/ai4performance.com\/tr\/wp-json\/wp\/v2\/pages"}],"about":[{"href":"https:\/\/ai4performance.com\/tr\/wp-json\/wp\/v2\/types\/page"}],"author":[{"embeddable":true,"href":"https:\/\/ai4performance.com\/tr\/wp-json\/wp\/v2\/users\/1"}],"replies":[{"embeddable":true,"href":"https:\/\/ai4performance.com\/tr\/wp-json\/wp\/v2\/comments?post=2840"}],"version-history":[{"count":0,"href":"https:\/\/ai4performance.com\/tr\/wp-json\/wp\/v2\/pages\/2840\/revisions"}],"wp:attachment":[{"href":"https:\/\/ai4performance.com\/tr\/wp-json\/wp\/v2\/media?parent=2840"}],"curies":[{"name":"wp","href":"https:\/\/api.w.org\/{rel}","templated":true}]}}