{"id":2647,"date":"2025-04-26T10:36:06","date_gmt":"2025-04-26T08:36:06","guid":{"rendered":"https:\/\/ai4performance.com\/?page_id=2647"},"modified":"2025-11-24T11:41:05","modified_gmt":"2025-11-24T10:41:05","slug":"sizma-testi","status":"publish","type":"page","link":"https:\/\/ai4performance.com\/tr\/sizma-testi\/","title":{"rendered":"S\u0131zma testi"},"content":{"rendered":"<span class=\"scroll-to\" data-label=\"Scroll to: #home\" data-bullet=\"true\" data-link=\"#home\" data-title=\"Home\" ><a name=\"home\"><\/a><\/span>\n\n\t<section class=\"section\" id=\"section_1904294820\">\n\t\t<div class=\"section-bg fill\" >\n\t\t\t\t\t\t\t\t\t<div class=\"section-bg-overlay absolute fill\"><\/div>\n\t\t\t\n\n\t\t<\/div>\n\n\t\t\n\n\t\t<div class=\"section-content relative\">\n\t\t\t\n<div class=\"row\"  id=\"row-1762116954\">\n\n\t<div id=\"col-1666834567\" class=\"col medium-12 small-12 large-12\"  >\n\t\t\t\t<div class=\"col-inner text-center text-shadow-2\"  >\n\t\t\t\n\t\t\t\n\t<div id=\"gap-399475369\" class=\"gap-element clearfix\" style=\"display:block; height:auto;\">\n\t\t\n<style>\n#gap-399475369 {\n  padding-top: 0px;\n}\n@media (min-width:550px) {\n  #gap-399475369 {\n    padding-top: 50px;\n  }\n}\n@media (min-width:850px) {\n  #gap-399475369 {\n    padding-top: 20px;\n  }\n}\n<\/style>\n\t<\/div>\n\t\n\t<div class=\"img has-hover x md-x lg-x y md-y lg-y\" id=\"image_408685751\">\n\t\t\t\t\t\t\t\t<div class=\"img-inner dark\" >\n\t\t\t<img loading=\"lazy\" decoding=\"async\" width=\"280\" height=\"280\" src=\"https:\/\/ai4performance.com\/wp-content\/uploads\/2025\/07\/eu-logo-280x280.png\" class=\"attachment-thumbnail size-thumbnail\" alt=\"\" srcset=\"https:\/\/ai4performance.com\/wp-content\/uploads\/2025\/07\/eu-logo-280x280.png 280w, https:\/\/ai4performance.com\/wp-content\/uploads\/2025\/07\/eu-logo-401x400.png 401w, https:\/\/ai4performance.com\/wp-content\/uploads\/2025\/07\/eu-logo-12x12.png 12w, https:\/\/ai4performance.com\/wp-content\/uploads\/2025\/07\/eu-logo-60x60.png 60w, https:\/\/ai4performance.com\/wp-content\/uploads\/2025\/07\/eu-logo-110x110.png 110w, https:\/\/ai4performance.com\/wp-content\/uploads\/2025\/07\/eu-logo-300x300.png 300w, https:\/\/ai4performance.com\/wp-content\/uploads\/2025\/07\/eu-logo-420x419.png 420w, https:\/\/ai4performance.com\/wp-content\/uploads\/2025\/07\/eu-logo-100x100.png 100w, https:\/\/ai4performance.com\/wp-content\/uploads\/2025\/07\/eu-logo.png 444w\" sizes=\"auto, (max-width: 280px) 100vw, 280px\" \/>\t\t\t\t\t\t\n\t\t\t\t\t<\/div>\n\t\t\t\t\t\t\t\t\n<style>\n#image_408685751 {\n  width: 15%;\n}\n<\/style>\n\t<\/div>\n\t\n<div>\n\t<div id=\"text-2988126715\" class=\"text\">\n\t\t\n<h1><span style=\"font-size: 60%;\">DSGVO Sicherheitspr\u00fcfung <\/span> <br \/><span style=\"font-size: 50%;\">Zertifizierter Webseitentest<\/span><\/h1>\n\t\t\n<style>\n#text-2988126715 {\n  font-size: 1.85rem;\n  line-height: 1.15;\n  text-align: center;\n  color: rgb(255, 255, 255);\n}\n#text-2988126715 > * {\n  color: rgb(255, 255, 255);\n}\n@media (min-width:550px) {\n  #text-2988126715 {\n    font-size: 2.1rem;\n    line-height: 1.15;\n  }\n}\n@media (min-width:850px) {\n  #text-2988126715 {\n    font-size: 2.4rem;\n  }\n}\n<\/style>\n\t<\/div>\n\t\n\t<div id=\"gap-1190269285\" class=\"gap-element clearfix\" style=\"display:block; height:auto;\">\n\t\t\n<style>\n#gap-1190269285 {\n  padding-top: 20px;\n}\n@media (min-width:550px) {\n  #gap-1190269285 {\n    padding-top: 20px;\n  }\n}\n@media (min-width:850px) {\n  #gap-1190269285 {\n    padding-top: 30px;\n  }\n}\n<\/style>\n\t<\/div>\n\t\n<a href=\"https:\/\/ai4performance.com\/tr\/ueruen-2\/sizma-testi\/\" class=\"button white is-large\"  >\n\t\t<span>Testi ba\u015flat<\/span>\n\t<\/a>\n\n<\/div>\n\t\t<\/div>\n\t\t\t\t\t<\/div>\n\n\t\n<\/div>\n\t\t<\/div>\n\n\t\t\n<style>\n#section_1904294820 {\n  padding-top: 20px;\n  padding-bottom: 20px;\n  min-height: 600px;\n  background-color: #084085;\n}\n#section_1904294820 .section-bg-overlay {\n  background-color: rgba(0, 85, 157, 0.157);\n}\n@media (min-width:550px) {\n  #section_1904294820 {\n    min-height: 800px;\n  }\n}\n<\/style>\n\t<\/section>\n\t\n\n\t<section class=\"section\" id=\"section_1215254119\">\n\t\t<div class=\"section-bg fill\" >\n\t\t\t\t\t\t\t\t\t\n\t\t\t\n\t<div class=\"is-border\"\n\t\tstyle=\"border-width:0px 0px 0px 0px;margin:0px 0px 0px 0px;\">\n\t<\/div>\n\n\t\t<\/div>\n\n\t\t\n\n\t\t<div class=\"section-content relative\">\n\t\t\t\n<div class=\"row align-center\"  id=\"row-1582274456\">\n\n\t<div id=\"col-1589655738\" class=\"col small-12 large-12\"  >\n\t\t\t\t<div class=\"col-inner text-center\"  >\n\t\t\t\n\t\t\t\n\n\t\t<\/div>\n\t\t\t\t\n<style>\n#col-1589655738 > .col-inner {\n  margin: -100px 0px 0px 0px;\n}\n@media (min-width:550px) {\n  #col-1589655738 > .col-inner {\n    margin: -100px 0px 0px 0px;\n  }\n}\n@media (min-width:850px) {\n  #col-1589655738 > .col-inner {\n    margin: -100px 0px 0px 0px;\n  }\n}\n<\/style>\n\t<\/div>\n\n\t\n<\/div>\n<div class=\"container section-title-container\" ><h2 class=\"section-title section-title-center\"><b><\/b><span class=\"section-title-main\" >DSGVO Sicherheitspr\u00fcfung nach Art. 32<\/span><b><\/b><\/h2><\/div>\n\t\t<\/div>\n\n\t\t\n<style>\n#section_1215254119 {\n  padding-top: 0px;\n  padding-bottom: 0px;\n}\n<\/style>\n\t<\/section>\n\t\n\n\t<section class=\"section\" id=\"section_157724341\">\n\t\t<div class=\"section-bg fill\" >\n\t\t\t\t\t\t\t\t\t\n\t\t\t\n\n\t\t<\/div>\n\n\t\t\n\n\t\t<div class=\"section-content relative\">\n\t\t\t\n<div class=\"row\"  id=\"row-474234042\">\n\n\t<div id=\"col-1636146639\" class=\"col medium-1 small-12 large-1\"  >\n\t\t\t\t<div class=\"col-inner\"  >\n\t\t\t\n\t\t\t\n\t\t<\/div>\n\t\t\t\t\t<\/div>\n\n\t\n\n\t<div id=\"col-627057980\" class=\"col medium-10 small-12 large-10\"  >\n\t\t\t\t<div class=\"col-inner\"  >\n\t\t\t\n\t\t\t\n\t<div id=\"text-1417766853\" class=\"text\">\n\t\t\n<p>Nach <a href=\"https:\/\/ai4performance.com\/tr\/veri%cc%87-koruma-yoenetmeli%cc%87gi%cc%87-kanunu\/#art32\"><strong><span style=\"color: #000080;\">DSGVO Art. 32. Abs.1<\/span><\/strong><\/a> sind Betreiber von Webseiten mit Datenverarbeitung verpflichtet, eine regelm\u00e4\u00dfige Sicherheits\u00fcberpr\u00fcfung durchzuf\u00fchren und zu dokumentieren. <\/p>\n<p>Vermeiden Sie hohe<strong> <a href=\"https:\/\/ai4performance.com\/tr\/veri%cc%87-koruma-yoenetmeli%cc%87gi%cc%87-kanunu\/#art83\">Para Cezalar\u0131<\/a> <\/strong>aufgrund fehlender Dokumentation mit einem DSGVO konformen automatisierten Sicherheitstest mit zertifizierter Dokumentation ohne Zuarbeit.<\/p>\n\t\t\n<style>\n#text-1417766853 {\n  text-align: center;\n}\n<\/style>\n\t<\/div>\n\t\n<div class=\"row\"  id=\"row-1591251950\">\n\n\t<div id=\"col-180455203\" class=\"col small-12 large-12\"  >\n\t\t\t\t<div class=\"col-inner text-center\"  >\n\t\t\t\n\t\t\t\n<a href=\"https:\/\/ai4performance.com\/tr\/veri%cc%87-koruma-yoenetmeli%cc%87gi%cc%87-kanunu\/#art32\" class=\"button white is-outline is-small\"  >\n\t\t<span>Zum DSGVO Gesetz Art.32<\/span>\n\t<\/a>\n\n\t\t<\/div>\n\t\t\t\t\n<style>\n#col-180455203 > .col-inner {\n  padding: 20px 0px 0px 0px;\n  margin: 0px 0px -20px 0px;\n}\n<\/style>\n\t<\/div>\n\n\t\n\n\t<div id=\"col-464664121\" class=\"col small-12 large-12\"  >\n\t\t\t\t<div class=\"col-inner text-center\"  >\n\t\t\t\n\t\t\t\n<a href=\"https:\/\/ai4performance.com\/tr\/veri%cc%87-koruma-yoenetmeli%cc%87gi%cc%87-kanunu\/#art83\" class=\"button white is-outline is-small\"  >\n\t\t<span>DSGVO Geldstrafen Art. 83<\/span>\n\t<\/a>\n\n\t\t<\/div>\n\t\t\t\t\t<\/div>\n\n\t\n<\/div>\n\t<div id=\"gap-815720659\" class=\"gap-element clearfix\" style=\"display:block; height:auto;\">\n\t\t\n<style>\n#gap-815720659 {\n  padding-top: 30px;\n}\n<\/style>\n\t<\/div>\n\t\n<div class=\"container section-title-container\" ><h2 class=\"section-title section-title-center\"><b><\/b><span class=\"section-title-main\" >Sipari\u015f<\/span><b><\/b><\/h2><\/div>\n\t<div id=\"text-452651378\" class=\"text\">\n\t\t\n<p>Automatisierte Pr\u00fcfung &amp; Dokumentation <br \/>Ihrer Webseite ohne Zuarbeit oder Aufwand<\/p>\n\t\t\n<style>\n#text-452651378 {\n  text-align: center;\n}\n<\/style>\n\t<\/div>\n\t\n<div class=\"row\"  id=\"row-1996681527\">\n\n\t<div id=\"col-1042543163\" class=\"col medium-3 small-12 large-3\"  >\n\t\t\t\t<div class=\"col-inner\"  >\n\t\t\t\n\t\t\t\n\t\t<\/div>\n\t\t\t\t\t<\/div>\n\n\t\n\n\t<div id=\"col-2083082818\" class=\"col medium-6 small-12 large-6\"  >\n\t\t\t\t<div class=\"col-inner\"  >\n\t\t\t\n\t\t\t\n<div class=\"pricing-table-wrapper\">\n  <div class=\"pricing-table ux_price_table text-center box-shadow-3-hover\">\n    <div class=\"pricing-table-header\">\n      <div class=\"title uppercase strong\">Muayene<\/div>\n      <div class=\"price is-xxlarge\">DSGVO testi<\/div>\n          <\/div>\n    <div class=\"pricing-table-items items\">\n      \n<div class=\"bullet-item\" title=\"\"><span class=\"text\">GDPR Madde 32 uyar\u0131nca ek \u00e7al\u0131\u015fma veya \u00e7aba gerektirmeden denetim raporu dahil olmak \u00fczere web sitenizin otomatik denetimi<\/span><\/div>\n<div class=\"bullet-item\" title=\"\"><span class=\"text\">189\u20ac\/ Jahr zzgl. MwSt.<\/span><\/div>\n<a href=\"https:\/\/ai4performance.com\/tr\/ueruen-2\/sizma-testi\/\" class=\"button primary\"  >\n\t\t<span>Sipari\u015f i\u00e7in<\/span>\n\t<\/a>\n\n    <\/div>\n      <\/div>\n<\/div>\n\n\n\t\t<\/div>\n\t\t\t\t\t<\/div>\n\n\t\n\n\t<div id=\"col-1736924062\" class=\"col medium-3 small-12 large-3\"  >\n\t\t\t\t<div class=\"col-inner\"  >\n\t\t\t\n\t\t\t\n\t\t<\/div>\n\t\t\t\t\t<\/div>\n\n\t\n<\/div>\n\t\t<\/div>\n\t\t\t\t\n<style>\n#col-627057980 > .col-inner {\n  padding: 0px 0px 0px 0px;\n}\n<\/style>\n\t<\/div>\n\n\t\n\n\t<div id=\"col-16685454\" class=\"col medium-1 small-12 large-1\"  >\n\t\t\t\t<div class=\"col-inner\"  >\n\t\t\t\n\t\t\t\n\t\t<\/div>\n\t\t\t\t\t<\/div>\n\n\t\n\n<style>\n#row-474234042 > .col > .col-inner {\n  padding: 0px 0px 0px 0px;\n}\n<\/style>\n<\/div>\n\t\t<\/div>\n\n\t\t\n<style>\n#section_157724341 {\n  padding-top: 30px;\n  padding-bottom: 30px;\n}\n<\/style>\n\t<\/section>\n\t\n\n\n\n\n\t<div id=\"gap-2070128852\" class=\"gap-element clearfix\" style=\"display:block; height:auto;\">\n\t\t\n<style>\n#gap-2070128852 {\n  padding-top: 30px;\n}\n<\/style>\n\t<\/div>\n\t\n<span class=\"scroll-to\" data-label=\"Scroll to: #social\" data-bullet=\"true\" data-link=\"#social\" data-title=\"Social Media\" ><a name=\"social\"><\/a><\/span>\n<span class=\"scroll-to\" data-label=\"Scroll to: #kontakt\" data-bullet=\"true\" data-link=\"#kontakt\" data-title=\"Kontakt\" ><a name=\"kontakt\"><\/a><\/span>","protected":false},"excerpt":{"rendered":"","protected":false},"author":1,"featured_media":0,"parent":0,"menu_order":0,"comment_status":"closed","ping_status":"closed","template":"page-transparent-header-light.php","meta":{"footnotes":""},"class_list":["post-2647","page","type-page","status-publish","hentry"],"yoast_head":"<!-- This site is optimized with the Yoast SEO plugin v27.3 - https:\/\/yoast.com\/product\/yoast-seo-wordpress\/ -->\n<title>Penetrationstest - AI 4 Performance<\/title>\n<meta name=\"robots\" content=\"index, follow, max-snippet:-1, max-image-preview:large, max-video-preview:-1\" \/>\n<link rel=\"canonical\" href=\"https:\/\/ai4performance.com\/tr\/sizma-testi\/\" \/>\n<meta property=\"og:locale\" content=\"tr_TR\" \/>\n<meta property=\"og:type\" content=\"article\" \/>\n<meta property=\"og:title\" content=\"Penetrationstest - AI 4 Performance\" \/>\n<meta property=\"og:url\" content=\"https:\/\/ai4performance.com\/tr\/sizma-testi\/\" \/>\n<meta property=\"og:site_name\" content=\"AI 4 Performance\" \/>\n<meta property=\"article:modified_time\" content=\"2025-11-24T10:41:05+00:00\" \/>\n<meta name=\"twitter:card\" content=\"summary_large_image\" \/>\n<meta name=\"twitter:label1\" content=\"Est. reading time\" \/>\n\t<meta name=\"twitter:data1\" content=\"13 minutes\" \/>\n<script type=\"application\/ld+json\" class=\"yoast-schema-graph\">{\"@context\":\"https:\\\/\\\/schema.org\",\"@graph\":[{\"@type\":\"WebPage\",\"@id\":\"https:\\\/\\\/ai4performance.com\\\/penetrationtest\\\/\",\"url\":\"https:\\\/\\\/ai4performance.com\\\/penetrationtest\\\/\",\"name\":\"Penetrationstest - AI 4 Performance\",\"isPartOf\":{\"@id\":\"https:\\\/\\\/ai4performance.com\\\/#website\"},\"datePublished\":\"2025-04-26T08:36:06+00:00\",\"dateModified\":\"2025-11-24T10:41:05+00:00\",\"breadcrumb\":{\"@id\":\"https:\\\/\\\/ai4performance.com\\\/penetrationtest\\\/#breadcrumb\"},\"inLanguage\":\"tr-TR\",\"potentialAction\":[{\"@type\":\"ReadAction\",\"target\":[\"https:\\\/\\\/ai4performance.com\\\/penetrationtest\\\/\"]}]},{\"@type\":\"BreadcrumbList\",\"@id\":\"https:\\\/\\\/ai4performance.com\\\/penetrationtest\\\/#breadcrumb\",\"itemListElement\":[{\"@type\":\"ListItem\",\"position\":1,\"name\":\"Startseite\",\"item\":\"https:\\\/\\\/ai4performance.com\\\/\"},{\"@type\":\"ListItem\",\"position\":2,\"name\":\"Penetrationstest\"}]},{\"@type\":\"WebSite\",\"@id\":\"https:\\\/\\\/ai4performance.com\\\/#website\",\"url\":\"https:\\\/\\\/ai4performance.com\\\/\",\"name\":\"AI 4 Performance\",\"description\":\"\",\"publisher\":{\"@id\":\"https:\\\/\\\/ai4performance.com\\\/#organization\"},\"potentialAction\":[{\"@type\":\"SearchAction\",\"target\":{\"@type\":\"EntryPoint\",\"urlTemplate\":\"https:\\\/\\\/ai4performance.com\\\/?s={search_term_string}\"},\"query-input\":{\"@type\":\"PropertyValueSpecification\",\"valueRequired\":true,\"valueName\":\"search_term_string\"}}],\"inLanguage\":\"tr-TR\"},{\"@type\":\"Organization\",\"@id\":\"https:\\\/\\\/ai4performance.com\\\/#organization\",\"name\":\"AI 4 Performance\",\"url\":\"https:\\\/\\\/ai4performance.com\\\/\",\"logo\":{\"@type\":\"ImageObject\",\"inLanguage\":\"tr-TR\",\"@id\":\"https:\\\/\\\/ai4performance.com\\\/#\\\/schema\\\/logo\\\/image\\\/\",\"url\":\"https:\\\/\\\/ai4performance.com\\\/wp-content\\\/uploads\\\/2016\\\/08\\\/logo.svg\",\"contentUrl\":\"https:\\\/\\\/ai4performance.com\\\/wp-content\\\/uploads\\\/2016\\\/08\\\/logo.svg\",\"width\":1,\"height\":1,\"caption\":\"AI 4 Performance\"},\"image\":{\"@id\":\"https:\\\/\\\/ai4performance.com\\\/#\\\/schema\\\/logo\\\/image\\\/\"}}]}<\/script>\n<!-- \/ Yoast SEO plugin. -->","yoast_head_json":{"title":"Penetrationstest - AI 4 Performance","robots":{"index":"index","follow":"follow","max-snippet":"max-snippet:-1","max-image-preview":"max-image-preview:large","max-video-preview":"max-video-preview:-1"},"canonical":"https:\/\/ai4performance.com\/tr\/sizma-testi\/","og_locale":"tr_TR","og_type":"article","og_title":"Penetrationstest - AI 4 Performance","og_url":"https:\/\/ai4performance.com\/tr\/sizma-testi\/","og_site_name":"AI 4 Performance","article_modified_time":"2025-11-24T10:41:05+00:00","twitter_card":"summary_large_image","twitter_misc":{"Est. reading time":"13 minutes"},"schema":{"@context":"https:\/\/schema.org","@graph":[{"@type":"WebPage","@id":"https:\/\/ai4performance.com\/penetrationtest\/","url":"https:\/\/ai4performance.com\/penetrationtest\/","name":"Penetrationstest - AI 4 Performance","isPartOf":{"@id":"https:\/\/ai4performance.com\/#website"},"datePublished":"2025-04-26T08:36:06+00:00","dateModified":"2025-11-24T10:41:05+00:00","breadcrumb":{"@id":"https:\/\/ai4performance.com\/penetrationtest\/#breadcrumb"},"inLanguage":"tr-TR","potentialAction":[{"@type":"ReadAction","target":["https:\/\/ai4performance.com\/penetrationtest\/"]}]},{"@type":"BreadcrumbList","@id":"https:\/\/ai4performance.com\/penetrationtest\/#breadcrumb","itemListElement":[{"@type":"ListItem","position":1,"name":"Startseite","item":"https:\/\/ai4performance.com\/"},{"@type":"ListItem","position":2,"name":"Penetrationstest"}]},{"@type":"WebSite","@id":"https:\/\/ai4performance.com\/#website","url":"https:\/\/ai4performance.com\/","name":"AI 4 Performans","description":"","publisher":{"@id":"https:\/\/ai4performance.com\/#organization"},"potentialAction":[{"@type":"SearchAction","target":{"@type":"EntryPoint","urlTemplate":"https:\/\/ai4performance.com\/?s={search_term_string}"},"query-input":{"@type":"PropertyValueSpecification","valueRequired":true,"valueName":"search_term_string"}}],"inLanguage":"tr-TR"},{"@type":"Organization","@id":"https:\/\/ai4performance.com\/#organization","name":"AI 4 Performans","url":"https:\/\/ai4performance.com\/","logo":{"@type":"ImageObject","inLanguage":"tr-TR","@id":"https:\/\/ai4performance.com\/#\/schema\/logo\/image\/","url":"https:\/\/ai4performance.com\/wp-content\/uploads\/2016\/08\/logo.svg","contentUrl":"https:\/\/ai4performance.com\/wp-content\/uploads\/2016\/08\/logo.svg","width":1,"height":1,"caption":"AI 4 Performance"},"image":{"@id":"https:\/\/ai4performance.com\/#\/schema\/logo\/image\/"}}]}},"_links":{"self":[{"href":"https:\/\/ai4performance.com\/tr\/wp-json\/wp\/v2\/pages\/2647","targetHints":{"allow":["GET"]}}],"collection":[{"href":"https:\/\/ai4performance.com\/tr\/wp-json\/wp\/v2\/pages"}],"about":[{"href":"https:\/\/ai4performance.com\/tr\/wp-json\/wp\/v2\/types\/page"}],"author":[{"embeddable":true,"href":"https:\/\/ai4performance.com\/tr\/wp-json\/wp\/v2\/users\/1"}],"replies":[{"embeddable":true,"href":"https:\/\/ai4performance.com\/tr\/wp-json\/wp\/v2\/comments?post=2647"}],"version-history":[{"count":0,"href":"https:\/\/ai4performance.com\/tr\/wp-json\/wp\/v2\/pages\/2647\/revisions"}],"wp:attachment":[{"href":"https:\/\/ai4performance.com\/tr\/wp-json\/wp\/v2\/media?parent=2647"}],"curies":[{"name":"wp","href":"https:\/\/api.w.org\/{rel}","templated":true}]}}