{"id":1167,"date":"2024-09-09T11:06:57","date_gmt":"2024-09-09T09:06:57","guid":{"rendered":"https:\/\/ai4performance.com\/?page_id=1167"},"modified":"2024-09-16T13:35:49","modified_gmt":"2024-09-16T11:35:49","slug":"seyahat-acenteleri-icin-e-posta-pazarlamasi","status":"publish","type":"page","link":"https:\/\/ai4performance.com\/tr\/seyahat-acenteleri-icin-e-posta-pazarlamasi\/","title":{"rendered":"E-posta pazarlama"},"content":{"rendered":"<span class=\"scroll-to\" data-label=\"Scroll to: #home\" data-bullet=\"true\" data-link=\"#home\" data-title=\"Home\" ><a name=\"home\"><\/a><\/span>\n\n\t<section class=\"section\" id=\"section_215570380\">\n\t\t<div class=\"section-bg fill\" >\n\t\t\t\t\t\t\t<div class=\"video-overlay no-click fill visible\"><\/div>\n\t<video class=\"video-bg fill visible\" preload playsinline autoplay muted loop>\n\t\t<source src=\"https:\/\/ai4performance.com\/wp-content\/uploads\/2024\/09\/5_PaPryfLl.mp4\" type=\"video\/mp4\">\t<\/video>\n\t\t\t<div class=\"section-bg-overlay absolute fill\"><\/div>\n\t\t\t\n\n\t\t<\/div>\n\n\t\t\n\n\t\t<div class=\"section-content relative\">\n\t\t\t\n<div class=\"row\"  id=\"row-198015264\">\n\n\t<div id=\"col-81353565\" class=\"col medium-12 small-12 large-12\"  >\n\t\t\t\t<div class=\"col-inner text-shadow-2\"  >\n\t\t\t\n\t\t\t\n\t<div id=\"gap-2090940822\" class=\"gap-element clearfix\" style=\"display:block; height:auto;\">\n\t\t\n<style>\n#gap-2090940822 {\n  padding-top: 0px;\n}\n@media (min-width:550px) {\n  #gap-2090940822 {\n    padding-top: 50px;\n  }\n}\n@media (min-width:850px) {\n  #gap-2090940822 {\n    padding-top: 50px;\n  }\n}\n<\/style>\n\t<\/div>\n\t\n<div>\n\t<div id=\"text-2250987302\" class=\"text\">\n\t\t\n<div><span style=\"font-size: 160%;\"><strong>KI-Content-Erstellung<\/strong><\/span><\/div>\n<div>Mehr Sichtbarkeit f\u00fcr Ihr Reiseb\u00fcro<\/div>\n\t\t\n<style>\n#text-2250987302 {\n  font-size: 1.4rem;\n  line-height: 1.15;\n  text-align: center;\n  color: rgb(255, 255, 255);\n}\n#text-2250987302 > * {\n  color: rgb(255, 255, 255);\n}\n@media (min-width:550px) {\n  #text-2250987302 {\n    font-size: 2.1rem;\n    line-height: 1.15;\n  }\n}\n@media (min-width:850px) {\n  #text-2250987302 {\n    font-size: 2.4rem;\n  }\n}\n<\/style>\n\t<\/div>\n\t\n\t<div id=\"gap-1344934307\" class=\"gap-element clearfix\" style=\"display:block; height:auto;\">\n\t\t\n<style>\n#gap-1344934307 {\n  padding-top: 20px;\n}\n@media (min-width:550px) {\n  #gap-1344934307 {\n    padding-top: 20px;\n  }\n}\n@media (min-width:850px) {\n  #gap-1344934307 {\n    padding-top: 30px;\n  }\n}\n<\/style>\n\t<\/div>\n\t\n<\/div>\n<div class=\"row\"  id=\"row-167811378\">\n\n\t<div id=\"col-746545915\" class=\"col small-12 large-12\"  >\n\t\t\t\t<div class=\"col-inner text-center\"  >\n\t\t\t\n\t\t\t\n<a href=\"https:\/\/ai4performance.com\/tr\/ueruen-kategori%cc%87si%cc%87\/seo-hi%cc%87zmetleri%cc%87\/\" class=\"button white is-large\"  style=\"padding:0px 30px 0px 30px;\">\n\t\t<span>Tekliflere<\/span>\n\t<\/a>\n\n\t\t<\/div>\n\t\t\t\t\n<style>\n#col-746545915 > .col-inner {\n  padding: 0px 0px 0px 0px;\n  margin: -10px 0px 0px 0px;\n}\n<\/style>\n\t<\/div>\n\n\t\n<\/div>\n\t\t<\/div>\n\t\t\t\t\t<\/div>\n\n\t\n<\/div>\n\t\t<\/div>\n\n\t\t\n<style>\n#section_215570380 {\n  padding-top: 20px;\n  padding-bottom: 20px;\n  min-height: 770px;\n}\n#section_215570380 .section-bg-overlay {\n  background-color: rgba(0, 85, 157, 0.157);\n}\n@media (min-width:550px) {\n  #section_215570380 {\n    min-height: 800px;\n  }\n}\n<\/style>\n\t<\/section>\n\t\n\n\t<section class=\"section\" id=\"section_1489195947\">\n\t\t<div class=\"section-bg fill\" >\n\t\t\t\t\t\t\t\t\t\n\t\t\t\n\t<div class=\"is-border\"\n\t\tstyle=\"border-width:0px 0px 0px 0px;\">\n\t<\/div>\n\n\t\t<\/div>\n\n\t\t\n\n\t\t<div class=\"section-content relative\">\n\t\t\t\n<div class=\"row align-center\"  id=\"row-1542596873\">\n\n\t<div id=\"col-785575909\" class=\"col small-11 large-12\"  >\n\t\t\t\t<div class=\"col-inner text-center\"  >\n\t\t\t\n\t\t\t\n<span class=\"scroll-to\" data-label=\"Scroll to: #leistungen\" data-bullet=\"true\" data-link=\"#leistungen\" data-title=\"Leistungen\" ><a name=\"leistungen\"><\/a><\/span>\n<div class=\"row row-small row-box-shadow-1 row-box-shadow-4-hover\"  id=\"row-137310547\">\n\n\t<div id=\"col-614448884\" class=\"col medium-6 small-12 large-3 col-hover-focus\"  >\n\t\t\t\t<div class=\"col-inner\"  >\n\t\t\t\n\t\t\t\n\n\t\t<div class=\"icon-box featured-box icon-box-center text-center\"  >\n\t\t\t\t<div class=\"icon-box-text last-reset\">\n\t\t\t\t\t\t\t\t\t\n\t<div id=\"text-422186237\" class=\"text\">\n\t\t\n<h2><strong><span style=\"color: #084085;\">Hochwertiger Content<\/span><\/strong><\/h2>\n<p>KI-optimierter Inhalt, der informativ und ansprechend ist, hilft Ihnen, Ihr Reiseb\u00fcro online optimal zu pr\u00e4sentieren.<\/p>\n\t\t\n<style>\n#text-422186237 {\n  font-size: 1rem;\n  line-height: 1.05;\n  color: rgb(0,0,0);\n}\n#text-422186237 > * {\n  color: rgb(0,0,0);\n}\n@media (min-width:550px) {\n  #text-422186237 {\n    font-size: 1rem;\n    line-height: 1.5;\n  }\n}\n@media (min-width:850px) {\n  #text-422186237 {\n    font-size: 1rem;\n  }\n}\n<\/style>\n\t<\/div>\n\t\n\t\t<\/div>\n\t<\/div>\n\t\n\t\n\t\t<\/div>\n\t\t\t\t\t<\/div>\n\n\t\n\n\t<div id=\"col-1558104582\" class=\"col medium-6 small-12 large-3 col-hover-focus\"  >\n\t\t\t\t<div class=\"col-inner\"  >\n\t\t\t\n\t\t\t\n\n\t\t<div class=\"icon-box featured-box icon-box-center text-center\"  >\n\t\t\t\t<div class=\"icon-box-text last-reset\">\n\t\t\t\t\t\t\t\t\t\n\t<div id=\"text-849816198\" class=\"text\">\n\t\t\n<h2><span style=\"color: #084085;\"><strong>Bessere Rankings<\/strong><\/span><\/h2>\n<p>Regelm\u00e4\u00dfige, frische Inhalte steigern Ihre Sichtbarkeit bei Suchmaschinen und bringen Sie in die Top-Suchergebnisse.<\/p>\n\t\t\n<style>\n#text-849816198 {\n  font-size: 1rem;\n  line-height: 1.05;\n  color: rgb(0,0,0);\n}\n#text-849816198 > * {\n  color: rgb(0,0,0);\n}\n@media (min-width:550px) {\n  #text-849816198 {\n    font-size: 1rem;\n    line-height: 1.5;\n  }\n}\n@media (min-width:850px) {\n  #text-849816198 {\n    font-size: 1rem;\n  }\n}\n<\/style>\n\t<\/div>\n\t\n\t\t<\/div>\n\t<\/div>\n\t\n\t\n\t\t<\/div>\n\t\t\t\t\t<\/div>\n\n\t\n\n\t<div id=\"col-869634791\" class=\"col medium-6 small-12 large-3 col-hover-focus\"  >\n\t\t\t\t<div class=\"col-inner\"  >\n\t\t\t\n\t\t\t\n\n\t\t<div class=\"icon-box featured-box icon-box-center text-center\"  >\n\t\t\t\t<div class=\"icon-box-text last-reset\">\n\t\t\t\t\t\t\t\t\t\n\t<div id=\"text-3923769456\" class=\"text\">\n\t\t\n<h2><span style=\"color: #084085;\"><strong>Kosten Ersparnis<\/strong><\/span><\/h2>\n<p>Sie erhalten professionellen Content, ohne selbst Zeit investieren zu m\u00fcssen, und sparen so teure Agenturkosten.<\/p>\n\t\t\n<style>\n#text-3923769456 {\n  font-size: 1rem;\n  line-height: 1.05;\n  color: rgb(0,0,0);\n}\n#text-3923769456 > * {\n  color: rgb(0,0,0);\n}\n@media (min-width:550px) {\n  #text-3923769456 {\n    font-size: 1rem;\n    line-height: 1.5;\n  }\n}\n@media (min-width:850px) {\n  #text-3923769456 {\n    font-size: 1rem;\n  }\n}\n<\/style>\n\t<\/div>\n\t\n\t\t<\/div>\n\t<\/div>\n\t\n\t\n\t\t<\/div>\n\t\t\t\t\t<\/div>\n\n\t\n\n\t<div id=\"col-1596323952\" class=\"col medium-6 small-12 large-3 col-hover-focus\"  >\n\t\t\t\t<div class=\"col-inner\"  >\n\t\t\t\n\t\t\t\n\n\t\t<div class=\"icon-box featured-box icon-box-center text-center\"  >\n\t\t\t\t<div class=\"icon-box-text last-reset\">\n\t\t\t\t\t\t\t\t\t\n\t<div id=\"text-3065158978\" class=\"text\">\n\t\t\n<h2><span style=\"color: #084085;\"><strong>Erfolge garantiert<\/strong><\/span><\/h2>\n<p>Mit kontinuierlichem, optimiertem Content sichern Sie sich eine stabile und langfristige Verbesserung Ihrer Online-Pr\u00e4senz.<\/p>\n\t\t\n<style>\n#text-3065158978 {\n  font-size: 1rem;\n  line-height: 1.05;\n  color: rgb(0,0,0);\n}\n#text-3065158978 > * {\n  color: rgb(0,0,0);\n}\n@media (min-width:550px) {\n  #text-3065158978 {\n    font-size: 1rem;\n    line-height: 1.5;\n  }\n}\n@media (min-width:850px) {\n  #text-3065158978 {\n    font-size: 1rem;\n  }\n}\n<\/style>\n\t<\/div>\n\t\n\t\t<\/div>\n\t<\/div>\n\t\n\t\n\t\t<\/div>\n\t\t\t\t\t<\/div>\n\n\t\n\n<style>\n#row-137310547 > .col > .col-inner {\n  padding: 30px 30px 30px 30px;\n  background-color: rgb(255,255,255);\n}\n<\/style>\n<\/div>\n\t\t<\/div>\n\t\t\t\t\n<style>\n#col-785575909 > .col-inner {\n  margin: -100px 0px 0px 0px;\n}\n<\/style>\n\t<\/div>\n\n\t\n<\/div>\n\t\t<\/div>\n\n\t\t\n<style>\n#section_1489195947 {\n  padding-top: 0px;\n  padding-bottom: 0px;\n}\n<\/style>\n\t<\/section>\n\t\n\n\t<section class=\"section\" id=\"section_121608401\">\n\t\t<div class=\"section-bg fill\" >\n\t\t\t\t\t\t\t\t\t\n\t\t\t\n\n\t\t<\/div>\n\n\t\t\n\n\t\t<div class=\"section-content relative\">\n\t\t\t\n<div class=\"row\"  id=\"row-761988104\">\n\n\t<div id=\"col-540951937\" class=\"col small-12 large-12\"  >\n\t\t\t\t<div class=\"col-inner\"  >\n\t\t\t\n\t\t\t\n<div class=\"row row-collapse\"  id=\"row-1166250508\">\n\n\t<div id=\"col-1659592108\" class=\"col small-12 large-12\"  >\n\t\t\t\t<div class=\"col-inner\"  >\n\t\t\t\n\t\t\t\n<span class=\"scroll-to\" data-label=\"Scroll to: #warum\" data-bullet=\"true\" data-link=\"#warum\" data-title=\"Warum wir\" ><a name=\"warum\"><\/a><\/span>\n\n\t<section class=\"section dark has-parallax\" id=\"section_4357124\">\n\t\t<div class=\"section-bg fill\" data-parallax-container=\".section\" data-parallax-background data-parallax=\"-5\">\n\t\t\t<img loading=\"lazy\" decoding=\"async\" width=\"2560\" height=\"1707\" src=\"https:\/\/ai4performance.com\/wp-content\/uploads\/2024\/09\/google-analytics-phone-stockpack-unsplash-scaled.jpg\" class=\"bg attachment- size-\" alt=\"Google analitik telefon\" \/>\t\t\t\t\t\t<div class=\"section-bg-overlay absolute fill\"><\/div>\n\t\t\t\n\n\t\t<\/div>\n\n\t\t\n\n\t\t<div class=\"section-content relative\">\n\t\t\t\n<div class=\"row\"  id=\"row-879813763\">\n\n\t<div id=\"col-2025481314\" class=\"col medium-12 small-12 large-9\"  >\n\t\t\t\t<div class=\"col-inner text-left\"  >\n\t\t\t\n\t\t\t\n\t<div id=\"gap-911757094\" class=\"gap-element clearfix\" style=\"display:block; height:auto;\">\n\t\t\n<style>\n#gap-911757094 {\n  padding-top: 30px;\n}\n<\/style>\n\t<\/div>\n\t\n\t<div id=\"gap-1020580354\" class=\"gap-element clearfix\" style=\"display:block; height:auto;\">\n\t\t\n<style>\n#gap-1020580354 {\n  padding-top: 30px;\n}\n<\/style>\n\t<\/div>\n\t\n\t<div id=\"text-265562642\" class=\"text\">\n\t\t\n<p><span style=\"font-size: 150%;\"><strong>Der Schl\u00fcssel zu einer besseren Platzierung bei Google<\/strong><\/span><\/p>\n\t\t\n<style>\n#text-265562642 {\n  font-size: 1.35rem;\n  line-height: 0.75;\n  text-align: center;\n  color: rgb(255, 255, 255);\n}\n#text-265562642 > * {\n  color: rgb(255, 255, 255);\n}\n@media (min-width:550px) {\n  #text-265562642 {\n    font-size: 2.1rem;\n    line-height: 0.95;\n    text-align: center;\n  }\n}\n@media (min-width:850px) {\n  #text-265562642 {\n    text-align: left;\n  }\n}\n<\/style>\n\t<\/div>\n\t\n\t<div id=\"text-1746879782\" class=\"text\">\n\t\t\n<p>Mit unserer KI-Content-Erstellung f\u00fcr Ihre Reiseb\u00fcro-Homepage erhalten Sie regelm\u00e4\u00dfig frische, informative und SEO-optimierte Inhalte.<\/p>\n\t\t\n<style>\n#text-1746879782 {\n  font-size: 1.1rem;\n  line-height: 1.1;\n  text-align: left;\n}\n@media (min-width:550px) {\n  #text-1746879782 {\n    font-size: 1.4rem;\n    line-height: 1.2;\n    text-align: left;\n  }\n}\n@media (min-width:850px) {\n  #text-1746879782 {\n    text-align: left;\n  }\n}\n<\/style>\n\t<\/div>\n\t\n<a href=\"#kontakt\" class=\"button white is-large hide-for-small\"  style=\"padding:0px 30px 0px 30px;\">\n\t\t<span>\u00dccretsiz tavsiye<\/span>\n\t<\/a>\n\n<a data-animate=\"fadeInUp\" href=\"#kontakt\" class=\"button white is-large expand show-for-small\"  style=\"padding:0px 30px 0px 30px;\">\n\t\t<span>\u00dccretsiz tavsiye<\/span>\n\t<\/a>\n\n\t\t<\/div>\n\t\t\t\t\n<style>\n#col-2025481314 > .col-inner {\n  padding: 0px 0px 0px 0;\n}\n@media (min-width:550px) {\n  #col-2025481314 > .col-inner {\n    padding: 0px 0px 0px 0px;\n  }\n}\n@media (min-width:850px) {\n  #col-2025481314 > .col-inner {\n    padding: 0px 0px 0px 20px;\n  }\n}\n<\/style>\n\t<\/div>\n\n\t\n<\/div>\n\t\t<\/div>\n\n\t\t\n<style>\n#section_4357124 {\n  padding-top: 0px;\n  padding-bottom: 0px;\n  min-height: 450px;\n}\n#section_4357124 .section-bg-overlay {\n  background-color: rgba(0, 85, 157, 0.616);\n}\n#section_4357124 .section-bg img {\n  object-position: top;\n}\n@media (min-width:550px) {\n  #section_4357124 {\n    min-height: 500px;\n  }\n}\n<\/style>\n\t<\/section>\n\t\n\t\t<\/div>\n\t\t\t\t\t<\/div>\n\n\t\n<\/div>\n<div class=\"row row-collapse align-equal\"  id=\"row-318047586\">\n\n\t<div id=\"col-871904618\" class=\"col medium-12 small-12 large-12\"  >\n\t\t\t\t<div class=\"col-inner text-center dark\" style=\"background-color:#084085;\" >\n\t\t\t\n\t\t\t\n\t<div id=\"text-523502349\" class=\"text\">\n\t\t\n<p>Diese hochwertigen Artikel \u00fcber Reisen und verwandte Themen sind entscheidend, um Ihre Webseite bei <strong>Google ganz nach oben<\/strong> zu bringen. Google belohnt regelm\u00e4\u00dfig aktualisierte Seiten mit besseren Rankings, und je sichtbarer Ihre Seite ist, desto mehr Kunden werden auf Sie aufmerksam. Mit unseren ma\u00dfgeschneiderten Inhalten sorgen wir daf\u00fcr, dass Ihre Seite nicht nur gut aussieht, sondern auch gefunden wird.<\/p>\n<h3><strong>Ihre Erfolge bei Google sind bei regelm\u00e4\u00dfigen Updates garantiert!<\/strong><\/h3>\n\t\t\n<style>\n#text-523502349 {\n  font-size: 1.1rem;\n  line-height: 1.2;\n  text-align: center;\n}\n@media (min-width:550px) {\n  #text-523502349 {\n    font-size: 1.4rem;\n    text-align: center;\n  }\n}\n@media (min-width:850px) {\n  #text-523502349 {\n    text-align: left;\n  }\n}\n<\/style>\n\t<\/div>\n\t\n\t\t<\/div>\n\t\t\t\t\n<style>\n#col-871904618 > .col-inner {\n  padding: 30px 10% 20px 10%;\n}\n@media (min-width:550px) {\n  #col-871904618 > .col-inner {\n    padding: 50px 50px 50px 50px;\n  }\n}\n<\/style>\n\t<\/div>\n\n\t\n<\/div>\n\t\t<\/div>\n\t\t\t\t\t<\/div>\n\n\t\n<\/div>\n\t\t<\/div>\n\n\t\t\n<style>\n#section_121608401 {\n  padding-top: 30px;\n  padding-bottom: 30px;\n}\n<\/style>\n\t<\/section>\n\t\n\t<div id=\"gap-116594691\" class=\"gap-element clearfix\" style=\"display:block; height:auto;\">\n\t\t\n<style>\n#gap-116594691 {\n  padding-top: 0px;\n}\n@media (min-width:550px) {\n  #gap-116594691 {\n    padding-top: 30px;\n  }\n}\n<\/style>\n\t<\/div>\n\t\n<div class=\"row\"  id=\"row-448483208\">\n\n\t<div id=\"col-1411110977\" class=\"col small-12 large-12\"  >\n\t\t\t\t<div class=\"col-inner text-center\"  >\n\t\t\t\n\t\t\t\n<a href=\"#kontakt\" class=\"button primary is-xlarge hide-for-small\"  style=\"padding:0px 30px 0px 30px;\">\n\t\t<span>\u00dccretsiz dan\u0131\u015fmanl\u0131k talep edin<\/span>\n\t<\/a>\n\n<a data-animate=\"fadeInUp\" href=\"#kontakt\" class=\"button primary is-large show-for-small\"  style=\"padding:0px 30px 0px 30px;\">\n\t\t<span>\u00dccretsiz dan\u0131\u015fmanl\u0131k talep edin<\/span>\n\t<\/a>\n\n\t<div id=\"gap-565145453\" class=\"gap-element clearfix\" style=\"display:block; height:auto;\">\n\t\t\n<style>\n#gap-565145453 {\n  padding-top: 0px;\n}\n@media (min-width:550px) {\n  #gap-565145453 {\n    padding-top: 60px;\n  }\n}\n<\/style>\n\t<\/div>\n\t\n\t\t<\/div>\n\t\t\t\t\t<\/div>\n\n\t\n<\/div>\n<span class=\"scroll-to\" data-label=\"Scroll to: #kontakt\" data-bullet=\"true\" data-link=\"#kontakt\" data-title=\"Kontakt\" ><a name=\"kontakt\"><\/a><\/span>","protected":false},"excerpt":{"rendered":"","protected":false},"author":1,"featured_media":0,"parent":0,"menu_order":0,"comment_status":"closed","ping_status":"closed","template":"page-transparent-header-light.php","meta":{"footnotes":""},"class_list":["post-1167","page","type-page","status-publish","hentry"],"yoast_head":"<!-- This site is optimized with the Yoast SEO plugin v27.3 - https:\/\/yoast.com\/product\/yoast-seo-wordpress\/ -->\n<title>E-Mail Marketing - AI 4 Performance<\/title>\n<meta name=\"robots\" content=\"index, follow, max-snippet:-1, max-image-preview:large, max-video-preview:-1\" \/>\n<link rel=\"canonical\" href=\"https:\/\/ai4performance.com\/tr\/seyahat-acenteleri-icin-e-posta-pazarlamasi\/\" \/>\n<meta property=\"og:locale\" content=\"tr_TR\" \/>\n<meta property=\"og:type\" content=\"article\" \/>\n<meta property=\"og:title\" content=\"E-Mail Marketing - AI 4 Performance\" \/>\n<meta property=\"og:url\" content=\"https:\/\/ai4performance.com\/tr\/seyahat-acenteleri-icin-e-posta-pazarlamasi\/\" \/>\n<meta property=\"og:site_name\" content=\"AI 4 Performance\" \/>\n<meta property=\"article:modified_time\" content=\"2024-09-16T11:35:49+00:00\" \/>\n<meta name=\"twitter:card\" content=\"summary_large_image\" \/>\n<meta name=\"twitter:label1\" content=\"Est. reading time\" \/>\n\t<meta name=\"twitter:data1\" content=\"4 minutes\" \/>\n<script type=\"application\/ld+json\" class=\"yoast-schema-graph\">{\"@context\":\"https:\\\/\\\/schema.org\",\"@graph\":[{\"@type\":\"WebPage\",\"@id\":\"https:\\\/\\\/ai4performance.com\\\/email-marketing-fuer-reisebueros\\\/\",\"url\":\"https:\\\/\\\/ai4performance.com\\\/email-marketing-fuer-reisebueros\\\/\",\"name\":\"E-Mail Marketing - AI 4 Performance\",\"isPartOf\":{\"@id\":\"https:\\\/\\\/ai4performance.com\\\/#website\"},\"datePublished\":\"2024-09-09T09:06:57+00:00\",\"dateModified\":\"2024-09-16T11:35:49+00:00\",\"breadcrumb\":{\"@id\":\"https:\\\/\\\/ai4performance.com\\\/email-marketing-fuer-reisebueros\\\/#breadcrumb\"},\"inLanguage\":\"tr-TR\",\"potentialAction\":[{\"@type\":\"ReadAction\",\"target\":[\"https:\\\/\\\/ai4performance.com\\\/email-marketing-fuer-reisebueros\\\/\"]}]},{\"@type\":\"BreadcrumbList\",\"@id\":\"https:\\\/\\\/ai4performance.com\\\/email-marketing-fuer-reisebueros\\\/#breadcrumb\",\"itemListElement\":[{\"@type\":\"ListItem\",\"position\":1,\"name\":\"Startseite\",\"item\":\"https:\\\/\\\/ai4performance.com\\\/\"},{\"@type\":\"ListItem\",\"position\":2,\"name\":\"E-Mail Marketing\"}]},{\"@type\":\"WebSite\",\"@id\":\"https:\\\/\\\/ai4performance.com\\\/#website\",\"url\":\"https:\\\/\\\/ai4performance.com\\\/\",\"name\":\"AI 4 Performance\",\"description\":\"\",\"publisher\":{\"@id\":\"https:\\\/\\\/ai4performance.com\\\/#organization\"},\"potentialAction\":[{\"@type\":\"SearchAction\",\"target\":{\"@type\":\"EntryPoint\",\"urlTemplate\":\"https:\\\/\\\/ai4performance.com\\\/?s={search_term_string}\"},\"query-input\":{\"@type\":\"PropertyValueSpecification\",\"valueRequired\":true,\"valueName\":\"search_term_string\"}}],\"inLanguage\":\"tr-TR\"},{\"@type\":\"Organization\",\"@id\":\"https:\\\/\\\/ai4performance.com\\\/#organization\",\"name\":\"AI 4 Performance\",\"url\":\"https:\\\/\\\/ai4performance.com\\\/\",\"logo\":{\"@type\":\"ImageObject\",\"inLanguage\":\"tr-TR\",\"@id\":\"https:\\\/\\\/ai4performance.com\\\/#\\\/schema\\\/logo\\\/image\\\/\",\"url\":\"https:\\\/\\\/ai4performance.com\\\/wp-content\\\/uploads\\\/2016\\\/08\\\/logo.svg\",\"contentUrl\":\"https:\\\/\\\/ai4performance.com\\\/wp-content\\\/uploads\\\/2016\\\/08\\\/logo.svg\",\"width\":1,\"height\":1,\"caption\":\"AI 4 Performance\"},\"image\":{\"@id\":\"https:\\\/\\\/ai4performance.com\\\/#\\\/schema\\\/logo\\\/image\\\/\"}}]}<\/script>\n<!-- \/ Yoast SEO plugin. -->","yoast_head_json":{"title":"E-Mail Marketing - AI 4 Performance","robots":{"index":"index","follow":"follow","max-snippet":"max-snippet:-1","max-image-preview":"max-image-preview:large","max-video-preview":"max-video-preview:-1"},"canonical":"https:\/\/ai4performance.com\/tr\/seyahat-acenteleri-icin-e-posta-pazarlamasi\/","og_locale":"tr_TR","og_type":"article","og_title":"E-Mail Marketing - AI 4 Performance","og_url":"https:\/\/ai4performance.com\/tr\/seyahat-acenteleri-icin-e-posta-pazarlamasi\/","og_site_name":"AI 4 Performance","article_modified_time":"2024-09-16T11:35:49+00:00","twitter_card":"summary_large_image","twitter_misc":{"Est. reading time":"4 minutes"},"schema":{"@context":"https:\/\/schema.org","@graph":[{"@type":"WebPage","@id":"https:\/\/ai4performance.com\/email-marketing-fuer-reisebueros\/","url":"https:\/\/ai4performance.com\/email-marketing-fuer-reisebueros\/","name":"E-Mail Marketing - AI 4 Performance","isPartOf":{"@id":"https:\/\/ai4performance.com\/#website"},"datePublished":"2024-09-09T09:06:57+00:00","dateModified":"2024-09-16T11:35:49+00:00","breadcrumb":{"@id":"https:\/\/ai4performance.com\/email-marketing-fuer-reisebueros\/#breadcrumb"},"inLanguage":"tr-TR","potentialAction":[{"@type":"ReadAction","target":["https:\/\/ai4performance.com\/email-marketing-fuer-reisebueros\/"]}]},{"@type":"BreadcrumbList","@id":"https:\/\/ai4performance.com\/email-marketing-fuer-reisebueros\/#breadcrumb","itemListElement":[{"@type":"ListItem","position":1,"name":"Startseite","item":"https:\/\/ai4performance.com\/"},{"@type":"ListItem","position":2,"name":"E-Mail Marketing"}]},{"@type":"WebSite","@id":"https:\/\/ai4performance.com\/#website","url":"https:\/\/ai4performance.com\/","name":"AI 4 Performans","description":"","publisher":{"@id":"https:\/\/ai4performance.com\/#organization"},"potentialAction":[{"@type":"SearchAction","target":{"@type":"EntryPoint","urlTemplate":"https:\/\/ai4performance.com\/?s={search_term_string}"},"query-input":{"@type":"PropertyValueSpecification","valueRequired":true,"valueName":"search_term_string"}}],"inLanguage":"tr-TR"},{"@type":"Organization","@id":"https:\/\/ai4performance.com\/#organization","name":"AI 4 Performans","url":"https:\/\/ai4performance.com\/","logo":{"@type":"ImageObject","inLanguage":"tr-TR","@id":"https:\/\/ai4performance.com\/#\/schema\/logo\/image\/","url":"https:\/\/ai4performance.com\/wp-content\/uploads\/2016\/08\/logo.svg","contentUrl":"https:\/\/ai4performance.com\/wp-content\/uploads\/2016\/08\/logo.svg","width":1,"height":1,"caption":"AI 4 Performance"},"image":{"@id":"https:\/\/ai4performance.com\/#\/schema\/logo\/image\/"}}]}},"_links":{"self":[{"href":"https:\/\/ai4performance.com\/tr\/wp-json\/wp\/v2\/pages\/1167","targetHints":{"allow":["GET"]}}],"collection":[{"href":"https:\/\/ai4performance.com\/tr\/wp-json\/wp\/v2\/pages"}],"about":[{"href":"https:\/\/ai4performance.com\/tr\/wp-json\/wp\/v2\/types\/page"}],"author":[{"embeddable":true,"href":"https:\/\/ai4performance.com\/tr\/wp-json\/wp\/v2\/users\/1"}],"replies":[{"embeddable":true,"href":"https:\/\/ai4performance.com\/tr\/wp-json\/wp\/v2\/comments?post=1167"}],"version-history":[{"count":0,"href":"https:\/\/ai4performance.com\/tr\/wp-json\/wp\/v2\/pages\/1167\/revisions"}],"wp:attachment":[{"href":"https:\/\/ai4performance.com\/tr\/wp-json\/wp\/v2\/media?parent=1167"}],"curies":[{"name":"wp","href":"https:\/\/api.w.org\/{rel}","templated":true}]}}