{"id":5125,"date":"2025-07-09T15:27:26","date_gmt":"2025-07-09T13:27:26","guid":{"rendered":"https:\/\/ai4performance.com\/?post_type=product&#038;p=5125"},"modified":"2026-01-01T01:04:10","modified_gmt":"2026-01-01T00:04:10","slug":"skrypt-dostepnosci-dla-stron-internetowych","status":"publish","type":"product","link":"https:\/\/ai4performance.com\/pl\/produkt-3\/skrypt-dostepnosci-dla-stron-internetowych\/","title":{"rendered":"Skrypt dost\u0119pno\u015bci dla stron internetowych"},"content":{"rendered":"<p>Nasz skrypt obejmuje szereg funkcji dost\u0119pno\u015bci, kt\u00f3re spe\u0142niaj\u0105 wiele wymaga\u0144 WCAG 2.1 (i cz\u0119\u015bciowo 2.2). Poni\u017cej znajduje si\u0119 przegl\u0105d najwa\u017cniejszych z nich:<\/p>\n<hr \/>\n<h3>1. postrzegalno\u015b\u0107 (Perceivable)<\/h3>\n<ul>\n<li><strong>Dostosowanie rozmiaru tekstu:<\/strong>\u00a0Rozmiary czcionek, wysoko\u015b\u0107 linii, odst\u0119py mi\u0119dzy literami, odst\u0119py mi\u0119dzy wyrazami<\/li>\n<li><strong>Tryby kolor\u00f3w i kontrastu:<\/strong>\u00a0Tryb ciemny, tryb jasny, wysoki kontrast, niskie nasycenie, monochromatyczny, indywidualne kolory tekstu\/t\u0142a\/tytu\u0142u<\/li>\n<li><strong>Ukryj obrazy:<\/strong>\u00a0Opcja ukrywania obraz\u00f3w<\/li>\n<li><strong>Lupa tekstowa:<\/strong>\u00a0Powi\u0119kszanie tekstu podczas przesuwania nad nim<\/li>\n<li><strong>Pod\u015bwietlenie:<\/strong>\u00a0Pod\u015bwietlanie tytu\u0142\u00f3w, link\u00f3w, stan\u00f3w najechania kursorem i fokusu<\/li>\n<li><strong>Przewodnik do czytania:<\/strong>\u00a0Przewodnik do czytania i maska do czytania dla lepszej orientacji w tek\u015bcie<\/li>\n<li><strong>Wirtualna klawiatura:<\/strong>\u00a0Obs\u0142uga alternatywnych metod wprowadzania danych<\/li>\n<\/ul>\n<h3>2. operacyjno\u015b\u0107 (operable)<\/h3>\n<ul>\n<li><strong>Nawigacja za pomoc\u0105 klawiatury:<\/strong>\u00a0Kontrola fokusu, nawigacja po kartach, skr\u00f3ty klawiszowe dla interfejsu i nawigacji<\/li>\n<li><strong>Du\u017cy kursor:<\/strong>\u00a0Czarno-bia\u0142y du\u017cy kursor dla lepszej widoczno\u015bci<\/li>\n<li><strong>Zatrzymywanie animacji:<\/strong>\u00a0Opcja wstrzymywania animacji i film\u00f3w<\/li>\n<li><strong>Nawigacja g\u0142osowa:<\/strong>\u00a0Sterowanie g\u0142osowe nawigacj\u0105 i dzia\u0142aniami (w tym informacje zwrotne)<\/li>\n<li><strong>Zamiana tekstu na mow\u0119:<\/strong>\u00a0Czytanie tekst\u00f3w na g\u0142os (z trybem zaznaczania i klikania)<\/li>\n<li><strong>Przydatne linki:<\/strong>\u00a0Przegl\u0105d i nawigacja do wa\u017cnych link\u00f3w na stronie<\/li>\n<\/ul>\n<h3>3. zrozumia\u0142o\u015b\u0107 (zrozumia\u0142e)<\/h3>\n<ul>\n<li><strong>Czytanie poznawcze:<\/strong>\u00a0Tryb dla u\u017cytkownik\u00f3w z zaburzeniami poznawczymi (np. dysleksja, skupienie si\u0119 na wa\u017cnych tre\u015bciach)<\/li>\n<li><strong>Profile dla r\u00f3\u017cnych niepe\u0142nosprawno\u015bci:<\/strong>\u00a0Wst\u0119pnie skonfigurowane tryby dla epilepsji, upo\u015bledzenia wzroku, upo\u015bledzenia funkcji poznawczych, ADHD, \u015blepoty<\/li>\n<li><strong>Wieloj\u0119zyczno\u015b\u0107:<\/strong>\u00a0Prze\u0142\u0105czanie j\u0119zyk\u00f3w, automatyczne rozpoznawanie j\u0119zyk\u00f3w, t\u0142umaczenia interfejsu u\u017cytkownika i instrukcji<\/li>\n<li><strong>S\u0142ownik online:<\/strong>\u00a0Bezpo\u015brednie wyszukiwanie i wyja\u015bnienie termin\u00f3w<\/li>\n<\/ul>\n<h3>4. odporno\u015b\u0107 (Robust)<\/h3>\n<ul>\n<li><strong>Kompatybilno\u015b\u0107 z czytnikami ekranu:<\/strong>\u00a0Tryb niewidomego u\u017cytkownika, atrybuty ARIA i zarz\u0105dzanie fokusem<\/li>\n<li><strong>Lokalna pami\u0119\u0107 masowa:<\/strong>\u00a0Ustawienia s\u0105 zapisywane i przywracane w LocalStorage<\/li>\n<li><strong>Funkcja resetowania i ukrywania:<\/strong>\u00a0Interfejs mo\u017cna zresetowa\u0107 lub trwale ukry\u0107<\/li>\n<\/ul>\n<hr \/>\n<p><strong>Dalsze funkcje:<\/strong><\/p>\n<ul>\n<li><strong>Popup\/Sidebar\/Offcanvas:<\/strong>\u00a0R\u00f3\u017cne formaty wy\u015bwietlania panelu dost\u0119pno\u015bci<\/li>\n<li><strong>Przeci\u0105galny interfejs u\u017cytkownika:<\/strong>\u00a0Wyskakuj\u0105ce okienko mo\u017cna przesuwa\u0107<\/li>\n<li><strong>Konfiguracja klawiszy skr\u00f3tu:<\/strong>\u00a0Konfigurowalne skr\u00f3ty dla wielu dzia\u0142a\u0144<\/li>\n<li><strong>Deklaracja dost\u0119pno\u015bci:<\/strong>\u00a0Integracja strony z o\u015bwiadczeniem o dost\u0119pno\u015bci<\/li>\n<\/ul>\n<hr \/>\n<p>Skrypt spe\u0142nia wi\u0119kszo\u015b\u0107 wymaga\u0144 dotycz\u0105cych dost\u0119pno\u015bci wizualnej, motorycznej, poznawczej i cz\u0119\u015bciowo s\u0142uchowej. Oferuje wiele opcji dostosowywania dla u\u017cytkownik\u00f3w o r\u00f3\u017cnych potrzebach i obs\u0142uguje g\u0142\u00f3wne zasady WCAG, takie jak postrzegalno\u015b\u0107, u\u017cyteczno\u015b\u0107, zrozumia\u0142o\u015b\u0107 i solidno\u015b\u0107.<\/p>\n<p><strong>Uwaga:<\/strong><br \/>\nNiekt\u00f3re kryteria WCAG, takie jak semantyczna struktura HTML, teksty alternatywne dla obraz\u00f3w lub obs\u0142uga z\u0142o\u017conych formularzy, musz\u0105 by\u0107 nadal zaimplementowane w rzeczywistym kodzie strony internetowej. Skrypt zapewnia wsparcie techniczne w celu poprawy dost\u0119pno\u015bci strony internetowej. Nie mo\u017ce on jednak zagwarantowa\u0107 pe\u0142nej dost\u0119pno\u015bci w rozumieniu BITV 2.0 lub WCAG 2.1. W szczeg\u00f3lno\u015bci obszary takie jak automatyczne teksty alternatywne dla obraz\u00f3w i grafiki, napisy i opisy audio dla film\u00f3w, j\u0119zyk migowy, etykietowanie semantyczne (np. ARIA, punkty orientacyjne), dostosowanie kolejno\u015bci czytania, sprawdzanie, czy informacje s\u0105 przekazywane wy\u0142\u0105cznie za pomoc\u0105 kolor\u00f3w, zapewnienie reflow\/zoom, automatyczna obs\u0142uga dodatkowej zawarto\u015bci po najechaniu kursorem lub fokusie, wykrywanie pu\u0142apek klawiaturowych, mechanizmy limit\u00f3w czasowych, wstrzymywania lub przerywania, sprawdzanie migotania lub migania, pomijanie link\u00f3w lub mechanizmy omijania, ustawianie element\u00f3w <title>, strukturyzacja za pomoc\u0105 nag\u0142\u00f3wk\u00f3w, alternatywne metody wprowadzania (gesty, rozmiary docelowe, aktywacja ruchem), oznaczanie zmian j\u0119zykowych, mechanizmy nietypowych s\u0142\u00f3w lub skr\u00f3t\u00f3w, wykrywanie b\u0142\u0119d\u00f3w lub opis w formularzach, sprawdzanie sp\u00f3jnej nawigacji lub komponent\u00f3w, zapewnianie nazwy, roli i warto\u015bci (ARIA) oraz oznaczanie komunikat\u00f3w o stanie dla czytnik\u00f3w ekranu nie s\u0105 automatycznie uwzgl\u0119dniane. Podobnie, tre\u015bci zewn\u0119trzne, takie jak katalogi PDF, obrazy bez pe\u0142nych tekst\u00f3w alternatywnych, z\u0142o\u017cone formularze (np. rezerwacje podr\u00f3\u017cy) lub filmy bez sp\u00f3jnych napis\u00f3w nie mog\u0105 by\u0107 automatycznie udost\u0119pniane. Do pe\u0142nego wdro\u017cenia wymagane s\u0105 indywidualne adaptacje.<\/p>","protected":false},"excerpt":{"rendered":"<p><span style=\"font-size: 110%;\"><strong data-start=\"163\" data-end=\"250\">Przetestuj skrypt dost\u0119pno\u015bci teraz bezp\u0142atnie - bez \u017cadnych zobowi\u0105za\u0144.<\/strong><\/span><br data-start=\"250\" data-end=\"253\" \/>Przekonaj si\u0119 sam, jak \u0142atwo jest wdro\u017cy\u0107 nowe <strong data-start=\"318\" data-end=\"356\">Dyrektywa UE w sprawie dost\u0119pno\u015bci<\/strong> dla stron internetowych.<br data-start=\"370\" data-end=\"373\" \/>Z naszym <strong data-start=\"385\" data-end=\"428\">Profesjonalny skrypt dost\u0119pno\u015bci<\/strong> Spraw, aby Twoja cyfrowa obecno\u015b\u0107 by\u0142a przysz\u0142o\u015bciowa i zgodna z prawem.<br data-start=\"497\" data-end=\"500\" \/>A najlepsze jest to, \u017ce mo\u017cesz nadal korzysta\u0107 z<br \/>\n<span style=\"font-size: 105%;\"><strong data-start=\"564\" data-end=\"586\">Anuluj w dowolnym momencie<\/strong> - kompletny <strong data-start=\"598\" data-end=\"617\">100% bez ryzyka<\/strong>.<\/span><\/p>","protected":false},"featured_media":0,"template":"","meta":[],"product_brand":[],"product_cat":[171],"product_tag":[],"class_list":{"0":"post-5125","1":"product","2":"type-product","3":"status-publish","5":"product_cat-software-tools","7":"first","8":"instock","9":"sale","10":"taxable","11":"shipping-taxable","12":"purchasable","13":"product-type-variable-subscription","14":"has-default-attributes"},"yoast_head":"<!-- This site is optimized with the Yoast SEO plugin v27.3 - https:\/\/yoast.com\/product\/yoast-seo-wordpress\/ -->\n<title>Barrierefreiheit-Script f\u00fcr Webseiten - AI 4 Performance<\/title>\n<meta name=\"robots\" content=\"index, follow, max-snippet:-1, max-image-preview:large, max-video-preview:-1\" \/>\n<link rel=\"canonical\" href=\"https:\/\/ai4performance.com\/pl\/produkt-3\/skrypt-dostepnosci-dla-stron-internetowych\/\" \/>\n<meta property=\"og:locale\" content=\"pl_PL\" \/>\n<meta property=\"og:type\" content=\"article\" \/>\n<meta property=\"og:title\" content=\"Barrierefreiheit-Script f\u00fcr Webseiten - AI 4 Performance\" \/>\n<meta property=\"og:description\" content=\"Testen Sie das Barrierefreiheit-Script jetzt kostenlos \u2013 ganz ohne Verpflichtungen.\u00dcberzeugen Sie sich selbst von der einfachen Umsetzung der neuen EU-Richtlinie zur Barrierefreiheit f\u00fcr Websites.Mit unserem professionellen Barrierefreiheit-Script machen Sie Ihren digitalen Auftritt zukunftssicher und rechtssicher.Und das Beste: Sie k\u00f6nnen w\u00e4hrend der Testphase und auch danach jederzeit k\u00fcndigen \u2013 komplett 100% risikofrei.\" \/>\n<meta property=\"og:url\" content=\"https:\/\/ai4performance.com\/pl\/produkt-3\/skrypt-dostepnosci-dla-stron-internetowych\/\" \/>\n<meta property=\"og:site_name\" content=\"AI 4 Performance\" \/>\n<meta property=\"article:modified_time\" content=\"2026-01-01T00:04:10+00:00\" \/>\n<meta name=\"twitter:card\" content=\"summary_large_image\" \/>\n<meta name=\"twitter:label1\" content=\"Est. reading time\" \/>\n\t<meta name=\"twitter:data1\" content=\"3 minutes\" \/>\n<script type=\"application\/ld+json\" class=\"yoast-schema-graph\">{\"@context\":\"https:\\\/\\\/schema.org\",\"@graph\":[{\"@type\":\"WebPage\",\"@id\":\"https:\\\/\\\/ai4performance.com\\\/produkt\\\/barrierefreiheits-script-fuer-webseiten\\\/\",\"url\":\"https:\\\/\\\/ai4performance.com\\\/produkt\\\/barrierefreiheits-script-fuer-webseiten\\\/\",\"name\":\"Barrierefreiheit-Script f\u00fcr Webseiten - AI 4 Performance\",\"isPartOf\":{\"@id\":\"https:\\\/\\\/ai4performance.com\\\/#website\"},\"datePublished\":\"2025-07-09T13:27:26+00:00\",\"dateModified\":\"2026-01-01T00:04:10+00:00\",\"breadcrumb\":{\"@id\":\"https:\\\/\\\/ai4performance.com\\\/produkt\\\/barrierefreiheits-script-fuer-webseiten\\\/#breadcrumb\"},\"inLanguage\":\"pl-PL\",\"potentialAction\":[{\"@type\":\"ReadAction\",\"target\":[\"https:\\\/\\\/ai4performance.com\\\/produkt\\\/barrierefreiheits-script-fuer-webseiten\\\/\"]}]},{\"@type\":\"BreadcrumbList\",\"@id\":\"https:\\\/\\\/ai4performance.com\\\/produkt\\\/barrierefreiheits-script-fuer-webseiten\\\/#breadcrumb\",\"itemListElement\":[{\"@type\":\"ListItem\",\"position\":1,\"name\":\"Startseite\",\"item\":\"https:\\\/\\\/ai4performance.com\\\/\"},{\"@type\":\"ListItem\",\"position\":2,\"name\":\"Shop\",\"item\":\"https:\\\/\\\/ai4performance.com\\\/shop\\\/\"},{\"@type\":\"ListItem\",\"position\":3,\"name\":\"Barrierefreiheit-Script f\u00fcr Webseiten\"}]},{\"@type\":\"WebSite\",\"@id\":\"https:\\\/\\\/ai4performance.com\\\/#website\",\"url\":\"https:\\\/\\\/ai4performance.com\\\/\",\"name\":\"AI 4 Performance\",\"description\":\"\",\"publisher\":{\"@id\":\"https:\\\/\\\/ai4performance.com\\\/#organization\"},\"potentialAction\":[{\"@type\":\"SearchAction\",\"target\":{\"@type\":\"EntryPoint\",\"urlTemplate\":\"https:\\\/\\\/ai4performance.com\\\/?s={search_term_string}\"},\"query-input\":{\"@type\":\"PropertyValueSpecification\",\"valueRequired\":true,\"valueName\":\"search_term_string\"}}],\"inLanguage\":\"pl-PL\"},{\"@type\":\"Organization\",\"@id\":\"https:\\\/\\\/ai4performance.com\\\/#organization\",\"name\":\"AI 4 Performance\",\"url\":\"https:\\\/\\\/ai4performance.com\\\/\",\"logo\":{\"@type\":\"ImageObject\",\"inLanguage\":\"pl-PL\",\"@id\":\"https:\\\/\\\/ai4performance.com\\\/#\\\/schema\\\/logo\\\/image\\\/\",\"url\":\"https:\\\/\\\/ai4performance.com\\\/wp-content\\\/uploads\\\/2016\\\/08\\\/logo.svg\",\"contentUrl\":\"https:\\\/\\\/ai4performance.com\\\/wp-content\\\/uploads\\\/2016\\\/08\\\/logo.svg\",\"width\":1,\"height\":1,\"caption\":\"AI 4 Performance\"},\"image\":{\"@id\":\"https:\\\/\\\/ai4performance.com\\\/#\\\/schema\\\/logo\\\/image\\\/\"}}]}<\/script>\n<!-- \/ Yoast SEO plugin. -->","yoast_head_json":{"title":"Skrypt dost\u0119pno\u015bci dla stron internetowych - AI 4 Performance","robots":{"index":"index","follow":"follow","max-snippet":"max-snippet:-1","max-image-preview":"max-image-preview:large","max-video-preview":"max-video-preview:-1"},"canonical":"https:\/\/ai4performance.com\/pl\/produkt-3\/skrypt-dostepnosci-dla-stron-internetowych\/","og_locale":"pl_PL","og_type":"article","og_title":"Barrierefreiheit-Script f\u00fcr Webseiten - AI 4 Performance","og_description":"Testen Sie das Barrierefreiheit-Script jetzt kostenlos \u2013 ganz ohne Verpflichtungen.\u00dcberzeugen Sie sich selbst von der einfachen Umsetzung der neuen EU-Richtlinie zur Barrierefreiheit f\u00fcr Websites.Mit unserem professionellen Barrierefreiheit-Script machen Sie Ihren digitalen Auftritt zukunftssicher und rechtssicher.Und das Beste: Sie k\u00f6nnen w\u00e4hrend der Testphase und auch danach jederzeit k\u00fcndigen \u2013 komplett 100% risikofrei.","og_url":"https:\/\/ai4performance.com\/pl\/produkt-3\/skrypt-dostepnosci-dla-stron-internetowych\/","og_site_name":"AI 4 Performance","article_modified_time":"2026-01-01T00:04:10+00:00","twitter_card":"summary_large_image","twitter_misc":{"Est. reading time":"3 minutes"},"schema":{"@context":"https:\/\/schema.org","@graph":[{"@type":"WebPage","@id":"https:\/\/ai4performance.com\/produkt\/barrierefreiheits-script-fuer-webseiten\/","url":"https:\/\/ai4performance.com\/produkt\/barrierefreiheits-script-fuer-webseiten\/","name":"Skrypt dost\u0119pno\u015bci dla stron internetowych - AI 4 Performance","isPartOf":{"@id":"https:\/\/ai4performance.com\/#website"},"datePublished":"2025-07-09T13:27:26+00:00","dateModified":"2026-01-01T00:04:10+00:00","breadcrumb":{"@id":"https:\/\/ai4performance.com\/produkt\/barrierefreiheits-script-fuer-webseiten\/#breadcrumb"},"inLanguage":"pl-PL","potentialAction":[{"@type":"ReadAction","target":["https:\/\/ai4performance.com\/produkt\/barrierefreiheits-script-fuer-webseiten\/"]}]},{"@type":"BreadcrumbList","@id":"https:\/\/ai4performance.com\/produkt\/barrierefreiheits-script-fuer-webseiten\/#breadcrumb","itemListElement":[{"@type":"ListItem","position":1,"name":"Startseite","item":"https:\/\/ai4performance.com\/"},{"@type":"ListItem","position":2,"name":"Shop","item":"https:\/\/ai4performance.com\/shop\/"},{"@type":"ListItem","position":3,"name":"Barrierefreiheit-Script f\u00fcr Webseiten"}]},{"@type":"WebSite","@id":"https:\/\/ai4performance.com\/#website","url":"https:\/\/ai4performance.com\/","name":"AI 4 Wydajno\u015b\u0107","description":"","publisher":{"@id":"https:\/\/ai4performance.com\/#organization"},"potentialAction":[{"@type":"SearchAction","target":{"@type":"EntryPoint","urlTemplate":"https:\/\/ai4performance.com\/?s={search_term_string}"},"query-input":{"@type":"PropertyValueSpecification","valueRequired":true,"valueName":"search_term_string"}}],"inLanguage":"pl-PL"},{"@type":"Organization","@id":"https:\/\/ai4performance.com\/#organization","name":"AI 4 Wydajno\u015b\u0107","url":"https:\/\/ai4performance.com\/","logo":{"@type":"ImageObject","inLanguage":"pl-PL","@id":"https:\/\/ai4performance.com\/#\/schema\/logo\/image\/","url":"https:\/\/ai4performance.com\/wp-content\/uploads\/2016\/08\/logo.svg","contentUrl":"https:\/\/ai4performance.com\/wp-content\/uploads\/2016\/08\/logo.svg","width":1,"height":1,"caption":"AI 4 Performance"},"image":{"@id":"https:\/\/ai4performance.com\/#\/schema\/logo\/image\/"}}]}},"_links":{"self":[{"href":"https:\/\/ai4performance.com\/pl\/wp-json\/wp\/v2\/product\/5125","targetHints":{"allow":["GET"]}}],"collection":[{"href":"https:\/\/ai4performance.com\/pl\/wp-json\/wp\/v2\/product"}],"about":[{"href":"https:\/\/ai4performance.com\/pl\/wp-json\/wp\/v2\/types\/product"}],"wp:attachment":[{"href":"https:\/\/ai4performance.com\/pl\/wp-json\/wp\/v2\/media?parent=5125"}],"wp:term":[{"taxonomy":"product_brand","embeddable":true,"href":"https:\/\/ai4performance.com\/pl\/wp-json\/wp\/v2\/product_brand?post=5125"},{"taxonomy":"product_cat","embeddable":true,"href":"https:\/\/ai4performance.com\/pl\/wp-json\/wp\/v2\/product_cat?post=5125"},{"taxonomy":"product_tag","embeddable":true,"href":"https:\/\/ai4performance.com\/pl\/wp-json\/wp\/v2\/product_tag?post=5125"}],"curies":[{"name":"wp","href":"https:\/\/api.w.org\/{rel}","templated":true}]}}