{"id":2508,"date":"2025-04-14T13:58:07","date_gmt":"2025-04-14T11:58:07","guid":{"rendered":"https:\/\/ai4performance.com\/?post_type=product&#038;p=2508"},"modified":"2025-06-03T16:42:28","modified_gmt":"2025-06-03T14:42:28","slug":"miesieczne-szkolenie-aktualizacyjne-dla-asystentow-ki-2","status":"publish","type":"product","link":"https:\/\/ai4performance.com\/pl\/produkt-3\/miesieczne-szkolenie-aktualizacyjne-dla-asystentow-ki-2\/","title":{"rendered":"Asystent j\u0119zykowy AI dla Pa\u0144stwa firmy"},"content":{"rendered":"<p class=\"\" data-start=\"134\" data-end=\"265\"><strong data-start=\"134\" data-end=\"221\">Asystent g\u0142osowy AI dla Twojej firmy - dost\u0119pny 24\/7, niezawodny i inteligentny<\/strong><br data-start=\"221\" data-end=\"224\" \/><strong data-start=\"224\" data-end=\"265\">Cena miesi\u0119czna: 289 \u20ac (z VAT)<\/strong><\/p>\n<p class=\"\" data-start=\"267\" data-end=\"605\">Nasz asystent g\u0142osowy oparty na sztucznej inteligencji to Tw\u00f3j cyfrowy pracownik, kt\u00f3ry odbiera telefony przez ca\u0142\u0105 dob\u0119, koordynuje spotkania i odpowiada na typowe pytania - przyjazny, kompetentny i w pe\u0142ni zautomatyzowany. Idealny dla firm, kt\u00f3re chc\u0105 poprawi\u0107 swoj\u0105 dost\u0119pno\u015b\u0107, odci\u0105\u017cy\u0107 pracownik\u00f3w i zaoferowa\u0107 nowoczesn\u0105 obs\u0142ug\u0119 klienta.<\/p>\n<p class=\"\" data-start=\"607\" data-end=\"949\">Konfiguracja jest dostosowana do Twojej bran\u017cy i wymaga\u0144 - w tym profesjonalny g\u0142os, odbieranie po\u0142\u0105cze\u0144, funkcja umawiania spotka\u0144 (opcjonalnie z po\u0142\u0105czeniem z kalendarzem) i przetwarzanie danych zgodne z RODO. Czy to w ci\u0105gu dnia przy du\u017cej liczbie po\u0142\u0105cze\u0144, czy w nocy poza godzinami pracy: Tw\u00f3j asystent AI jest zawsze dost\u0119pny.<\/p>\n<p class=\"\" data-start=\"951\" data-end=\"1215\">Obejmuje to do 300 po\u0142\u0105cze\u0144 miesi\u0119cznie, dost\u0119p do portalu analitycznego do oceny po\u0142\u0105cze\u0144, integracj\u0119 za po\u015brednictwem witryny internetowej, a tak\u017ce wsparcie i konserwacj\u0119. Po wdro\u017ceniu asystent jest zwykle gotowy do u\u017cycia w ci\u0105gu 48 godzin.<\/p>\n<p class=\"\" data-start=\"1217\" data-end=\"1403\">\u2714\ufe0f dost\u0119pny 24\/7<br data-start=\"1234\" data-end=\"1237\" \/>\u2714\ufe0f Dostosowane<br data-start=\"1261\" data-end=\"1264\" \/>\u2714\ufe0f Dla us\u0142ugodawc\u00f3w, kancelarii prawnych, gabinet\u00f3w, firm rzemie\u015blniczych i nie tylko<br data-start=\"1329\" data-end=\"1332\" \/>\u2714\ufe0f Mo\u017cliwo\u015b\u0107 anulowania co miesi\u0105c po 3 miesi\u0105cach<br data-start=\"1367\" data-end=\"1370\" \/>\u2714\ufe0f Wsparcie osobiste wliczone w cen\u0119<\/p>","protected":false},"excerpt":{"rendered":"<p><strong data-start=\"1501\" data-end=\"1564\">Tw\u00f3j cyfrowy asystent telefoniczny - dost\u0119pny przez ca\u0142\u0105 dob\u0119. <\/strong>Profesjonalny asystent g\u0142osowy AI dla firm, kt\u00f3ry odbiera po\u0142\u0105czenia, umawia spotkania i odpowiada na najcz\u0119\u015bciej zadawane pytania - w pe\u0142ni zautomatyzowany, spersonalizowany i zgodny z RODO. Idealny do odci\u0105\u017cenia zespo\u0142u i optymalizacji obs\u0142ugi klienta<\/p>","protected":false},"featured_media":0,"template":"","meta":[],"product_brand":[],"product_cat":[108],"product_tag":[],"class_list":{"0":"post-2508","1":"product","2":"type-product","3":"status-publish","5":"product_cat-ki-assistent","7":"first","8":"instock","9":"sold-individually","10":"taxable","11":"shipping-taxable","12":"purchasable","13":"product-type-subscription"},"yoast_head":"<!-- This site is optimized with the Yoast SEO plugin v27.3 - https:\/\/yoast.com\/product\/yoast-seo-wordpress\/ -->\n<title>KI-Sprachassistent f\u00fcr Ihr Unternehmen - AI 4 Performance<\/title>\n<meta name=\"robots\" content=\"index, follow, max-snippet:-1, max-image-preview:large, max-video-preview:-1\" \/>\n<link rel=\"canonical\" href=\"https:\/\/ai4performance.com\/pl\/produkt-3\/miesieczne-szkolenie-aktualizacyjne-dla-asystentow-ki-2\/\" \/>\n<meta property=\"og:locale\" content=\"pl_PL\" \/>\n<meta property=\"og:type\" content=\"article\" \/>\n<meta property=\"og:title\" content=\"KI-Sprachassistent f\u00fcr Ihr Unternehmen - AI 4 Performance\" \/>\n<meta property=\"og:description\" content=\"Ihr digitaler Telefonassistent \u2013 rund um die Uhr verf\u00fcgbar. Professioneller KI-Sprachassistent f\u00fcr Unternehmen, der Anrufe entgegennimmt, Termine vereinbart und h\u00e4ufige Fragen beantwortet \u2013 vollautomatisch, individuell angepasst und DSGVO-konform. Ideal zur Entlastung Ihres Teams und zur Optimierung Ihres Kundenservices\" \/>\n<meta property=\"og:url\" content=\"https:\/\/ai4performance.com\/pl\/produkt-3\/miesieczne-szkolenie-aktualizacyjne-dla-asystentow-ki-2\/\" \/>\n<meta property=\"og:site_name\" content=\"AI 4 Performance\" \/>\n<meta property=\"article:modified_time\" content=\"2025-06-03T14:42:28+00:00\" \/>\n<meta name=\"twitter:card\" content=\"summary_large_image\" \/>\n<meta name=\"twitter:label1\" content=\"Est. reading time\" \/>\n\t<meta name=\"twitter:data1\" content=\"1 minute\" \/>\n<script type=\"application\/ld+json\" class=\"yoast-schema-graph\">{\"@context\":\"https:\\\/\\\/schema.org\",\"@graph\":[{\"@type\":\"WebPage\",\"@id\":\"https:\\\/\\\/ai4performance.com\\\/produkt\\\/ki-sprachassistent-fuer-ihr-unternehmen\\\/\",\"url\":\"https:\\\/\\\/ai4performance.com\\\/produkt\\\/ki-sprachassistent-fuer-ihr-unternehmen\\\/\",\"name\":\"KI-Sprachassistent f\u00fcr Ihr Unternehmen - AI 4 Performance\",\"isPartOf\":{\"@id\":\"https:\\\/\\\/ai4performance.com\\\/#website\"},\"datePublished\":\"2025-04-14T11:58:07+00:00\",\"dateModified\":\"2025-06-03T14:42:28+00:00\",\"breadcrumb\":{\"@id\":\"https:\\\/\\\/ai4performance.com\\\/produkt\\\/ki-sprachassistent-fuer-ihr-unternehmen\\\/#breadcrumb\"},\"inLanguage\":\"pl-PL\",\"potentialAction\":[{\"@type\":\"ReadAction\",\"target\":[\"https:\\\/\\\/ai4performance.com\\\/produkt\\\/ki-sprachassistent-fuer-ihr-unternehmen\\\/\"]}]},{\"@type\":\"BreadcrumbList\",\"@id\":\"https:\\\/\\\/ai4performance.com\\\/produkt\\\/ki-sprachassistent-fuer-ihr-unternehmen\\\/#breadcrumb\",\"itemListElement\":[{\"@type\":\"ListItem\",\"position\":1,\"name\":\"Startseite\",\"item\":\"https:\\\/\\\/ai4performance.com\\\/\"},{\"@type\":\"ListItem\",\"position\":2,\"name\":\"Shop\",\"item\":\"https:\\\/\\\/ai4performance.com\\\/shop\\\/\"},{\"@type\":\"ListItem\",\"position\":3,\"name\":\"KI-Sprachassistent f\u00fcr Ihr Unternehmen\"}]},{\"@type\":\"WebSite\",\"@id\":\"https:\\\/\\\/ai4performance.com\\\/#website\",\"url\":\"https:\\\/\\\/ai4performance.com\\\/\",\"name\":\"AI 4 Performance\",\"description\":\"\",\"publisher\":{\"@id\":\"https:\\\/\\\/ai4performance.com\\\/#organization\"},\"potentialAction\":[{\"@type\":\"SearchAction\",\"target\":{\"@type\":\"EntryPoint\",\"urlTemplate\":\"https:\\\/\\\/ai4performance.com\\\/?s={search_term_string}\"},\"query-input\":{\"@type\":\"PropertyValueSpecification\",\"valueRequired\":true,\"valueName\":\"search_term_string\"}}],\"inLanguage\":\"pl-PL\"},{\"@type\":\"Organization\",\"@id\":\"https:\\\/\\\/ai4performance.com\\\/#organization\",\"name\":\"AI 4 Performance\",\"url\":\"https:\\\/\\\/ai4performance.com\\\/\",\"logo\":{\"@type\":\"ImageObject\",\"inLanguage\":\"pl-PL\",\"@id\":\"https:\\\/\\\/ai4performance.com\\\/#\\\/schema\\\/logo\\\/image\\\/\",\"url\":\"https:\\\/\\\/ai4performance.com\\\/wp-content\\\/uploads\\\/2016\\\/08\\\/logo.svg\",\"contentUrl\":\"https:\\\/\\\/ai4performance.com\\\/wp-content\\\/uploads\\\/2016\\\/08\\\/logo.svg\",\"width\":1,\"height\":1,\"caption\":\"AI 4 Performance\"},\"image\":{\"@id\":\"https:\\\/\\\/ai4performance.com\\\/#\\\/schema\\\/logo\\\/image\\\/\"}}]}<\/script>\n<!-- \/ Yoast SEO plugin. -->","yoast_head_json":{"title":"KI-Sprachassistent f\u00fcr Ihr Unternehmen - AI 4 Performance","robots":{"index":"index","follow":"follow","max-snippet":"max-snippet:-1","max-image-preview":"max-image-preview:large","max-video-preview":"max-video-preview:-1"},"canonical":"https:\/\/ai4performance.com\/pl\/produkt-3\/miesieczne-szkolenie-aktualizacyjne-dla-asystentow-ki-2\/","og_locale":"pl_PL","og_type":"article","og_title":"KI-Sprachassistent f\u00fcr Ihr Unternehmen - AI 4 Performance","og_description":"Ihr digitaler Telefonassistent \u2013 rund um die Uhr verf\u00fcgbar. Professioneller KI-Sprachassistent f\u00fcr Unternehmen, der Anrufe entgegennimmt, Termine vereinbart und h\u00e4ufige Fragen beantwortet \u2013 vollautomatisch, individuell angepasst und DSGVO-konform. Ideal zur Entlastung Ihres Teams und zur Optimierung Ihres Kundenservices","og_url":"https:\/\/ai4performance.com\/pl\/produkt-3\/miesieczne-szkolenie-aktualizacyjne-dla-asystentow-ki-2\/","og_site_name":"AI 4 Performance","article_modified_time":"2025-06-03T14:42:28+00:00","twitter_card":"summary_large_image","twitter_misc":{"Est. reading time":"1 minute"},"schema":{"@context":"https:\/\/schema.org","@graph":[{"@type":"WebPage","@id":"https:\/\/ai4performance.com\/produkt\/ki-sprachassistent-fuer-ihr-unternehmen\/","url":"https:\/\/ai4performance.com\/produkt\/ki-sprachassistent-fuer-ihr-unternehmen\/","name":"KI-Sprachassistent f\u00fcr Ihr Unternehmen - AI 4 Performance","isPartOf":{"@id":"https:\/\/ai4performance.com\/#website"},"datePublished":"2025-04-14T11:58:07+00:00","dateModified":"2025-06-03T14:42:28+00:00","breadcrumb":{"@id":"https:\/\/ai4performance.com\/produkt\/ki-sprachassistent-fuer-ihr-unternehmen\/#breadcrumb"},"inLanguage":"pl-PL","potentialAction":[{"@type":"ReadAction","target":["https:\/\/ai4performance.com\/produkt\/ki-sprachassistent-fuer-ihr-unternehmen\/"]}]},{"@type":"BreadcrumbList","@id":"https:\/\/ai4performance.com\/produkt\/ki-sprachassistent-fuer-ihr-unternehmen\/#breadcrumb","itemListElement":[{"@type":"ListItem","position":1,"name":"Startseite","item":"https:\/\/ai4performance.com\/"},{"@type":"ListItem","position":2,"name":"Shop","item":"https:\/\/ai4performance.com\/shop\/"},{"@type":"ListItem","position":3,"name":"KI-Sprachassistent f\u00fcr Ihr Unternehmen"}]},{"@type":"WebSite","@id":"https:\/\/ai4performance.com\/#website","url":"https:\/\/ai4performance.com\/","name":"AI 4 Wydajno\u015b\u0107","description":"","publisher":{"@id":"https:\/\/ai4performance.com\/#organization"},"potentialAction":[{"@type":"SearchAction","target":{"@type":"EntryPoint","urlTemplate":"https:\/\/ai4performance.com\/?s={search_term_string}"},"query-input":{"@type":"PropertyValueSpecification","valueRequired":true,"valueName":"search_term_string"}}],"inLanguage":"pl-PL"},{"@type":"Organization","@id":"https:\/\/ai4performance.com\/#organization","name":"AI 4 Wydajno\u015b\u0107","url":"https:\/\/ai4performance.com\/","logo":{"@type":"ImageObject","inLanguage":"pl-PL","@id":"https:\/\/ai4performance.com\/#\/schema\/logo\/image\/","url":"https:\/\/ai4performance.com\/wp-content\/uploads\/2016\/08\/logo.svg","contentUrl":"https:\/\/ai4performance.com\/wp-content\/uploads\/2016\/08\/logo.svg","width":1,"height":1,"caption":"AI 4 Performance"},"image":{"@id":"https:\/\/ai4performance.com\/#\/schema\/logo\/image\/"}}]}},"_links":{"self":[{"href":"https:\/\/ai4performance.com\/pl\/wp-json\/wp\/v2\/product\/2508","targetHints":{"allow":["GET"]}}],"collection":[{"href":"https:\/\/ai4performance.com\/pl\/wp-json\/wp\/v2\/product"}],"about":[{"href":"https:\/\/ai4performance.com\/pl\/wp-json\/wp\/v2\/types\/product"}],"wp:attachment":[{"href":"https:\/\/ai4performance.com\/pl\/wp-json\/wp\/v2\/media?parent=2508"}],"wp:term":[{"taxonomy":"product_brand","embeddable":true,"href":"https:\/\/ai4performance.com\/pl\/wp-json\/wp\/v2\/product_brand?post=2508"},{"taxonomy":"product_cat","embeddable":true,"href":"https:\/\/ai4performance.com\/pl\/wp-json\/wp\/v2\/product_cat?post=2508"},{"taxonomy":"product_tag","embeddable":true,"href":"https:\/\/ai4performance.com\/pl\/wp-json\/wp\/v2\/product_tag?post=2508"}],"curies":[{"name":"wp","href":"https:\/\/api.w.org\/{rel}","templated":true}]}}