{"id":2287,"date":"2025-01-04T16:41:01","date_gmt":"2025-01-04T15:41:01","guid":{"rendered":"https:\/\/ai4performance.com\/?post_type=product&#038;p=2287"},"modified":"2025-02-17T10:20:28","modified_gmt":"2025-02-17T09:20:28","slug":"spersonalizowana-usluga-publikowania-w-mediach-spolecznosciowych-4","status":"publish","type":"product","link":"https:\/\/ai4performance.com\/pl\/produkt-3\/spersonalizowana-usluga-publikowania-w-mediach-spolecznosciowych-4\/","title":{"rendered":"W pe\u0142ni zautomatyzowana us\u0142uga publikowania post\u00f3w w mediach spo\u0142eczno\u015bciowych dla agent\u00f3w nieruchomo\u015bci"},"content":{"rendered":"<h3>Us\u0142uga publikowania w mediach spo\u0142eczno\u015bciowych: idealne rozwi\u0105zanie dla agent\u00f3w nieruchomo\u015bci<\/h3>\n<p><strong>Tw\u00f3j sukces w mediach spo\u0142eczno\u015bciowych - w pe\u0142ni zautomatyzowany!<\/strong><br \/>\nNasza specjalnie opracowana us\u0142uga publikowania w mediach spo\u0142eczno\u015bciowych dla agent\u00f3w nieruchomo\u015bci zapewnia, \u017ce filmy i tre\u015bci dotycz\u0105ce nieruchomo\u015bci s\u0105 publikowane dok\u0142adnie we w\u0142a\u015bciwym czasie i na najlepszych platformach. Pozwala to osi\u0105gn\u0105\u0107 maksymaln\u0105 uwag\u0119 i zwi\u0119kszy\u0107 zasi\u0119g bez dodatkowego wysi\u0142ku.<\/p>\n<hr \/>\n<h3><strong>Co oferujemy agentom nieruchomo\u015bci:<\/strong><\/h3>\n<ol>\n<li><strong>Indywidualna strategia medi\u00f3w spo\u0142eczno\u015bciowych:<\/strong><br \/>\nOpracowujemy w pe\u0142ni zautomatyzowany plan publikowania, kt\u00f3ry jest dostosowany do grupy docelowej i marki - idealny do prezentacji nieruchomo\u015bci w najlepszy mo\u017cliwy spos\u00f3b.<\/li>\n<li><strong>Regularne publikacje:<\/strong><br \/>\nPublikujemy posty dotycz\u0105ce nieruchomo\u015bci w spos\u00f3b ci\u0105g\u0142y i w najlepszych momentach na Instagramie, TikTok, Facebooku, LinkedIn i YouTube.<\/li>\n<li><strong>Ukierunkowane zwracanie si\u0119 do grupy docelowej:<\/strong><br \/>\nNasza strategia gwarantuje, \u017ce Twoje posty dotr\u0105 dok\u0142adnie do zainteresowanych stron - kupuj\u0105cych, najemc\u00f3w lub inwestor\u00f3w.<\/li>\n<li><strong>Budowanie marki i obecno\u015b\u0107 na rynku:<\/strong><br \/>\nDzi\u0119ki regularnemu i kreatywnemu wk\u0142adowi zapewniamy, \u017ce Twoja marka pozostaje widoczna w mediach spo\u0142eczno\u015bciowych i rozwija si\u0119 w spos\u00f3b zr\u00f3wnowa\u017cony.<\/li>\n<\/ol>\n<hr \/>\n<h3><strong>Dlaczego ta us\u0142uga jest niezb\u0119dna dla broker\u00f3w?<\/strong><\/h3>\n<ul>\n<li><strong>Oszcz\u0119dno\u015b\u0107 czasu:<\/strong> Skoncentruj si\u0119 na swoich podstawowych zadaniach, podczas gdy my b\u0119dziemy strategicznie publikowa\u0107 Twoje tre\u015bci.<\/li>\n<li><strong>Wi\u0119kszy zasi\u0119g:<\/strong> Dzi\u0119ki naszej wiedzy mo\u017cesz dotrze\u0107 do wi\u0119kszej liczby potencjalnych nabywc\u00f3w i najemc\u00f3w ni\u017c kiedykolwiek wcze\u015bniej.<\/li>\n<li><strong>Prosty i wydajny:<\/strong> Zautomatyzowane procesy gwarantuj\u0105 doskona\u0142e wyniki bez konieczno\u015bci martwienia si\u0119 o szczeg\u00f3\u0142y.<\/li>\n<\/ul>\n<p>&nbsp;<\/p>","protected":false},"excerpt":{"rendered":"<p>Nasz specjalnie opracowany <strong>Us\u0142uga publikowania w mediach spo\u0142eczno\u015bciowych dla agent\u00f3w nieruchomo\u015bci<\/strong> zapewnia, \u017ce filmy i tre\u015bci dotycz\u0105ce nieruchomo\u015bci s\u0105 publikowane dok\u0142adnie we w\u0142a\u015bciwym czasie i na najlepszych platformach.<\/p>","protected":false},"featured_media":0,"template":"","meta":[],"product_brand":[],"product_cat":[72],"product_tag":[],"class_list":{"0":"post-2287","1":"product","2":"type-product","3":"status-publish","5":"product_cat-social-media-services","7":"first","8":"instock","9":"sale","10":"featured","11":"taxable","12":"shipping-taxable","13":"purchasable","14":"product-type-variable-subscription","15":"has-default-attributes"},"yoast_head":"<!-- This site is optimized with the Yoast SEO plugin v27.3 - https:\/\/yoast.com\/product\/yoast-seo-wordpress\/ -->\n<title>Vollautomatischer Social Media Posting Service f\u00fcr Immobilienmakler - AI 4 Performance<\/title>\n<meta name=\"robots\" content=\"index, follow, max-snippet:-1, max-image-preview:large, max-video-preview:-1\" \/>\n<link rel=\"canonical\" href=\"https:\/\/ai4performance.com\/pl\/produkt-3\/spersonalizowana-usluga-publikowania-w-mediach-spolecznosciowych-4\/\" \/>\n<meta property=\"og:locale\" content=\"pl_PL\" \/>\n<meta property=\"og:type\" content=\"article\" \/>\n<meta property=\"og:title\" content=\"Vollautomatischer Social Media Posting Service f\u00fcr Immobilienmakler - AI 4 Performance\" \/>\n<meta property=\"og:description\" content=\"Unser speziell entwickelter Social Media Posting Service f\u00fcr Immobilienmakler sorgt daf\u00fcr, dass Ihre Immobilienvideos und Inhalte genau zur richtigen Zeit und auf den besten Plattformen ver\u00f6ffentlicht werden.\" \/>\n<meta property=\"og:url\" content=\"https:\/\/ai4performance.com\/pl\/produkt-3\/spersonalizowana-usluga-publikowania-w-mediach-spolecznosciowych-4\/\" \/>\n<meta property=\"og:site_name\" content=\"AI 4 Performance\" \/>\n<meta property=\"article:modified_time\" content=\"2025-02-17T09:20:28+00:00\" \/>\n<meta name=\"twitter:card\" content=\"summary_large_image\" \/>\n<meta name=\"twitter:label1\" content=\"Est. reading time\" \/>\n\t<meta name=\"twitter:data1\" content=\"1 minute\" \/>\n<script type=\"application\/ld+json\" class=\"yoast-schema-graph\">{\"@context\":\"https:\\\/\\\/schema.org\",\"@graph\":[{\"@type\":\"WebPage\",\"@id\":\"https:\\\/\\\/ai4performance.com\\\/produkt\\\/vollautomatischer-social-media-posting-service-fuer-immobilienmakler\\\/\",\"url\":\"https:\\\/\\\/ai4performance.com\\\/produkt\\\/vollautomatischer-social-media-posting-service-fuer-immobilienmakler\\\/\",\"name\":\"Vollautomatischer Social Media Posting Service f\u00fcr Immobilienmakler - AI 4 Performance\",\"isPartOf\":{\"@id\":\"https:\\\/\\\/ai4performance.com\\\/#website\"},\"datePublished\":\"2025-01-04T15:41:01+00:00\",\"dateModified\":\"2025-02-17T09:20:28+00:00\",\"breadcrumb\":{\"@id\":\"https:\\\/\\\/ai4performance.com\\\/produkt\\\/vollautomatischer-social-media-posting-service-fuer-immobilienmakler\\\/#breadcrumb\"},\"inLanguage\":\"pl-PL\",\"potentialAction\":[{\"@type\":\"ReadAction\",\"target\":[\"https:\\\/\\\/ai4performance.com\\\/produkt\\\/vollautomatischer-social-media-posting-service-fuer-immobilienmakler\\\/\"]}]},{\"@type\":\"BreadcrumbList\",\"@id\":\"https:\\\/\\\/ai4performance.com\\\/produkt\\\/vollautomatischer-social-media-posting-service-fuer-immobilienmakler\\\/#breadcrumb\",\"itemListElement\":[{\"@type\":\"ListItem\",\"position\":1,\"name\":\"Startseite\",\"item\":\"https:\\\/\\\/ai4performance.com\\\/\"},{\"@type\":\"ListItem\",\"position\":2,\"name\":\"Shop\",\"item\":\"https:\\\/\\\/ai4performance.com\\\/shop\\\/\"},{\"@type\":\"ListItem\",\"position\":3,\"name\":\"Vollautomatischer Social Media Posting Service f\u00fcr Immobilienmakler\"}]},{\"@type\":\"WebSite\",\"@id\":\"https:\\\/\\\/ai4performance.com\\\/#website\",\"url\":\"https:\\\/\\\/ai4performance.com\\\/\",\"name\":\"AI 4 Performance\",\"description\":\"\",\"publisher\":{\"@id\":\"https:\\\/\\\/ai4performance.com\\\/#organization\"},\"potentialAction\":[{\"@type\":\"SearchAction\",\"target\":{\"@type\":\"EntryPoint\",\"urlTemplate\":\"https:\\\/\\\/ai4performance.com\\\/?s={search_term_string}\"},\"query-input\":{\"@type\":\"PropertyValueSpecification\",\"valueRequired\":true,\"valueName\":\"search_term_string\"}}],\"inLanguage\":\"pl-PL\"},{\"@type\":\"Organization\",\"@id\":\"https:\\\/\\\/ai4performance.com\\\/#organization\",\"name\":\"AI 4 Performance\",\"url\":\"https:\\\/\\\/ai4performance.com\\\/\",\"logo\":{\"@type\":\"ImageObject\",\"inLanguage\":\"pl-PL\",\"@id\":\"https:\\\/\\\/ai4performance.com\\\/#\\\/schema\\\/logo\\\/image\\\/\",\"url\":\"https:\\\/\\\/ai4performance.com\\\/wp-content\\\/uploads\\\/2016\\\/08\\\/logo.svg\",\"contentUrl\":\"https:\\\/\\\/ai4performance.com\\\/wp-content\\\/uploads\\\/2016\\\/08\\\/logo.svg\",\"width\":1,\"height\":1,\"caption\":\"AI 4 Performance\"},\"image\":{\"@id\":\"https:\\\/\\\/ai4performance.com\\\/#\\\/schema\\\/logo\\\/image\\\/\"}}]}<\/script>\n<!-- \/ Yoast SEO plugin. -->","yoast_head_json":{"title":"W pe\u0142ni zautomatyzowana us\u0142uga publikowania post\u00f3w w mediach spo\u0142eczno\u015bciowych dla agent\u00f3w nieruchomo\u015bci - AI 4 Performance","robots":{"index":"index","follow":"follow","max-snippet":"max-snippet:-1","max-image-preview":"max-image-preview:large","max-video-preview":"max-video-preview:-1"},"canonical":"https:\/\/ai4performance.com\/pl\/produkt-3\/spersonalizowana-usluga-publikowania-w-mediach-spolecznosciowych-4\/","og_locale":"pl_PL","og_type":"article","og_title":"Vollautomatischer Social Media Posting Service f\u00fcr Immobilienmakler - AI 4 Performance","og_description":"Unser speziell entwickelter Social Media Posting Service f\u00fcr Immobilienmakler sorgt daf\u00fcr, dass Ihre Immobilienvideos und Inhalte genau zur richtigen Zeit und auf den besten Plattformen ver\u00f6ffentlicht werden.","og_url":"https:\/\/ai4performance.com\/pl\/produkt-3\/spersonalizowana-usluga-publikowania-w-mediach-spolecznosciowych-4\/","og_site_name":"AI 4 Performance","article_modified_time":"2025-02-17T09:20:28+00:00","twitter_card":"summary_large_image","twitter_misc":{"Est. reading time":"1 minute"},"schema":{"@context":"https:\/\/schema.org","@graph":[{"@type":"WebPage","@id":"https:\/\/ai4performance.com\/produkt\/vollautomatischer-social-media-posting-service-fuer-immobilienmakler\/","url":"https:\/\/ai4performance.com\/produkt\/vollautomatischer-social-media-posting-service-fuer-immobilienmakler\/","name":"W pe\u0142ni zautomatyzowana us\u0142uga publikowania post\u00f3w w mediach spo\u0142eczno\u015bciowych dla agent\u00f3w nieruchomo\u015bci - AI 4 Performance","isPartOf":{"@id":"https:\/\/ai4performance.com\/#website"},"datePublished":"2025-01-04T15:41:01+00:00","dateModified":"2025-02-17T09:20:28+00:00","breadcrumb":{"@id":"https:\/\/ai4performance.com\/produkt\/vollautomatischer-social-media-posting-service-fuer-immobilienmakler\/#breadcrumb"},"inLanguage":"pl-PL","potentialAction":[{"@type":"ReadAction","target":["https:\/\/ai4performance.com\/produkt\/vollautomatischer-social-media-posting-service-fuer-immobilienmakler\/"]}]},{"@type":"BreadcrumbList","@id":"https:\/\/ai4performance.com\/produkt\/vollautomatischer-social-media-posting-service-fuer-immobilienmakler\/#breadcrumb","itemListElement":[{"@type":"ListItem","position":1,"name":"Startseite","item":"https:\/\/ai4performance.com\/"},{"@type":"ListItem","position":2,"name":"Shop","item":"https:\/\/ai4performance.com\/shop\/"},{"@type":"ListItem","position":3,"name":"Vollautomatischer Social Media Posting Service f\u00fcr Immobilienmakler"}]},{"@type":"WebSite","@id":"https:\/\/ai4performance.com\/#website","url":"https:\/\/ai4performance.com\/","name":"AI 4 Wydajno\u015b\u0107","description":"","publisher":{"@id":"https:\/\/ai4performance.com\/#organization"},"potentialAction":[{"@type":"SearchAction","target":{"@type":"EntryPoint","urlTemplate":"https:\/\/ai4performance.com\/?s={search_term_string}"},"query-input":{"@type":"PropertyValueSpecification","valueRequired":true,"valueName":"search_term_string"}}],"inLanguage":"pl-PL"},{"@type":"Organization","@id":"https:\/\/ai4performance.com\/#organization","name":"AI 4 Wydajno\u015b\u0107","url":"https:\/\/ai4performance.com\/","logo":{"@type":"ImageObject","inLanguage":"pl-PL","@id":"https:\/\/ai4performance.com\/#\/schema\/logo\/image\/","url":"https:\/\/ai4performance.com\/wp-content\/uploads\/2016\/08\/logo.svg","contentUrl":"https:\/\/ai4performance.com\/wp-content\/uploads\/2016\/08\/logo.svg","width":1,"height":1,"caption":"AI 4 Performance"},"image":{"@id":"https:\/\/ai4performance.com\/#\/schema\/logo\/image\/"}}]}},"_links":{"self":[{"href":"https:\/\/ai4performance.com\/pl\/wp-json\/wp\/v2\/product\/2287","targetHints":{"allow":["GET"]}}],"collection":[{"href":"https:\/\/ai4performance.com\/pl\/wp-json\/wp\/v2\/product"}],"about":[{"href":"https:\/\/ai4performance.com\/pl\/wp-json\/wp\/v2\/types\/product"}],"wp:attachment":[{"href":"https:\/\/ai4performance.com\/pl\/wp-json\/wp\/v2\/media?parent=2287"}],"wp:term":[{"taxonomy":"product_brand","embeddable":true,"href":"https:\/\/ai4performance.com\/pl\/wp-json\/wp\/v2\/product_brand?post=2287"},{"taxonomy":"product_cat","embeddable":true,"href":"https:\/\/ai4performance.com\/pl\/wp-json\/wp\/v2\/product_cat?post=2287"},{"taxonomy":"product_tag","embeddable":true,"href":"https:\/\/ai4performance.com\/pl\/wp-json\/wp\/v2\/product_tag?post=2287"}],"curies":[{"name":"wp","href":"https:\/\/api.w.org\/{rel}","templated":true}]}}