{"id":1534,"date":"2024-09-12T23:50:23","date_gmt":"2024-09-12T21:50:23","guid":{"rendered":"https:\/\/ai4performance.com\/?post_type=product&#038;p=1534"},"modified":"2024-11-27T13:50:23","modified_gmt":"2024-11-27T12:50:23","slug":"miesieczne-szkolenie-aktualizacyjne-dla-asystentow-ki","status":"publish","type":"product","link":"https:\/\/ai4performance.com\/pl\/produkt-3\/miesieczne-szkolenie-aktualizacyjne-dla-asystentow-ki\/","title":{"rendered":"Oparty na sztucznej inteligencji doradca klienta dla Twojej witryny"},"content":{"rendered":"<h3>Asystent AI powinien by\u0107 zawsze na bie\u017c\u0105co dzi\u0119ki comiesi\u0119cznym aktualizacjom i ci\u0105g\u0142ym szkoleniom.<\/h3>\n<p>Nasz miesi\u0119cznik <strong>Us\u0142uga aktualizacji i szkolenia asystent\u00f3w AI<\/strong> zapewnia, \u017ce asystent zawsze posiada najnowsze informacje na temat produkt\u00f3w i us\u0142ug. Regularne poprawki i aktualizacje zapewniaj\u0105, \u017ce asystent pozostaje elastyczny, mo\u017ce reagowa\u0107 na zmiany i zapewnia\u0107 klientom profesjonalne wsparcie.<\/p>\n<h4>Co otrzymujesz:<\/h4>\n<ol>\n<li><strong>Comiesi\u0119czne aktualizacje asystenta AI:<\/strong><br \/>\nRegularnie aktualizujemy dane dotycz\u0105ce produkt\u00f3w, cen, promocji i innych istotnych informacji.<\/li>\n<li><strong>Indywidualne szkolenie w przypadku zmian:<\/strong><br \/>\nGdy tylko wprowadzisz zmiany w swoich produktach, us\u0142ugach lub cz\u0119sto zadawanych pytaniach, odpowiednio przeszkolimy asystenta, aby zawsze udziela\u0142 w\u0142a\u015bciwych odpowiedzi.<\/li>\n<li><strong>Ci\u0105g\u0142a optymalizacja:<\/strong><br \/>\nWykorzystujemy informacje zwrotne z interakcji z klientami, aby stale poprawia\u0107 dok\u0142adno\u015b\u0107 i jako\u015b\u0107 odpowiedzi asystenta AI.<\/li>\n<\/ol>\n<h4>Dlaczego potrzebujesz tej us\u0142ugi:<\/h4>\n<p>W stale zmieniaj\u0105cym si\u0119 \u015bwiecie biznesu kluczowe jest, aby asystent AI by\u0142 wyposa\u017cony w najnowsze informacje. Niezale\u017cnie od tego, czy chodzi o nowe produkty, dostosowane ceny czy zmienione FAQ - nasza us\u0142uga zapewnia, \u017ce Tw\u00f3j asystent jest zawsze na bie\u017c\u0105co. Dzi\u0119ki temu Twoi klienci zawsze otrzymaj\u0105 rzetelne i precyzyjne odpowiedzi, a Twoja firma b\u0119dzie reprezentowana profesjonalnie i kompetentnie.<\/p>\n<p><strong>Co otrzymujesz:<\/strong><\/p>\n<ul>\n<li><strong>Comiesi\u0119czne aktualizacje asystenta AI:<\/strong> Regularnie aktualizujemy dane dotycz\u0105ce produkt\u00f3w, cen, promocji i innych istotnych informacji.<\/li>\n<li><strong>Indywidualne szkolenie w przypadku zmian:<\/strong> Gdy tylko wprowadzisz zmiany w produktach, us\u0142ugach lub cz\u0119sto zadawanych pytaniach, odpowiednio przeszkolimy asystenta, aby zawsze udziela\u0142 w\u0142a\u015bciwych odpowiedzi.<\/li>\n<li><strong>Ci\u0105g\u0142a optymalizacja:<\/strong> Analizujemy opinie klient\u00f3w, aby stale poprawia\u0107 dok\u0142adno\u015b\u0107 i jako\u015b\u0107 odpowiedzi.<\/li>\n<\/ul>\n<p><strong>Uwagi:<\/strong><\/p>\n<ul>\n<li>Us\u0142uga obejmuje odczyt domeny zawieraj\u0105cej do 300 stron.<\/li>\n<li>Mo\u017cesz wprowadzi\u0107 do 5 dodatkowych adres\u00f3w URL w portalu doradcy klienta, kt\u00f3re odczytamy dla Ciebie.<\/li>\n<li>Ponadto mo\u017cesz przes\u0142a\u0107 do 5 dokument\u00f3w, aby dostarczy\u0107 okre\u015blone informacje asystentowi AI.<\/li>\n<\/ul>\n<p><strong>Dlaczego potrzebujesz tej us\u0142ugi:<\/strong><br \/>\nW stale zmieniaj\u0105cym si\u0119 \u015bwiecie biznesu kluczowe jest, aby asystent AI by\u0142 wyposa\u017cony w najnowsze informacje. Niezale\u017cnie od tego, czy chodzi o nowe produkty, dostosowane ceny czy zmienione FAQ - nasza us\u0142uga zapewnia, \u017ce Tw\u00f3j asystent jest zawsze na bie\u017c\u0105co. Dzi\u0119ki temu Twoi klienci zawsze otrzymaj\u0105 rzetelne i precyzyjne odpowiedzi, a Twoja firma b\u0119dzie reprezentowana profesjonalnie i kompetentnie.<\/p>","protected":false},"excerpt":{"rendered":"<p>Nasz <strong>Asystenci AI z codziennymi aktualizacjami i szkoleniami<\/strong> Serwis zapewnia, \u017ce aktualne informacje o firmie i us\u0142ugach s\u0105 zawsze uzyskiwane i publikowane.<\/p>","protected":false},"featured_media":0,"template":"","meta":[],"product_brand":[],"product_cat":[108],"product_tag":[],"class_list":{"0":"post-1534","1":"product","2":"type-product","3":"status-publish","5":"product_cat-ki-assistent","7":"first","8":"instock","9":"sale","10":"sold-individually","11":"taxable","12":"shipping-taxable","13":"purchasable","14":"product-type-variable-subscription","15":"has-default-attributes"},"yoast_head":"<!-- This site is optimized with the Yoast SEO plugin v27.3 - https:\/\/yoast.com\/product\/yoast-seo-wordpress\/ -->\n<title>KI basierter Kundenberater f\u00fcr Ihre Webseite - AI 4 Performance<\/title>\n<meta name=\"robots\" content=\"index, follow, max-snippet:-1, max-image-preview:large, max-video-preview:-1\" \/>\n<link rel=\"canonical\" href=\"https:\/\/ai4performance.com\/pl\/produkt-3\/miesieczne-szkolenie-aktualizacyjne-dla-asystentow-ki\/\" \/>\n<meta property=\"og:locale\" content=\"pl_PL\" \/>\n<meta property=\"og:type\" content=\"article\" \/>\n<meta property=\"og:title\" content=\"KI basierter Kundenberater f\u00fcr Ihre Webseite - AI 4 Performance\" \/>\n<meta property=\"og:description\" content=\"Unser KI-Assistenten mit t\u00e4gliches Updates &amp; Training Service stellt sicher, dass stets aktuelle Informationen zu Ihrem Unternehmen und Dienstleistungen ermittelt und publiziert werden\" \/>\n<meta property=\"og:url\" content=\"https:\/\/ai4performance.com\/pl\/produkt-3\/miesieczne-szkolenie-aktualizacyjne-dla-asystentow-ki\/\" \/>\n<meta property=\"og:site_name\" content=\"AI 4 Performance\" \/>\n<meta property=\"article:modified_time\" content=\"2024-11-27T12:50:23+00:00\" \/>\n<meta name=\"twitter:card\" content=\"summary_large_image\" \/>\n<meta name=\"twitter:label1\" content=\"Est. reading time\" \/>\n\t<meta name=\"twitter:data1\" content=\"2 minutes\" \/>\n<script type=\"application\/ld+json\" class=\"yoast-schema-graph\">{\"@context\":\"https:\\\/\\\/schema.org\",\"@graph\":[{\"@type\":\"WebPage\",\"@id\":\"https:\\\/\\\/ai4performance.com\\\/produkt\\\/monatliches-ki-assistenten-update-training\\\/\",\"url\":\"https:\\\/\\\/ai4performance.com\\\/produkt\\\/monatliches-ki-assistenten-update-training\\\/\",\"name\":\"KI basierter Kundenberater f\u00fcr Ihre Webseite - AI 4 Performance\",\"isPartOf\":{\"@id\":\"https:\\\/\\\/ai4performance.com\\\/#website\"},\"datePublished\":\"2024-09-12T21:50:23+00:00\",\"dateModified\":\"2024-11-27T12:50:23+00:00\",\"breadcrumb\":{\"@id\":\"https:\\\/\\\/ai4performance.com\\\/produkt\\\/monatliches-ki-assistenten-update-training\\\/#breadcrumb\"},\"inLanguage\":\"pl-PL\",\"potentialAction\":[{\"@type\":\"ReadAction\",\"target\":[\"https:\\\/\\\/ai4performance.com\\\/produkt\\\/monatliches-ki-assistenten-update-training\\\/\"]}]},{\"@type\":\"BreadcrumbList\",\"@id\":\"https:\\\/\\\/ai4performance.com\\\/produkt\\\/monatliches-ki-assistenten-update-training\\\/#breadcrumb\",\"itemListElement\":[{\"@type\":\"ListItem\",\"position\":1,\"name\":\"Startseite\",\"item\":\"https:\\\/\\\/ai4performance.com\\\/\"},{\"@type\":\"ListItem\",\"position\":2,\"name\":\"Shop\",\"item\":\"https:\\\/\\\/ai4performance.com\\\/shop\\\/\"},{\"@type\":\"ListItem\",\"position\":3,\"name\":\"KI basierter Kundenberater f\u00fcr Ihre Webseite\"}]},{\"@type\":\"WebSite\",\"@id\":\"https:\\\/\\\/ai4performance.com\\\/#website\",\"url\":\"https:\\\/\\\/ai4performance.com\\\/\",\"name\":\"AI 4 Performance\",\"description\":\"\",\"publisher\":{\"@id\":\"https:\\\/\\\/ai4performance.com\\\/#organization\"},\"potentialAction\":[{\"@type\":\"SearchAction\",\"target\":{\"@type\":\"EntryPoint\",\"urlTemplate\":\"https:\\\/\\\/ai4performance.com\\\/?s={search_term_string}\"},\"query-input\":{\"@type\":\"PropertyValueSpecification\",\"valueRequired\":true,\"valueName\":\"search_term_string\"}}],\"inLanguage\":\"pl-PL\"},{\"@type\":\"Organization\",\"@id\":\"https:\\\/\\\/ai4performance.com\\\/#organization\",\"name\":\"AI 4 Performance\",\"url\":\"https:\\\/\\\/ai4performance.com\\\/\",\"logo\":{\"@type\":\"ImageObject\",\"inLanguage\":\"pl-PL\",\"@id\":\"https:\\\/\\\/ai4performance.com\\\/#\\\/schema\\\/logo\\\/image\\\/\",\"url\":\"https:\\\/\\\/ai4performance.com\\\/wp-content\\\/uploads\\\/2016\\\/08\\\/logo.svg\",\"contentUrl\":\"https:\\\/\\\/ai4performance.com\\\/wp-content\\\/uploads\\\/2016\\\/08\\\/logo.svg\",\"width\":1,\"height\":1,\"caption\":\"AI 4 Performance\"},\"image\":{\"@id\":\"https:\\\/\\\/ai4performance.com\\\/#\\\/schema\\\/logo\\\/image\\\/\"}}]}<\/script>\n<!-- \/ Yoast SEO plugin. -->","yoast_head_json":{"title":"KI basierter Kundenberater f\u00fcr Ihre Webseite - AI 4 Performance","robots":{"index":"index","follow":"follow","max-snippet":"max-snippet:-1","max-image-preview":"max-image-preview:large","max-video-preview":"max-video-preview:-1"},"canonical":"https:\/\/ai4performance.com\/pl\/produkt-3\/miesieczne-szkolenie-aktualizacyjne-dla-asystentow-ki\/","og_locale":"pl_PL","og_type":"article","og_title":"KI basierter Kundenberater f\u00fcr Ihre Webseite - AI 4 Performance","og_description":"Unser KI-Assistenten mit t\u00e4gliches Updates &amp; Training Service stellt sicher, dass stets aktuelle Informationen zu Ihrem Unternehmen und Dienstleistungen ermittelt und publiziert werden","og_url":"https:\/\/ai4performance.com\/pl\/produkt-3\/miesieczne-szkolenie-aktualizacyjne-dla-asystentow-ki\/","og_site_name":"AI 4 Performance","article_modified_time":"2024-11-27T12:50:23+00:00","twitter_card":"summary_large_image","twitter_misc":{"Est. reading time":"2 minutes"},"schema":{"@context":"https:\/\/schema.org","@graph":[{"@type":"WebPage","@id":"https:\/\/ai4performance.com\/produkt\/monatliches-ki-assistenten-update-training\/","url":"https:\/\/ai4performance.com\/produkt\/monatliches-ki-assistenten-update-training\/","name":"KI basierter Kundenberater f\u00fcr Ihre Webseite - AI 4 Performance","isPartOf":{"@id":"https:\/\/ai4performance.com\/#website"},"datePublished":"2024-09-12T21:50:23+00:00","dateModified":"2024-11-27T12:50:23+00:00","breadcrumb":{"@id":"https:\/\/ai4performance.com\/produkt\/monatliches-ki-assistenten-update-training\/#breadcrumb"},"inLanguage":"pl-PL","potentialAction":[{"@type":"ReadAction","target":["https:\/\/ai4performance.com\/produkt\/monatliches-ki-assistenten-update-training\/"]}]},{"@type":"BreadcrumbList","@id":"https:\/\/ai4performance.com\/produkt\/monatliches-ki-assistenten-update-training\/#breadcrumb","itemListElement":[{"@type":"ListItem","position":1,"name":"Startseite","item":"https:\/\/ai4performance.com\/"},{"@type":"ListItem","position":2,"name":"Shop","item":"https:\/\/ai4performance.com\/shop\/"},{"@type":"ListItem","position":3,"name":"KI basierter Kundenberater f\u00fcr Ihre Webseite"}]},{"@type":"WebSite","@id":"https:\/\/ai4performance.com\/#website","url":"https:\/\/ai4performance.com\/","name":"AI 4 Wydajno\u015b\u0107","description":"","publisher":{"@id":"https:\/\/ai4performance.com\/#organization"},"potentialAction":[{"@type":"SearchAction","target":{"@type":"EntryPoint","urlTemplate":"https:\/\/ai4performance.com\/?s={search_term_string}"},"query-input":{"@type":"PropertyValueSpecification","valueRequired":true,"valueName":"search_term_string"}}],"inLanguage":"pl-PL"},{"@type":"Organization","@id":"https:\/\/ai4performance.com\/#organization","name":"AI 4 Wydajno\u015b\u0107","url":"https:\/\/ai4performance.com\/","logo":{"@type":"ImageObject","inLanguage":"pl-PL","@id":"https:\/\/ai4performance.com\/#\/schema\/logo\/image\/","url":"https:\/\/ai4performance.com\/wp-content\/uploads\/2016\/08\/logo.svg","contentUrl":"https:\/\/ai4performance.com\/wp-content\/uploads\/2016\/08\/logo.svg","width":1,"height":1,"caption":"AI 4 Performance"},"image":{"@id":"https:\/\/ai4performance.com\/#\/schema\/logo\/image\/"}}]}},"_links":{"self":[{"href":"https:\/\/ai4performance.com\/pl\/wp-json\/wp\/v2\/product\/1534","targetHints":{"allow":["GET"]}}],"collection":[{"href":"https:\/\/ai4performance.com\/pl\/wp-json\/wp\/v2\/product"}],"about":[{"href":"https:\/\/ai4performance.com\/pl\/wp-json\/wp\/v2\/types\/product"}],"wp:attachment":[{"href":"https:\/\/ai4performance.com\/pl\/wp-json\/wp\/v2\/media?parent=1534"}],"wp:term":[{"taxonomy":"product_brand","embeddable":true,"href":"https:\/\/ai4performance.com\/pl\/wp-json\/wp\/v2\/product_brand?post=1534"},{"taxonomy":"product_cat","embeddable":true,"href":"https:\/\/ai4performance.com\/pl\/wp-json\/wp\/v2\/product_cat?post=1534"},{"taxonomy":"product_tag","embeddable":true,"href":"https:\/\/ai4performance.com\/pl\/wp-json\/wp\/v2\/product_tag?post=1534"}],"curies":[{"name":"wp","href":"https:\/\/api.w.org\/{rel}","templated":true}]}}