{"id":1089,"date":"2024-09-03T11:00:09","date_gmt":"2024-09-03T09:00:09","guid":{"rendered":"https:\/\/ai4performance.com\/?post_type=product&#038;p=1089"},"modified":"2024-11-27T14:00:03","modified_gmt":"2024-11-27T13:00:03","slug":"zarzadzanie-reklamami-google-ki","status":"publish","type":"product","link":"https:\/\/ai4performance.com\/pl\/produkt-3\/zarzadzanie-reklamami-google-ki\/","title":{"rendered":"Google Advertising | Zarz\u0105dzanie reklamami oparte na sztucznej inteligencji"},"content":{"rendered":"<h3>Docieraj do swojej grupy docelowej dzi\u0119ki ukierunkowanym reklamom w Google - profesjonalnie tworzonym i optymalizowanym co miesi\u0105c<\/h3>\n<p>Nasz miesi\u0119cznik <strong>Zarz\u0105dzanie reklamami Google<\/strong> oferuje kompleksowe us\u0142ugi w zakresie skutecznego planowania, tworzenia i ci\u0105g\u0142ego monitorowania kampanii reklamowych. Dzi\u0119ki ukierunkowanym reklamom mo\u017cesz dotrze\u0107 dok\u0142adnie do tych klient\u00f3w, kt\u00f3rzy s\u0105 zainteresowani Twoimi produktami lub us\u0142ugami - a tym samym zwi\u0119kszy\u0107 swoj\u0105 skuteczno\u015b\u0107 marketingow\u0105.<\/p>\n<h4>Co otrzymujesz:<\/h4>\n<ol>\n<li><strong>Tworzenie atrakcyjnych reklam:<\/strong><br \/>\nTworzymy ukierunkowane i kreatywne reklamy, kt\u00f3re maj\u0105 na celu generowanie wykwalifikowanych potencjalnych klient\u00f3w i zwi\u0119kszenie zasi\u0119gu.<\/li>\n<li><strong>Precyzyjne celowanie:<\/strong><br \/>\nDzi\u0119ki precyzyjnym analizom grup docelowych umieszczamy reklamy dok\u0142adnie tam, gdzie b\u0119d\u0105 mia\u0142y najwi\u0119kszy wp\u0142yw - w oparciu o cechy demograficzne, zainteresowania i dane behawioralne.<\/li>\n<li><strong>Miesi\u0119czna optymalizacja i monitorowanie:<\/strong><br \/>\nStale analizujemy skuteczno\u015b\u0107 reklam i co miesi\u0105c wprowadzamy ukierunkowane korekty, aby osi\u0105gn\u0105\u0107 najlepsze wyniki i jak najlepiej wykorzysta\u0107 bud\u017cet.<\/li>\n<li><strong>Przejrzyste raporty:<\/strong><br \/>\nRegularne raporty informuj\u0105 na bie\u017c\u0105co o wynikach kampanii, dzi\u0119ki czemu mo\u017cna \u015bledzi\u0107 post\u0119py w dowolnym momencie.<\/li>\n<\/ol>\n<h4>Dlaczego potrzebujesz tej us\u0142ugi:<\/h4>\n<p>W dzisiejszym cyfrowym \u015bwiecie ukierunkowane podej\u015bcie do grupy docelowej ma kluczowe znaczenie dla sukcesu firmy. Nasz <strong>Zarz\u0105dzanie reklamami Google<\/strong> zapewnia, \u017ce kampanie reklamowe s\u0105 nie tylko profesjonalnie wdra\u017cane, ale tak\u017ce stale optymalizowane w celu osi\u0105gni\u0119cia maksymalnych wynik\u00f3w. Dzi\u0119ki precyzyjnemu targetowaniu i strategiom opartym na danych zyskujesz wykwalifikowanych klient\u00f3w, wzmacniasz swoj\u0105 obecno\u015b\u0107 w Internecie i trwale zwi\u0119kszasz sprzeda\u017c.<\/p>\n<p><strong>Uwaga:<\/strong> Us\u0142uga nie obejmuje \u017cadnych koszt\u00f3w rzeczywistych reklam - s\u0105 one rozliczane osobno.<\/p>\n<p><strong>Co otrzymujesz:<\/strong><\/p>\n<ul>\n<li><strong>Personalizacja reklam:<\/strong><br \/>\nTworzymy kreatywne i ukierunkowane reklamy maj\u0105ce na celu generowanie wykwalifikowanych potencjalnych klient\u00f3w i zwi\u0119kszanie zasi\u0119gu.<\/li>\n<li><strong>Targetowanie:<\/strong><br \/>\nDzi\u0119ki szczeg\u00f3\u0142owym analizom grup docelowych strategicznie rozmieszczamy reklamy w oparciu o cechy demograficzne, zainteresowania i dane behawioralne.<\/li>\n<li><strong>Miesi\u0119czna optymalizacja i monitorowanie:<\/strong><br \/>\nRegularnie analizujemy skuteczno\u015b\u0107 reklam i wprowadzamy ukierunkowane korekty, aby jak najlepiej wykorzysta\u0107 bud\u017cet.<\/li>\n<\/ul>\n<p><strong>Uwagi:<\/strong><\/p>\n<ul>\n<li><strong>Zarz\u0105dzanie s\u0142owami kluczowymi:<\/strong> Zarz\u0105dzamy maksymalnie <strong>10 s\u0142\u00f3w kluczowych<\/strong>.<\/li>\n<li><strong>Brak gwarancji umieszczenia:<\/strong> Nie mo\u017cemy zagwarantowa\u0107 lepszych pozycji w wynikach wyszukiwania Google.<\/li>\n<li><strong>Redukcja koszt\u00f3w i wsp\u00f3\u0142czynnik klikalno\u015bci:<\/strong> Celem jest optymalizacja kosztu klikni\u0119cia i poprawa wsp\u00f3\u0142czynnika klikalno\u015bci. Czynniki te podlegaj\u0105 jednak wahaniom i nie zawsze mog\u0105 by\u0107 utrzymywane na tym samym poziomie.<\/li>\n<li><strong>Koszty reklamy:<\/strong> Koszty reklam nie s\u0105 wliczone w cen\u0119 us\u0142ugi i s\u0105 rozliczane osobno przez Google.<\/li>\n<\/ul>\n<p><strong>Dlaczego potrzebujesz tej us\u0142ugi:<\/strong><\/p>\n<p>W wysoce konkurencyjnym \u015bwiecie cyfrowym kluczowe jest reklamowanie si\u0119 w ukierunkowany i skuteczny spos\u00f3b. Nasze us\u0142ugi Google Ads Management pomagaj\u0105 w profesjonalnym projektowaniu i ci\u0105g\u0142ym ulepszaniu kampanii reklamowych. Dzi\u0119ki precyzyjnemu kierowaniu, strategiom opartym na danych i zoptymalizowanym reklamom mo\u017cesz dotrze\u0107 do w\u0142a\u015bciwej grupy docelowej, zwi\u0119kszy\u0107 swoj\u0105 obecno\u015b\u0107 w Internecie i zmaksymalizowa\u0107 zwrot z inwestycji w marketing.<\/p>","protected":false},"excerpt":{"rendered":"<p>Nasz miesi\u0119cznik <strong>Zarz\u0105dzanie reklamami Google<\/strong> oferuje kompleksowe us\u0142ugi w zakresie skutecznego planowania, tworzenia i sta\u0142ego monitorowania kampanii reklamowych.<\/p>","protected":false},"featured_media":0,"template":"","meta":[],"product_brand":[],"product_cat":[106],"product_tag":[],"class_list":{"0":"post-1089","1":"product","2":"type-product","3":"status-publish","5":"product_cat-seo-dienste","7":"first","8":"instock","9":"sale","10":"taxable","11":"shipping-taxable","12":"purchasable","13":"product-type-variable-subscription"},"yoast_head":"<!-- This site is optimized with the Yoast SEO plugin v27.3 - https:\/\/yoast.com\/product\/yoast-seo-wordpress\/ -->\n<title>Google Werbung | KI-basiertes Werbeanzeigen Management - AI 4 Performance<\/title>\n<meta name=\"robots\" content=\"index, follow, max-snippet:-1, max-image-preview:large, max-video-preview:-1\" \/>\n<link rel=\"canonical\" href=\"https:\/\/ai4performance.com\/pl\/produkt-3\/zarzadzanie-reklamami-google-ki\/\" \/>\n<meta property=\"og:locale\" content=\"pl_PL\" \/>\n<meta property=\"og:type\" content=\"article\" \/>\n<meta property=\"og:title\" content=\"Google Werbung | KI-basiertes Werbeanzeigen Management - AI 4 Performance\" \/>\n<meta property=\"og:description\" content=\"Unser monatliches Google Ads Management bietet Ihnen einen umfassenden Service, um Ihre Werbekampagnen effektiv zu planen, zu erstellen und kontinuierlich zu \u00fcberwachen.\" \/>\n<meta property=\"og:url\" content=\"https:\/\/ai4performance.com\/pl\/produkt-3\/zarzadzanie-reklamami-google-ki\/\" \/>\n<meta property=\"og:site_name\" content=\"AI 4 Performance\" \/>\n<meta property=\"article:modified_time\" content=\"2024-11-27T13:00:03+00:00\" \/>\n<meta name=\"twitter:card\" content=\"summary_large_image\" \/>\n<meta name=\"twitter:label1\" content=\"Est. reading time\" \/>\n\t<meta name=\"twitter:data1\" content=\"2 minutes\" \/>\n<script type=\"application\/ld+json\" class=\"yoast-schema-graph\">{\"@context\":\"https:\\\/\\\/schema.org\",\"@graph\":[{\"@type\":\"WebPage\",\"@id\":\"https:\\\/\\\/ai4performance.com\\\/produkt\\\/google-ki-werbeanzeigen-management\\\/\",\"url\":\"https:\\\/\\\/ai4performance.com\\\/produkt\\\/google-ki-werbeanzeigen-management\\\/\",\"name\":\"Google Werbung | KI-basiertes Werbeanzeigen Management - AI 4 Performance\",\"isPartOf\":{\"@id\":\"https:\\\/\\\/ai4performance.com\\\/#website\"},\"datePublished\":\"2024-09-03T09:00:09+00:00\",\"dateModified\":\"2024-11-27T13:00:03+00:00\",\"breadcrumb\":{\"@id\":\"https:\\\/\\\/ai4performance.com\\\/produkt\\\/google-ki-werbeanzeigen-management\\\/#breadcrumb\"},\"inLanguage\":\"pl-PL\",\"potentialAction\":[{\"@type\":\"ReadAction\",\"target\":[\"https:\\\/\\\/ai4performance.com\\\/produkt\\\/google-ki-werbeanzeigen-management\\\/\"]}]},{\"@type\":\"BreadcrumbList\",\"@id\":\"https:\\\/\\\/ai4performance.com\\\/produkt\\\/google-ki-werbeanzeigen-management\\\/#breadcrumb\",\"itemListElement\":[{\"@type\":\"ListItem\",\"position\":1,\"name\":\"Startseite\",\"item\":\"https:\\\/\\\/ai4performance.com\\\/\"},{\"@type\":\"ListItem\",\"position\":2,\"name\":\"Shop\",\"item\":\"https:\\\/\\\/ai4performance.com\\\/shop\\\/\"},{\"@type\":\"ListItem\",\"position\":3,\"name\":\"Google Werbung | KI-basiertes Werbeanzeigen Management\"}]},{\"@type\":\"WebSite\",\"@id\":\"https:\\\/\\\/ai4performance.com\\\/#website\",\"url\":\"https:\\\/\\\/ai4performance.com\\\/\",\"name\":\"AI 4 Performance\",\"description\":\"\",\"publisher\":{\"@id\":\"https:\\\/\\\/ai4performance.com\\\/#organization\"},\"potentialAction\":[{\"@type\":\"SearchAction\",\"target\":{\"@type\":\"EntryPoint\",\"urlTemplate\":\"https:\\\/\\\/ai4performance.com\\\/?s={search_term_string}\"},\"query-input\":{\"@type\":\"PropertyValueSpecification\",\"valueRequired\":true,\"valueName\":\"search_term_string\"}}],\"inLanguage\":\"pl-PL\"},{\"@type\":\"Organization\",\"@id\":\"https:\\\/\\\/ai4performance.com\\\/#organization\",\"name\":\"AI 4 Performance\",\"url\":\"https:\\\/\\\/ai4performance.com\\\/\",\"logo\":{\"@type\":\"ImageObject\",\"inLanguage\":\"pl-PL\",\"@id\":\"https:\\\/\\\/ai4performance.com\\\/#\\\/schema\\\/logo\\\/image\\\/\",\"url\":\"https:\\\/\\\/ai4performance.com\\\/wp-content\\\/uploads\\\/2016\\\/08\\\/logo.svg\",\"contentUrl\":\"https:\\\/\\\/ai4performance.com\\\/wp-content\\\/uploads\\\/2016\\\/08\\\/logo.svg\",\"width\":1,\"height\":1,\"caption\":\"AI 4 Performance\"},\"image\":{\"@id\":\"https:\\\/\\\/ai4performance.com\\\/#\\\/schema\\\/logo\\\/image\\\/\"}}]}<\/script>\n<!-- \/ Yoast SEO plugin. -->","yoast_head_json":{"title":"Google Advertising | Zarz\u0105dzanie reklamami oparte na sztucznej inteligencji - AI 4 Performance","robots":{"index":"index","follow":"follow","max-snippet":"max-snippet:-1","max-image-preview":"max-image-preview:large","max-video-preview":"max-video-preview:-1"},"canonical":"https:\/\/ai4performance.com\/pl\/produkt-3\/zarzadzanie-reklamami-google-ki\/","og_locale":"pl_PL","og_type":"article","og_title":"Google Werbung | KI-basiertes Werbeanzeigen Management - AI 4 Performance","og_description":"Unser monatliches Google Ads Management bietet Ihnen einen umfassenden Service, um Ihre Werbekampagnen effektiv zu planen, zu erstellen und kontinuierlich zu \u00fcberwachen.","og_url":"https:\/\/ai4performance.com\/pl\/produkt-3\/zarzadzanie-reklamami-google-ki\/","og_site_name":"AI 4 Performance","article_modified_time":"2024-11-27T13:00:03+00:00","twitter_card":"summary_large_image","twitter_misc":{"Est. reading time":"2 minutes"},"schema":{"@context":"https:\/\/schema.org","@graph":[{"@type":"WebPage","@id":"https:\/\/ai4performance.com\/produkt\/google-ki-werbeanzeigen-management\/","url":"https:\/\/ai4performance.com\/produkt\/google-ki-werbeanzeigen-management\/","name":"Google Advertising | Zarz\u0105dzanie reklamami oparte na sztucznej inteligencji - AI 4 Performance","isPartOf":{"@id":"https:\/\/ai4performance.com\/#website"},"datePublished":"2024-09-03T09:00:09+00:00","dateModified":"2024-11-27T13:00:03+00:00","breadcrumb":{"@id":"https:\/\/ai4performance.com\/produkt\/google-ki-werbeanzeigen-management\/#breadcrumb"},"inLanguage":"pl-PL","potentialAction":[{"@type":"ReadAction","target":["https:\/\/ai4performance.com\/produkt\/google-ki-werbeanzeigen-management\/"]}]},{"@type":"BreadcrumbList","@id":"https:\/\/ai4performance.com\/produkt\/google-ki-werbeanzeigen-management\/#breadcrumb","itemListElement":[{"@type":"ListItem","position":1,"name":"Startseite","item":"https:\/\/ai4performance.com\/"},{"@type":"ListItem","position":2,"name":"Shop","item":"https:\/\/ai4performance.com\/shop\/"},{"@type":"ListItem","position":3,"name":"Google Werbung | KI-basiertes Werbeanzeigen Management"}]},{"@type":"WebSite","@id":"https:\/\/ai4performance.com\/#website","url":"https:\/\/ai4performance.com\/","name":"AI 4 Wydajno\u015b\u0107","description":"","publisher":{"@id":"https:\/\/ai4performance.com\/#organization"},"potentialAction":[{"@type":"SearchAction","target":{"@type":"EntryPoint","urlTemplate":"https:\/\/ai4performance.com\/?s={search_term_string}"},"query-input":{"@type":"PropertyValueSpecification","valueRequired":true,"valueName":"search_term_string"}}],"inLanguage":"pl-PL"},{"@type":"Organization","@id":"https:\/\/ai4performance.com\/#organization","name":"AI 4 Wydajno\u015b\u0107","url":"https:\/\/ai4performance.com\/","logo":{"@type":"ImageObject","inLanguage":"pl-PL","@id":"https:\/\/ai4performance.com\/#\/schema\/logo\/image\/","url":"https:\/\/ai4performance.com\/wp-content\/uploads\/2016\/08\/logo.svg","contentUrl":"https:\/\/ai4performance.com\/wp-content\/uploads\/2016\/08\/logo.svg","width":1,"height":1,"caption":"AI 4 Performance"},"image":{"@id":"https:\/\/ai4performance.com\/#\/schema\/logo\/image\/"}}]}},"_links":{"self":[{"href":"https:\/\/ai4performance.com\/pl\/wp-json\/wp\/v2\/product\/1089","targetHints":{"allow":["GET"]}}],"collection":[{"href":"https:\/\/ai4performance.com\/pl\/wp-json\/wp\/v2\/product"}],"about":[{"href":"https:\/\/ai4performance.com\/pl\/wp-json\/wp\/v2\/types\/product"}],"wp:attachment":[{"href":"https:\/\/ai4performance.com\/pl\/wp-json\/wp\/v2\/media?parent=1089"}],"wp:term":[{"taxonomy":"product_brand","embeddable":true,"href":"https:\/\/ai4performance.com\/pl\/wp-json\/wp\/v2\/product_brand?post=1089"},{"taxonomy":"product_cat","embeddable":true,"href":"https:\/\/ai4performance.com\/pl\/wp-json\/wp\/v2\/product_cat?post=1089"},{"taxonomy":"product_tag","embeddable":true,"href":"https:\/\/ai4performance.com\/pl\/wp-json\/wp\/v2\/product_tag?post=1089"}],"curies":[{"name":"wp","href":"https:\/\/api.w.org\/{rel}","templated":true}]}}