{"id":1007,"date":"2024-08-31T16:46:12","date_gmt":"2024-08-31T14:46:12","guid":{"rendered":"https:\/\/ai4performance.com\/?post_type=product&#038;p=1007"},"modified":"2025-07-09T00:16:41","modified_gmt":"2025-07-08T22:16:41","slug":"spersonalizowana-usluga-publikowania-w-mediach-spolecznosciowych-2","status":"publish","type":"product","link":"https:\/\/ai4performance.com\/pl\/produkt-3\/spersonalizowana-usluga-publikowania-w-mediach-spolecznosciowych-2\/","title":{"rendered":"W pe\u0142ni zautomatyzowana us\u0142uga publikowania w mediach spo\u0142eczno\u015bciowych"},"content":{"rendered":"<p>Nasz <strong>Spersonalizowana us\u0142uga publikowania w mediach spo\u0142eczno\u015bciowych<\/strong> zapewnia, \u017ce materia\u0142y wideo i tre\u015bci, kt\u00f3re ju\u017c stworzy\u0142e\u015b, s\u0105 publikowane we w\u0142a\u015bciwym czasie i na odpowiednich platformach, aby zmaksymalizowa\u0107 uwag\u0119 i interakcj\u0119. Opracowujemy dla Ciebie spersonalizowan\u0105 strategi\u0119 publikowania, kt\u00f3ra optymalnie prezentuje Twoj\u0105 mark\u0119 w mediach spo\u0142eczno\u015bciowych i stale zwi\u0119ksza Tw\u00f3j zasi\u0119g.<\/p>\n<p><strong>Co otrzymujesz:<\/strong><\/p>\n<ul>\n<li><strong>Indywidualna strategia publikowania:<\/strong> Tworzymy spersonalizowany plan medi\u00f3w spo\u0142eczno\u015bciowych, kt\u00f3ry jest precyzyjnie dostosowany do grupy docelowej i marki.<\/li>\n<li><strong>Regularna publikacja:<\/strong> Publikujemy filmy i tre\u015bci w mediach spo\u0142eczno\u015bciowych w spos\u00f3b ci\u0105g\u0142y i w optymalnym czasie na odpowiednich platformach, aby osi\u0105gn\u0105\u0107 jak najlepszy zasi\u0119g.<\/li>\n<li><strong>Ukierunkowane zwracanie si\u0119 do grupy docelowej:<\/strong> Dzi\u0119ki naszemu strategicznemu planowaniu Twoje posty dotr\u0105 dok\u0142adnie do tych os\u00f3b, kt\u00f3re s\u0105 zainteresowane Twoimi ofertami i chc\u0105 wej\u015b\u0107 z nimi w interakcj\u0119.<\/li>\n<li><strong>Zwi\u0119kszenie obecno\u015bci marki:<\/strong> Regularne i ukierunkowane posty zapewniaj\u0105, \u017ce Twoja marka pozostaje obecna w mediach spo\u0142eczno\u015bciowych i stale si\u0119 rozwija.<\/li>\n<\/ul>\n<p><strong>Dlaczego potrzebujesz tego produktu:<\/strong> W dynamicznym \u015bwiecie medi\u00f3w spo\u0142eczno\u015bciowych wa\u017cne jest, aby zawsze by\u0107 obecnym i regularnie zwraca\u0107 si\u0119 do swojej grupy docelowej. Nasza us\u0142uga publikowania w mediach spo\u0142eczno\u015bciowych zapewnia optymalne planowanie i publikowanie tre\u015bci, dzi\u0119ki czemu mo\u017cna skutecznie zwi\u0119kszy\u0107 zasi\u0119g i widoczno\u015b\u0107. Tworzenie film\u00f3w wideo i innych tre\u015bci mo\u017cna zakupi\u0107 osobno lub zintegrowa\u0107 w produkt \u0142\u0105czony - Ty decydujesz, co najbardziej Ci odpowiada!<\/p>\n<p><strong>Co otrzymujesz:<\/strong><\/p>\n<ul>\n<li><strong>Indywidualna strategia publikowania:<\/strong><br \/>\nTworzymy spersonalizowany plan medi\u00f3w spo\u0142eczno\u015bciowych, kt\u00f3ry przemawia do Twojej grupy docelowej i profesjonalnie prezentuje Twoj\u0105 mark\u0119.<\/li>\n<li><strong>Regularna publikacja:<\/strong><br \/>\nTwoje filmy i tre\u015bci s\u0105 publikowane w spos\u00f3b ci\u0105g\u0142y i w optymalnym czasie, aby zmaksymalizowa\u0107 zasi\u0119g.<\/li>\n<li><strong>Ukierunkowane zwracanie si\u0119 do grupy docelowej:<\/strong><br \/>\nDzi\u0119ki strategicznemu planowaniu Twoje posty docieraj\u0105 dok\u0142adnie do tych os\u00f3b, kt\u00f3re s\u0105 zainteresowane Twoimi produktami lub us\u0142ugami.<\/li>\n<li><strong>Zwi\u0119kszenie obecno\u015bci marki:<\/strong><br \/>\nRegularne i ukierunkowane posty zapewniaj\u0105, \u017ce Twoja marka pozostaje obecna w mediach spo\u0142eczno\u015bciowych i zyskuje \u015bwiadomo\u015b\u0107.<\/li>\n<\/ul>\n<p><strong>Uwagi:<\/strong><\/p>\n<ul>\n<li>Je\u015bli Twoja bran\u017ca nie znajduje si\u0119 w naszej bazie danych, dodatkowe koszty za niestandardow\u0105 prac\u0119 wynios\u0105 <strong>80,- \u20ac netto za godzin\u0119<\/strong> s\u0105 tworzone.<\/li>\n<li>Dla wszystkich kont w mediach spo\u0142eczno\u015bciowych potrzebujemy <strong>Prawa administratora<\/strong>aby m\u00f3c publikowa\u0107 tre\u015bci.<\/li>\n<li>The <strong>Konfigurowanie kampanii w mediach spo\u0142eczno\u015bciowych<\/strong> wymaga 2-3 tygodni na wygenerowanie i konfiguracj\u0119. Czas ten jest niezb\u0119dny i nie podlega zwrotowi.<\/li>\n<li>Tre\u015bci dotycz\u0105ce wra\u017cliwych temat\u00f3w, takich jak <strong>Nago\u015b\u0107, przemoc lub tematy polityczne<\/strong> mo\u017cemy odm\u00f3wi\u0107. Odmowa nie b\u0119dzie jednak mia\u0142a wp\u0142ywu na subskrypcj\u0119.<\/li>\n<\/ul>\n<p><strong>Dlaczego potrzebujesz tej us\u0142ugi:<\/strong><\/p>\n<p>W szybko zmieniaj\u0105cym si\u0119 \u015bwiecie medi\u00f3w spo\u0142eczno\u015bciowych kluczowe znaczenie ma regularna obecno\u015b\u0107 i interakcja z grup\u0105 docelow\u0105. Nasza us\u0142uga wykonuje prac\u0119 za Ciebie i zapewnia, \u017ce Twoje tre\u015bci s\u0105 publikowane skutecznie i strategicznie. Zwi\u0119ksza to zasi\u0119g, podnosi \u015bwiadomo\u015b\u0107 marki i pozwala skupi\u0107 si\u0119 na podstawowej dzia\u0142alno\u015bci.<\/p>\n<p>&nbsp;<\/p>","protected":false},"excerpt":{"rendered":"<p><strong><span class=\"OYPEnA font-feature-liga-off font-feature-clig-off font-feature-calt-off text-decoration-none text-strikethrough-none\">Pe\u0142na us\u0142uga 100% z tworzeniem i publikowaniem opartym na sztucznej inteligencji<\/span><\/strong>\u00a0Zapewnia, \u017ce filmy i tre\u015bci, kt\u00f3re ju\u017c stworzy\u0142e\u015b, s\u0105 publikowane we w\u0142a\u015bciwym czasie i na odpowiednich platformach, aby zmaksymalizowa\u0107 uwag\u0119 i interakcj\u0119.<\/p>","protected":false},"featured_media":0,"template":"","meta":[],"product_brand":[],"product_cat":[72],"product_tag":[],"class_list":{"0":"post-1007","1":"product","2":"type-product","3":"status-publish","5":"product_cat-social-media-services","7":"first","8":"instock","9":"sale","10":"featured","11":"taxable","12":"shipping-taxable","13":"purchasable","14":"product-type-variable-subscription","15":"has-default-attributes"},"yoast_head":"<!-- This site is optimized with the Yoast SEO plugin v27.3 - https:\/\/yoast.com\/product\/yoast-seo-wordpress\/ -->\n<title>Vollautomatischer Social Media Posting Service - AI 4 Performance<\/title>\n<meta name=\"robots\" content=\"index, follow, max-snippet:-1, max-image-preview:large, max-video-preview:-1\" \/>\n<link rel=\"canonical\" href=\"https:\/\/ai4performance.com\/pl\/produkt-3\/spersonalizowana-usluga-publikowania-w-mediach-spolecznosciowych-2\/\" \/>\n<meta property=\"og:locale\" content=\"pl_PL\" \/>\n<meta property=\"og:type\" content=\"article\" \/>\n<meta property=\"og:title\" content=\"Vollautomatischer Social Media Posting Service - AI 4 Performance\" \/>\n<meta property=\"og:description\" content=\"100% Fullservice mit KI basierter Erstellung und Postings\u00a0sorgt daf\u00fcr, dass Ihre bereits erstellten Video Reels und Inhalte zur richtigen Zeit und auf den richtigen Plattformen gepostet werden, um maximale Aufmerksamkeit und Interaktion zu erzielen.\" \/>\n<meta property=\"og:url\" content=\"https:\/\/ai4performance.com\/pl\/produkt-3\/spersonalizowana-usluga-publikowania-w-mediach-spolecznosciowych-2\/\" \/>\n<meta property=\"og:site_name\" content=\"AI 4 Performance\" \/>\n<meta property=\"article:modified_time\" content=\"2025-07-08T22:16:41+00:00\" \/>\n<meta name=\"twitter:card\" content=\"summary_large_image\" \/>\n<meta name=\"twitter:label1\" content=\"Est. reading time\" \/>\n\t<meta name=\"twitter:data1\" content=\"2 minutes\" \/>\n<script type=\"application\/ld+json\" class=\"yoast-schema-graph\">{\"@context\":\"https:\\\/\\\/schema.org\",\"@graph\":[{\"@type\":\"WebPage\",\"@id\":\"https:\\\/\\\/ai4performance.com\\\/produkt\\\/massgeschneiderter-social-media-posting-service\\\/\",\"url\":\"https:\\\/\\\/ai4performance.com\\\/produkt\\\/massgeschneiderter-social-media-posting-service\\\/\",\"name\":\"Vollautomatischer Social Media Posting Service - AI 4 Performance\",\"isPartOf\":{\"@id\":\"https:\\\/\\\/ai4performance.com\\\/#website\"},\"datePublished\":\"2024-08-31T14:46:12+00:00\",\"dateModified\":\"2025-07-08T22:16:41+00:00\",\"breadcrumb\":{\"@id\":\"https:\\\/\\\/ai4performance.com\\\/produkt\\\/massgeschneiderter-social-media-posting-service\\\/#breadcrumb\"},\"inLanguage\":\"pl-PL\",\"potentialAction\":[{\"@type\":\"ReadAction\",\"target\":[\"https:\\\/\\\/ai4performance.com\\\/produkt\\\/massgeschneiderter-social-media-posting-service\\\/\"]}]},{\"@type\":\"BreadcrumbList\",\"@id\":\"https:\\\/\\\/ai4performance.com\\\/produkt\\\/massgeschneiderter-social-media-posting-service\\\/#breadcrumb\",\"itemListElement\":[{\"@type\":\"ListItem\",\"position\":1,\"name\":\"Startseite\",\"item\":\"https:\\\/\\\/ai4performance.com\\\/\"},{\"@type\":\"ListItem\",\"position\":2,\"name\":\"Shop\",\"item\":\"https:\\\/\\\/ai4performance.com\\\/shop\\\/\"},{\"@type\":\"ListItem\",\"position\":3,\"name\":\"Vollautomatischer Social Media Posting Service\"}]},{\"@type\":\"WebSite\",\"@id\":\"https:\\\/\\\/ai4performance.com\\\/#website\",\"url\":\"https:\\\/\\\/ai4performance.com\\\/\",\"name\":\"AI 4 Performance\",\"description\":\"\",\"publisher\":{\"@id\":\"https:\\\/\\\/ai4performance.com\\\/#organization\"},\"potentialAction\":[{\"@type\":\"SearchAction\",\"target\":{\"@type\":\"EntryPoint\",\"urlTemplate\":\"https:\\\/\\\/ai4performance.com\\\/?s={search_term_string}\"},\"query-input\":{\"@type\":\"PropertyValueSpecification\",\"valueRequired\":true,\"valueName\":\"search_term_string\"}}],\"inLanguage\":\"pl-PL\"},{\"@type\":\"Organization\",\"@id\":\"https:\\\/\\\/ai4performance.com\\\/#organization\",\"name\":\"AI 4 Performance\",\"url\":\"https:\\\/\\\/ai4performance.com\\\/\",\"logo\":{\"@type\":\"ImageObject\",\"inLanguage\":\"pl-PL\",\"@id\":\"https:\\\/\\\/ai4performance.com\\\/#\\\/schema\\\/logo\\\/image\\\/\",\"url\":\"https:\\\/\\\/ai4performance.com\\\/wp-content\\\/uploads\\\/2016\\\/08\\\/logo.svg\",\"contentUrl\":\"https:\\\/\\\/ai4performance.com\\\/wp-content\\\/uploads\\\/2016\\\/08\\\/logo.svg\",\"width\":1,\"height\":1,\"caption\":\"AI 4 Performance\"},\"image\":{\"@id\":\"https:\\\/\\\/ai4performance.com\\\/#\\\/schema\\\/logo\\\/image\\\/\"}}]}<\/script>\n<!-- \/ Yoast SEO plugin. -->","yoast_head_json":{"title":"W pe\u0142ni zautomatyzowana us\u0142uga publikowania post\u00f3w w mediach spo\u0142eczno\u015bciowych - AI 4 Performance","robots":{"index":"index","follow":"follow","max-snippet":"max-snippet:-1","max-image-preview":"max-image-preview:large","max-video-preview":"max-video-preview:-1"},"canonical":"https:\/\/ai4performance.com\/pl\/produkt-3\/spersonalizowana-usluga-publikowania-w-mediach-spolecznosciowych-2\/","og_locale":"pl_PL","og_type":"article","og_title":"Vollautomatischer Social Media Posting Service - AI 4 Performance","og_description":"100% Fullservice mit KI basierter Erstellung und Postings\u00a0sorgt daf\u00fcr, dass Ihre bereits erstellten Video Reels und Inhalte zur richtigen Zeit und auf den richtigen Plattformen gepostet werden, um maximale Aufmerksamkeit und Interaktion zu erzielen.","og_url":"https:\/\/ai4performance.com\/pl\/produkt-3\/spersonalizowana-usluga-publikowania-w-mediach-spolecznosciowych-2\/","og_site_name":"AI 4 Performance","article_modified_time":"2025-07-08T22:16:41+00:00","twitter_card":"summary_large_image","twitter_misc":{"Est. reading time":"2 minutes"},"schema":{"@context":"https:\/\/schema.org","@graph":[{"@type":"WebPage","@id":"https:\/\/ai4performance.com\/produkt\/massgeschneiderter-social-media-posting-service\/","url":"https:\/\/ai4performance.com\/produkt\/massgeschneiderter-social-media-posting-service\/","name":"W pe\u0142ni zautomatyzowana us\u0142uga publikowania post\u00f3w w mediach spo\u0142eczno\u015bciowych - AI 4 Performance","isPartOf":{"@id":"https:\/\/ai4performance.com\/#website"},"datePublished":"2024-08-31T14:46:12+00:00","dateModified":"2025-07-08T22:16:41+00:00","breadcrumb":{"@id":"https:\/\/ai4performance.com\/produkt\/massgeschneiderter-social-media-posting-service\/#breadcrumb"},"inLanguage":"pl-PL","potentialAction":[{"@type":"ReadAction","target":["https:\/\/ai4performance.com\/produkt\/massgeschneiderter-social-media-posting-service\/"]}]},{"@type":"BreadcrumbList","@id":"https:\/\/ai4performance.com\/produkt\/massgeschneiderter-social-media-posting-service\/#breadcrumb","itemListElement":[{"@type":"ListItem","position":1,"name":"Startseite","item":"https:\/\/ai4performance.com\/"},{"@type":"ListItem","position":2,"name":"Shop","item":"https:\/\/ai4performance.com\/shop\/"},{"@type":"ListItem","position":3,"name":"Vollautomatischer Social Media Posting Service"}]},{"@type":"WebSite","@id":"https:\/\/ai4performance.com\/#website","url":"https:\/\/ai4performance.com\/","name":"AI 4 Wydajno\u015b\u0107","description":"","publisher":{"@id":"https:\/\/ai4performance.com\/#organization"},"potentialAction":[{"@type":"SearchAction","target":{"@type":"EntryPoint","urlTemplate":"https:\/\/ai4performance.com\/?s={search_term_string}"},"query-input":{"@type":"PropertyValueSpecification","valueRequired":true,"valueName":"search_term_string"}}],"inLanguage":"pl-PL"},{"@type":"Organization","@id":"https:\/\/ai4performance.com\/#organization","name":"AI 4 Wydajno\u015b\u0107","url":"https:\/\/ai4performance.com\/","logo":{"@type":"ImageObject","inLanguage":"pl-PL","@id":"https:\/\/ai4performance.com\/#\/schema\/logo\/image\/","url":"https:\/\/ai4performance.com\/wp-content\/uploads\/2016\/08\/logo.svg","contentUrl":"https:\/\/ai4performance.com\/wp-content\/uploads\/2016\/08\/logo.svg","width":1,"height":1,"caption":"AI 4 Performance"},"image":{"@id":"https:\/\/ai4performance.com\/#\/schema\/logo\/image\/"}}]}},"_links":{"self":[{"href":"https:\/\/ai4performance.com\/pl\/wp-json\/wp\/v2\/product\/1007","targetHints":{"allow":["GET"]}}],"collection":[{"href":"https:\/\/ai4performance.com\/pl\/wp-json\/wp\/v2\/product"}],"about":[{"href":"https:\/\/ai4performance.com\/pl\/wp-json\/wp\/v2\/types\/product"}],"wp:attachment":[{"href":"https:\/\/ai4performance.com\/pl\/wp-json\/wp\/v2\/media?parent=1007"}],"wp:term":[{"taxonomy":"product_brand","embeddable":true,"href":"https:\/\/ai4performance.com\/pl\/wp-json\/wp\/v2\/product_brand?post=1007"},{"taxonomy":"product_cat","embeddable":true,"href":"https:\/\/ai4performance.com\/pl\/wp-json\/wp\/v2\/product_cat?post=1007"},{"taxonomy":"product_tag","embeddable":true,"href":"https:\/\/ai4performance.com\/pl\/wp-json\/wp\/v2\/product_tag?post=1007"}],"curies":[{"name":"wp","href":"https:\/\/api.w.org\/{rel}","templated":true}]}}