{"id":789,"date":"2024-08-26T11:56:34","date_gmt":"2024-08-26T09:56:34","guid":{"rendered":"https:\/\/ai4performance.com\/?page_id=789"},"modified":"2024-08-30T13:54:53","modified_gmt":"2024-08-30T11:54:53","slug":"darmowy-raport-seo","status":"publish","type":"page","link":"https:\/\/ai4performance.com\/pl\/darmowy-raport-seo\/","title":{"rendered":"Bezp\u0142atny raport SEO"},"content":{"rendered":"<div class=\"banner has-hover has-video is-full-height\" id=\"banner-160159666\">\n          <div class=\"banner-inner fill\">\n        <div class=\"banner-bg fill\" >\n                        \t<div class=\"video-overlay no-click fill visible\"><\/div>\n\t<video class=\"video-bg fill visible\" preload playsinline autoplay muted loop>\n\t\t<source src=\"https:\/\/ai4performance.com\/wp-content\/uploads\/2024\/08\/Backlinks-API-the-Largest-Backlink-Index-by-SEO-PowerSuite.mp4\" type=\"video\/mp4\">\t<\/video>\n                        \n                    <\/div>\n\t\t\n        <div class=\"banner-layers container\">\n            <div class=\"fill banner-link\"><\/div>            \n   <div id=\"text-box-1494695125\" class=\"text-box banner-layer x50 md-x50 lg-x50 y50 md-y50 lg-y50 res-text\">\n                                <div class=\"text-box-content text dark\">\n              \n              <div class=\"text-inner text-center\">\n                  \n\t<div id=\"text-4154463885\" class=\"text\">\n\t\t\n<h2 class=\"lead\"><strong>Raport z analizy SEO<\/strong><\/h2>\n\t\t\n<style>\n#text-4154463885 {\n  font-size: 0.75rem;\n  text-align: center;\n  color: rgb(255,255,255);\n}\n#text-4154463885 > * {\n  color: rgb(255,255,255);\n}\n@media (min-width:550px) {\n  #text-4154463885 {\n    font-size: 1.9rem;\n  }\n}\n<\/style>\n\t<\/div>\n\t\n\t<div id=\"text-4110953475\" class=\"text\">\n\t\t\n<h4 class=\"lead\"><strong>Raport ujawnia b\u0142\u0119dy SEO i pokazuje ukierunkowane opcje optymalizacji w celu trwa\u0142ej poprawy widoczno\u015bci i wydajno\u015bci witryny.<\/strong><\/h4>\n\t\t\n<style>\n#text-4110953475 {\n  font-size: 0.75rem;\n  line-height: 1.3;\n  text-align: center;\n  color: rgb(255,255,255);\n}\n#text-4110953475 > * {\n  color: rgb(255,255,255);\n}\n@media (min-width:550px) {\n  #text-4110953475 {\n    font-size: 1.1rem;\n  }\n}\n<\/style>\n\t<\/div>\n\t\n\t<div id=\"text-4022952490\" class=\"text hide-for-medium\">\n\t\t\n<p>Otrzymasz szczeg\u00f3\u0142ow\u0105 analiz\u0119 w formacie PDF, kt\u00f3ra uwzgl\u0119dnia aspekty techniczne, takie jak szybko\u015b\u0107 strony, responsywno\u015b\u0107 mobilna i architektura witryny, a tak\u017ce ponad 100 czynnik\u00f3w SEO na stronie.<\/p>\n\t\t\n<style>\n#text-4022952490 {\n  font-size: 1.4rem;\n  text-align: center;\n  color: rgb(255, 255, 255);\n}\n#text-4022952490 > * {\n  color: rgb(255, 255, 255);\n}\n<\/style>\n\t<\/div>\n\t\n\n<p><iframe loading=\"lazy\" src=\"https:\/\/vondru.com\/script\/index.html\" width=\"100%\" height=\"250px\" style=\"border:none;\"><\/iframe><br \/>\n\n              <\/div>\n           <\/div>\n                            \n<style>\n#text-box-1494695125 .text-inner {\n  padding: 30px 0px 0px 0px;\n}\n#text-box-1494695125 {\n  width: 83%;\n}\n#text-box-1494695125 .text-box-content {\n  font-size: 100%;\n}\n@media (min-width:550px) {\n  #text-box-1494695125 {\n    width: 81%;\n  }\n}\n@media (min-width:850px) {\n  #text-box-1494695125 {\n    width: 100%;\n  }\n}\n<\/style>\n    <\/div>\n \n   <div id=\"text-box-1989521420\" class=\"text-box banner-layer x50 md-x50 lg-x50 y100 md-y100 lg-y100 res-text\">\n                                <div class=\"text-box-content text dark\">\n              \n              <div class=\"text-inner text-center\">\n                  \n<div class=\"social-icons share-icons share-row relative icon-style-small\" style=\"font-size:110%\"><a href=\"whatsapp:\/\/send?text=Kostenloser%20SEO%20Report - https:\/\/ai4performance.com\/pl\/darmowy-raport-seo\/\" data-action=\"share\/whatsapp\/share\" class=\"icon plain tooltip whatsapp show-for-medium\" title=\"Share on WhatsApp\" aria-label=\"Share on WhatsApp\" ><i class=\"icon-whatsapp\" ><\/i><\/a><a href=\"https:\/\/www.facebook.com\/sharer.php?u=https:\/\/ai4performance.com\/pl\/darmowy-raport-seo\/\" data-label=\"Facebook\" onclick=\"window.open(this.href,this.title,'width=500,height=500,top=300px,left=300px'); return false;\" target=\"_blank\" class=\"icon plain tooltip facebook\" title=\"Share on Facebook\" aria-label=\"Share on Facebook\" rel=\"noopener nofollow\" ><i class=\"icon-facebook\" ><\/i><\/a><a href=\"https:\/\/twitter.com\/share?url=https:\/\/ai4performance.com\/pl\/darmowy-raport-seo\/\" onclick=\"window.open(this.href,this.title,'width=500,height=500,top=300px,left=300px'); return false;\" target=\"_blank\" class=\"icon plain tooltip twitter\" title=\"Share on Twitter\" aria-label=\"Share on Twitter\" rel=\"noopener nofollow\" ><i class=\"icon-twitter\" ><\/i><\/a><a href=\"mailto:?subject=Kostenloser%20SEO%20Report&body=Check%20this%20out%3A%20https%3A%2F%2Fai4performance.com%2Fpl%2Fdarmowy-raport-seo%2F\" class=\"icon plain tooltip email\" title=\"Email to a Friend\" aria-label=\"Email to a Friend\" rel=\"nofollow\" ><i class=\"icon-envelop\" ><\/i><\/a><a href=\"https:\/\/pinterest.com\/pin\/create\/button?url=https:\/\/ai4performance.com\/pl\/darmowy-raport-seo\/&media&description=Kostenloser%20SEO%20Report\" onclick=\"window.open(this.href,this.title,'width=500,height=500,top=300px,left=300px'); return false;\" target=\"_blank\" class=\"icon plain tooltip pinterest\" title=\"Pin on Pinterest\" aria-label=\"Pin on Pinterest\" rel=\"noopener nofollow\" ><i class=\"icon-pinterest\" ><\/i><\/a><a href=\"https:\/\/www.linkedin.com\/shareArticle?mini=true&url=https:\/\/ai4performance.com\/pl\/darmowy-raport-seo\/&title=Kostenloser%20SEO%20Report\" onclick=\"window.open(this.href,this.title,'width=500,height=500,top=300px,left=300px'); return false;\" target=\"_blank\" class=\"icon plain tooltip linkedin\" title=\"Share on LinkedIn\" aria-label=\"Share on LinkedIn\" rel=\"noopener nofollow\" ><i class=\"icon-linkedin\" ><\/i><\/a><\/div>\n\t<div id=\"gap-659035197\" class=\"gap-element clearfix\" style=\"display:block; height:auto;\">\n\t\t\n<style>\n#gap-659035197 {\n  padding-top: 18px;\n}\n<\/style>\n\t<\/div>\n\t\n              <\/div>\n           <\/div>\n                            \n<style>\n#text-box-1989521420 {\n  width: 60%;\n}\n#text-box-1989521420 .text-box-content {\n  font-size: 100%;\n}\n<\/style>\n    <\/div>\n \n        <\/div>\n      <\/div>\n\n            \n<style>\n#banner-160159666 {\n  padding-top: 100%;\n}\n@media (min-width:550px) {\n  #banner-160159666 {\n    padding-top: 900px;\n  }\n}\n@media (min-width:850px) {\n  #banner-160159666 {\n    padding-top: 100%;\n  }\n}\n<\/style>\n  <\/div>","protected":false},"excerpt":{"rendered":"","protected":false},"author":1,"featured_media":0,"parent":0,"menu_order":0,"comment_status":"closed","ping_status":"closed","template":"page-transparent-header.php","meta":{"footnotes":""},"class_list":["post-789","page","type-page","status-publish","hentry"],"yoast_head":"<!-- This site is optimized with the Yoast SEO plugin v27.3 - https:\/\/yoast.com\/product\/yoast-seo-wordpress\/ -->\n<title>Kostenloser SEO Report - AI 4 Performance<\/title>\n<meta name=\"robots\" content=\"index, follow, max-snippet:-1, max-image-preview:large, max-video-preview:-1\" \/>\n<link rel=\"canonical\" href=\"https:\/\/ai4performance.com\/pl\/darmowy-raport-seo\/\" \/>\n<meta property=\"og:locale\" content=\"pl_PL\" \/>\n<meta property=\"og:type\" content=\"article\" \/>\n<meta property=\"og:title\" content=\"Kostenloser SEO Report - AI 4 Performance\" \/>\n<meta property=\"og:url\" content=\"https:\/\/ai4performance.com\/pl\/darmowy-raport-seo\/\" \/>\n<meta property=\"og:site_name\" content=\"AI 4 Performance\" \/>\n<meta property=\"article:modified_time\" content=\"2024-08-30T11:54:53+00:00\" \/>\n<meta name=\"twitter:card\" content=\"summary_large_image\" \/>\n<meta name=\"twitter:label1\" content=\"Est. reading time\" \/>\n\t<meta name=\"twitter:data1\" content=\"1 minute\" \/>\n<script type=\"application\/ld+json\" class=\"yoast-schema-graph\">{\"@context\":\"https:\\\/\\\/schema.org\",\"@graph\":[{\"@type\":\"WebPage\",\"@id\":\"https:\\\/\\\/ai4performance.com\\\/kostenloser-seo-report\\\/\",\"url\":\"https:\\\/\\\/ai4performance.com\\\/kostenloser-seo-report\\\/\",\"name\":\"Kostenloser SEO Report - AI 4 Performance\",\"isPartOf\":{\"@id\":\"https:\\\/\\\/ai4performance.com\\\/#website\"},\"datePublished\":\"2024-08-26T09:56:34+00:00\",\"dateModified\":\"2024-08-30T11:54:53+00:00\",\"breadcrumb\":{\"@id\":\"https:\\\/\\\/ai4performance.com\\\/kostenloser-seo-report\\\/#breadcrumb\"},\"inLanguage\":\"pl-PL\",\"potentialAction\":[{\"@type\":\"ReadAction\",\"target\":[\"https:\\\/\\\/ai4performance.com\\\/kostenloser-seo-report\\\/\"]}]},{\"@type\":\"BreadcrumbList\",\"@id\":\"https:\\\/\\\/ai4performance.com\\\/kostenloser-seo-report\\\/#breadcrumb\",\"itemListElement\":[{\"@type\":\"ListItem\",\"position\":1,\"name\":\"Startseite\",\"item\":\"https:\\\/\\\/ai4performance.com\\\/\"},{\"@type\":\"ListItem\",\"position\":2,\"name\":\"Kostenloser SEO Report\"}]},{\"@type\":\"WebSite\",\"@id\":\"https:\\\/\\\/ai4performance.com\\\/#website\",\"url\":\"https:\\\/\\\/ai4performance.com\\\/\",\"name\":\"AI 4 Performance\",\"description\":\"\",\"publisher\":{\"@id\":\"https:\\\/\\\/ai4performance.com\\\/#organization\"},\"potentialAction\":[{\"@type\":\"SearchAction\",\"target\":{\"@type\":\"EntryPoint\",\"urlTemplate\":\"https:\\\/\\\/ai4performance.com\\\/?s={search_term_string}\"},\"query-input\":{\"@type\":\"PropertyValueSpecification\",\"valueRequired\":true,\"valueName\":\"search_term_string\"}}],\"inLanguage\":\"pl-PL\"},{\"@type\":\"Organization\",\"@id\":\"https:\\\/\\\/ai4performance.com\\\/#organization\",\"name\":\"AI 4 Performance\",\"url\":\"https:\\\/\\\/ai4performance.com\\\/\",\"logo\":{\"@type\":\"ImageObject\",\"inLanguage\":\"pl-PL\",\"@id\":\"https:\\\/\\\/ai4performance.com\\\/#\\\/schema\\\/logo\\\/image\\\/\",\"url\":\"https:\\\/\\\/ai4performance.com\\\/wp-content\\\/uploads\\\/2016\\\/08\\\/logo.svg\",\"contentUrl\":\"https:\\\/\\\/ai4performance.com\\\/wp-content\\\/uploads\\\/2016\\\/08\\\/logo.svg\",\"width\":1,\"height\":1,\"caption\":\"AI 4 Performance\"},\"image\":{\"@id\":\"https:\\\/\\\/ai4performance.com\\\/#\\\/schema\\\/logo\\\/image\\\/\"}}]}<\/script>\n<!-- \/ Yoast SEO plugin. -->","yoast_head_json":{"title":"Bezp\u0142atny raport SEO - AI 4 Performance","robots":{"index":"index","follow":"follow","max-snippet":"max-snippet:-1","max-image-preview":"max-image-preview:large","max-video-preview":"max-video-preview:-1"},"canonical":"https:\/\/ai4performance.com\/pl\/darmowy-raport-seo\/","og_locale":"pl_PL","og_type":"article","og_title":"Kostenloser SEO Report - AI 4 Performance","og_url":"https:\/\/ai4performance.com\/pl\/darmowy-raport-seo\/","og_site_name":"AI 4 Performance","article_modified_time":"2024-08-30T11:54:53+00:00","twitter_card":"summary_large_image","twitter_misc":{"Est. reading time":"1 minute"},"schema":{"@context":"https:\/\/schema.org","@graph":[{"@type":"WebPage","@id":"https:\/\/ai4performance.com\/kostenloser-seo-report\/","url":"https:\/\/ai4performance.com\/kostenloser-seo-report\/","name":"Bezp\u0142atny raport SEO - AI 4 Performance","isPartOf":{"@id":"https:\/\/ai4performance.com\/#website"},"datePublished":"2024-08-26T09:56:34+00:00","dateModified":"2024-08-30T11:54:53+00:00","breadcrumb":{"@id":"https:\/\/ai4performance.com\/kostenloser-seo-report\/#breadcrumb"},"inLanguage":"pl-PL","potentialAction":[{"@type":"ReadAction","target":["https:\/\/ai4performance.com\/kostenloser-seo-report\/"]}]},{"@type":"BreadcrumbList","@id":"https:\/\/ai4performance.com\/kostenloser-seo-report\/#breadcrumb","itemListElement":[{"@type":"ListItem","position":1,"name":"Startseite","item":"https:\/\/ai4performance.com\/"},{"@type":"ListItem","position":2,"name":"Kostenloser SEO Report"}]},{"@type":"WebSite","@id":"https:\/\/ai4performance.com\/#website","url":"https:\/\/ai4performance.com\/","name":"AI 4 Wydajno\u015b\u0107","description":"","publisher":{"@id":"https:\/\/ai4performance.com\/#organization"},"potentialAction":[{"@type":"SearchAction","target":{"@type":"EntryPoint","urlTemplate":"https:\/\/ai4performance.com\/?s={search_term_string}"},"query-input":{"@type":"PropertyValueSpecification","valueRequired":true,"valueName":"search_term_string"}}],"inLanguage":"pl-PL"},{"@type":"Organization","@id":"https:\/\/ai4performance.com\/#organization","name":"AI 4 Wydajno\u015b\u0107","url":"https:\/\/ai4performance.com\/","logo":{"@type":"ImageObject","inLanguage":"pl-PL","@id":"https:\/\/ai4performance.com\/#\/schema\/logo\/image\/","url":"https:\/\/ai4performance.com\/wp-content\/uploads\/2016\/08\/logo.svg","contentUrl":"https:\/\/ai4performance.com\/wp-content\/uploads\/2016\/08\/logo.svg","width":1,"height":1,"caption":"AI 4 Performance"},"image":{"@id":"https:\/\/ai4performance.com\/#\/schema\/logo\/image\/"}}]}},"_links":{"self":[{"href":"https:\/\/ai4performance.com\/pl\/wp-json\/wp\/v2\/pages\/789","targetHints":{"allow":["GET"]}}],"collection":[{"href":"https:\/\/ai4performance.com\/pl\/wp-json\/wp\/v2\/pages"}],"about":[{"href":"https:\/\/ai4performance.com\/pl\/wp-json\/wp\/v2\/types\/page"}],"author":[{"embeddable":true,"href":"https:\/\/ai4performance.com\/pl\/wp-json\/wp\/v2\/users\/1"}],"replies":[{"embeddable":true,"href":"https:\/\/ai4performance.com\/pl\/wp-json\/wp\/v2\/comments?post=789"}],"version-history":[{"count":0,"href":"https:\/\/ai4performance.com\/pl\/wp-json\/wp\/v2\/pages\/789\/revisions"}],"wp:attachment":[{"href":"https:\/\/ai4performance.com\/pl\/wp-json\/wp\/v2\/media?parent=789"}],"curies":[{"name":"wp","href":"https:\/\/api.w.org\/{rel}","templated":true}]}}