{"id":688,"date":"2024-08-23T13:26:58","date_gmt":"2024-08-23T11:26:58","guid":{"rendered":"https:\/\/ai4performance.com\/impressum\/"},"modified":"2025-08-30T07:02:27","modified_gmt":"2025-08-30T05:02:27","slug":"odcisk","status":"publish","type":"page","link":"https:\/\/ai4performance.com\/pl\/odcisk\/","title":{"rendered":"Nadruk"},"content":{"rendered":"<p><img loading=\"lazy\" decoding=\"async\" class=\"alignnone wp-image-273\" src=\"https:\/\/ai4performance.com\/wp-content\/uploads\/2024\/08\/logo.svg\" alt=\"\" width=\"255\" height=\"51\" \/><\/p>\n<p><strong>AI4Performance jest us\u0142ug\u0105 \u015bwiadczon\u0105 przez:<\/strong><\/p>\n<p>Digital Solution Group Limited<br \/>Dzia\u0142 9086, 196 High Road,<br \/>Wood Green, Londyn N22 8HH<br \/>Wielka Brytania<\/p>\n<p>Szef Ai4 Performance: Andreas Bergmann<\/p>\n<p><strong>Prawa autorskie, znaki towarowe i patenty<\/strong><br \/>Wszystkie projekty stron internetowych, teksty, d\u017awi\u0119ki, nagrania filmowe, grafika, obrazy, programowanie i oprogramowanie, w ca\u0142o\u015bci lub w cz\u0119\u015bci, podlegaj\u0105 prawom autorskim operatora. Wszelkie prawa zastrze\u017cone.<\/p>\n<p><strong>Zastrze\u017cenie<\/strong><br \/>Strona internetowa zawiera hiper\u0142\u0105cza prowadz\u0105ce do stron internetowych os\u00f3b trzecich. Operator nie ma wp\u0142ywu na ich wygl\u0105d i tre\u015b\u0107, a zatem nie ponosi odpowiedzialno\u015bci za dok\u0142adno\u015b\u0107, aktualno\u015b\u0107, kompletno\u015b\u0107 i jako\u015b\u0107 udost\u0119pnianych tam informacji. U\u017cytkownicy powinni kierowa\u0107 wszelkie w\u0105tpliwo\u015bci zwi\u0105zane z tak\u0105 witryn\u0105 bezpo\u015brednio do jej operatora. Wszystkie hiper\u0142\u0105cza zosta\u0142y sprawdzone przez nas w momencie tworzenia strony internetowej i nie s\u0105 sprawdzane regularnie. Autor wyra\u017anie dystansuje si\u0119 od tre\u015bci zewn\u0119trznych stron internetowych. Niniejsza strona internetowa znajduje si\u0119 na serwerze naszego dostawcy w centrum komputerowym w Republice Federalnej Niemiec.<\/p>\n<p><strong>Zastrze\u017cenie<\/strong><br \/>Roszczenia wobec autora z tytu\u0142u odpowiedzialno\u015bci za szkody materialne lub niematerialne spowodowane wykorzystaniem lub niewykorzystaniem dostarczonych informacji lub wykorzystaniem nieprawid\u0142owych lub niekompletnych informacji s\u0105 zasadniczo wykluczone. Autor wyra\u017anie zastrzega sobie prawo do zmiany, uzupe\u0142nienia lub usuni\u0119cia cz\u0119\u015bci stron lub ca\u0142ej witryny bez uprzedniego powiadomienia lub do tymczasowego lub trwa\u0142ego zaprzestania publikacji.<\/p>","protected":false},"excerpt":{"rendered":"<p>AI4Performance ist ein Dienstleistungsservice der: Digital Solution Group LimitedDept 9086, 196 High Road,Wood Green, London N22 8HHUnited Kingdom Leitung Ai4 Performance: Andreas Bergmann Copyright, Warenzeichen und PatenteAlle Website-Designs, Texte, Sounds, Filmaufnahmen, Grafiken, Bilder, Programmierungen und Software, im Ganzen oder auch auszugsweise unterliegen dem Copyright des Betreibers. Alle Rechte vorbehalten. DisclaimerDie Website enth\u00e4lt Hyperlinks, die zu&#8230;<\/p>","protected":false},"author":1,"featured_media":0,"parent":0,"menu_order":99,"comment_status":"closed","ping_status":"closed","template":"","meta":{"footnotes":""},"class_list":["post-688","page","type-page","status-publish","hentry"],"yoast_head":"<!-- This site is optimized with the Yoast SEO plugin v27.3 - https:\/\/yoast.com\/product\/yoast-seo-wordpress\/ -->\n<title>Impressum - AI 4 Performance<\/title>\n<meta name=\"robots\" content=\"index, follow, max-snippet:-1, max-image-preview:large, max-video-preview:-1\" \/>\n<link rel=\"canonical\" href=\"https:\/\/ai4performance.com\/pl\/odcisk\/\" \/>\n<meta property=\"og:locale\" content=\"pl_PL\" \/>\n<meta property=\"og:type\" content=\"article\" \/>\n<meta property=\"og:title\" content=\"Impressum - AI 4 Performance\" \/>\n<meta property=\"og:description\" content=\"AI4Performance ist ein Dienstleistungsservice der: Digital Solution Group LimitedDept 9086, 196 High Road,Wood Green, London N22 8HHUnited Kingdom Leitung Ai4 Performance: Andreas Bergmann Copyright, Warenzeichen und PatenteAlle Website-Designs, Texte, Sounds, Filmaufnahmen, Grafiken, Bilder, Programmierungen und Software, im Ganzen oder auch auszugsweise unterliegen dem Copyright des Betreibers. Alle Rechte vorbehalten. DisclaimerDie Website enth\u00e4lt Hyperlinks, die zu...\" \/>\n<meta property=\"og:url\" content=\"https:\/\/ai4performance.com\/pl\/odcisk\/\" \/>\n<meta property=\"og:site_name\" content=\"AI 4 Performance\" \/>\n<meta property=\"article:modified_time\" content=\"2025-08-30T05:02:27+00:00\" \/>\n<meta property=\"og:image\" content=\"https:\/\/ai4performance.com\/wp-content\/uploads\/2024\/08\/logo.svg\" \/>\n<meta name=\"twitter:card\" content=\"summary_large_image\" \/>\n<meta name=\"twitter:label1\" content=\"Est. reading time\" \/>\n\t<meta name=\"twitter:data1\" content=\"1 minute\" \/>\n<script type=\"application\/ld+json\" class=\"yoast-schema-graph\">{\"@context\":\"https:\\\/\\\/schema.org\",\"@graph\":[{\"@type\":\"WebPage\",\"@id\":\"https:\\\/\\\/ai4performance.com\\\/impressum\\\/\",\"url\":\"https:\\\/\\\/ai4performance.com\\\/impressum\\\/\",\"name\":\"Impressum - AI 4 Performance\",\"isPartOf\":{\"@id\":\"https:\\\/\\\/ai4performance.com\\\/#website\"},\"primaryImageOfPage\":{\"@id\":\"https:\\\/\\\/ai4performance.com\\\/impressum\\\/#primaryimage\"},\"image\":{\"@id\":\"https:\\\/\\\/ai4performance.com\\\/impressum\\\/#primaryimage\"},\"thumbnailUrl\":\"https:\\\/\\\/ai4performance.com\\\/wp-content\\\/uploads\\\/2024\\\/08\\\/logo.svg\",\"datePublished\":\"2024-08-23T11:26:58+00:00\",\"dateModified\":\"2025-08-30T05:02:27+00:00\",\"breadcrumb\":{\"@id\":\"https:\\\/\\\/ai4performance.com\\\/impressum\\\/#breadcrumb\"},\"inLanguage\":\"pl-PL\",\"potentialAction\":[{\"@type\":\"ReadAction\",\"target\":[\"https:\\\/\\\/ai4performance.com\\\/impressum\\\/\"]}]},{\"@type\":\"ImageObject\",\"inLanguage\":\"pl-PL\",\"@id\":\"https:\\\/\\\/ai4performance.com\\\/impressum\\\/#primaryimage\",\"url\":\"https:\\\/\\\/ai4performance.com\\\/wp-content\\\/uploads\\\/2024\\\/08\\\/logo.svg\",\"contentUrl\":\"https:\\\/\\\/ai4performance.com\\\/wp-content\\\/uploads\\\/2024\\\/08\\\/logo.svg\"},{\"@type\":\"BreadcrumbList\",\"@id\":\"https:\\\/\\\/ai4performance.com\\\/impressum\\\/#breadcrumb\",\"itemListElement\":[{\"@type\":\"ListItem\",\"position\":1,\"name\":\"Startseite\",\"item\":\"https:\\\/\\\/ai4performance.com\\\/\"},{\"@type\":\"ListItem\",\"position\":2,\"name\":\"Impressum\"}]},{\"@type\":\"WebSite\",\"@id\":\"https:\\\/\\\/ai4performance.com\\\/#website\",\"url\":\"https:\\\/\\\/ai4performance.com\\\/\",\"name\":\"AI 4 Performance\",\"description\":\"\",\"publisher\":{\"@id\":\"https:\\\/\\\/ai4performance.com\\\/#organization\"},\"potentialAction\":[{\"@type\":\"SearchAction\",\"target\":{\"@type\":\"EntryPoint\",\"urlTemplate\":\"https:\\\/\\\/ai4performance.com\\\/?s={search_term_string}\"},\"query-input\":{\"@type\":\"PropertyValueSpecification\",\"valueRequired\":true,\"valueName\":\"search_term_string\"}}],\"inLanguage\":\"pl-PL\"},{\"@type\":\"Organization\",\"@id\":\"https:\\\/\\\/ai4performance.com\\\/#organization\",\"name\":\"AI 4 Performance\",\"url\":\"https:\\\/\\\/ai4performance.com\\\/\",\"logo\":{\"@type\":\"ImageObject\",\"inLanguage\":\"pl-PL\",\"@id\":\"https:\\\/\\\/ai4performance.com\\\/#\\\/schema\\\/logo\\\/image\\\/\",\"url\":\"https:\\\/\\\/ai4performance.com\\\/wp-content\\\/uploads\\\/2016\\\/08\\\/logo.svg\",\"contentUrl\":\"https:\\\/\\\/ai4performance.com\\\/wp-content\\\/uploads\\\/2016\\\/08\\\/logo.svg\",\"width\":1,\"height\":1,\"caption\":\"AI 4 Performance\"},\"image\":{\"@id\":\"https:\\\/\\\/ai4performance.com\\\/#\\\/schema\\\/logo\\\/image\\\/\"}}]}<\/script>\n<!-- \/ Yoast SEO plugin. -->","yoast_head_json":{"title":"Imprint - AI 4 Performance","robots":{"index":"index","follow":"follow","max-snippet":"max-snippet:-1","max-image-preview":"max-image-preview:large","max-video-preview":"max-video-preview:-1"},"canonical":"https:\/\/ai4performance.com\/pl\/odcisk\/","og_locale":"pl_PL","og_type":"article","og_title":"Impressum - AI 4 Performance","og_description":"AI4Performance ist ein Dienstleistungsservice der: Digital Solution Group LimitedDept 9086, 196 High Road,Wood Green, London N22 8HHUnited Kingdom Leitung Ai4 Performance: Andreas Bergmann Copyright, Warenzeichen und PatenteAlle Website-Designs, Texte, Sounds, Filmaufnahmen, Grafiken, Bilder, Programmierungen und Software, im Ganzen oder auch auszugsweise unterliegen dem Copyright des Betreibers. Alle Rechte vorbehalten. DisclaimerDie Website enth\u00e4lt Hyperlinks, die zu...","og_url":"https:\/\/ai4performance.com\/pl\/odcisk\/","og_site_name":"AI 4 Performance","article_modified_time":"2025-08-30T05:02:27+00:00","og_image":[{"url":"https:\/\/ai4performance.com\/wp-content\/uploads\/2024\/08\/logo.svg","type":"","width":"","height":""}],"twitter_card":"summary_large_image","twitter_misc":{"Est. reading time":"1 minute"},"schema":{"@context":"https:\/\/schema.org","@graph":[{"@type":"WebPage","@id":"https:\/\/ai4performance.com\/impressum\/","url":"https:\/\/ai4performance.com\/impressum\/","name":"Imprint - AI 4 Performance","isPartOf":{"@id":"https:\/\/ai4performance.com\/#website"},"primaryImageOfPage":{"@id":"https:\/\/ai4performance.com\/impressum\/#primaryimage"},"image":{"@id":"https:\/\/ai4performance.com\/impressum\/#primaryimage"},"thumbnailUrl":"https:\/\/ai4performance.com\/wp-content\/uploads\/2024\/08\/logo.svg","datePublished":"2024-08-23T11:26:58+00:00","dateModified":"2025-08-30T05:02:27+00:00","breadcrumb":{"@id":"https:\/\/ai4performance.com\/impressum\/#breadcrumb"},"inLanguage":"pl-PL","potentialAction":[{"@type":"ReadAction","target":["https:\/\/ai4performance.com\/impressum\/"]}]},{"@type":"ImageObject","inLanguage":"pl-PL","@id":"https:\/\/ai4performance.com\/impressum\/#primaryimage","url":"https:\/\/ai4performance.com\/wp-content\/uploads\/2024\/08\/logo.svg","contentUrl":"https:\/\/ai4performance.com\/wp-content\/uploads\/2024\/08\/logo.svg"},{"@type":"BreadcrumbList","@id":"https:\/\/ai4performance.com\/impressum\/#breadcrumb","itemListElement":[{"@type":"ListItem","position":1,"name":"Startseite","item":"https:\/\/ai4performance.com\/"},{"@type":"ListItem","position":2,"name":"Impressum"}]},{"@type":"WebSite","@id":"https:\/\/ai4performance.com\/#website","url":"https:\/\/ai4performance.com\/","name":"AI 4 Wydajno\u015b\u0107","description":"","publisher":{"@id":"https:\/\/ai4performance.com\/#organization"},"potentialAction":[{"@type":"SearchAction","target":{"@type":"EntryPoint","urlTemplate":"https:\/\/ai4performance.com\/?s={search_term_string}"},"query-input":{"@type":"PropertyValueSpecification","valueRequired":true,"valueName":"search_term_string"}}],"inLanguage":"pl-PL"},{"@type":"Organization","@id":"https:\/\/ai4performance.com\/#organization","name":"AI 4 Wydajno\u015b\u0107","url":"https:\/\/ai4performance.com\/","logo":{"@type":"ImageObject","inLanguage":"pl-PL","@id":"https:\/\/ai4performance.com\/#\/schema\/logo\/image\/","url":"https:\/\/ai4performance.com\/wp-content\/uploads\/2016\/08\/logo.svg","contentUrl":"https:\/\/ai4performance.com\/wp-content\/uploads\/2016\/08\/logo.svg","width":1,"height":1,"caption":"AI 4 Performance"},"image":{"@id":"https:\/\/ai4performance.com\/#\/schema\/logo\/image\/"}}]}},"_links":{"self":[{"href":"https:\/\/ai4performance.com\/pl\/wp-json\/wp\/v2\/pages\/688","targetHints":{"allow":["GET"]}}],"collection":[{"href":"https:\/\/ai4performance.com\/pl\/wp-json\/wp\/v2\/pages"}],"about":[{"href":"https:\/\/ai4performance.com\/pl\/wp-json\/wp\/v2\/types\/page"}],"author":[{"embeddable":true,"href":"https:\/\/ai4performance.com\/pl\/wp-json\/wp\/v2\/users\/1"}],"replies":[{"embeddable":true,"href":"https:\/\/ai4performance.com\/pl\/wp-json\/wp\/v2\/comments?post=688"}],"version-history":[{"count":0,"href":"https:\/\/ai4performance.com\/pl\/wp-json\/wp\/v2\/pages\/688\/revisions"}],"wp:attachment":[{"href":"https:\/\/ai4performance.com\/pl\/wp-json\/wp\/v2\/media?parent=688"}],"curies":[{"name":"wp","href":"https:\/\/api.w.org\/{rel}","templated":true}]}}