{"id":5561,"date":"2025-08-21T14:59:33","date_gmt":"2025-08-21T12:59:33","guid":{"rendered":"https:\/\/ai4performance.com\/?page_id=5561"},"modified":"2025-08-23T15:48:03","modified_gmt":"2025-08-23T13:48:03","slug":"deklaracja-dostepnosci","status":"publish","type":"page","link":"https:\/\/ai4performance.com\/pl\/deklaracja-dostepnosci\/","title":{"rendered":"Deklaracja dost\u0119pno\u015bci"},"content":{"rendered":"<h1><strong>Deklaracja dost\u0119pno\u015bci<\/strong><\/h1>\n<p>Digital Solutions Group LTD dok\u0142ada wszelkich stara\u0144, aby jej strona internetowa www.ai4performance.com by\u0142a dost\u0119pna zgodnie z Barrierefreiheitsst\u00e4rkungsgesetz (BFSG) i Barrierefreie-Informationstechnik-Verordnung (BITV 2.0).<\/p>\n<p>Status zgodno\u015bci z wymaganiami<\/p>\n<p>Ta strona jest obecnie cz\u0119\u015bciowo dost\u0119pna. Wymagania BITV 2.0 s\u0105 w du\u017cej mierze spe\u0142nione. Nast\u0119puj\u0105ce elementy nie s\u0105 obecnie dost\u0119pne 100%:<\/p>\n<ul>\n<li>Brak automatycznych tekst\u00f3w alternatywnych dla obraz\u00f3w\/grafik<\/li>\n<li>Brak obs\u0142ugi napis\u00f3w audio\/wideo, audiodeskrypcji, j\u0119zyka migowego<\/li>\n<li>Brak automatycznego etykietowania semantycznego (np. ARIA, punkty orientacyjne)<\/li>\n<li>Brak kontroli\/dostosowania kolejno\u015bci odczytu<\/li>\n<li>Brak sprawdzenia, czy informacje s\u0105 przekazywane wy\u0142\u0105cznie za pomoc\u0105 kolor\u00f3w<\/li>\n<li>Brak gwarancji dla reflow\/zoom (400%)<\/li>\n<li>Brak automatycznej obs\u0142ugi dodatkowej zawarto\u015bci po najechaniu kursorem\/ogniskowaniu<\/li>\n<li>Brak sprawdzania pu\u0142apek klawiaturowych<\/li>\n<li>Brak mechanizm\u00f3w limit\u00f3w czasowych, pauzowania, przerywania<\/li>\n<li>Brak automatycznego sprawdzania migotania\/migania<\/li>\n<li>Brak mechanizmu pomijania \u0142\u0105cza\/obej\u015bcia<\/li>\n<li>Brak sprawdzania\/ustawiania <title><\/li>\n<li>Brak automatycznej strukturyzacji z nag\u0142\u00f3wkami<\/li>\n<li>Brak obs\u0142ugi alternatywnych metod wprowadzania danych (gesty, cele, aktywacja ruchem)<\/li>\n<li>Brak automatycznego oznaczania zmian j\u0119zykowych<\/li>\n<li>Brak mechanizm\u00f3w dla nietypowych s\u0142\u00f3w, skr\u00f3t\u00f3w, poziom\u00f3w czytania<\/li>\n<li>Brak automatycznego wykrywania b\u0142\u0119d\u00f3w\/opis\u00f3w\/sugestii dla formularzy<\/li>\n<li>Brak kontroli sp\u00f3jno\u015bci nawigacji\/komponent\u00f3w<\/li>\n<li>Brak automatycznego zapisywania nazwy, roli, warto\u015bci (ARIA)<\/li>\n<li>Brak automatycznego oznaczania komunikat\u00f3w o stanie dla czytnik\u00f3w ekranu<\/li>\n<\/ul>\n<p>Niedost\u0119pne tre\u015bci obejmuj\u0105 w szczeg\u00f3lno\u015bci<\/p>\n<ul>\n<li>Katalogi PDF i materia\u0142y informacyjne, kt\u00f3re nie s\u0105 w pe\u0142ni dost\u0119pne.<\/li>\n<li>Obrazy i grafiki, w kt\u00f3rych cz\u0119\u015bciowo brakuje alternatywnych opis\u00f3w tekstowych (tekst\u00f3w ALT).<\/li>\n<li>Formularze (np. formularze rezerwacji podr\u00f3\u017cy), kt\u00f3re nie zawsze s\u0105 w pe\u0142ni u\u017cyteczne dla czytnik\u00f3w ekranu.<\/li>\n<li>Filmy, kt\u00f3re obecnie nie s\u0105 konsekwentnie opatrzone napisami lub opisem d\u017awi\u0119kowym.<\/li>\n<\/ul>\n<p>Nieustannie pracujemy nad usuni\u0119ciem tych barier i popraw\u0105 dost\u0119pno\u015bci naszej oferty cyfrowej.<\/p>\n<p>Przygotowanie niniejszego o\u015bwiadczenia<\/p>\n<p>Deklaracja ta zosta\u0142a utworzona w dniu 26 lipca 2025 r.<\/p>\n<p>Ocena opiera si\u0119 na samoocenie zgodnie z wymogami BITV 2.0.<\/p>\n<p>Deklaracja zosta\u0142a ostatnio poddana przegl\u0105dowi w dniu 1 sierpnia 2025 r.<\/p>\n<p>Informacje zwrotne i kontakt<\/p>\n<p>Je\u015bli zauwa\u017cysz jakiekolwiek niedoci\u0105gni\u0119cia w odniesieniu do projektu naszej strony internetowej bez barier lub je\u015bli potrzebujesz informacji na temat tre\u015bci, kt\u00f3re nie s\u0105 pozbawione barier, mo\u017cesz skontaktowa\u0107 si\u0119 z nami w dowolnym momencie:<\/p>\n<p>Digital Solution Group Limited<br \/>\nDzia\u0142 9086, 196 High Road,<br \/>\nWood Green, Londyn N22 8HH<br \/>\nWielka Brytania<\/p>\n<p>E-mail: info (at signs) ai4performance.com<\/p>\n<p>Postaramy si\u0119 odpowiedzie\u0107 na Twoje zapytanie tak szybko, jak to mo\u017cliwe.<\/p>\n<p>Procedura arbitra\u017cowa<\/p>\n<p>Je\u015bli uwa\u017casz, \u017ce na Twoje zapytanie dotycz\u0105ce dost\u0119pno\u015bci nie udzielono satysfakcjonuj\u0105cej odpowiedzi, mo\u017cesz skontaktowa\u0107 si\u0119 z odpowiednim organem pojednawczym:<\/p>\n<p>Centrum arbitra\u017cowe zgodnie z ustaw\u0105 o r\u00f3wno\u015bci os\u00f3b niepe\u0142nosprawnych (BGG)<\/p>\n<p>w Federalnym Ministerstwie Pracy i Spraw Socjalnych<\/p>\n<p>Mauerstrasse 53<\/p>\n<p>10117 Berlin<\/p>\n<p>Strona internetowa: <a href=\"https:\/\/www.schlichtungsstelle-bgg.de\/\">www.schlichtungsstelle-bgg.de<\/a><\/p>\n<p>E-mail: info@schlichtungsstelle-bgg.de<\/p>","protected":false},"excerpt":{"rendered":"<p>Barrierefreiheitserkl\u00e4rung Die Digital Solutions Group LTD ist bem\u00fcht, ihre Website www.ai4performance.com im Einklang mit dem Barrierefreiheitsst\u00e4rkungsgesetz (BFSG) sowie der Barrierefreie-Informationstechnik-Verordnung (BITV 2.0) barrierefrei zug\u00e4nglich zu machen. Stand der Vereinbarkeit mit den Anforderungen Diese Website ist derzeit teilweise barrierefrei. Die Anforderungen der BITV 2.0 werden \u00fcberwiegend erf\u00fcllt. Folgende Elemente sind derzeit nicht 100% barrierefrei: Keine automatische&#8230;<\/p>","protected":false},"author":1,"featured_media":0,"parent":0,"menu_order":0,"comment_status":"closed","ping_status":"closed","template":"","meta":{"footnotes":""},"class_list":["post-5561","page","type-page","status-publish","hentry"],"yoast_head":"<!-- This site is optimized with the Yoast SEO plugin v27.3 - https:\/\/yoast.com\/product\/yoast-seo-wordpress\/ -->\n<title>Barrierefreiheitserkl\u00e4rung - AI 4 Performance<\/title>\n<meta name=\"robots\" content=\"index, follow, max-snippet:-1, max-image-preview:large, max-video-preview:-1\" \/>\n<link rel=\"canonical\" href=\"https:\/\/ai4performance.com\/pl\/deklaracja-dostepnosci\/\" \/>\n<meta property=\"og:locale\" content=\"pl_PL\" \/>\n<meta property=\"og:type\" content=\"article\" \/>\n<meta property=\"og:title\" content=\"Barrierefreiheitserkl\u00e4rung - AI 4 Performance\" \/>\n<meta property=\"og:description\" content=\"Barrierefreiheitserkl\u00e4rung Die Digital Solutions Group LTD ist bem\u00fcht, ihre Website www.ai4performance.com im Einklang mit dem Barrierefreiheitsst\u00e4rkungsgesetz (BFSG) sowie der Barrierefreie-Informationstechnik-Verordnung (BITV 2.0) barrierefrei zug\u00e4nglich zu machen. Stand der Vereinbarkeit mit den Anforderungen Diese Website ist derzeit teilweise barrierefrei. Die Anforderungen der BITV 2.0 werden \u00fcberwiegend erf\u00fcllt. Folgende Elemente sind derzeit nicht 100% barrierefrei: Keine automatische...\" \/>\n<meta property=\"og:url\" content=\"https:\/\/ai4performance.com\/pl\/deklaracja-dostepnosci\/\" \/>\n<meta property=\"og:site_name\" content=\"AI 4 Performance\" \/>\n<meta property=\"article:modified_time\" content=\"2025-08-23T13:48:03+00:00\" \/>\n<meta name=\"twitter:card\" content=\"summary_large_image\" \/>\n<meta name=\"twitter:label1\" content=\"Est. reading time\" \/>\n\t<meta name=\"twitter:data1\" content=\"2 minutes\" \/>\n<script type=\"application\/ld+json\" class=\"yoast-schema-graph\">{\"@context\":\"https:\\\/\\\/schema.org\",\"@graph\":[{\"@type\":\"WebPage\",\"@id\":\"https:\\\/\\\/ai4performance.com\\\/barrierefreiheitserklaerung\\\/\",\"url\":\"https:\\\/\\\/ai4performance.com\\\/barrierefreiheitserklaerung\\\/\",\"name\":\"Barrierefreiheitserkl\u00e4rung - AI 4 Performance\",\"isPartOf\":{\"@id\":\"https:\\\/\\\/ai4performance.com\\\/#website\"},\"datePublished\":\"2025-08-21T12:59:33+00:00\",\"dateModified\":\"2025-08-23T13:48:03+00:00\",\"breadcrumb\":{\"@id\":\"https:\\\/\\\/ai4performance.com\\\/barrierefreiheitserklaerung\\\/#breadcrumb\"},\"inLanguage\":\"pl-PL\",\"potentialAction\":[{\"@type\":\"ReadAction\",\"target\":[\"https:\\\/\\\/ai4performance.com\\\/barrierefreiheitserklaerung\\\/\"]}]},{\"@type\":\"BreadcrumbList\",\"@id\":\"https:\\\/\\\/ai4performance.com\\\/barrierefreiheitserklaerung\\\/#breadcrumb\",\"itemListElement\":[{\"@type\":\"ListItem\",\"position\":1,\"name\":\"Startseite\",\"item\":\"https:\\\/\\\/ai4performance.com\\\/\"},{\"@type\":\"ListItem\",\"position\":2,\"name\":\"Barrierefreiheitserkl\u00e4rung\"}]},{\"@type\":\"WebSite\",\"@id\":\"https:\\\/\\\/ai4performance.com\\\/#website\",\"url\":\"https:\\\/\\\/ai4performance.com\\\/\",\"name\":\"AI 4 Performance\",\"description\":\"\",\"publisher\":{\"@id\":\"https:\\\/\\\/ai4performance.com\\\/#organization\"},\"potentialAction\":[{\"@type\":\"SearchAction\",\"target\":{\"@type\":\"EntryPoint\",\"urlTemplate\":\"https:\\\/\\\/ai4performance.com\\\/?s={search_term_string}\"},\"query-input\":{\"@type\":\"PropertyValueSpecification\",\"valueRequired\":true,\"valueName\":\"search_term_string\"}}],\"inLanguage\":\"pl-PL\"},{\"@type\":\"Organization\",\"@id\":\"https:\\\/\\\/ai4performance.com\\\/#organization\",\"name\":\"AI 4 Performance\",\"url\":\"https:\\\/\\\/ai4performance.com\\\/\",\"logo\":{\"@type\":\"ImageObject\",\"inLanguage\":\"pl-PL\",\"@id\":\"https:\\\/\\\/ai4performance.com\\\/#\\\/schema\\\/logo\\\/image\\\/\",\"url\":\"https:\\\/\\\/ai4performance.com\\\/wp-content\\\/uploads\\\/2016\\\/08\\\/logo.svg\",\"contentUrl\":\"https:\\\/\\\/ai4performance.com\\\/wp-content\\\/uploads\\\/2016\\\/08\\\/logo.svg\",\"width\":1,\"height\":1,\"caption\":\"AI 4 Performance\"},\"image\":{\"@id\":\"https:\\\/\\\/ai4performance.com\\\/#\\\/schema\\\/logo\\\/image\\\/\"}}]}<\/script>\n<!-- \/ Yoast SEO plugin. -->","yoast_head_json":{"title":"Deklaracja dost\u0119pno\u015bci - AI 4 Performance","robots":{"index":"index","follow":"follow","max-snippet":"max-snippet:-1","max-image-preview":"max-image-preview:large","max-video-preview":"max-video-preview:-1"},"canonical":"https:\/\/ai4performance.com\/pl\/deklaracja-dostepnosci\/","og_locale":"pl_PL","og_type":"article","og_title":"Barrierefreiheitserkl\u00e4rung - AI 4 Performance","og_description":"Barrierefreiheitserkl\u00e4rung Die Digital Solutions Group LTD ist bem\u00fcht, ihre Website www.ai4performance.com im Einklang mit dem Barrierefreiheitsst\u00e4rkungsgesetz (BFSG) sowie der Barrierefreie-Informationstechnik-Verordnung (BITV 2.0) barrierefrei zug\u00e4nglich zu machen. Stand der Vereinbarkeit mit den Anforderungen Diese Website ist derzeit teilweise barrierefrei. Die Anforderungen der BITV 2.0 werden \u00fcberwiegend erf\u00fcllt. Folgende Elemente sind derzeit nicht 100% barrierefrei: Keine automatische...","og_url":"https:\/\/ai4performance.com\/pl\/deklaracja-dostepnosci\/","og_site_name":"AI 4 Performance","article_modified_time":"2025-08-23T13:48:03+00:00","twitter_card":"summary_large_image","twitter_misc":{"Est. reading time":"2 minutes"},"schema":{"@context":"https:\/\/schema.org","@graph":[{"@type":"WebPage","@id":"https:\/\/ai4performance.com\/barrierefreiheitserklaerung\/","url":"https:\/\/ai4performance.com\/barrierefreiheitserklaerung\/","name":"Deklaracja dost\u0119pno\u015bci - AI 4 Performance","isPartOf":{"@id":"https:\/\/ai4performance.com\/#website"},"datePublished":"2025-08-21T12:59:33+00:00","dateModified":"2025-08-23T13:48:03+00:00","breadcrumb":{"@id":"https:\/\/ai4performance.com\/barrierefreiheitserklaerung\/#breadcrumb"},"inLanguage":"pl-PL","potentialAction":[{"@type":"ReadAction","target":["https:\/\/ai4performance.com\/barrierefreiheitserklaerung\/"]}]},{"@type":"BreadcrumbList","@id":"https:\/\/ai4performance.com\/barrierefreiheitserklaerung\/#breadcrumb","itemListElement":[{"@type":"ListItem","position":1,"name":"Startseite","item":"https:\/\/ai4performance.com\/"},{"@type":"ListItem","position":2,"name":"Barrierefreiheitserkl\u00e4rung"}]},{"@type":"WebSite","@id":"https:\/\/ai4performance.com\/#website","url":"https:\/\/ai4performance.com\/","name":"AI 4 Wydajno\u015b\u0107","description":"","publisher":{"@id":"https:\/\/ai4performance.com\/#organization"},"potentialAction":[{"@type":"SearchAction","target":{"@type":"EntryPoint","urlTemplate":"https:\/\/ai4performance.com\/?s={search_term_string}"},"query-input":{"@type":"PropertyValueSpecification","valueRequired":true,"valueName":"search_term_string"}}],"inLanguage":"pl-PL"},{"@type":"Organization","@id":"https:\/\/ai4performance.com\/#organization","name":"AI 4 Wydajno\u015b\u0107","url":"https:\/\/ai4performance.com\/","logo":{"@type":"ImageObject","inLanguage":"pl-PL","@id":"https:\/\/ai4performance.com\/#\/schema\/logo\/image\/","url":"https:\/\/ai4performance.com\/wp-content\/uploads\/2016\/08\/logo.svg","contentUrl":"https:\/\/ai4performance.com\/wp-content\/uploads\/2016\/08\/logo.svg","width":1,"height":1,"caption":"AI 4 Performance"},"image":{"@id":"https:\/\/ai4performance.com\/#\/schema\/logo\/image\/"}}]}},"_links":{"self":[{"href":"https:\/\/ai4performance.com\/pl\/wp-json\/wp\/v2\/pages\/5561","targetHints":{"allow":["GET"]}}],"collection":[{"href":"https:\/\/ai4performance.com\/pl\/wp-json\/wp\/v2\/pages"}],"about":[{"href":"https:\/\/ai4performance.com\/pl\/wp-json\/wp\/v2\/types\/page"}],"author":[{"embeddable":true,"href":"https:\/\/ai4performance.com\/pl\/wp-json\/wp\/v2\/users\/1"}],"replies":[{"embeddable":true,"href":"https:\/\/ai4performance.com\/pl\/wp-json\/wp\/v2\/comments?post=5561"}],"version-history":[{"count":0,"href":"https:\/\/ai4performance.com\/pl\/wp-json\/wp\/v2\/pages\/5561\/revisions"}],"wp:attachment":[{"href":"https:\/\/ai4performance.com\/pl\/wp-json\/wp\/v2\/media?parent=5561"}],"curies":[{"name":"wp","href":"https:\/\/api.w.org\/{rel}","templated":true}]}}