{"id":2868,"date":"2025-05-22T08:24:47","date_gmt":"2025-05-22T06:24:47","guid":{"rendered":"https:\/\/ai4performance.com\/?page_id=2868"},"modified":"2025-05-22T16:00:06","modified_gmt":"2025-05-22T14:00:06","slug":"firmy-bez-ki-zagrazaja-ich-istnieniu","status":"publish","type":"page","link":"https:\/\/ai4performance.com\/pl\/firmy-bez-ki-zagrazaja-ich-istnieniu\/","title":{"rendered":"Firmy bez AI zagra\u017caj\u0105 swojemu istnieniu"},"content":{"rendered":"<h1>\u00a0<\/h1>\n<h1 style=\"text-align: center;\" data-start=\"0\" data-end=\"85\"><span style=\"font-size: 180%;\"><strong data-start=\"0\" data-end=\"85\"><span class=\"_fadeIn_m1hgl_8\">Firmy bez AI zagra\u017caj\u0105 swojemu istnieniu<\/span><\/strong><\/span><\/h1>\n<h1 style=\"text-align: center;\" data-start=\"0\" data-end=\"85\"><span class=\"_fadeIn_m1hgl_8\">Bez sztucznej inteligencji firmom grozi zag\u0142ada<\/span><\/h1>\n\t<div id=\"gap-315968294\" class=\"gap-element clearfix\" style=\"display:block; height:auto;\">\n\t\t\n<style>\n#gap-315968294 {\n  padding-top: 60px;\n}\n<\/style>\n\t<\/div>\n\t\n<div class=\"container section-title-container\" ><h3 class=\"section-title section-title-normal\"><b><\/b><span class=\"section-title-main\" >Sztuczna inteligencja nie mo\u017ce sta\u0107 si\u0119 skr\u00f3tem od \"przysz\u0142ej niewyp\u0142acalno\u015bci\".<\/span><b><\/b><\/h3><\/div>\n\t<div class=\"img has-hover x md-x lg-x y md-y lg-y\" id=\"image_573785071\">\n\t\t\t\t\t\t\t\t<div class=\"img-inner dark\" >\n\t\t\t<img loading=\"lazy\" decoding=\"async\" width=\"1630\" height=\"1613\" src=\"https:\/\/ai4performance.com\/wp-content\/uploads\/2025\/05\/ki-kuenftige-insolvenz.jpg\" class=\"attachment-original size-original\" alt=\"\" srcset=\"https:\/\/ai4performance.com\/wp-content\/uploads\/2025\/05\/ki-kuenftige-insolvenz.jpg 1630w, https:\/\/ai4performance.com\/wp-content\/uploads\/2025\/05\/ki-kuenftige-insolvenz-404x400.jpg 404w, https:\/\/ai4performance.com\/wp-content\/uploads\/2025\/05\/ki-kuenftige-insolvenz-808x800.jpg 808w, https:\/\/ai4performance.com\/wp-content\/uploads\/2025\/05\/ki-kuenftige-insolvenz-768x760.jpg 768w, https:\/\/ai4performance.com\/wp-content\/uploads\/2025\/05\/ki-kuenftige-insolvenz-1536x1520.jpg 1536w, https:\/\/ai4performance.com\/wp-content\/uploads\/2025\/05\/ki-kuenftige-insolvenz-12x12.jpg 12w, https:\/\/ai4performance.com\/wp-content\/uploads\/2025\/05\/ki-kuenftige-insolvenz-60x59.jpg 60w, https:\/\/ai4performance.com\/wp-content\/uploads\/2025\/05\/ki-kuenftige-insolvenz-110x109.jpg 110w, https:\/\/ai4performance.com\/wp-content\/uploads\/2025\/05\/ki-kuenftige-insolvenz-420x416.jpg 420w, https:\/\/ai4performance.com\/wp-content\/uploads\/2025\/05\/ki-kuenftige-insolvenz-100x100.jpg 100w\" sizes=\"auto, (max-width: 1630px) 100vw, 1630px\" \/>\t\t\t\t\t\t\n\t\t\t\t\t<\/div>\n\t\t\t\t\t\t\t\t\n<style>\n#image_573785071 {\n  width: 100%;\n}\n<\/style>\n\t<\/div>\n\t\n<a href=\"https:\/\/ai-society.org\/ki-darf-nicht-zur-abkuerzung-fuer-kuenftige-insolvenz-werden\" target=\"_blank\" class=\"button primary is-outline\" rel=\"noopener\"  style=\"border-radius:10px;\">\n\t\t<span>Do artyku\u0142u<\/span>\n\t<\/a>\n\n\t<div id=\"gap-2126994678\" class=\"gap-element clearfix\" style=\"display:block; height:auto;\">\n\t\t\n<style>\n#gap-2126994678 {\n  padding-top: 30px;\n}\n<\/style>\n\t<\/div>\n\t\n<div class=\"container section-title-container\" ><h3 class=\"section-title section-title-normal\"><b><\/b><span class=\"section-title-main\" >Wielu firmom brakuje strategii AI<\/span><b><\/b><\/h3><\/div>\n\t<div class=\"img has-hover x md-x lg-x y md-y lg-y\" id=\"image_1438689117\">\n\t\t\t\t\t\t\t\t<div class=\"img-inner dark\" >\n\t\t\t<img loading=\"lazy\" decoding=\"async\" width=\"1898\" height=\"1539\" src=\"https:\/\/ai4performance.com\/wp-content\/uploads\/2025\/05\/unternehmen-ohne-ki-strategie.jpg\" class=\"attachment-original size-original\" alt=\"\" srcset=\"https:\/\/ai4performance.com\/wp-content\/uploads\/2025\/05\/unternehmen-ohne-ki-strategie.jpg 1898w, https:\/\/ai4performance.com\/wp-content\/uploads\/2025\/05\/unternehmen-ohne-ki-strategie-493x400.jpg 493w, https:\/\/ai4performance.com\/wp-content\/uploads\/2025\/05\/unternehmen-ohne-ki-strategie-987x800.jpg 987w, https:\/\/ai4performance.com\/wp-content\/uploads\/2025\/05\/unternehmen-ohne-ki-strategie-768x623.jpg 768w, https:\/\/ai4performance.com\/wp-content\/uploads\/2025\/05\/unternehmen-ohne-ki-strategie-1536x1245.jpg 1536w, https:\/\/ai4performance.com\/wp-content\/uploads\/2025\/05\/unternehmen-ohne-ki-strategie-15x12.jpg 15w, https:\/\/ai4performance.com\/wp-content\/uploads\/2025\/05\/unternehmen-ohne-ki-strategie-60x49.jpg 60w, https:\/\/ai4performance.com\/wp-content\/uploads\/2025\/05\/unternehmen-ohne-ki-strategie-110x89.jpg 110w, https:\/\/ai4performance.com\/wp-content\/uploads\/2025\/05\/unternehmen-ohne-ki-strategie-420x341.jpg 420w\" sizes=\"auto, (max-width: 1898px) 100vw, 1898px\" \/>\t\t\t\t\t\t\n\t\t\t\t\t<\/div>\n\t\t\t\t\t\t\t\t\n<style>\n#image_1438689117 {\n  width: 100%;\n}\n<\/style>\n\t<\/div>\n\t\n\t<div id=\"gap-1004613666\" class=\"gap-element clearfix\" style=\"display:block; height:auto;\">\n\t\t\n<style>\n#gap-1004613666 {\n  padding-top: 30px;\n}\n<\/style>\n\t<\/div>\n\t\n<a href=\"https:\/\/www.haufe.de\/personal\/hr-management\/ki-strategie-fehlt-in-vielen-unternehmen_80_616206.html\" target=\"_blank\" class=\"button primary is-outline\" rel=\"noopener\"  style=\"border-radius:10px;\">\n\t\t<span>Do artyku\u0142u<\/span>\n\t<\/a>\n\n\t<div id=\"gap-1675893829\" class=\"gap-element clearfix\" style=\"display:block; height:auto;\">\n\t\t\n<style>\n#gap-1675893829 {\n  padding-top: 30px;\n}\n<\/style>\n\t<\/div>\n\t\n<div class=\"row\"  id=\"row-1119672989\">\n\n\t<div id=\"col-1276220405\" class=\"col medium-4 small-12 large-4\"  >\n\t\t\t\t<div class=\"col-inner\"  >\n\t\t\t\n\t\t\t\n\t\t<\/div>\n\t\t\t\t\t<\/div>\n\n\t\n\n\t<div id=\"col-310820765\" class=\"col medium-4 small-12 large-4\"  >\n\t\t\t\t<div class=\"col-inner text-center\"  >\n\t\t\t\n\t\t\t\n<a href=\"https:\/\/ai4performance.com\/pl\/produkt-3\/ki-doradztwo\/\" class=\"button success is-larger\"  style=\"padding:0px 20px 0px 20px;\">\n\t\t<span>Zam\u00f3w konsultacje dotycz\u0105ce sztucznej inteligencji<\/span>\n\t<\/a>\n\n\t\t<\/div>\n\t\t\t\t\t<\/div>\n\n\t\n\n\t<div id=\"col-1088106151\" class=\"col medium-4 small-12 large-4\"  >\n\t\t\t\t<div class=\"col-inner\"  >\n\t\t\t\n\t\t\t\n\t\t<\/div>\n\t\t\t\t\t<\/div>\n\n\t\n<\/div>\n<div class=\"container section-title-container\" ><h3 class=\"section-title section-title-normal\"><b><\/b><span class=\"section-title-main\" >Eksperci: bez strategii AI firmom grozi wygini\u0119cie<\/span><b><\/b><\/h3><\/div>\n\t<div class=\"img has-hover x md-x lg-x y md-y lg-y\" id=\"image_1617622806\">\n\t\t\t\t\t\t\t\t<div class=\"img-inner dark\" >\n\t\t\t<img loading=\"lazy\" decoding=\"async\" width=\"1443\" height=\"1514\" src=\"https:\/\/ai4performance.com\/wp-content\/uploads\/2025\/05\/ohne-ki-firmensterben.jpg\" class=\"attachment-original size-original\" alt=\"\" srcset=\"https:\/\/ai4performance.com\/wp-content\/uploads\/2025\/05\/ohne-ki-firmensterben.jpg 1443w, https:\/\/ai4performance.com\/wp-content\/uploads\/2025\/05\/ohne-ki-firmensterben-381x400.jpg 381w, https:\/\/ai4performance.com\/wp-content\/uploads\/2025\/05\/ohne-ki-firmensterben-762x800.jpg 762w, https:\/\/ai4performance.com\/wp-content\/uploads\/2025\/05\/ohne-ki-firmensterben-768x806.jpg 768w, https:\/\/ai4performance.com\/wp-content\/uploads\/2025\/05\/ohne-ki-firmensterben-11x12.jpg 11w, https:\/\/ai4performance.com\/wp-content\/uploads\/2025\/05\/ohne-ki-firmensterben-60x63.jpg 60w, https:\/\/ai4performance.com\/wp-content\/uploads\/2025\/05\/ohne-ki-firmensterben-110x115.jpg 110w, https:\/\/ai4performance.com\/wp-content\/uploads\/2025\/05\/ohne-ki-firmensterben-420x441.jpg 420w\" sizes=\"auto, (max-width: 1443px) 100vw, 1443px\" \/>\t\t\t\t\t\t\n\t\t\t\t\t<\/div>\n\t\t\t\t\t\t\t\t\n<style>\n#image_1617622806 {\n  width: 100%;\n}\n<\/style>\n\t<\/div>\n\t\n\t<div id=\"gap-1977367547\" class=\"gap-element clearfix\" style=\"display:block; height:auto;\">\n\t\t\n<style>\n#gap-1977367547 {\n  padding-top: 30px;\n}\n<\/style>\n\t<\/div>\n\t\n<a href=\"https:\/\/www.telepolis.de\/features\/Experten-Ohne-KI-Strategie-droht-Firmensterben-so-retten-Sie-Ihren-Job-9812197.html\" target=\"_blank\" class=\"button primary is-outline\" rel=\"noopener\"  style=\"border-radius:10px;\">\n\t\t<span>Do artyku\u0142u<\/span>\n\t<\/a>\n\n\t<div id=\"gap-449580050\" class=\"gap-element clearfix\" style=\"display:block; height:auto;\">\n\t\t\n<style>\n#gap-449580050 {\n  padding-top: 30px;\n}\n<\/style>\n\t<\/div>\n\t\n<div class=\"container section-title-container\" ><h3 class=\"section-title section-title-normal\"><b><\/b><span class=\"section-title-main\" >Firmy nara\u017caj\u0105 swoj\u0105 przysz\u0142o\u015b\u0107 na szwank przez nieudolne wdra\u017canie sztucznej inteligencji<\/span><b><\/b><\/h3><\/div>\n\t<div class=\"img has-hover x md-x lg-x y md-y lg-y\" id=\"image_1441331853\">\n\t\t\t\t\t\t\t\t<div class=\"img-inner dark\" >\n\t\t\t<img loading=\"lazy\" decoding=\"async\" width=\"1301\" height=\"1248\" src=\"https:\/\/ai4performance.com\/wp-content\/uploads\/2025\/05\/gefahr-durch-lahme-ki-umsetzung.jpg\" class=\"attachment-original size-original\" alt=\"\" srcset=\"https:\/\/ai4performance.com\/wp-content\/uploads\/2025\/05\/gefahr-durch-lahme-ki-umsetzung.jpg 1301w, https:\/\/ai4performance.com\/wp-content\/uploads\/2025\/05\/gefahr-durch-lahme-ki-umsetzung-417x400.jpg 417w, https:\/\/ai4performance.com\/wp-content\/uploads\/2025\/05\/gefahr-durch-lahme-ki-umsetzung-834x800.jpg 834w, https:\/\/ai4performance.com\/wp-content\/uploads\/2025\/05\/gefahr-durch-lahme-ki-umsetzung-768x737.jpg 768w, https:\/\/ai4performance.com\/wp-content\/uploads\/2025\/05\/gefahr-durch-lahme-ki-umsetzung-13x12.jpg 13w, https:\/\/ai4performance.com\/wp-content\/uploads\/2025\/05\/gefahr-durch-lahme-ki-umsetzung-60x58.jpg 60w, https:\/\/ai4performance.com\/wp-content\/uploads\/2025\/05\/gefahr-durch-lahme-ki-umsetzung-110x106.jpg 110w, https:\/\/ai4performance.com\/wp-content\/uploads\/2025\/05\/gefahr-durch-lahme-ki-umsetzung-420x403.jpg 420w\" sizes=\"auto, (max-width: 1301px) 100vw, 1301px\" \/>\t\t\t\t\t\t\n\t\t\t\t\t<\/div>\n\t\t\t\t\t\t\t\t\n<style>\n#image_1441331853 {\n  width: 100%;\n}\n<\/style>\n\t<\/div>\n\t\n\t<div id=\"gap-812907998\" class=\"gap-element clearfix\" style=\"display:block; height:auto;\">\n\t\t\n<style>\n#gap-812907998 {\n  padding-top: 30px;\n}\n<\/style>\n\t<\/div>\n\t\n<a href=\"https:\/\/www.focus.de\/finanzen\/boerse\/das-kann-uns-nicht-zufriedenstellen-deutsche-firmen-gefaehrden-ihre-zukunft-durch-lahme-ki-umsetzung_id_260526700.html\" target=\"_blank\" class=\"button primary is-outline\" rel=\"noopener\"  style=\"border-radius:10px;\">\n\t\t<span>Do artyku\u0142u<\/span>\n\t<\/a>\n\n\t<div id=\"gap-103093329\" class=\"gap-element clearfix\" style=\"display:block; height:auto;\">\n\t\t\n<style>\n#gap-103093329 {\n  padding-top: 30px;\n}\n<\/style>\n\t<\/div>\n\t\n<div class=\"container section-title-container\" ><h3 class=\"section-title section-title-normal\"><b><\/b><span class=\"section-title-main\" >Budowanie kompetencji w zakresie sztucznej inteligencji: Cztery na pi\u0119\u0107 firm nie ma planu<\/span><b><\/b><\/h3><\/div>\n\t<div class=\"img has-hover x md-x lg-x y md-y lg-y\" id=\"image_218875355\">\n\t\t\t\t\t\t\t\t<div class=\"img-inner dark\" >\n\t\t\t<img loading=\"lazy\" decoding=\"async\" width=\"1138\" height=\"1080\" src=\"https:\/\/ai4performance.com\/wp-content\/uploads\/2025\/05\/ki-kompetenz.jpg\" class=\"attachment-original size-original\" alt=\"\" srcset=\"https:\/\/ai4performance.com\/wp-content\/uploads\/2025\/05\/ki-kompetenz.jpg 1138w, https:\/\/ai4performance.com\/wp-content\/uploads\/2025\/05\/ki-kompetenz-421x400.jpg 421w, https:\/\/ai4performance.com\/wp-content\/uploads\/2025\/05\/ki-kompetenz-843x800.jpg 843w, https:\/\/ai4performance.com\/wp-content\/uploads\/2025\/05\/ki-kompetenz-768x729.jpg 768w, https:\/\/ai4performance.com\/wp-content\/uploads\/2025\/05\/ki-kompetenz-13x12.jpg 13w, https:\/\/ai4performance.com\/wp-content\/uploads\/2025\/05\/ki-kompetenz-60x57.jpg 60w, https:\/\/ai4performance.com\/wp-content\/uploads\/2025\/05\/ki-kompetenz-110x104.jpg 110w, https:\/\/ai4performance.com\/wp-content\/uploads\/2025\/05\/ki-kompetenz-420x399.jpg 420w\" sizes=\"auto, (max-width: 1138px) 100vw, 1138px\" \/>\t\t\t\t\t\t\n\t\t\t\t\t<\/div>\n\t\t\t\t\t\t\t\t\n<style>\n#image_218875355 {\n  width: 100%;\n}\n<\/style>\n\t<\/div>\n\t\n\t<div id=\"gap-259688512\" class=\"gap-element clearfix\" style=\"display:block; height:auto;\">\n\t\t\n<style>\n#gap-259688512 {\n  padding-top: 30px;\n}\n<\/style>\n\t<\/div>\n\t\n<a href=\"https:\/\/www.heise.de\/news\/KI-Kompetenz-aufbauen-Vier-von-fuenf-Firmen-haben-keinen-Plan-10258560.html\" target=\"_blank\" class=\"button primary is-outline\" rel=\"noopener\"  style=\"border-radius:10px;\">\n\t\t<span>Do artyku\u0142u<\/span>\n\t<\/a>\n\n\t<div id=\"gap-2015330087\" class=\"gap-element clearfix\" style=\"display:block; height:auto;\">\n\t\t\n<style>\n#gap-2015330087 {\n  padding-top: 30px;\n}\n<\/style>\n\t<\/div>\n\t\n<div class=\"row\"  id=\"row-907340371\">\n\n\t<div id=\"col-1287250699\" class=\"col medium-4 small-2 large-4\"  >\n\t\t\t\t<div class=\"col-inner\"  >\n\t\t\t\n\t\t\t\n\t\t<\/div>\n\t\t\t\t\t<\/div>\n\n\t\n\n\t<div id=\"col-795578654\" class=\"col medium-4 small-10 large-4\"  >\n\t\t\t\t<div class=\"col-inner\"  >\n\t\t\t\n\t\t\t\n<a href=\"https:\/\/ai4performance.com\/pl\/produkt-3\/ki-doradztwo\/\" class=\"button success is-larger\"  style=\"padding:0px 20px 0px 20px;\">\n\t\t<span>Zam\u00f3w konsultacje dotycz\u0105ce sztucznej inteligencji<\/span>\n\t<\/a>\n\n\t\t<\/div>\n\t\t\t\t\t<\/div>\n\n\t\n<\/div>","protected":false},"excerpt":{"rendered":"<p>\u00a0 Firmy bez sztucznej inteligencji zagra\u017caj\u0105 swojemu istnieniu Bez sztucznej inteligencji firmom grozi wygini\u0119cie<\/p>","protected":false},"author":1,"featured_media":0,"parent":0,"menu_order":0,"comment_status":"closed","ping_status":"closed","template":"","meta":{"footnotes":""},"class_list":["post-2868","page","type-page","status-publish","hentry"],"yoast_head":"<!-- This site is optimized with the Yoast SEO plugin v27.3 - https:\/\/yoast.com\/product\/yoast-seo-wordpress\/ -->\n<title>Firmen ohne KI gef\u00e4hrden Ihre Existenz - AI 4 Performance<\/title>\n<meta name=\"robots\" content=\"index, follow, max-snippet:-1, max-image-preview:large, max-video-preview:-1\" \/>\n<link rel=\"canonical\" href=\"https:\/\/ai4performance.com\/pl\/firmy-bez-ki-zagrazaja-ich-istnieniu\/\" \/>\n<meta property=\"og:locale\" content=\"pl_PL\" \/>\n<meta property=\"og:type\" content=\"article\" \/>\n<meta property=\"og:title\" content=\"Firmen ohne KI gef\u00e4hrden Ihre Existenz - AI 4 Performance\" \/>\n<meta property=\"og:description\" content=\"\u00a0 Firmen ohne KI gef\u00e4hrden Ihre Existenz Ohne KI droht Firmensterben\" \/>\n<meta property=\"og:url\" content=\"https:\/\/ai4performance.com\/pl\/firmy-bez-ki-zagrazaja-ich-istnieniu\/\" \/>\n<meta property=\"og:site_name\" content=\"AI 4 Performance\" \/>\n<meta property=\"article:modified_time\" content=\"2025-05-22T14:00:06+00:00\" \/>\n<meta name=\"twitter:card\" content=\"summary_large_image\" \/>\n<meta name=\"twitter:label1\" content=\"Est. reading time\" \/>\n\t<meta name=\"twitter:data1\" content=\"1 minute\" \/>\n<script type=\"application\/ld+json\" class=\"yoast-schema-graph\">{\"@context\":\"https:\\\/\\\/schema.org\",\"@graph\":[{\"@type\":\"WebPage\",\"@id\":\"https:\\\/\\\/ai4performance.com\\\/firmen-ohne-ki-gefaehrden-ihre-existenz\\\/\",\"url\":\"https:\\\/\\\/ai4performance.com\\\/firmen-ohne-ki-gefaehrden-ihre-existenz\\\/\",\"name\":\"Firmen ohne KI gef\u00e4hrden Ihre Existenz - AI 4 Performance\",\"isPartOf\":{\"@id\":\"https:\\\/\\\/ai4performance.com\\\/#website\"},\"datePublished\":\"2025-05-22T06:24:47+00:00\",\"dateModified\":\"2025-05-22T14:00:06+00:00\",\"breadcrumb\":{\"@id\":\"https:\\\/\\\/ai4performance.com\\\/firmen-ohne-ki-gefaehrden-ihre-existenz\\\/#breadcrumb\"},\"inLanguage\":\"pl-PL\",\"potentialAction\":[{\"@type\":\"ReadAction\",\"target\":[\"https:\\\/\\\/ai4performance.com\\\/firmen-ohne-ki-gefaehrden-ihre-existenz\\\/\"]}]},{\"@type\":\"BreadcrumbList\",\"@id\":\"https:\\\/\\\/ai4performance.com\\\/firmen-ohne-ki-gefaehrden-ihre-existenz\\\/#breadcrumb\",\"itemListElement\":[{\"@type\":\"ListItem\",\"position\":1,\"name\":\"Startseite\",\"item\":\"https:\\\/\\\/ai4performance.com\\\/\"},{\"@type\":\"ListItem\",\"position\":2,\"name\":\"Firmen ohne KI gef\u00e4hrden Ihre Existenz\"}]},{\"@type\":\"WebSite\",\"@id\":\"https:\\\/\\\/ai4performance.com\\\/#website\",\"url\":\"https:\\\/\\\/ai4performance.com\\\/\",\"name\":\"AI 4 Performance\",\"description\":\"\",\"publisher\":{\"@id\":\"https:\\\/\\\/ai4performance.com\\\/#organization\"},\"potentialAction\":[{\"@type\":\"SearchAction\",\"target\":{\"@type\":\"EntryPoint\",\"urlTemplate\":\"https:\\\/\\\/ai4performance.com\\\/?s={search_term_string}\"},\"query-input\":{\"@type\":\"PropertyValueSpecification\",\"valueRequired\":true,\"valueName\":\"search_term_string\"}}],\"inLanguage\":\"pl-PL\"},{\"@type\":\"Organization\",\"@id\":\"https:\\\/\\\/ai4performance.com\\\/#organization\",\"name\":\"AI 4 Performance\",\"url\":\"https:\\\/\\\/ai4performance.com\\\/\",\"logo\":{\"@type\":\"ImageObject\",\"inLanguage\":\"pl-PL\",\"@id\":\"https:\\\/\\\/ai4performance.com\\\/#\\\/schema\\\/logo\\\/image\\\/\",\"url\":\"https:\\\/\\\/ai4performance.com\\\/wp-content\\\/uploads\\\/2016\\\/08\\\/logo.svg\",\"contentUrl\":\"https:\\\/\\\/ai4performance.com\\\/wp-content\\\/uploads\\\/2016\\\/08\\\/logo.svg\",\"width\":1,\"height\":1,\"caption\":\"AI 4 Performance\"},\"image\":{\"@id\":\"https:\\\/\\\/ai4performance.com\\\/#\\\/schema\\\/logo\\\/image\\\/\"}}]}<\/script>\n<!-- \/ Yoast SEO plugin. -->","yoast_head_json":{"title":"Firmy bez AI zagra\u017caj\u0105 swojemu istnieniu - AI 4 Performance","robots":{"index":"index","follow":"follow","max-snippet":"max-snippet:-1","max-image-preview":"max-image-preview:large","max-video-preview":"max-video-preview:-1"},"canonical":"https:\/\/ai4performance.com\/pl\/firmy-bez-ki-zagrazaja-ich-istnieniu\/","og_locale":"pl_PL","og_type":"article","og_title":"Firmen ohne KI gef\u00e4hrden Ihre Existenz - AI 4 Performance","og_description":"\u00a0 Firmen ohne KI gef\u00e4hrden Ihre Existenz Ohne KI droht Firmensterben","og_url":"https:\/\/ai4performance.com\/pl\/firmy-bez-ki-zagrazaja-ich-istnieniu\/","og_site_name":"AI 4 Performance","article_modified_time":"2025-05-22T14:00:06+00:00","twitter_card":"summary_large_image","twitter_misc":{"Est. reading time":"1 minute"},"schema":{"@context":"https:\/\/schema.org","@graph":[{"@type":"WebPage","@id":"https:\/\/ai4performance.com\/firmen-ohne-ki-gefaehrden-ihre-existenz\/","url":"https:\/\/ai4performance.com\/firmen-ohne-ki-gefaehrden-ihre-existenz\/","name":"Firmy bez AI zagra\u017caj\u0105 swojemu istnieniu - AI 4 Performance","isPartOf":{"@id":"https:\/\/ai4performance.com\/#website"},"datePublished":"2025-05-22T06:24:47+00:00","dateModified":"2025-05-22T14:00:06+00:00","breadcrumb":{"@id":"https:\/\/ai4performance.com\/firmen-ohne-ki-gefaehrden-ihre-existenz\/#breadcrumb"},"inLanguage":"pl-PL","potentialAction":[{"@type":"ReadAction","target":["https:\/\/ai4performance.com\/firmen-ohne-ki-gefaehrden-ihre-existenz\/"]}]},{"@type":"BreadcrumbList","@id":"https:\/\/ai4performance.com\/firmen-ohne-ki-gefaehrden-ihre-existenz\/#breadcrumb","itemListElement":[{"@type":"ListItem","position":1,"name":"Startseite","item":"https:\/\/ai4performance.com\/"},{"@type":"ListItem","position":2,"name":"Firmen ohne KI gef\u00e4hrden Ihre Existenz"}]},{"@type":"WebSite","@id":"https:\/\/ai4performance.com\/#website","url":"https:\/\/ai4performance.com\/","name":"AI 4 Wydajno\u015b\u0107","description":"","publisher":{"@id":"https:\/\/ai4performance.com\/#organization"},"potentialAction":[{"@type":"SearchAction","target":{"@type":"EntryPoint","urlTemplate":"https:\/\/ai4performance.com\/?s={search_term_string}"},"query-input":{"@type":"PropertyValueSpecification","valueRequired":true,"valueName":"search_term_string"}}],"inLanguage":"pl-PL"},{"@type":"Organization","@id":"https:\/\/ai4performance.com\/#organization","name":"AI 4 Wydajno\u015b\u0107","url":"https:\/\/ai4performance.com\/","logo":{"@type":"ImageObject","inLanguage":"pl-PL","@id":"https:\/\/ai4performance.com\/#\/schema\/logo\/image\/","url":"https:\/\/ai4performance.com\/wp-content\/uploads\/2016\/08\/logo.svg","contentUrl":"https:\/\/ai4performance.com\/wp-content\/uploads\/2016\/08\/logo.svg","width":1,"height":1,"caption":"AI 4 Performance"},"image":{"@id":"https:\/\/ai4performance.com\/#\/schema\/logo\/image\/"}}]}},"_links":{"self":[{"href":"https:\/\/ai4performance.com\/pl\/wp-json\/wp\/v2\/pages\/2868","targetHints":{"allow":["GET"]}}],"collection":[{"href":"https:\/\/ai4performance.com\/pl\/wp-json\/wp\/v2\/pages"}],"about":[{"href":"https:\/\/ai4performance.com\/pl\/wp-json\/wp\/v2\/types\/page"}],"author":[{"embeddable":true,"href":"https:\/\/ai4performance.com\/pl\/wp-json\/wp\/v2\/users\/1"}],"replies":[{"embeddable":true,"href":"https:\/\/ai4performance.com\/pl\/wp-json\/wp\/v2\/comments?post=2868"}],"version-history":[{"count":0,"href":"https:\/\/ai4performance.com\/pl\/wp-json\/wp\/v2\/pages\/2868\/revisions"}],"wp:attachment":[{"href":"https:\/\/ai4performance.com\/pl\/wp-json\/wp\/v2\/media?parent=2868"}],"curies":[{"name":"wp","href":"https:\/\/api.w.org\/{rel}","templated":true}]}}