{"id":1167,"date":"2024-09-09T11:06:57","date_gmt":"2024-09-09T09:06:57","guid":{"rendered":"https:\/\/ai4performance.com\/?page_id=1167"},"modified":"2024-09-16T13:35:49","modified_gmt":"2024-09-16T11:35:49","slug":"marketing-e-mailowy-dla-biur-podrozy","status":"publish","type":"page","link":"https:\/\/ai4performance.com\/pl\/marketing-e-mailowy-dla-biur-podrozy\/","title":{"rendered":"Marketing e-mailowy"},"content":{"rendered":"<span class=\"scroll-to\" data-label=\"Scroll to: #home\" data-bullet=\"true\" data-link=\"#home\" data-title=\"Home\" ><a name=\"home\"><\/a><\/span>\n\n\t<section class=\"section\" id=\"section_1459016990\">\n\t\t<div class=\"section-bg fill\" >\n\t\t\t\t\t\t\t<div class=\"video-overlay no-click fill visible\"><\/div>\n\t<video class=\"video-bg fill visible\" preload playsinline autoplay muted loop>\n\t\t<source src=\"https:\/\/ai4performance.com\/wp-content\/uploads\/2024\/09\/5_PaPryfLl.mp4\" type=\"video\/mp4\">\t<\/video>\n\t\t\t<div class=\"section-bg-overlay absolute fill\"><\/div>\n\t\t\t\n\n\t\t<\/div>\n\n\t\t\n\n\t\t<div class=\"section-content relative\">\n\t\t\t\n<div class=\"row\"  id=\"row-1288553454\">\n\n\t<div id=\"col-1870271355\" class=\"col medium-12 small-12 large-12\"  >\n\t\t\t\t<div class=\"col-inner text-shadow-2\"  >\n\t\t\t\n\t\t\t\n\t<div id=\"gap-929135796\" class=\"gap-element clearfix\" style=\"display:block; height:auto;\">\n\t\t\n<style>\n#gap-929135796 {\n  padding-top: 0px;\n}\n@media (min-width:550px) {\n  #gap-929135796 {\n    padding-top: 50px;\n  }\n}\n@media (min-width:850px) {\n  #gap-929135796 {\n    padding-top: 50px;\n  }\n}\n<\/style>\n\t<\/div>\n\t\n<div>\n\t<div id=\"text-2326794644\" class=\"text\">\n\t\t\n<div><span style=\"font-size: 160%;\"><strong>Tworzenie tre\u015bci przy u\u017cyciu sztucznej inteligencji<\/strong><\/span><\/div>\n<div>Wi\u0119ksza widoczno\u015b\u0107 biura podr\u00f3\u017cy<\/div>\n\t\t\n<style>\n#text-2326794644 {\n  font-size: 1.4rem;\n  line-height: 1.15;\n  text-align: center;\n  color: rgb(255, 255, 255);\n}\n#text-2326794644 > * {\n  color: rgb(255, 255, 255);\n}\n@media (min-width:550px) {\n  #text-2326794644 {\n    font-size: 2.1rem;\n    line-height: 1.15;\n  }\n}\n@media (min-width:850px) {\n  #text-2326794644 {\n    font-size: 2.4rem;\n  }\n}\n<\/style>\n\t<\/div>\n\t\n\t<div id=\"gap-192013053\" class=\"gap-element clearfix\" style=\"display:block; height:auto;\">\n\t\t\n<style>\n#gap-192013053 {\n  padding-top: 20px;\n}\n@media (min-width:550px) {\n  #gap-192013053 {\n    padding-top: 20px;\n  }\n}\n@media (min-width:850px) {\n  #gap-192013053 {\n    padding-top: 30px;\n  }\n}\n<\/style>\n\t<\/div>\n\t\n<\/div>\n<div class=\"row\"  id=\"row-1323946116\">\n\n\t<div id=\"col-62055799\" class=\"col small-12 large-12\"  >\n\t\t\t\t<div class=\"col-inner text-center\"  >\n\t\t\t\n\t\t\t\n<a href=\"https:\/\/ai4performance.com\/pl\/kategoria-produktu\/uslugi-seo\/\" class=\"button white is-large\"  style=\"padding:0px 30px 0px 30px;\">\n\t\t<span>Do ofert<\/span>\n\t<\/a>\n\n\t\t<\/div>\n\t\t\t\t\n<style>\n#col-62055799 > .col-inner {\n  padding: 0px 0px 0px 0px;\n  margin: -10px 0px 0px 0px;\n}\n<\/style>\n\t<\/div>\n\n\t\n<\/div>\n\t\t<\/div>\n\t\t\t\t\t<\/div>\n\n\t\n<\/div>\n\t\t<\/div>\n\n\t\t\n<style>\n#section_1459016990 {\n  padding-top: 20px;\n  padding-bottom: 20px;\n  min-height: 770px;\n}\n#section_1459016990 .section-bg-overlay {\n  background-color: rgba(0, 85, 157, 0.157);\n}\n@media (min-width:550px) {\n  #section_1459016990 {\n    min-height: 800px;\n  }\n}\n<\/style>\n\t<\/section>\n\t\n\n\t<section class=\"section\" id=\"section_32654223\">\n\t\t<div class=\"section-bg fill\" >\n\t\t\t\t\t\t\t\t\t\n\t\t\t\n\t<div class=\"is-border\"\n\t\tstyle=\"border-width:0px 0px 0px 0px;\">\n\t<\/div>\n\n\t\t<\/div>\n\n\t\t\n\n\t\t<div class=\"section-content relative\">\n\t\t\t\n<div class=\"row align-center\"  id=\"row-821613190\">\n\n\t<div id=\"col-1116597373\" class=\"col small-11 large-12\"  >\n\t\t\t\t<div class=\"col-inner text-center\"  >\n\t\t\t\n\t\t\t\n<span class=\"scroll-to\" data-label=\"Scroll to: #leistungen\" data-bullet=\"true\" data-link=\"#leistungen\" data-title=\"Leistungen\" ><a name=\"leistungen\"><\/a><\/span>\n<div class=\"row row-small row-box-shadow-1 row-box-shadow-4-hover\"  id=\"row-1029064002\">\n\n\t<div id=\"col-903611936\" class=\"col medium-6 small-12 large-3 col-hover-focus\"  >\n\t\t\t\t<div class=\"col-inner\"  >\n\t\t\t\n\t\t\t\n\n\t\t<div class=\"icon-box featured-box icon-box-center text-center\"  >\n\t\t\t\t<div class=\"icon-box-text last-reset\">\n\t\t\t\t\t\t\t\t\t\n\t<div id=\"text-2885738572\" class=\"text\">\n\t\t\n<h2><strong><span style=\"color: #084085;\">Wysokiej jako\u015bci zawarto\u015b\u0107<\/span><\/strong><\/h2>\n<p>Tre\u015b\u0107 zoptymalizowana pod k\u0105tem sztucznej inteligencji, kt\u00f3ra jest informacyjna i atrakcyjna, pomaga zaprezentowa\u0107 biuro podr\u00f3\u017cy online w najlepszy mo\u017cliwy spos\u00f3b.<\/p>\n\t\t\n<style>\n#text-2885738572 {\n  font-size: 1rem;\n  line-height: 1.05;\n  color: rgb(0,0,0);\n}\n#text-2885738572 > * {\n  color: rgb(0,0,0);\n}\n@media (min-width:550px) {\n  #text-2885738572 {\n    font-size: 1rem;\n    line-height: 1.5;\n  }\n}\n@media (min-width:850px) {\n  #text-2885738572 {\n    font-size: 1rem;\n  }\n}\n<\/style>\n\t<\/div>\n\t\n\t\t<\/div>\n\t<\/div>\n\t\n\t\n\t\t<\/div>\n\t\t\t\t\t<\/div>\n\n\t\n\n\t<div id=\"col-388240222\" class=\"col medium-6 small-12 large-3 col-hover-focus\"  >\n\t\t\t\t<div class=\"col-inner\"  >\n\t\t\t\n\t\t\t\n\n\t\t<div class=\"icon-box featured-box icon-box-center text-center\"  >\n\t\t\t\t<div class=\"icon-box-text last-reset\">\n\t\t\t\t\t\t\t\t\t\n\t<div id=\"text-3726670853\" class=\"text\">\n\t\t\n<h2><span style=\"color: #084085;\"><strong>Lepsze rankingi<\/strong><\/span><\/h2>\n<p>Regularna, \u015bwie\u017ca zawarto\u015b\u0107 zwi\u0119ksza widoczno\u015b\u0107 w wyszukiwarkach i prowadzi do najlepszych wynik\u00f3w wyszukiwania.<\/p>\n\t\t\n<style>\n#text-3726670853 {\n  font-size: 1rem;\n  line-height: 1.05;\n  color: rgb(0,0,0);\n}\n#text-3726670853 > * {\n  color: rgb(0,0,0);\n}\n@media (min-width:550px) {\n  #text-3726670853 {\n    font-size: 1rem;\n    line-height: 1.5;\n  }\n}\n@media (min-width:850px) {\n  #text-3726670853 {\n    font-size: 1rem;\n  }\n}\n<\/style>\n\t<\/div>\n\t\n\t\t<\/div>\n\t<\/div>\n\t\n\t\n\t\t<\/div>\n\t\t\t\t\t<\/div>\n\n\t\n\n\t<div id=\"col-993547730\" class=\"col medium-6 small-12 large-3 col-hover-focus\"  >\n\t\t\t\t<div class=\"col-inner\"  >\n\t\t\t\n\t\t\t\n\n\t\t<div class=\"icon-box featured-box icon-box-center text-center\"  >\n\t\t\t\t<div class=\"icon-box-text last-reset\">\n\t\t\t\t\t\t\t\t\t\n\t<div id=\"text-134421644\" class=\"text\">\n\t\t\n<h2><span style=\"color: #084085;\"><strong>Oszcz\u0119dno\u015b\u0107 koszt\u00f3w<\/strong><\/span><\/h2>\n<p>Otrzymujesz profesjonaln\u0105 tre\u015b\u0107 bez konieczno\u015bci samodzielnego inwestowania czasu, oszcz\u0119dzaj\u0105c w ten spos\u00f3b drogie koszty agencji.<\/p>\n\t\t\n<style>\n#text-134421644 {\n  font-size: 1rem;\n  line-height: 1.05;\n  color: rgb(0,0,0);\n}\n#text-134421644 > * {\n  color: rgb(0,0,0);\n}\n@media (min-width:550px) {\n  #text-134421644 {\n    font-size: 1rem;\n    line-height: 1.5;\n  }\n}\n@media (min-width:850px) {\n  #text-134421644 {\n    font-size: 1rem;\n  }\n}\n<\/style>\n\t<\/div>\n\t\n\t\t<\/div>\n\t<\/div>\n\t\n\t\n\t\t<\/div>\n\t\t\t\t\t<\/div>\n\n\t\n\n\t<div id=\"col-961549237\" class=\"col medium-6 small-12 large-3 col-hover-focus\"  >\n\t\t\t\t<div class=\"col-inner\"  >\n\t\t\t\n\t\t\t\n\n\t\t<div class=\"icon-box featured-box icon-box-center text-center\"  >\n\t\t\t\t<div class=\"icon-box-text last-reset\">\n\t\t\t\t\t\t\t\t\t\n\t<div id=\"text-181017377\" class=\"text\">\n\t\t\n<h2><span style=\"color: #084085;\"><strong>Sukces gwarantowany<\/strong><\/span><\/h2>\n<p>Dzi\u0119ki ci\u0105g\u0142ej, zoptymalizowanej zawarto\u015bci zapewniasz stabiln\u0105 i d\u0142ugoterminow\u0105 popraw\u0119 swojej obecno\u015bci w Internecie.<\/p>\n\t\t\n<style>\n#text-181017377 {\n  font-size: 1rem;\n  line-height: 1.05;\n  color: rgb(0,0,0);\n}\n#text-181017377 > * {\n  color: rgb(0,0,0);\n}\n@media (min-width:550px) {\n  #text-181017377 {\n    font-size: 1rem;\n    line-height: 1.5;\n  }\n}\n@media (min-width:850px) {\n  #text-181017377 {\n    font-size: 1rem;\n  }\n}\n<\/style>\n\t<\/div>\n\t\n\t\t<\/div>\n\t<\/div>\n\t\n\t\n\t\t<\/div>\n\t\t\t\t\t<\/div>\n\n\t\n\n<style>\n#row-1029064002 > .col > .col-inner {\n  padding: 30px 30px 30px 30px;\n  background-color: rgb(255,255,255);\n}\n<\/style>\n<\/div>\n\t\t<\/div>\n\t\t\t\t\n<style>\n#col-1116597373 > .col-inner {\n  margin: -100px 0px 0px 0px;\n}\n<\/style>\n\t<\/div>\n\n\t\n<\/div>\n\t\t<\/div>\n\n\t\t\n<style>\n#section_32654223 {\n  padding-top: 0px;\n  padding-bottom: 0px;\n}\n<\/style>\n\t<\/section>\n\t\n\n\t<section class=\"section\" id=\"section_1242139776\">\n\t\t<div class=\"section-bg fill\" >\n\t\t\t\t\t\t\t\t\t\n\t\t\t\n\n\t\t<\/div>\n\n\t\t\n\n\t\t<div class=\"section-content relative\">\n\t\t\t\n<div class=\"row\"  id=\"row-1365974939\">\n\n\t<div id=\"col-141524570\" class=\"col small-12 large-12\"  >\n\t\t\t\t<div class=\"col-inner\"  >\n\t\t\t\n\t\t\t\n<div class=\"row row-collapse\"  id=\"row-1491293764\">\n\n\t<div id=\"col-1375014846\" class=\"col small-12 large-12\"  >\n\t\t\t\t<div class=\"col-inner\"  >\n\t\t\t\n\t\t\t\n<span class=\"scroll-to\" data-label=\"Scroll to: #warum\" data-bullet=\"true\" data-link=\"#warum\" data-title=\"Warum wir\" ><a name=\"warum\"><\/a><\/span>\n\n\t<section class=\"section dark has-parallax\" id=\"section_253294912\">\n\t\t<div class=\"section-bg fill\" data-parallax-container=\".section\" data-parallax-background data-parallax=\"-5\">\n\t\t\t<img loading=\"lazy\" decoding=\"async\" width=\"2560\" height=\"1707\" src=\"https:\/\/ai4performance.com\/wp-content\/uploads\/2024\/09\/google-analytics-phone-stockpack-unsplash-scaled.jpg\" class=\"bg attachment- size-\" alt=\"Telefon Google Analytics\" \/>\t\t\t\t\t\t<div class=\"section-bg-overlay absolute fill\"><\/div>\n\t\t\t\n\n\t\t<\/div>\n\n\t\t\n\n\t\t<div class=\"section-content relative\">\n\t\t\t\n<div class=\"row\"  id=\"row-1367426407\">\n\n\t<div id=\"col-1118042674\" class=\"col medium-12 small-12 large-9\"  >\n\t\t\t\t<div class=\"col-inner text-left\"  >\n\t\t\t\n\t\t\t\n\t<div id=\"gap-696065260\" class=\"gap-element clearfix\" style=\"display:block; height:auto;\">\n\t\t\n<style>\n#gap-696065260 {\n  padding-top: 30px;\n}\n<\/style>\n\t<\/div>\n\t\n\t<div id=\"gap-1437012578\" class=\"gap-element clearfix\" style=\"display:block; height:auto;\">\n\t\t\n<style>\n#gap-1437012578 {\n  padding-top: 30px;\n}\n<\/style>\n\t<\/div>\n\t\n\t<div id=\"text-1993353054\" class=\"text\">\n\t\t\n<p><span style=\"font-size: 150%;\"><strong>Klucz do lepszego rankingu w Google<\/strong><\/span><\/p>\n\t\t\n<style>\n#text-1993353054 {\n  font-size: 1.35rem;\n  line-height: 0.75;\n  text-align: center;\n  color: rgb(255, 255, 255);\n}\n#text-1993353054 > * {\n  color: rgb(255, 255, 255);\n}\n@media (min-width:550px) {\n  #text-1993353054 {\n    font-size: 2.1rem;\n    line-height: 0.95;\n    text-align: center;\n  }\n}\n@media (min-width:850px) {\n  #text-1993353054 {\n    text-align: left;\n  }\n}\n<\/style>\n\t<\/div>\n\t\n\t<div id=\"text-3633211255\" class=\"text\">\n\t\t\n<p>Dzi\u0119ki naszej sztucznej inteligencji do tworzenia tre\u015bci na stron\u0119 internetow\u0105 biura podr\u00f3\u017cy b\u0119dziesz regularnie otrzymywa\u0107 \u015bwie\u017ce, pouczaj\u0105ce i zoptymalizowane pod k\u0105tem SEO tre\u015bci.<\/p>\n\t\t\n<style>\n#text-3633211255 {\n  font-size: 1.1rem;\n  line-height: 1.1;\n  text-align: left;\n}\n@media (min-width:550px) {\n  #text-3633211255 {\n    font-size: 1.4rem;\n    line-height: 1.2;\n    text-align: left;\n  }\n}\n@media (min-width:850px) {\n  #text-3633211255 {\n    text-align: left;\n  }\n}\n<\/style>\n\t<\/div>\n\t\n<a href=\"#kontakt\" class=\"button white is-large hide-for-small\"  style=\"padding:0px 30px 0px 30px;\">\n\t\t<span>Bezp\u0142atne porady<\/span>\n\t<\/a>\n\n<a data-animate=\"fadeInUp\" href=\"#kontakt\" class=\"button white is-large expand show-for-small\"  style=\"padding:0px 30px 0px 30px;\">\n\t\t<span>Bezp\u0142atne porady<\/span>\n\t<\/a>\n\n\t\t<\/div>\n\t\t\t\t\n<style>\n#col-1118042674 > .col-inner {\n  padding: 0px 0px 0px 0;\n}\n@media (min-width:550px) {\n  #col-1118042674 > .col-inner {\n    padding: 0px 0px 0px 0px;\n  }\n}\n@media (min-width:850px) {\n  #col-1118042674 > .col-inner {\n    padding: 0px 0px 0px 20px;\n  }\n}\n<\/style>\n\t<\/div>\n\n\t\n<\/div>\n\t\t<\/div>\n\n\t\t\n<style>\n#section_253294912 {\n  padding-top: 0px;\n  padding-bottom: 0px;\n  min-height: 450px;\n}\n#section_253294912 .section-bg-overlay {\n  background-color: rgba(0, 85, 157, 0.616);\n}\n#section_253294912 .section-bg img {\n  object-position: top;\n}\n@media (min-width:550px) {\n  #section_253294912 {\n    min-height: 500px;\n  }\n}\n<\/style>\n\t<\/section>\n\t\n\t\t<\/div>\n\t\t\t\t\t<\/div>\n\n\t\n<\/div>\n<div class=\"row row-collapse align-equal\"  id=\"row-32355286\">\n\n\t<div id=\"col-458512212\" class=\"col medium-12 small-12 large-12\"  >\n\t\t\t\t<div class=\"col-inner text-center dark\" style=\"background-color:#084085;\" >\n\t\t\t\n\t\t\t\n\t<div id=\"text-1129342787\" class=\"text\">\n\t\t\n<p>Te wysokiej jako\u015bci artyku\u0142y o podr\u00f3\u017cach i tematach pokrewnych maj\u0105 kluczowe znaczenie dla promowania Twojej witryny na stronie <strong>Google na szczycie<\/strong> przynie\u015b\u0107. Google nagradza regularnie aktualizowane strony lepszymi rankingami, a im bardziej widoczna jest Twoja strona, tym wi\u0119cej klient\u00f3w zwr\u00f3ci na Ciebie uwag\u0119. Dzi\u0119ki naszym spersonalizowanym tre\u015bciom zapewniamy, \u017ce Twoja witryna nie tylko wygl\u0105da dobrze, ale jest r\u00f3wnie\u017c znajdowana.<\/p>\n<h3><strong>Regularne aktualizacje gwarantuj\u0105 sukces w Google!<\/strong><\/h3>\n\t\t\n<style>\n#text-1129342787 {\n  font-size: 1.1rem;\n  line-height: 1.2;\n  text-align: center;\n}\n@media (min-width:550px) {\n  #text-1129342787 {\n    font-size: 1.4rem;\n    text-align: center;\n  }\n}\n@media (min-width:850px) {\n  #text-1129342787 {\n    text-align: left;\n  }\n}\n<\/style>\n\t<\/div>\n\t\n\t\t<\/div>\n\t\t\t\t\n<style>\n#col-458512212 > .col-inner {\n  padding: 30px 10% 20px 10%;\n}\n@media (min-width:550px) {\n  #col-458512212 > .col-inner {\n    padding: 50px 50px 50px 50px;\n  }\n}\n<\/style>\n\t<\/div>\n\n\t\n<\/div>\n\t\t<\/div>\n\t\t\t\t\t<\/div>\n\n\t\n<\/div>\n\t\t<\/div>\n\n\t\t\n<style>\n#section_1242139776 {\n  padding-top: 30px;\n  padding-bottom: 30px;\n}\n<\/style>\n\t<\/section>\n\t\n\t<div id=\"gap-337827629\" class=\"gap-element clearfix\" style=\"display:block; height:auto;\">\n\t\t\n<style>\n#gap-337827629 {\n  padding-top: 0px;\n}\n@media (min-width:550px) {\n  #gap-337827629 {\n    padding-top: 30px;\n  }\n}\n<\/style>\n\t<\/div>\n\t\n<div class=\"row\"  id=\"row-124326780\">\n\n\t<div id=\"col-1612409467\" class=\"col small-12 large-12\"  >\n\t\t\t\t<div class=\"col-inner text-center\"  >\n\t\t\t\n\t\t\t\n<a href=\"#kontakt\" class=\"button primary is-xlarge hide-for-small\"  style=\"padding:0px 30px 0px 30px;\">\n\t\t<span>Popro\u015b o bezp\u0142atn\u0105 konsultacj\u0119<\/span>\n\t<\/a>\n\n<a data-animate=\"fadeInUp\" href=\"#kontakt\" class=\"button primary is-large show-for-small\"  style=\"padding:0px 30px 0px 30px;\">\n\t\t<span>Popro\u015b o bezp\u0142atn\u0105 porad\u0119<\/span>\n\t<\/a>\n\n\t<div id=\"gap-497195340\" class=\"gap-element clearfix\" style=\"display:block; height:auto;\">\n\t\t\n<style>\n#gap-497195340 {\n  padding-top: 0px;\n}\n@media (min-width:550px) {\n  #gap-497195340 {\n    padding-top: 60px;\n  }\n}\n<\/style>\n\t<\/div>\n\t\n\t\t<\/div>\n\t\t\t\t\t<\/div>\n\n\t\n<\/div>\n<span class=\"scroll-to\" data-label=\"Scroll to: #kontakt\" data-bullet=\"true\" data-link=\"#kontakt\" data-title=\"Kontakt\" ><a name=\"kontakt\"><\/a><\/span>","protected":false},"excerpt":{"rendered":"","protected":false},"author":1,"featured_media":0,"parent":0,"menu_order":0,"comment_status":"closed","ping_status":"closed","template":"page-transparent-header-light.php","meta":{"footnotes":""},"class_list":["post-1167","page","type-page","status-publish","hentry"],"yoast_head":"<!-- This site is optimized with the Yoast SEO plugin v27.3 - https:\/\/yoast.com\/product\/yoast-seo-wordpress\/ -->\n<title>E-Mail Marketing - AI 4 Performance<\/title>\n<meta name=\"robots\" content=\"index, follow, max-snippet:-1, max-image-preview:large, max-video-preview:-1\" \/>\n<link rel=\"canonical\" href=\"https:\/\/ai4performance.com\/pl\/marketing-e-mailowy-dla-biur-podrozy\/\" \/>\n<meta property=\"og:locale\" content=\"pl_PL\" \/>\n<meta property=\"og:type\" content=\"article\" \/>\n<meta property=\"og:title\" content=\"E-Mail Marketing - AI 4 Performance\" \/>\n<meta property=\"og:url\" content=\"https:\/\/ai4performance.com\/pl\/marketing-e-mailowy-dla-biur-podrozy\/\" \/>\n<meta property=\"og:site_name\" content=\"AI 4 Performance\" \/>\n<meta property=\"article:modified_time\" content=\"2024-09-16T11:35:49+00:00\" \/>\n<meta name=\"twitter:card\" content=\"summary_large_image\" \/>\n<meta name=\"twitter:label1\" content=\"Est. reading time\" \/>\n\t<meta name=\"twitter:data1\" content=\"4 minutes\" \/>\n<script type=\"application\/ld+json\" class=\"yoast-schema-graph\">{\"@context\":\"https:\\\/\\\/schema.org\",\"@graph\":[{\"@type\":\"WebPage\",\"@id\":\"https:\\\/\\\/ai4performance.com\\\/email-marketing-fuer-reisebueros\\\/\",\"url\":\"https:\\\/\\\/ai4performance.com\\\/email-marketing-fuer-reisebueros\\\/\",\"name\":\"E-Mail Marketing - AI 4 Performance\",\"isPartOf\":{\"@id\":\"https:\\\/\\\/ai4performance.com\\\/#website\"},\"datePublished\":\"2024-09-09T09:06:57+00:00\",\"dateModified\":\"2024-09-16T11:35:49+00:00\",\"breadcrumb\":{\"@id\":\"https:\\\/\\\/ai4performance.com\\\/email-marketing-fuer-reisebueros\\\/#breadcrumb\"},\"inLanguage\":\"pl-PL\",\"potentialAction\":[{\"@type\":\"ReadAction\",\"target\":[\"https:\\\/\\\/ai4performance.com\\\/email-marketing-fuer-reisebueros\\\/\"]}]},{\"@type\":\"BreadcrumbList\",\"@id\":\"https:\\\/\\\/ai4performance.com\\\/email-marketing-fuer-reisebueros\\\/#breadcrumb\",\"itemListElement\":[{\"@type\":\"ListItem\",\"position\":1,\"name\":\"Startseite\",\"item\":\"https:\\\/\\\/ai4performance.com\\\/\"},{\"@type\":\"ListItem\",\"position\":2,\"name\":\"E-Mail Marketing\"}]},{\"@type\":\"WebSite\",\"@id\":\"https:\\\/\\\/ai4performance.com\\\/#website\",\"url\":\"https:\\\/\\\/ai4performance.com\\\/\",\"name\":\"AI 4 Performance\",\"description\":\"\",\"publisher\":{\"@id\":\"https:\\\/\\\/ai4performance.com\\\/#organization\"},\"potentialAction\":[{\"@type\":\"SearchAction\",\"target\":{\"@type\":\"EntryPoint\",\"urlTemplate\":\"https:\\\/\\\/ai4performance.com\\\/?s={search_term_string}\"},\"query-input\":{\"@type\":\"PropertyValueSpecification\",\"valueRequired\":true,\"valueName\":\"search_term_string\"}}],\"inLanguage\":\"pl-PL\"},{\"@type\":\"Organization\",\"@id\":\"https:\\\/\\\/ai4performance.com\\\/#organization\",\"name\":\"AI 4 Performance\",\"url\":\"https:\\\/\\\/ai4performance.com\\\/\",\"logo\":{\"@type\":\"ImageObject\",\"inLanguage\":\"pl-PL\",\"@id\":\"https:\\\/\\\/ai4performance.com\\\/#\\\/schema\\\/logo\\\/image\\\/\",\"url\":\"https:\\\/\\\/ai4performance.com\\\/wp-content\\\/uploads\\\/2016\\\/08\\\/logo.svg\",\"contentUrl\":\"https:\\\/\\\/ai4performance.com\\\/wp-content\\\/uploads\\\/2016\\\/08\\\/logo.svg\",\"width\":1,\"height\":1,\"caption\":\"AI 4 Performance\"},\"image\":{\"@id\":\"https:\\\/\\\/ai4performance.com\\\/#\\\/schema\\\/logo\\\/image\\\/\"}}]}<\/script>\n<!-- \/ Yoast SEO plugin. -->","yoast_head_json":{"title":"E-mail marketing - AI 4 Performance","robots":{"index":"index","follow":"follow","max-snippet":"max-snippet:-1","max-image-preview":"max-image-preview:large","max-video-preview":"max-video-preview:-1"},"canonical":"https:\/\/ai4performance.com\/pl\/marketing-e-mailowy-dla-biur-podrozy\/","og_locale":"pl_PL","og_type":"article","og_title":"E-Mail Marketing - AI 4 Performance","og_url":"https:\/\/ai4performance.com\/pl\/marketing-e-mailowy-dla-biur-podrozy\/","og_site_name":"AI 4 Performance","article_modified_time":"2024-09-16T11:35:49+00:00","twitter_card":"summary_large_image","twitter_misc":{"Est. reading time":"4 minutes"},"schema":{"@context":"https:\/\/schema.org","@graph":[{"@type":"WebPage","@id":"https:\/\/ai4performance.com\/email-marketing-fuer-reisebueros\/","url":"https:\/\/ai4performance.com\/email-marketing-fuer-reisebueros\/","name":"E-mail marketing - AI 4 Performance","isPartOf":{"@id":"https:\/\/ai4performance.com\/#website"},"datePublished":"2024-09-09T09:06:57+00:00","dateModified":"2024-09-16T11:35:49+00:00","breadcrumb":{"@id":"https:\/\/ai4performance.com\/email-marketing-fuer-reisebueros\/#breadcrumb"},"inLanguage":"pl-PL","potentialAction":[{"@type":"ReadAction","target":["https:\/\/ai4performance.com\/email-marketing-fuer-reisebueros\/"]}]},{"@type":"BreadcrumbList","@id":"https:\/\/ai4performance.com\/email-marketing-fuer-reisebueros\/#breadcrumb","itemListElement":[{"@type":"ListItem","position":1,"name":"Startseite","item":"https:\/\/ai4performance.com\/"},{"@type":"ListItem","position":2,"name":"E-Mail Marketing"}]},{"@type":"WebSite","@id":"https:\/\/ai4performance.com\/#website","url":"https:\/\/ai4performance.com\/","name":"AI 4 Wydajno\u015b\u0107","description":"","publisher":{"@id":"https:\/\/ai4performance.com\/#organization"},"potentialAction":[{"@type":"SearchAction","target":{"@type":"EntryPoint","urlTemplate":"https:\/\/ai4performance.com\/?s={search_term_string}"},"query-input":{"@type":"PropertyValueSpecification","valueRequired":true,"valueName":"search_term_string"}}],"inLanguage":"pl-PL"},{"@type":"Organization","@id":"https:\/\/ai4performance.com\/#organization","name":"AI 4 Wydajno\u015b\u0107","url":"https:\/\/ai4performance.com\/","logo":{"@type":"ImageObject","inLanguage":"pl-PL","@id":"https:\/\/ai4performance.com\/#\/schema\/logo\/image\/","url":"https:\/\/ai4performance.com\/wp-content\/uploads\/2016\/08\/logo.svg","contentUrl":"https:\/\/ai4performance.com\/wp-content\/uploads\/2016\/08\/logo.svg","width":1,"height":1,"caption":"AI 4 Performance"},"image":{"@id":"https:\/\/ai4performance.com\/#\/schema\/logo\/image\/"}}]}},"_links":{"self":[{"href":"https:\/\/ai4performance.com\/pl\/wp-json\/wp\/v2\/pages\/1167","targetHints":{"allow":["GET"]}}],"collection":[{"href":"https:\/\/ai4performance.com\/pl\/wp-json\/wp\/v2\/pages"}],"about":[{"href":"https:\/\/ai4performance.com\/pl\/wp-json\/wp\/v2\/types\/page"}],"author":[{"embeddable":true,"href":"https:\/\/ai4performance.com\/pl\/wp-json\/wp\/v2\/users\/1"}],"replies":[{"embeddable":true,"href":"https:\/\/ai4performance.com\/pl\/wp-json\/wp\/v2\/comments?post=1167"}],"version-history":[{"count":0,"href":"https:\/\/ai4performance.com\/pl\/wp-json\/wp\/v2\/pages\/1167\/revisions"}],"wp:attachment":[{"href":"https:\/\/ai4performance.com\/pl\/wp-json\/wp\/v2\/media?parent=1167"}],"curies":[{"name":"wp","href":"https:\/\/api.w.org\/{rel}","templated":true}]}}