{"id":2508,"date":"2025-04-14T13:58:07","date_gmt":"2025-04-14T11:58:07","guid":{"rendered":"https:\/\/ai4performance.com\/?post_type=product&#038;p=2508"},"modified":"2025-06-03T16:42:28","modified_gmt":"2025-06-03T14:42:28","slug":"monthly-ki-assistant-update-training-2","status":"publish","type":"product","link":"https:\/\/ai4performance.com\/en\/product-2\/monthly-ki-assistant-update-training-2\/","title":{"rendered":"AI language assistant for your company"},"content":{"rendered":"<p class=\"\" data-start=\"134\" data-end=\"265\"><strong data-start=\"134\" data-end=\"221\">KI-Sprachassistent f\u00fcr Ihr Unternehmen \u2013 24\/7 erreichbar, zuverl\u00e4ssig &amp; intelligent<\/strong><br data-start=\"221\" data-end=\"224\" \/><strong data-start=\"224\" data-end=\"265\">Monatlicher Preis: 289\u202f\u20ac (inkl. USt.)<\/strong><\/p>\n<p class=\"\" data-start=\"267\" data-end=\"605\">Unser KI-basierter Sprachassistent ist Ihr digitaler Mitarbeiter, der rund um die Uhr Anrufe entgegennimmt, Termine koordiniert und h\u00e4ufige Fragen beantwortet \u2013 freundlich, kompetent und v\u00f6llig automatisiert. Ideal f\u00fcr Unternehmen, die ihre Erreichbarkeit verbessern, Mitarbeiter entlasten und einen modernen Kundenservice bieten m\u00f6chten.<\/p>\n<p class=\"\" data-start=\"607\" data-end=\"949\">Die Einrichtung erfolgt individuell auf Ihre Branche und Anforderungen abgestimmt \u2013 inklusive professioneller Stimme, Anrufbeantwortung, Terminfunktion (optional mit Kalenderanbindung) und DSGVO-konformer Datenverarbeitung. Ob tags\u00fcber bei hohem Anrufaufkommen oder nachts au\u00dferhalb der Gesch\u00e4ftszeiten: Ihr KI-Assistent ist immer erreichbar.<\/p>\n<p class=\"\" data-start=\"951\" data-end=\"1215\">Enthalten sind bis zu 300 Anrufe pro Monat, Zugriff auf ein Analyse-Portal zur Gespr\u00e4chsauswertung, Integration auf Wunsch auch \u00fcber Ihre Website, sowie Support und Wartung. Nach dem Onboarding ist Ihr Assistent in der Regel innerhalb von 48 Stunden einsatzbereit.<\/p>\n<p class=\"\" data-start=\"1217\" data-end=\"1403\">\u2714\ufe0f 24\/7 verf\u00fcgbar<br data-start=\"1234\" data-end=\"1237\" \/>\u2714\ufe0f Individuell angepasst<br data-start=\"1261\" data-end=\"1264\" \/>\u2714\ufe0f F\u00fcr Dienstleister, Kanzleien, Praxen, Handwerksbetriebe &amp; mehr<br data-start=\"1329\" data-end=\"1332\" \/>\u2714\ufe0f Monatlich k\u00fcndbar nach 3 Monaten<br data-start=\"1367\" data-end=\"1370\" \/>\u2714\ufe0f Pers\u00f6nlicher Support inklusive<\/p>","protected":false},"excerpt":{"rendered":"<p><strong data-start=\"1501\" data-end=\"1564\">Your digital telephone assistant - available around the clock. <\/strong>Professional AI voice assistant for companies that answers calls, makes appointments and answers frequently asked questions - fully automated, customised and GDPR-compliant. Ideal for relieving your team and optimising your customer service<\/p>","protected":false},"featured_media":0,"template":"","meta":[],"product_brand":[],"product_cat":[108],"product_tag":[],"class_list":{"0":"post-2508","1":"product","2":"type-product","3":"status-publish","5":"product_cat-ki-assistent","7":"first","8":"instock","9":"sold-individually","10":"taxable","11":"shipping-taxable","12":"purchasable","13":"product-type-subscription"},"yoast_head":"<!-- This site is optimized with the Yoast SEO plugin v27.3 - https:\/\/yoast.com\/product\/yoast-seo-wordpress\/ -->\n<title>KI-Sprachassistent f\u00fcr Ihr Unternehmen - AI 4 Performance<\/title>\n<meta name=\"robots\" content=\"index, follow, max-snippet:-1, max-image-preview:large, max-video-preview:-1\" \/>\n<link rel=\"canonical\" href=\"https:\/\/ai4performance.com\/en\/product-2\/monthly-ki-assistant-update-training-2\/\" \/>\n<meta property=\"og:locale\" content=\"en_GB\" \/>\n<meta property=\"og:type\" content=\"article\" \/>\n<meta property=\"og:title\" content=\"KI-Sprachassistent f\u00fcr Ihr Unternehmen - AI 4 Performance\" \/>\n<meta property=\"og:description\" content=\"Ihr digitaler Telefonassistent \u2013 rund um die Uhr verf\u00fcgbar. Professioneller KI-Sprachassistent f\u00fcr Unternehmen, der Anrufe entgegennimmt, Termine vereinbart und h\u00e4ufige Fragen beantwortet \u2013 vollautomatisch, individuell angepasst und DSGVO-konform. Ideal zur Entlastung Ihres Teams und zur Optimierung Ihres Kundenservices\" \/>\n<meta property=\"og:url\" content=\"https:\/\/ai4performance.com\/en\/product-2\/monthly-ki-assistant-update-training-2\/\" \/>\n<meta property=\"og:site_name\" content=\"AI 4 Performance\" \/>\n<meta property=\"article:modified_time\" content=\"2025-06-03T14:42:28+00:00\" \/>\n<meta name=\"twitter:card\" content=\"summary_large_image\" \/>\n<meta name=\"twitter:label1\" content=\"Est. reading time\" \/>\n\t<meta name=\"twitter:data1\" content=\"1 minute\" \/>\n<script type=\"application\/ld+json\" class=\"yoast-schema-graph\">{\"@context\":\"https:\\\/\\\/schema.org\",\"@graph\":[{\"@type\":\"WebPage\",\"@id\":\"https:\\\/\\\/ai4performance.com\\\/produkt\\\/ki-sprachassistent-fuer-ihr-unternehmen\\\/\",\"url\":\"https:\\\/\\\/ai4performance.com\\\/produkt\\\/ki-sprachassistent-fuer-ihr-unternehmen\\\/\",\"name\":\"KI-Sprachassistent f\u00fcr Ihr Unternehmen - AI 4 Performance\",\"isPartOf\":{\"@id\":\"https:\\\/\\\/ai4performance.com\\\/#website\"},\"datePublished\":\"2025-04-14T11:58:07+00:00\",\"dateModified\":\"2025-06-03T14:42:28+00:00\",\"breadcrumb\":{\"@id\":\"https:\\\/\\\/ai4performance.com\\\/produkt\\\/ki-sprachassistent-fuer-ihr-unternehmen\\\/#breadcrumb\"},\"inLanguage\":\"en-GB\",\"potentialAction\":[{\"@type\":\"ReadAction\",\"target\":[\"https:\\\/\\\/ai4performance.com\\\/produkt\\\/ki-sprachassistent-fuer-ihr-unternehmen\\\/\"]}]},{\"@type\":\"BreadcrumbList\",\"@id\":\"https:\\\/\\\/ai4performance.com\\\/produkt\\\/ki-sprachassistent-fuer-ihr-unternehmen\\\/#breadcrumb\",\"itemListElement\":[{\"@type\":\"ListItem\",\"position\":1,\"name\":\"Startseite\",\"item\":\"https:\\\/\\\/ai4performance.com\\\/\"},{\"@type\":\"ListItem\",\"position\":2,\"name\":\"Shop\",\"item\":\"https:\\\/\\\/ai4performance.com\\\/shop\\\/\"},{\"@type\":\"ListItem\",\"position\":3,\"name\":\"KI-Sprachassistent f\u00fcr Ihr Unternehmen\"}]},{\"@type\":\"WebSite\",\"@id\":\"https:\\\/\\\/ai4performance.com\\\/#website\",\"url\":\"https:\\\/\\\/ai4performance.com\\\/\",\"name\":\"AI 4 Performance\",\"description\":\"\",\"publisher\":{\"@id\":\"https:\\\/\\\/ai4performance.com\\\/#organization\"},\"potentialAction\":[{\"@type\":\"SearchAction\",\"target\":{\"@type\":\"EntryPoint\",\"urlTemplate\":\"https:\\\/\\\/ai4performance.com\\\/?s={search_term_string}\"},\"query-input\":{\"@type\":\"PropertyValueSpecification\",\"valueRequired\":true,\"valueName\":\"search_term_string\"}}],\"inLanguage\":\"en-GB\"},{\"@type\":\"Organization\",\"@id\":\"https:\\\/\\\/ai4performance.com\\\/#organization\",\"name\":\"AI 4 Performance\",\"url\":\"https:\\\/\\\/ai4performance.com\\\/\",\"logo\":{\"@type\":\"ImageObject\",\"inLanguage\":\"en-GB\",\"@id\":\"https:\\\/\\\/ai4performance.com\\\/#\\\/schema\\\/logo\\\/image\\\/\",\"url\":\"https:\\\/\\\/ai4performance.com\\\/wp-content\\\/uploads\\\/2016\\\/08\\\/logo.svg\",\"contentUrl\":\"https:\\\/\\\/ai4performance.com\\\/wp-content\\\/uploads\\\/2016\\\/08\\\/logo.svg\",\"width\":1,\"height\":1,\"caption\":\"AI 4 Performance\"},\"image\":{\"@id\":\"https:\\\/\\\/ai4performance.com\\\/#\\\/schema\\\/logo\\\/image\\\/\"}}]}<\/script>\n<!-- \/ Yoast SEO plugin. -->","yoast_head_json":{"title":"KI-Sprachassistent f\u00fcr Ihr Unternehmen - AI 4 Performance","robots":{"index":"index","follow":"follow","max-snippet":"max-snippet:-1","max-image-preview":"max-image-preview:large","max-video-preview":"max-video-preview:-1"},"canonical":"https:\/\/ai4performance.com\/en\/product-2\/monthly-ki-assistant-update-training-2\/","og_locale":"en_GB","og_type":"article","og_title":"KI-Sprachassistent f\u00fcr Ihr Unternehmen - AI 4 Performance","og_description":"Ihr digitaler Telefonassistent \u2013 rund um die Uhr verf\u00fcgbar. Professioneller KI-Sprachassistent f\u00fcr Unternehmen, der Anrufe entgegennimmt, Termine vereinbart und h\u00e4ufige Fragen beantwortet \u2013 vollautomatisch, individuell angepasst und DSGVO-konform. Ideal zur Entlastung Ihres Teams und zur Optimierung Ihres Kundenservices","og_url":"https:\/\/ai4performance.com\/en\/product-2\/monthly-ki-assistant-update-training-2\/","og_site_name":"AI 4 Performance","article_modified_time":"2025-06-03T14:42:28+00:00","twitter_card":"summary_large_image","twitter_misc":{"Est. reading time":"1 minute"},"schema":{"@context":"https:\/\/schema.org","@graph":[{"@type":"WebPage","@id":"https:\/\/ai4performance.com\/produkt\/ki-sprachassistent-fuer-ihr-unternehmen\/","url":"https:\/\/ai4performance.com\/produkt\/ki-sprachassistent-fuer-ihr-unternehmen\/","name":"KI-Sprachassistent f\u00fcr Ihr Unternehmen - AI 4 Performance","isPartOf":{"@id":"https:\/\/ai4performance.com\/#website"},"datePublished":"2025-04-14T11:58:07+00:00","dateModified":"2025-06-03T14:42:28+00:00","breadcrumb":{"@id":"https:\/\/ai4performance.com\/produkt\/ki-sprachassistent-fuer-ihr-unternehmen\/#breadcrumb"},"inLanguage":"en-GB","potentialAction":[{"@type":"ReadAction","target":["https:\/\/ai4performance.com\/produkt\/ki-sprachassistent-fuer-ihr-unternehmen\/"]}]},{"@type":"BreadcrumbList","@id":"https:\/\/ai4performance.com\/produkt\/ki-sprachassistent-fuer-ihr-unternehmen\/#breadcrumb","itemListElement":[{"@type":"ListItem","position":1,"name":"Startseite","item":"https:\/\/ai4performance.com\/"},{"@type":"ListItem","position":2,"name":"Shop","item":"https:\/\/ai4performance.com\/shop\/"},{"@type":"ListItem","position":3,"name":"KI-Sprachassistent f\u00fcr Ihr Unternehmen"}]},{"@type":"WebSite","@id":"https:\/\/ai4performance.com\/#website","url":"https:\/\/ai4performance.com\/","name":"AI 4 Performance","description":"","publisher":{"@id":"https:\/\/ai4performance.com\/#organization"},"potentialAction":[{"@type":"SearchAction","target":{"@type":"EntryPoint","urlTemplate":"https:\/\/ai4performance.com\/?s={search_term_string}"},"query-input":{"@type":"PropertyValueSpecification","valueRequired":true,"valueName":"search_term_string"}}],"inLanguage":"en-GB"},{"@type":"Organization","@id":"https:\/\/ai4performance.com\/#organization","name":"AI 4 Performance","url":"https:\/\/ai4performance.com\/","logo":{"@type":"ImageObject","inLanguage":"en-GB","@id":"https:\/\/ai4performance.com\/#\/schema\/logo\/image\/","url":"https:\/\/ai4performance.com\/wp-content\/uploads\/2016\/08\/logo.svg","contentUrl":"https:\/\/ai4performance.com\/wp-content\/uploads\/2016\/08\/logo.svg","width":1,"height":1,"caption":"AI 4 Performance"},"image":{"@id":"https:\/\/ai4performance.com\/#\/schema\/logo\/image\/"}}]}},"_links":{"self":[{"href":"https:\/\/ai4performance.com\/en\/wp-json\/wp\/v2\/product\/2508","targetHints":{"allow":["GET"]}}],"collection":[{"href":"https:\/\/ai4performance.com\/en\/wp-json\/wp\/v2\/product"}],"about":[{"href":"https:\/\/ai4performance.com\/en\/wp-json\/wp\/v2\/types\/product"}],"wp:attachment":[{"href":"https:\/\/ai4performance.com\/en\/wp-json\/wp\/v2\/media?parent=2508"}],"wp:term":[{"taxonomy":"product_brand","embeddable":true,"href":"https:\/\/ai4performance.com\/en\/wp-json\/wp\/v2\/product_brand?post=2508"},{"taxonomy":"product_cat","embeddable":true,"href":"https:\/\/ai4performance.com\/en\/wp-json\/wp\/v2\/product_cat?post=2508"},{"taxonomy":"product_tag","embeddable":true,"href":"https:\/\/ai4performance.com\/en\/wp-json\/wp\/v2\/product_tag?post=2508"}],"curies":[{"name":"wp","href":"https:\/\/api.w.org\/{rel}","templated":true}]}}