{"id":5125,"date":"2025-07-09T15:27:26","date_gmt":"2025-07-09T13:27:26","guid":{"rendered":"https:\/\/ai4performance.com\/?post_type=product&#038;p=5125"},"modified":"2026-01-01T01:04:10","modified_gmt":"2026-01-01T00:04:10","slug":"barrierefreiheits-script-fuer-webseiten","status":"publish","type":"product","link":"https:\/\/ai4performance.com\/bg\/%d0%bf%d1%80%d0%be%d0%b4%d1%83%d0%ba%d1%82-2\/barrierefreiheits-script-fuer-webseiten\/","title":{"rendered":"\u0421\u043a\u0440\u0438\u043f\u0442 \u0437\u0430 \u0434\u043e\u0441\u0442\u044a\u043f\u043d\u043e\u0441\u0442 \u0437\u0430 \u0443\u0435\u0431\u0441\u0430\u0439\u0442\u043e\u0432\u0435"},"content":{"rendered":"<p>Unser Script deckt eine Vielzahl von Barrierefreiheits-Features ab, die viele Anforderungen der WCAG 2.1 (und teilweise 2.2) adressieren. Hier eine \u00dcbersicht der wichtigsten abgedeckten Bereiche:<\/p>\n<hr \/>\n<h3>1. Wahrnehmbarkeit (Perceivable)<\/h3>\n<ul>\n<li><strong>Textgr\u00f6\u00dfen-Anpassung:<\/strong>\u00a0Schriftgr\u00f6\u00dfen, Zeilenh\u00f6he, Buchstabenabstand, Wortabstand<\/li>\n<li><strong>Farb- und Kontrastmodi:<\/strong>\u00a0Dunkelmodus, Hellmodus, hoher Kontrast, niedrige S\u00e4ttigung, Monochrom, individuelle Text-\/Hintergrund-\/Titel-Farben<\/li>\n<li><strong>Bilder ausblenden:<\/strong>\u00a0Option, Bilder zu verstecken<\/li>\n<li><strong>Text-Magnifier:<\/strong>\u00a0Vergr\u00f6\u00dferung von Text beim \u00dcberfahren<\/li>\n<li><strong>Highlighting:<\/strong>\u00a0Hervorhebung von Titeln, Links, Hover- und Fokus-Zust\u00e4nden<\/li>\n<li><strong>Lesef\u00fchrung:<\/strong>\u00a0Reading Guide und Reading Mask f\u00fcr bessere Orientierung im Text<\/li>\n<li><strong>Virtuelle Tastatur:<\/strong>\u00a0Unterst\u00fctzung f\u00fcr alternative Eingabemethoden<\/li>\n<\/ul>\n<h3>2. Bedienbarkeit (Operable)<\/h3>\n<ul>\n<li><strong>Tastatur-Navigation:<\/strong>\u00a0Fokussteuerung, Tab-Navigation, Hotkeys f\u00fcr Interface und Navigation<\/li>\n<li><strong>Gro\u00dfer Cursor:<\/strong>\u00a0Schwarzer und wei\u00dfer Gro\u00dfcursor f\u00fcr bessere Sichtbarkeit<\/li>\n<li><strong>Stoppen von Animationen:<\/strong>\u00a0M\u00f6glichkeit, Animationen und Videos zu pausieren<\/li>\n<li><strong>Voice Navigation:<\/strong>\u00a0Sprachsteuerung f\u00fcr Navigation und Aktionen (inkl. Feedback)<\/li>\n<li><strong>Text-to-Speech:<\/strong>\u00a0Vorlesen von Texten (mit Auswahl- und Klickmodus)<\/li>\n<li><strong>N\u00fctzliche Links:<\/strong>\u00a0\u00dcbersicht und Navigation zu wichtigen Links auf der Seite<\/li>\n<\/ul>\n<h3>3. Verst\u00e4ndlichkeit (Understandable)<\/h3>\n<ul>\n<li><strong>Cognitive Reading:<\/strong>\u00a0Modus f\u00fcr kognitiv beeintr\u00e4chtigte Nutzer (z.B. Dyslexie, Fokus auf wichtige Inhalte)<\/li>\n<li><strong>Profile f\u00fcr verschiedene Behinderungen:<\/strong>\u00a0Vorkonfigurierte Modi f\u00fcr Epilepsie, Sehbehinderung, kognitive Einschr\u00e4nkungen, ADHS, Blindheit<\/li>\n<li><strong>Mehrsprachigkeit:<\/strong>\u00a0Sprachumschaltung, automatische Spracherkennung, \u00dcbersetzungen f\u00fcr UI und Anleitungen<\/li>\n<li><strong>Online-W\u00f6rterbuch:<\/strong>\u00a0Direkte Suche und Erkl\u00e4rung von Begriffen<\/li>\n<\/ul>\n<h3>4. Robustheit (Robust)<\/h3>\n<ul>\n<li><strong>Kompatibilit\u00e4t mit Screenreadern:<\/strong>\u00a0Blind-User-Modus, ARIA-Attribute und Fokusmanagement<\/li>\n<li><strong>Lokale Speicherung:<\/strong>\u00a0Einstellungen werden im LocalStorage gespeichert und wiederhergestellt<\/li>\n<li><strong>Reset- und Hide-Funktion:<\/strong>\u00a0Interface kann zur\u00fcckgesetzt oder dauerhaft ausgeblendet werden<\/li>\n<\/ul>\n<hr \/>\n<p><strong>Weitere Features:<\/strong><\/p>\n<ul>\n<li><strong>Popup\/Sidebar\/Offcanvas:<\/strong>\u00a0Verschiedene Darstellungsformen f\u00fcr das Accessibility-Panel<\/li>\n<li><strong>Draggable UI:<\/strong>\u00a0Popup kann verschoben werden<\/li>\n<li><strong>Hotkey-Konfiguration:<\/strong>\u00a0Anpassbare Tastenkombinationen f\u00fcr viele Aktionen<\/li>\n<li><strong>Barrierefreiheitserkl\u00e4rung:<\/strong>\u00a0Integration einer Accessibility Statement-Seite<\/li>\n<\/ul>\n<hr \/>\n<p>Das Script deckt die meisten Anforderungen f\u00fcr visuelle, motorische, kognitive und teilweise auditive Barrierefreiheit ab. Es bietet viele Anpassungsm\u00f6glichkeiten f\u00fcr Nutzer mit unterschiedlichen Bed\u00fcrfnissen und unterst\u00fctzt zentrale WCAG-Prinzipien wie Wahrnehmbarkeit, Bedienbarkeit, Verst\u00e4ndlichkeit und Robustheit.<\/p>\n<p><strong>\u0417\u0430\u0431\u0435\u043b\u0435\u0436\u043a\u0430:<\/strong><br \/>\nEinige WCAG-Kriterien wie semantische HTML-Struktur, Alt-Texte f\u00fcr Bilder oder komplexe Formularunterst\u00fctzung m\u00fcssen weiterhin im eigentlichen Webseiten-Code umgesetzt werden.\u00a0Das Script stellt eine technische Unterst\u00fctzung dar, um die Barrierefreiheit einer Website zu verbessern. Eine vollst\u00e4ndige Barrierefreiheit im Sinne der BITV 2.0 bzw. WCAG 2.1 kann damit jedoch nicht gew\u00e4hrleistet werden. Insbesondere werden Bereiche wie automatische Alt-Texte f\u00fcr Bilder und Grafiken, Untertitel und Audiodeskription f\u00fcr Videos, Geb\u00e4rdensprache, semantische Auszeichnungen (z. B. ARIA, Landmarken), Anpassung der Lesereihenfolge, Pr\u00fcfung ob Informationen ausschlie\u00dflich \u00fcber Farben vermittelt werden, Gew\u00e4hrleistung von Reflow\/Zoom, automatisches Handling von Zusatzinhalten bei Hover oder Fokus, Erkennung von Tastaturfallen, Mechanismen f\u00fcr Zeitlimits, Pausieren oder Unterbrechen, Pr\u00fcfung auf Flackern oder Blitzen, Skip-Links oder Bypass-Mechanismen, Setzung von &lt;title&gt;-Elementen, Strukturierung mit \u00dcberschriften, alternative Eingabemethoden (Gesten, Zielgr\u00f6\u00dfen, Motion Actuation), Kennzeichnung von Sprachwechseln, Mechanismen f\u00fcr ungew\u00f6hnliche W\u00f6rter oder Abk\u00fcrzungen, Fehlererkennung oder -beschreibung bei Formularen, Pr\u00fcfung konsistenter Navigation oder Komponenten, Sicherstellung von Name, Rolle und Wert (ARIA) sowie die Kennzeichnung von Statusmeldungen f\u00fcr Screenreader nicht automatisch abgedeckt. Ebenso k\u00f6nnen externe Inhalte wie PDF-Kataloge, Bilder ohne vollst\u00e4ndige Alternativtexte, komplexe Formulare (z. B. Reisebuchungen) oder Videos ohne durchg\u00e4ngige Untertitelung nicht automatisch barrierefrei bereitgestellt werden. F\u00fcr eine vollumf\u00e4ngliche Umsetzung sind individuelle Anpassungen erforderlich.<\/p>","protected":false},"excerpt":{"rendered":"<p><span style=\"font-size: 110%;\"><strong data-start=\"163\" data-end=\"250\">Testen Sie das Barrierefreiheit-Script jetzt kostenlos \u2013 ganz ohne Verpflichtungen.<\/strong><\/span><br data-start=\"250\" data-end=\"253\" \/>\u00dcberzeugen Sie sich selbst von der einfachen Umsetzung der neuen <strong data-start=\"318\" data-end=\"356\">EU-Richtlinie zur Barrierefreiheit<\/strong> f\u00fcr Websites.<br data-start=\"370\" data-end=\"373\" \/>\u0421 \u043d\u0430\u0448\u0438\u0442\u0435 <strong data-start=\"385\" data-end=\"428\">professionellen Barrierefreiheit-Script<\/strong> machen Sie Ihren digitalen Auftritt zukunftssicher und rechtssicher.<br data-start=\"497\" data-end=\"500\" \/>Und das Beste: Sie k\u00f6nnen w\u00e4hrend der Testphase und auch danach<br \/>\n<span style=\"font-size: 105%;\"><strong data-start=\"564\" data-end=\"586\">jederzeit k\u00fcndigen<\/strong> \u2013 komplett <strong data-start=\"598\" data-end=\"617\">100% risikofrei<\/strong>.<\/span><\/p>","protected":false},"featured_media":0,"template":"","meta":[],"product_brand":[],"product_cat":[171],"product_tag":[],"class_list":{"0":"post-5125","1":"product","2":"type-product","3":"status-publish","5":"product_cat-software-tools","7":"first","8":"instock","9":"sale","10":"taxable","11":"shipping-taxable","12":"purchasable","13":"product-type-variable-subscription","14":"has-default-attributes"},"yoast_head":"<!-- This site is optimized with the Yoast SEO plugin v27.3 - https:\/\/yoast.com\/product\/yoast-seo-wordpress\/ -->\n<title>Barrierefreiheit-Script f\u00fcr Webseiten - AI 4 Performance<\/title>\n<meta name=\"robots\" content=\"index, follow, max-snippet:-1, max-image-preview:large, max-video-preview:-1\" \/>\n<link rel=\"canonical\" href=\"https:\/\/ai4performance.com\/bg\/\u043f\u0440\u043e\u0434\u0443\u043a\u0442-2\/barrierefreiheits-script-fuer-webseiten\/\" \/>\n<meta property=\"og:locale\" content=\"bg_BG\" \/>\n<meta property=\"og:type\" content=\"article\" \/>\n<meta property=\"og:title\" content=\"Barrierefreiheit-Script f\u00fcr Webseiten - AI 4 Performance\" \/>\n<meta property=\"og:description\" content=\"Testen Sie das Barrierefreiheit-Script jetzt kostenlos \u2013 ganz ohne Verpflichtungen.\u00dcberzeugen Sie sich selbst von der einfachen Umsetzung der neuen EU-Richtlinie zur Barrierefreiheit f\u00fcr Websites.Mit unserem professionellen Barrierefreiheit-Script machen Sie Ihren digitalen Auftritt zukunftssicher und rechtssicher.Und das Beste: Sie k\u00f6nnen w\u00e4hrend der Testphase und auch danach jederzeit k\u00fcndigen \u2013 komplett 100% risikofrei.\" \/>\n<meta property=\"og:url\" content=\"https:\/\/ai4performance.com\/bg\/\u043f\u0440\u043e\u0434\u0443\u043a\u0442-2\/barrierefreiheits-script-fuer-webseiten\/\" \/>\n<meta property=\"og:site_name\" content=\"AI 4 Performance\" \/>\n<meta property=\"article:modified_time\" content=\"2026-01-01T00:04:10+00:00\" \/>\n<meta name=\"twitter:card\" content=\"summary_large_image\" \/>\n<meta name=\"twitter:label1\" content=\"Est. reading time\" \/>\n\t<meta name=\"twitter:data1\" content=\"3 minutes\" \/>\n<script type=\"application\/ld+json\" class=\"yoast-schema-graph\">{\"@context\":\"https:\\\/\\\/schema.org\",\"@graph\":[{\"@type\":\"WebPage\",\"@id\":\"https:\\\/\\\/ai4performance.com\\\/produkt\\\/barrierefreiheits-script-fuer-webseiten\\\/\",\"url\":\"https:\\\/\\\/ai4performance.com\\\/produkt\\\/barrierefreiheits-script-fuer-webseiten\\\/\",\"name\":\"Barrierefreiheit-Script f\u00fcr Webseiten - AI 4 Performance\",\"isPartOf\":{\"@id\":\"https:\\\/\\\/ai4performance.com\\\/#website\"},\"datePublished\":\"2025-07-09T13:27:26+00:00\",\"dateModified\":\"2026-01-01T00:04:10+00:00\",\"breadcrumb\":{\"@id\":\"https:\\\/\\\/ai4performance.com\\\/produkt\\\/barrierefreiheits-script-fuer-webseiten\\\/#breadcrumb\"},\"inLanguage\":\"bg-BG\",\"potentialAction\":[{\"@type\":\"ReadAction\",\"target\":[\"https:\\\/\\\/ai4performance.com\\\/produkt\\\/barrierefreiheits-script-fuer-webseiten\\\/\"]}]},{\"@type\":\"BreadcrumbList\",\"@id\":\"https:\\\/\\\/ai4performance.com\\\/produkt\\\/barrierefreiheits-script-fuer-webseiten\\\/#breadcrumb\",\"itemListElement\":[{\"@type\":\"ListItem\",\"position\":1,\"name\":\"Startseite\",\"item\":\"https:\\\/\\\/ai4performance.com\\\/\"},{\"@type\":\"ListItem\",\"position\":2,\"name\":\"Shop\",\"item\":\"https:\\\/\\\/ai4performance.com\\\/shop\\\/\"},{\"@type\":\"ListItem\",\"position\":3,\"name\":\"Barrierefreiheit-Script f\u00fcr Webseiten\"}]},{\"@type\":\"WebSite\",\"@id\":\"https:\\\/\\\/ai4performance.com\\\/#website\",\"url\":\"https:\\\/\\\/ai4performance.com\\\/\",\"name\":\"AI 4 Performance\",\"description\":\"\",\"publisher\":{\"@id\":\"https:\\\/\\\/ai4performance.com\\\/#organization\"},\"potentialAction\":[{\"@type\":\"SearchAction\",\"target\":{\"@type\":\"EntryPoint\",\"urlTemplate\":\"https:\\\/\\\/ai4performance.com\\\/?s={search_term_string}\"},\"query-input\":{\"@type\":\"PropertyValueSpecification\",\"valueRequired\":true,\"valueName\":\"search_term_string\"}}],\"inLanguage\":\"bg-BG\"},{\"@type\":\"Organization\",\"@id\":\"https:\\\/\\\/ai4performance.com\\\/#organization\",\"name\":\"AI 4 Performance\",\"url\":\"https:\\\/\\\/ai4performance.com\\\/\",\"logo\":{\"@type\":\"ImageObject\",\"inLanguage\":\"bg-BG\",\"@id\":\"https:\\\/\\\/ai4performance.com\\\/#\\\/schema\\\/logo\\\/image\\\/\",\"url\":\"https:\\\/\\\/ai4performance.com\\\/wp-content\\\/uploads\\\/2016\\\/08\\\/logo.svg\",\"contentUrl\":\"https:\\\/\\\/ai4performance.com\\\/wp-content\\\/uploads\\\/2016\\\/08\\\/logo.svg\",\"width\":1,\"height\":1,\"caption\":\"AI 4 Performance\"},\"image\":{\"@id\":\"https:\\\/\\\/ai4performance.com\\\/#\\\/schema\\\/logo\\\/image\\\/\"}}]}<\/script>\n<!-- \/ Yoast SEO plugin. -->","yoast_head_json":{"title":"Barrierefreiheit-Script f\u00fcr Webseiten - AI 4 Performance","robots":{"index":"index","follow":"follow","max-snippet":"max-snippet:-1","max-image-preview":"max-image-preview:large","max-video-preview":"max-video-preview:-1"},"canonical":"https:\/\/ai4performance.com\/bg\/\u043f\u0440\u043e\u0434\u0443\u043a\u0442-2\/barrierefreiheits-script-fuer-webseiten\/","og_locale":"bg_BG","og_type":"article","og_title":"Barrierefreiheit-Script f\u00fcr Webseiten - AI 4 Performance","og_description":"Testen Sie das Barrierefreiheit-Script jetzt kostenlos \u2013 ganz ohne Verpflichtungen.\u00dcberzeugen Sie sich selbst von der einfachen Umsetzung der neuen EU-Richtlinie zur Barrierefreiheit f\u00fcr Websites.Mit unserem professionellen Barrierefreiheit-Script machen Sie Ihren digitalen Auftritt zukunftssicher und rechtssicher.Und das Beste: Sie k\u00f6nnen w\u00e4hrend der Testphase und auch danach jederzeit k\u00fcndigen \u2013 komplett 100% risikofrei.","og_url":"https:\/\/ai4performance.com\/bg\/\u043f\u0440\u043e\u0434\u0443\u043a\u0442-2\/barrierefreiheits-script-fuer-webseiten\/","og_site_name":"AI 4 Performance","article_modified_time":"2026-01-01T00:04:10+00:00","twitter_card":"summary_large_image","twitter_misc":{"Est. reading time":"3 minutes"},"schema":{"@context":"https:\/\/schema.org","@graph":[{"@type":"WebPage","@id":"https:\/\/ai4performance.com\/produkt\/barrierefreiheits-script-fuer-webseiten\/","url":"https:\/\/ai4performance.com\/produkt\/barrierefreiheits-script-fuer-webseiten\/","name":"Barrierefreiheit-Script f\u00fcr Webseiten - AI 4 Performance","isPartOf":{"@id":"https:\/\/ai4performance.com\/#website"},"datePublished":"2025-07-09T13:27:26+00:00","dateModified":"2026-01-01T00:04:10+00:00","breadcrumb":{"@id":"https:\/\/ai4performance.com\/produkt\/barrierefreiheits-script-fuer-webseiten\/#breadcrumb"},"inLanguage":"bg-BG","potentialAction":[{"@type":"ReadAction","target":["https:\/\/ai4performance.com\/produkt\/barrierefreiheits-script-fuer-webseiten\/"]}]},{"@type":"BreadcrumbList","@id":"https:\/\/ai4performance.com\/produkt\/barrierefreiheits-script-fuer-webseiten\/#breadcrumb","itemListElement":[{"@type":"ListItem","position":1,"name":"Startseite","item":"https:\/\/ai4performance.com\/"},{"@type":"ListItem","position":2,"name":"Shop","item":"https:\/\/ai4performance.com\/shop\/"},{"@type":"ListItem","position":3,"name":"Barrierefreiheit-Script f\u00fcr Webseiten"}]},{"@type":"WebSite","@id":"https:\/\/ai4performance.com\/#website","url":"https:\/\/ai4performance.com\/","name":"AI 4 \u0418\u0437\u043f\u044a\u043b\u043d\u0435\u043d\u0438\u0435","description":"","publisher":{"@id":"https:\/\/ai4performance.com\/#organization"},"potentialAction":[{"@type":"SearchAction","target":{"@type":"EntryPoint","urlTemplate":"https:\/\/ai4performance.com\/?s={search_term_string}"},"query-input":{"@type":"PropertyValueSpecification","valueRequired":true,"valueName":"search_term_string"}}],"inLanguage":"bg-BG"},{"@type":"Organization","@id":"https:\/\/ai4performance.com\/#organization","name":"AI 4 \u0418\u0437\u043f\u044a\u043b\u043d\u0435\u043d\u0438\u0435","url":"https:\/\/ai4performance.com\/","logo":{"@type":"ImageObject","inLanguage":"bg-BG","@id":"https:\/\/ai4performance.com\/#\/schema\/logo\/image\/","url":"https:\/\/ai4performance.com\/wp-content\/uploads\/2016\/08\/logo.svg","contentUrl":"https:\/\/ai4performance.com\/wp-content\/uploads\/2016\/08\/logo.svg","width":1,"height":1,"caption":"AI 4 Performance"},"image":{"@id":"https:\/\/ai4performance.com\/#\/schema\/logo\/image\/"}}]}},"_links":{"self":[{"href":"https:\/\/ai4performance.com\/bg\/wp-json\/wp\/v2\/product\/5125","targetHints":{"allow":["GET"]}}],"collection":[{"href":"https:\/\/ai4performance.com\/bg\/wp-json\/wp\/v2\/product"}],"about":[{"href":"https:\/\/ai4performance.com\/bg\/wp-json\/wp\/v2\/types\/product"}],"wp:attachment":[{"href":"https:\/\/ai4performance.com\/bg\/wp-json\/wp\/v2\/media?parent=5125"}],"wp:term":[{"taxonomy":"product_brand","embeddable":true,"href":"https:\/\/ai4performance.com\/bg\/wp-json\/wp\/v2\/product_brand?post=5125"},{"taxonomy":"product_cat","embeddable":true,"href":"https:\/\/ai4performance.com\/bg\/wp-json\/wp\/v2\/product_cat?post=5125"},{"taxonomy":"product_tag","embeddable":true,"href":"https:\/\/ai4performance.com\/bg\/wp-json\/wp\/v2\/product_tag?post=5125"}],"curies":[{"name":"wp","href":"https:\/\/api.w.org\/{rel}","templated":true}]}}