{"id":5561,"date":"2025-08-21T14:59:33","date_gmt":"2025-08-21T12:59:33","guid":{"rendered":"https:\/\/ai4performance.com\/?page_id=5561"},"modified":"2025-08-23T15:48:03","modified_gmt":"2025-08-23T13:48:03","slug":"%d0%b4%d0%b5%d0%ba%d0%bb%d0%b0%d1%80%d0%b0%d1%86%d0%b8%d1%8f-%d0%b7%d0%b0-%d0%b4%d0%be%d1%81%d1%82%d1%8a%d0%bf%d0%bd%d0%be%d1%81%d1%82","status":"publish","type":"page","link":"https:\/\/ai4performance.com\/bg\/%d0%b4%d0%b5%d0%ba%d0%bb%d0%b0%d1%80%d0%b0%d1%86%d0%b8%d1%8f-%d0%b7%d0%b0-%d0%b4%d0%be%d1%81%d1%82%d1%8a%d0%bf%d0%bd%d0%be%d1%81%d1%82\/","title":{"rendered":"\u0414\u0435\u043a\u043b\u0430\u0440\u0430\u0446\u0438\u044f \u0437\u0430 \u0434\u043e\u0441\u0442\u044a\u043f\u043d\u043e\u0441\u0442"},"content":{"rendered":"<h1><strong>\u0414\u0435\u043a\u043b\u0430\u0440\u0430\u0446\u0438\u044f \u0437\u0430 \u0434\u043e\u0441\u0442\u044a\u043f\u043d\u043e\u0441\u0442<\/strong><\/h1>\n<p>Digital Solutions Group LTD \u0441\u0435 \u0441\u0442\u0440\u0435\u043c\u0438 \u0434\u0430 \u043d\u0430\u043f\u0440\u0430\u0432\u0438 \u0441\u0432\u043e\u044f \u0443\u0435\u0431\u0441\u0430\u0439\u0442 www.ai4performance.com \u0434\u043e\u0441\u0442\u044a\u043f\u0435\u043d \u0432 \u0441\u044a\u043e\u0442\u0432\u0435\u0442\u0441\u0442\u0432\u0438\u0435 \u0441 Barrierefreiheitsst\u00e4rkungsgesetz (BFSG) \u0438 Barrierefreie-Informationstechnik-Verordnung (BITV 2.0).<\/p>\n<p>\u0421\u044a\u0441\u0442\u043e\u044f\u043d\u0438\u0435 \u043d\u0430 \u0441\u044a\u0432\u043c\u0435\u0441\u0442\u0438\u043c\u043e\u0441\u0442 \u0441 \u0438\u0437\u0438\u0441\u043a\u0432\u0430\u043d\u0438\u044f\u0442\u0430<\/p>\n<p>\u041f\u043e\u043d\u0430\u0441\u0442\u043e\u044f\u0449\u0435\u043c \u0442\u043e\u0437\u0438 \u0443\u0435\u0431\u0441\u0430\u0439\u0442 \u0435 \u0447\u0430\u0441\u0442\u0438\u0447\u043d\u043e \u0434\u043e\u0441\u0442\u044a\u043f\u0435\u043d. \u0418\u0437\u0438\u0441\u043a\u0432\u0430\u043d\u0438\u044f\u0442\u0430 \u043d\u0430 BITV 2.0 \u0441\u0430 \u0438\u0437\u043f\u044a\u043b\u043d\u0435\u043d\u0438 \u0434\u043e \u0433\u043e\u043b\u044f\u043c\u0430 \u0441\u0442\u0435\u043f\u0435\u043d. \u0421\u043b\u0435\u0434\u043d\u0438\u0442\u0435 \u0435\u043b\u0435\u043c\u0435\u043d\u0442\u0438 \u0432 \u043c\u043e\u043c\u0435\u043d\u0442\u0430 \u043d\u0435 \u0441\u0430 \u0434\u043e\u0441\u0442\u044a\u043f\u043d\u0438 100%:<\/p>\n<ul>\n<li>\u0411\u0435\u0437 \u0430\u0432\u0442\u043e\u043c\u0430\u0442\u0438\u0447\u043d\u0438 alt \u0442\u0435\u043a\u0441\u0442\u043e\u0432\u0435 \u0437\u0430 \u0438\u0437\u043e\u0431\u0440\u0430\u0436\u0435\u043d\u0438\u044f\/\u0433\u0440\u0430\u0444\u0438\u043a\u0438<\/li>\n<li>\u041d\u044f\u043c\u0430 \u043f\u043e\u0434\u0434\u0440\u044a\u0436\u043a\u0430 \u043d\u0430 \u0430\u0443\u0434\u0438\u043e\/\u0432\u0438\u0434\u0435\u043e \u0441\u0443\u0431\u0442\u0438\u0442\u0440\u0438, \u0430\u0443\u0434\u0438\u043e\u043e\u043f\u0438\u0441\u0430\u043d\u0438\u0435, \u0436\u0435\u0441\u0442\u043e\u043c\u0438\u043c\u0438\u0447\u0435\u043d \u0435\u0437\u0438\u043a<\/li>\n<li>\u041d\u044f\u043c\u0430 \u0430\u0432\u0442\u043e\u043c\u0430\u0442\u0438\u0447\u043d\u043e \u0441\u0435\u043c\u0430\u043d\u0442\u0438\u0447\u043d\u043e \u0435\u0442\u0438\u043a\u0435\u0442\u0438\u0440\u0430\u043d\u0435 (\u043d\u0430\u043f\u0440. ARIA, \u043e\u0440\u0438\u0435\u043d\u0442\u0438\u0440\u0438)<\/li>\n<li>\u0411\u0435\u0437 \u043f\u0440\u043e\u0432\u0435\u0440\u043a\u0430\/\u043a\u043e\u0440\u0435\u043a\u0446\u0438\u044f \u043d\u0430 \u0440\u0435\u0434\u0430 \u043d\u0430 \u0447\u0435\u0442\u0435\u043d\u0435<\/li>\n<li>\u041d\u0435 \u0441\u0435 \u043f\u0440\u043e\u0432\u0435\u0440\u044f\u0432\u0430 \u0434\u0430\u043b\u0438 \u0438\u043d\u0444\u043e\u0440\u043c\u0430\u0446\u0438\u044f\u0442\u0430 \u0441\u0435 \u043f\u0440\u0435\u0434\u0430\u0432\u0430 \u0441\u0430\u043c\u043e \u0447\u0440\u0435\u0437 \u0446\u0432\u044f\u0442<\/li>\n<li>\u0411\u0435\u0437 \u0433\u0430\u0440\u0430\u043d\u0446\u0438\u044f \u0437\u0430 \u043f\u0440\u0435\u0442\u043e\u043f\u044f\u0432\u0430\u043d\u0435\/\u0440\u0430\u0437\u0448\u0438\u0440\u044f\u0432\u0430\u043d\u0435 (400%)<\/li>\n<li>\u041d\u044f\u043c\u0430 \u0430\u0432\u0442\u043e\u043c\u0430\u0442\u0438\u0447\u043d\u0430 \u043e\u0431\u0440\u0430\u0431\u043e\u0442\u043a\u0430 \u043d\u0430 \u0434\u043e\u043f\u044a\u043b\u043d\u0438\u0442\u0435\u043b\u043d\u043e \u0441\u044a\u0434\u044a\u0440\u0436\u0430\u043d\u0438\u0435 \u043f\u0440\u0438 \u043f\u0440\u0435\u043c\u0438\u043d\u0430\u0432\u0430\u043d\u0435 \u0432\u044a\u0440\u0445\u0443 \u0444\u043e\u043a\u0443\u0441<\/li>\n<li>\u041d\u044f\u043c\u0430 \u043f\u0440\u043e\u0432\u0435\u0440\u043a\u0430 \u0437\u0430 \u043a\u0430\u043f\u0430\u043d\u0438 \u043d\u0430 \u043a\u043b\u0430\u0432\u0438\u0430\u0442\u0443\u0440\u0430\u0442\u0430<\/li>\n<li>\u041b\u0438\u043f\u0441\u0430 \u043d\u0430 \u043c\u0435\u0445\u0430\u043d\u0438\u0437\u043c\u0438 \u0437\u0430 \u0432\u0440\u0435\u043c\u0435\u0432\u0438 \u043e\u0433\u0440\u0430\u043d\u0438\u0447\u0435\u043d\u0438\u044f, \u043f\u0430\u0443\u0437\u0438, \u043f\u0440\u0435\u043a\u044a\u0441\u0432\u0430\u043d\u0435<\/li>\n<li>\u041d\u044f\u043c\u0430 \u0430\u0432\u0442\u043e\u043c\u0430\u0442\u0438\u0447\u043d\u0430 \u043f\u0440\u043e\u0432\u0435\u0440\u043a\u0430 \u0437\u0430 \u0442\u0440\u0435\u043f\u0442\u0435\u043d\u0435\/\u043c\u0438\u0433\u0430\u043d\u0435<\/li>\n<li>\u041b\u0438\u043f\u0441\u0430 \u043d\u0430 \u043c\u0435\u0445\u0430\u043d\u0438\u0437\u044a\u043c \u0437\u0430 \u043f\u0440\u0435\u0441\u043a\u0430\u0447\u0430\u043d\u0435\/\u0437\u0430\u043e\u0431\u0438\u043a\u0430\u043b\u044f\u043d\u0435<\/li>\n<li>\u041d\u0435 \u0441\u0435 \u043f\u0440\u043e\u0432\u0435\u0440\u044f\u0432\u0430\/\u043d\u0430\u0441\u0442\u0440\u043e\u0439\u0432\u0430 <title><\/li>\n<li>\u0411\u0435\u0437 \u0430\u0432\u0442\u043e\u043c\u0430\u0442\u0438\u0447\u043d\u043e \u0441\u0442\u0440\u0443\u043a\u0442\u0443\u0440\u0438\u0440\u0430\u043d\u0435 \u0441\u044a\u0441 \u0437\u0430\u0433\u043b\u0430\u0432\u0438\u044f<\/li>\n<li>\u041d\u0435 \u0441\u0435 \u043f\u043e\u0434\u0434\u044a\u0440\u0436\u0430\u0442 \u0430\u043b\u0442\u0435\u0440\u043d\u0430\u0442\u0438\u0432\u043d\u0438 \u043c\u0435\u0442\u043e\u0434\u0438 \u0437\u0430 \u0432\u044a\u0432\u0435\u0436\u0434\u0430\u043d\u0435 (\u0436\u0435\u0441\u0442\u043e\u0432\u0435, \u043c\u0438\u0448\u0435\u043d\u0438, \u0437\u0430\u0434\u0435\u0439\u0441\u0442\u0432\u0430\u043d\u0435 \u0441 \u0434\u0432\u0438\u0436\u0435\u043d\u0438\u0435).<\/li>\n<li>\u0411\u0435\u0437 \u0430\u0432\u0442\u043e\u043c\u0430\u0442\u0438\u0447\u043d\u043e \u0435\u0442\u0438\u043a\u0435\u0442\u0438\u0440\u0430\u043d\u0435 \u043d\u0430 \u0435\u0437\u0438\u043a\u043e\u0432\u0438\u0442\u0435 \u043f\u0440\u043e\u043c\u0435\u043d\u0438<\/li>\n<li>\u041d\u044f\u043c\u0430 \u043c\u0435\u0445\u0430\u043d\u0438\u0437\u043c\u0438 \u0437\u0430 \u043d\u0435\u043e\u0431\u0438\u0447\u0430\u0439\u043d\u0438 \u0434\u0443\u043c\u0438, \u0441\u044a\u043a\u0440\u0430\u0449\u0435\u043d\u0438\u044f, \u043d\u0438\u0432\u0430 \u043d\u0430 \u0447\u0435\u0442\u0435\u043d\u0435<\/li>\n<li>\u041d\u044f\u043c\u0430 \u0430\u0432\u0442\u043e\u043c\u0430\u0442\u0438\u0447\u043d\u043e \u043e\u0442\u043a\u0440\u0438\u0432\u0430\u043d\u0435 \u043d\u0430 \u0433\u0440\u0435\u0448\u043a\u0438\/\u043e\u043f\u0438\u0441\u0430\u043d\u0438\u0435\/\u043f\u0440\u0435\u0434\u043b\u043e\u0436\u0435\u043d\u0438\u044f \u0437\u0430 \u0444\u043e\u0440\u043c\u0443\u043b\u044f\u0440\u0438<\/li>\n<li>\u041d\u044f\u043c\u0430 \u043f\u0440\u043e\u0432\u0435\u0440\u043a\u0430 \u0437\u0430 \u043f\u043e\u0441\u043b\u0435\u0434\u043e\u0432\u0430\u0442\u0435\u043b\u043d\u0430 \u043d\u0430\u0432\u0438\u0433\u0430\u0446\u0438\u044f\/\u043a\u043e\u043c\u043f\u043e\u043d\u0435\u043d\u0442\u0438<\/li>\n<li>\u041d\u044f\u043c\u0430 \u0430\u0432\u0442\u043e\u043c\u0430\u0442\u0438\u0447\u043d\u043e \u0437\u0430\u043f\u0430\u0437\u0432\u0430\u043d\u0435 \u043d\u0430 \u0438\u043c\u0435, \u0440\u043e\u043b\u044f, \u0441\u0442\u043e\u0439\u043d\u043e\u0441\u0442 (ARIA)<\/li>\n<li>\u041d\u044f\u043c\u0430 \u0430\u0432\u0442\u043e\u043c\u0430\u0442\u0438\u0447\u043d\u043e \u0435\u0442\u0438\u043a\u0435\u0442\u0438\u0440\u0430\u043d\u0435 \u043d\u0430 \u0441\u044a\u043e\u0431\u0449\u0435\u043d\u0438\u044f\u0442\u0430 \u0437\u0430 \u0441\u044a\u0441\u0442\u043e\u044f\u043d\u0438\u0435\u0442\u043e \u0437\u0430 \u0435\u043a\u0440\u0430\u043d\u043d\u0438 \u0447\u0435\u0442\u0446\u0438<\/li>\n<\/ul>\n<p>\u041d\u0435\u0434\u043e\u0441\u0442\u044a\u043f\u043d\u043e\u0442\u043e \u0441\u044a\u0434\u044a\u0440\u0436\u0430\u043d\u0438\u0435 \u0432\u043a\u043b\u044e\u0447\u0432\u0430 \u043f\u043e-\u0441\u043f\u0435\u0446\u0438\u0430\u043b\u043d\u043e<\/p>\n<ul>\n<li>PDF \u043a\u0430\u0442\u0430\u043b\u043e\u0437\u0438 \u0438 \u0438\u043d\u0444\u043e\u0440\u043c\u0430\u0446\u0438\u043e\u043d\u043d\u0438 \u043c\u0430\u0442\u0435\u0440\u0438\u0430\u043b\u0438, \u043a\u043e\u0438\u0442\u043e \u043d\u0435 \u0441\u0430 \u043d\u0430\u043f\u044a\u043b\u043d\u043e \u0434\u043e\u0441\u0442\u044a\u043f\u043d\u0438.<\/li>\n<li>\u0418\u0437\u043e\u0431\u0440\u0430\u0436\u0435\u043d\u0438\u044f \u0438 \u0433\u0440\u0430\u0444\u0438\u043a\u0438, \u043f\u0440\u0438 \u043a\u043e\u0438\u0442\u043e \u0447\u0430\u0441\u0442\u0438\u0447\u043d\u043e \u043b\u0438\u043f\u0441\u0432\u0430\u0442 \u0430\u043b\u0442\u0435\u0440\u043d\u0430\u0442\u0438\u0432\u043d\u0438 \u0442\u0435\u043a\u0441\u0442\u043e\u0432\u0438 \u043e\u043f\u0438\u0441\u0430\u043d\u0438\u044f (ALT \u0442\u0435\u043a\u0441\u0442\u043e\u0432\u0435).<\/li>\n<li>\u0424\u043e\u0440\u043c\u0443\u043b\u044f\u0440\u0438 (\u043d\u0430\u043f\u0440. \u0444\u043e\u0440\u043c\u0443\u043b\u044f\u0440\u0438 \u0437\u0430 \u0440\u0435\u0437\u0435\u0440\u0432\u0430\u0446\u0438\u0438 \u043d\u0430 \u043f\u044a\u0442\u0443\u0432\u0430\u043d\u0438\u044f), \u043a\u043e\u0438\u0442\u043e \u043d\u0435\u0432\u0438\u043d\u0430\u0433\u0438 \u0441\u0430 \u043d\u0430\u043f\u044a\u043b\u043d\u043e \u0438\u0437\u043f\u043e\u043b\u0437\u0432\u0430\u0435\u043c\u0438 \u0441 \u0435\u043a\u0440\u0430\u043d\u043d\u0438 \u0447\u0435\u0442\u0446\u0438.<\/li>\n<li>\u0412\u0438\u0434\u0435\u043e\u043a\u043b\u0438\u043f\u043e\u0432\u0435, \u043a\u043e\u0438\u0442\u043e \u043f\u043e\u043d\u0430\u0441\u0442\u043e\u044f\u0449\u0435\u043c \u043d\u0435 \u0441\u0430 \u043f\u043e\u0441\u043b\u0435\u0434\u043e\u0432\u0430\u0442\u0435\u043b\u043d\u043e \u0441\u0443\u0431\u0442\u0438\u0442\u0440\u0438\u0440\u0430\u043d\u0438 \u0438\u043b\u0438 \u043e\u0437\u0432\u0443\u0447\u0435\u043d\u0438.<\/li>\n<\/ul>\n<p>\u041d\u0435\u043f\u0440\u0435\u043a\u044a\u0441\u043d\u0430\u0442\u043e \u0440\u0430\u0431\u043e\u0442\u0438\u043c, \u0437\u0430 \u0434\u0430 \u043f\u0440\u0435\u043c\u0430\u0445\u043d\u0435\u043c \u0442\u0435\u0437\u0438 \u0431\u0430\u0440\u0438\u0435\u0440\u0438 \u0438 \u0434\u0430 \u043f\u043e\u0434\u043e\u0431\u0440\u0438\u043c \u0434\u043e\u0441\u0442\u044a\u043f\u043d\u043e\u0441\u0442\u0442\u0430 \u043d\u0430 \u043d\u0430\u0448\u0438\u0442\u0435 \u0446\u0438\u0444\u0440\u043e\u0432\u0438 \u043f\u0440\u0435\u0434\u043b\u043e\u0436\u0435\u043d\u0438\u044f.<\/p>\n<p>\u0418\u0437\u0433\u043e\u0442\u0432\u044f\u043d\u0435 \u043d\u0430 \u043d\u0430\u0441\u0442\u043e\u044f\u0449\u0430\u0442\u0430 \u0434\u0435\u043a\u043b\u0430\u0440\u0430\u0446\u0438\u044f<\/p>\n<p>\u0422\u0430\u0437\u0438 \u0434\u0435\u043a\u043b\u0430\u0440\u0430\u0446\u0438\u044f \u0435 \u0441\u044a\u0437\u0434\u0430\u0434\u0435\u043d\u0430 \u043d\u0430 26 \u044e\u043b\u0438 2025 \u0433.<\/p>\n<p>\u041e\u0446\u0435\u043d\u043a\u0430\u0442\u0430 \u0441\u0435 \u043e\u0441\u043d\u043e\u0432\u0430\u0432\u0430 \u043d\u0430 \u0441\u0430\u043c\u043e\u043e\u0446\u0435\u043d\u043a\u0430 \u0432 \u0441\u044a\u043e\u0442\u0432\u0435\u0442\u0441\u0442\u0432\u0438\u0435 \u0441 \u0438\u0437\u0438\u0441\u043a\u0432\u0430\u043d\u0438\u044f\u0442\u0430 \u043d\u0430 BITV 2.0.<\/p>\n<p>\u0414\u0435\u043a\u043b\u0430\u0440\u0430\u0446\u0438\u044f\u0442\u0430 \u0431\u0435\u0448\u0435 \u043f\u0440\u0435\u0440\u0430\u0437\u0433\u043b\u0435\u0434\u0430\u043d\u0430 \u0437\u0430 \u043f\u043e\u0441\u043b\u0435\u0434\u0435\u043d \u043f\u044a\u0442 \u043d\u0430 1 \u0430\u0432\u0433\u0443\u0441\u0442 2025 \u0433.<\/p>\n<p>\u041e\u0431\u0440\u0430\u0442\u043d\u0430 \u0432\u0440\u044a\u0437\u043a\u0430 \u0438 \u043a\u043e\u043d\u0442\u0430\u043a\u0442<\/p>\n<p>\u0410\u043a\u043e \u0437\u0430\u0431\u0435\u043b\u0435\u0436\u0438\u0442\u0435 \u043d\u044f\u043a\u0430\u043a\u0432\u0438 \u043f\u0440\u043e\u043f\u0443\u0441\u043a\u0438 \u043f\u043e \u043e\u0442\u043d\u043e\u0448\u0435\u043d\u0438\u0435 \u043d\u0430 \u0431\u0435\u0437\u0431\u0430\u0440\u0438\u0435\u0440\u0435\u043d \u0434\u0438\u0437\u0430\u0439\u043d \u043d\u0430 \u043d\u0430\u0448\u0438\u044f \u0443\u0435\u0431\u0441\u0430\u0439\u0442 \u0438\u043b\u0438 \u0430\u043a\u043e \u0441\u0435 \u043d\u0443\u0436\u0434\u0430\u0435\u0442\u0435 \u043e\u0442 \u0438\u043d\u0444\u043e\u0440\u043c\u0430\u0446\u0438\u044f \u0437\u0430 \u0441\u044a\u0434\u044a\u0440\u0436\u0430\u043d\u0438\u0435, \u043a\u043e\u0435\u0442\u043e \u043d\u0435 \u0435 \u0431\u0435\u0437 \u0431\u0430\u0440\u0438\u0435\u0440\u0438, \u043c\u043e\u0436\u0435\u0442\u0435 \u0434\u0430 \u0441\u0435 \u0441\u0432\u044a\u0440\u0436\u0435\u0442\u0435 \u0441 \u043d\u0430\u0441 \u043f\u043e \u0432\u0441\u044f\u043a\u043e \u0432\u0440\u0435\u043c\u0435:<\/p>\n<p>Digital Solution Group Limited<br \/>\n\u041e\u0442\u0434\u0435\u043b 9086, 196 High Road,<br \/>\n\u0423\u0443\u0434 \u0413\u0440\u0438\u0439\u043d, \u041b\u043e\u043d\u0434\u043e\u043d N22 8HH<br \/>\n\u041e\u0431\u0435\u0434\u0438\u043d\u0435\u043d\u043e\u0442\u043e \u043a\u0440\u0430\u043b\u0441\u0442\u0432\u043e<\/p>\n<p>E-mail: info (at signs) ai4performance.com<\/p>\n<p>\u0429\u0435 \u0441\u0435 \u043f\u043e\u0441\u0442\u0430\u0440\u0430\u0435\u043c \u0434\u0430 \u043e\u0442\u0433\u043e\u0432\u043e\u0440\u0438\u043c \u043d\u0430 \u0432\u0430\u0448\u0435\u0442\u043e \u0437\u0430\u043f\u0438\u0442\u0432\u0430\u043d\u0435 \u0432\u044a\u0437\u043c\u043e\u0436\u043d\u043e \u043d\u0430\u0439-\u0431\u044a\u0440\u0437\u043e.<\/p>\n<p>\u0410\u0440\u0431\u0438\u0442\u0440\u0430\u0436\u043d\u0430 \u043f\u0440\u043e\u0446\u0435\u0434\u0443\u0440\u0430<\/p>\n<p>\u0410\u043a\u043e \u0441\u043c\u044f\u0442\u0430\u0442\u0435, \u0447\u0435 \u0437\u0430\u043f\u0438\u0442\u0432\u0430\u043d\u0435\u0442\u043e \u0432\u0438 \u043e\u0442\u043d\u043e\u0441\u043d\u043e \u0434\u043e\u0441\u0442\u044a\u043f\u043d\u043e\u0441\u0442\u0442\u0430 \u043d\u0435 \u0435 \u043f\u043e\u043b\u0443\u0447\u0438\u043b\u043e \u0437\u0430\u0434\u043e\u0432\u043e\u043b\u0438\u0442\u0435\u043b\u0435\u043d \u043e\u0442\u0433\u043e\u0432\u043e\u0440, \u043c\u043e\u0436\u0435\u0442\u0435 \u0434\u0430 \u0441\u0435 \u043e\u0431\u044a\u0440\u043d\u0435\u0442\u0435 \u043a\u044a\u043c \u0441\u044a\u043e\u0442\u0432\u0435\u0442\u043d\u0438\u044f \u043f\u043e\u043c\u0438\u0440\u0438\u0442\u0435\u043b\u0435\u043d \u043e\u0440\u0433\u0430\u043d:<\/p>\n<p>\u0410\u0440\u0431\u0438\u0442\u0440\u0430\u0436\u0435\u043d \u0446\u0435\u043d\u0442\u044a\u0440 \u0432 \u0441\u044a\u043e\u0442\u0432\u0435\u0442\u0441\u0442\u0432\u0438\u0435 \u0441\u044a\u0441 \u0417\u0430\u043a\u043e\u043d\u0430 \u0437\u0430 \u0440\u0430\u0432\u0435\u043d\u0441\u0442\u0432\u043e \u043d\u0430 \u0445\u043e\u0440\u0430\u0442\u0430 \u0441 \u0443\u0432\u0440\u0435\u0436\u0434\u0430\u043d\u0438\u044f (BGG)<\/p>\n<p>\u0432\u044a\u0432 \u0424\u0435\u0434\u0435\u0440\u0430\u043b\u043d\u043e\u0442\u043e \u043c\u0438\u043d\u0438\u0441\u0442\u0435\u0440\u0441\u0442\u0432\u043e \u043d\u0430 \u0442\u0440\u0443\u0434\u0430 \u0438 \u0441\u043e\u0446\u0438\u0430\u043b\u043d\u0438\u0442\u0435 \u0432\u044a\u043f\u0440\u043e\u0441\u0438<\/p>\n<p>Mauerstrasse 53<\/p>\n<p>10117 \u0411\u0435\u0440\u043b\u0438\u043d<\/p>\n<p>\u0423\u0435\u0431\u0441\u0430\u0439\u0442: <a href=\"https:\/\/www.schlichtungsstelle-bgg.de\/\">www.schlichtungsstelle-bgg.de<\/a><\/p>\n<p>\u0415\u043b\u0435\u043a\u0442\u0440\u043e\u043d\u043d\u0430 \u043f\u043e\u0449\u0430: info@schlichtungsstelle-bgg.de<\/p>","protected":false},"excerpt":{"rendered":"<p>\u0414\u0435\u043a\u043b\u0430\u0440\u0430\u0446\u0438\u044f \u0437\u0430 \u0434\u043e\u0441\u0442\u044a\u043f\u043d\u043e\u0441\u0442 Digital Solutions Group LTD \u0441\u0435 \u0441\u0442\u0440\u0435\u043c\u0438 \u0434\u0430 \u043d\u0430\u043f\u0440\u0430\u0432\u0438 \u0441\u0432\u043e\u044f \u0443\u0435\u0431\u0441\u0430\u0439\u0442 www.ai4performance.com \u0434\u043e\u0441\u0442\u044a\u043f\u0435\u043d \u0432 \u0441\u044a\u043e\u0442\u0432\u0435\u0442\u0441\u0442\u0432\u0438\u0435 \u0441\u044a\u0441 \u0417\u0430\u043a\u043e\u043d\u0430 \u0437\u0430 \u0437\u0430\u0441\u0438\u043b\u0432\u0430\u043d\u0435 \u043d\u0430 \u0434\u043e\u0441\u0442\u044a\u043f\u043d\u043e\u0441\u0442\u0442\u0430 \u0431\u0435\u0437 \u0431\u0430\u0440\u0438\u0435\u0440\u0438 (BFSG) \u0438 \u041d\u0430\u0440\u0435\u0434\u0431\u0430\u0442\u0430 \u0437\u0430 \u0438\u043d\u0444\u043e\u0440\u043c\u0430\u0446\u0438\u043e\u043d\u043d\u0438\u0442\u0435 \u0442\u0435\u0445\u043d\u043e\u043b\u043e\u0433\u0438\u0438 \u0431\u0435\u0437 \u0431\u0430\u0440\u0438\u0435\u0440\u0438 (BITV 2.0). \u0421\u0442\u0430\u0442\u0443\u0441 \u043d\u0430 \u0441\u044a\u043e\u0442\u0432\u0435\u0442\u0441\u0442\u0432\u0438\u0435 \u0441 \u0438\u0437\u0438\u0441\u043a\u0432\u0430\u043d\u0438\u044f\u0442\u0430 \u0422\u043e\u0437\u0438 \u0443\u0435\u0431\u0441\u0430\u0439\u0442 \u043f\u043e\u043d\u0430\u0441\u0442\u043e\u044f\u0449\u0435\u043c \u0435 \u0447\u0430\u0441\u0442\u0438\u0447\u043d\u043e \u0434\u043e\u0441\u0442\u044a\u043f\u0435\u043d. \u0418\u0437\u0438\u0441\u043a\u0432\u0430\u043d\u0438\u044f\u0442\u0430 \u043d\u0430 BITV 2.0 \u0441\u0430 \u0438\u0437\u043f\u044a\u043b\u043d\u0435\u043d\u0438 \u0432 \u0433\u043e\u043b\u044f\u043c\u0430 \u0441\u0442\u0435\u043f\u0435\u043d. \u0412 \u043c\u043e\u043c\u0435\u043d\u0442\u0430 \u0441\u043b\u0435\u0434\u043d\u0438\u0442\u0435 \u0435\u043b\u0435\u043c\u0435\u043d\u0442\u0438 \u043d\u0435 \u0441\u0430 \u0434\u043e\u0441\u0442\u044a\u043f\u043d\u0438 100%: \u041d\u044f\u043c\u0430 \u0430\u0432\u0442\u043e\u043c\u0430\u0442\u0438\u0447\u043d\u0430 \u0434\u043e\u0441\u0442\u044a\u043f\u043d\u043e\u0441\u0442...<\/p>","protected":false},"author":1,"featured_media":0,"parent":0,"menu_order":0,"comment_status":"closed","ping_status":"closed","template":"","meta":{"footnotes":""},"class_list":["post-5561","page","type-page","status-publish","hentry"],"yoast_head":"<!-- This site is optimized with the Yoast SEO plugin v27.3 - https:\/\/yoast.com\/product\/yoast-seo-wordpress\/ -->\n<title>Barrierefreiheitserkl\u00e4rung - AI 4 Performance<\/title>\n<meta name=\"robots\" content=\"index, follow, max-snippet:-1, max-image-preview:large, max-video-preview:-1\" \/>\n<link rel=\"canonical\" href=\"https:\/\/ai4performance.com\/bg\/\u0434\u0435\u043a\u043b\u0430\u0440\u0430\u0446\u0438\u044f-\u0437\u0430-\u0434\u043e\u0441\u0442\u044a\u043f\u043d\u043e\u0441\u0442\/\" \/>\n<meta property=\"og:locale\" content=\"bg_BG\" \/>\n<meta property=\"og:type\" content=\"article\" \/>\n<meta property=\"og:title\" content=\"Barrierefreiheitserkl\u00e4rung - AI 4 Performance\" \/>\n<meta property=\"og:description\" content=\"Barrierefreiheitserkl\u00e4rung Die Digital Solutions Group LTD ist bem\u00fcht, ihre Website www.ai4performance.com im Einklang mit dem Barrierefreiheitsst\u00e4rkungsgesetz (BFSG) sowie der Barrierefreie-Informationstechnik-Verordnung (BITV 2.0) barrierefrei zug\u00e4nglich zu machen. Stand der Vereinbarkeit mit den Anforderungen Diese Website ist derzeit teilweise barrierefrei. Die Anforderungen der BITV 2.0 werden \u00fcberwiegend erf\u00fcllt. Folgende Elemente sind derzeit nicht 100% barrierefrei: Keine automatische...\" \/>\n<meta property=\"og:url\" content=\"https:\/\/ai4performance.com\/bg\/\u0434\u0435\u043a\u043b\u0430\u0440\u0430\u0446\u0438\u044f-\u0437\u0430-\u0434\u043e\u0441\u0442\u044a\u043f\u043d\u043e\u0441\u0442\/\" \/>\n<meta property=\"og:site_name\" content=\"AI 4 Performance\" \/>\n<meta property=\"article:modified_time\" content=\"2025-08-23T13:48:03+00:00\" \/>\n<meta name=\"twitter:card\" content=\"summary_large_image\" \/>\n<meta name=\"twitter:label1\" content=\"Est. reading time\" \/>\n\t<meta name=\"twitter:data1\" content=\"2 minutes\" \/>\n<script type=\"application\/ld+json\" class=\"yoast-schema-graph\">{\"@context\":\"https:\\\/\\\/schema.org\",\"@graph\":[{\"@type\":\"WebPage\",\"@id\":\"https:\\\/\\\/ai4performance.com\\\/barrierefreiheitserklaerung\\\/\",\"url\":\"https:\\\/\\\/ai4performance.com\\\/barrierefreiheitserklaerung\\\/\",\"name\":\"Barrierefreiheitserkl\u00e4rung - AI 4 Performance\",\"isPartOf\":{\"@id\":\"https:\\\/\\\/ai4performance.com\\\/#website\"},\"datePublished\":\"2025-08-21T12:59:33+00:00\",\"dateModified\":\"2025-08-23T13:48:03+00:00\",\"breadcrumb\":{\"@id\":\"https:\\\/\\\/ai4performance.com\\\/barrierefreiheitserklaerung\\\/#breadcrumb\"},\"inLanguage\":\"bg-BG\",\"potentialAction\":[{\"@type\":\"ReadAction\",\"target\":[\"https:\\\/\\\/ai4performance.com\\\/barrierefreiheitserklaerung\\\/\"]}]},{\"@type\":\"BreadcrumbList\",\"@id\":\"https:\\\/\\\/ai4performance.com\\\/barrierefreiheitserklaerung\\\/#breadcrumb\",\"itemListElement\":[{\"@type\":\"ListItem\",\"position\":1,\"name\":\"Startseite\",\"item\":\"https:\\\/\\\/ai4performance.com\\\/\"},{\"@type\":\"ListItem\",\"position\":2,\"name\":\"Barrierefreiheitserkl\u00e4rung\"}]},{\"@type\":\"WebSite\",\"@id\":\"https:\\\/\\\/ai4performance.com\\\/#website\",\"url\":\"https:\\\/\\\/ai4performance.com\\\/\",\"name\":\"AI 4 Performance\",\"description\":\"\",\"publisher\":{\"@id\":\"https:\\\/\\\/ai4performance.com\\\/#organization\"},\"potentialAction\":[{\"@type\":\"SearchAction\",\"target\":{\"@type\":\"EntryPoint\",\"urlTemplate\":\"https:\\\/\\\/ai4performance.com\\\/?s={search_term_string}\"},\"query-input\":{\"@type\":\"PropertyValueSpecification\",\"valueRequired\":true,\"valueName\":\"search_term_string\"}}],\"inLanguage\":\"bg-BG\"},{\"@type\":\"Organization\",\"@id\":\"https:\\\/\\\/ai4performance.com\\\/#organization\",\"name\":\"AI 4 Performance\",\"url\":\"https:\\\/\\\/ai4performance.com\\\/\",\"logo\":{\"@type\":\"ImageObject\",\"inLanguage\":\"bg-BG\",\"@id\":\"https:\\\/\\\/ai4performance.com\\\/#\\\/schema\\\/logo\\\/image\\\/\",\"url\":\"https:\\\/\\\/ai4performance.com\\\/wp-content\\\/uploads\\\/2016\\\/08\\\/logo.svg\",\"contentUrl\":\"https:\\\/\\\/ai4performance.com\\\/wp-content\\\/uploads\\\/2016\\\/08\\\/logo.svg\",\"width\":1,\"height\":1,\"caption\":\"AI 4 Performance\"},\"image\":{\"@id\":\"https:\\\/\\\/ai4performance.com\\\/#\\\/schema\\\/logo\\\/image\\\/\"}}]}<\/script>\n<!-- \/ Yoast SEO plugin. -->","yoast_head_json":{"title":"\u0414\u0435\u043a\u043b\u0430\u0440\u0430\u0446\u0438\u044f \u0437\u0430 \u0434\u043e\u0441\u0442\u044a\u043f\u043d\u043e\u0441\u0442 - AI 4 \u0418\u0437\u043f\u044a\u043b\u043d\u0435\u043d\u0438\u0435","robots":{"index":"index","follow":"follow","max-snippet":"max-snippet:-1","max-image-preview":"max-image-preview:large","max-video-preview":"max-video-preview:-1"},"canonical":"https:\/\/ai4performance.com\/bg\/\u0434\u0435\u043a\u043b\u0430\u0440\u0430\u0446\u0438\u044f-\u0437\u0430-\u0434\u043e\u0441\u0442\u044a\u043f\u043d\u043e\u0441\u0442\/","og_locale":"bg_BG","og_type":"article","og_title":"Barrierefreiheitserkl\u00e4rung - AI 4 Performance","og_description":"Barrierefreiheitserkl\u00e4rung Die Digital Solutions Group LTD ist bem\u00fcht, ihre Website www.ai4performance.com im Einklang mit dem Barrierefreiheitsst\u00e4rkungsgesetz (BFSG) sowie der Barrierefreie-Informationstechnik-Verordnung (BITV 2.0) barrierefrei zug\u00e4nglich zu machen. Stand der Vereinbarkeit mit den Anforderungen Diese Website ist derzeit teilweise barrierefrei. Die Anforderungen der BITV 2.0 werden \u00fcberwiegend erf\u00fcllt. Folgende Elemente sind derzeit nicht 100% barrierefrei: Keine automatische...","og_url":"https:\/\/ai4performance.com\/bg\/\u0434\u0435\u043a\u043b\u0430\u0440\u0430\u0446\u0438\u044f-\u0437\u0430-\u0434\u043e\u0441\u0442\u044a\u043f\u043d\u043e\u0441\u0442\/","og_site_name":"AI 4 Performance","article_modified_time":"2025-08-23T13:48:03+00:00","twitter_card":"summary_large_image","twitter_misc":{"Est. reading time":"2 minutes"},"schema":{"@context":"https:\/\/schema.org","@graph":[{"@type":"WebPage","@id":"https:\/\/ai4performance.com\/barrierefreiheitserklaerung\/","url":"https:\/\/ai4performance.com\/barrierefreiheitserklaerung\/","name":"\u0414\u0435\u043a\u043b\u0430\u0440\u0430\u0446\u0438\u044f \u0437\u0430 \u0434\u043e\u0441\u0442\u044a\u043f\u043d\u043e\u0441\u0442 - AI 4 \u0418\u0437\u043f\u044a\u043b\u043d\u0435\u043d\u0438\u0435","isPartOf":{"@id":"https:\/\/ai4performance.com\/#website"},"datePublished":"2025-08-21T12:59:33+00:00","dateModified":"2025-08-23T13:48:03+00:00","breadcrumb":{"@id":"https:\/\/ai4performance.com\/barrierefreiheitserklaerung\/#breadcrumb"},"inLanguage":"bg-BG","potentialAction":[{"@type":"ReadAction","target":["https:\/\/ai4performance.com\/barrierefreiheitserklaerung\/"]}]},{"@type":"BreadcrumbList","@id":"https:\/\/ai4performance.com\/barrierefreiheitserklaerung\/#breadcrumb","itemListElement":[{"@type":"ListItem","position":1,"name":"Startseite","item":"https:\/\/ai4performance.com\/"},{"@type":"ListItem","position":2,"name":"Barrierefreiheitserkl\u00e4rung"}]},{"@type":"WebSite","@id":"https:\/\/ai4performance.com\/#website","url":"https:\/\/ai4performance.com\/","name":"AI 4 \u0418\u0437\u043f\u044a\u043b\u043d\u0435\u043d\u0438\u0435","description":"","publisher":{"@id":"https:\/\/ai4performance.com\/#organization"},"potentialAction":[{"@type":"SearchAction","target":{"@type":"EntryPoint","urlTemplate":"https:\/\/ai4performance.com\/?s={search_term_string}"},"query-input":{"@type":"PropertyValueSpecification","valueRequired":true,"valueName":"search_term_string"}}],"inLanguage":"bg-BG"},{"@type":"Organization","@id":"https:\/\/ai4performance.com\/#organization","name":"AI 4 \u0418\u0437\u043f\u044a\u043b\u043d\u0435\u043d\u0438\u0435","url":"https:\/\/ai4performance.com\/","logo":{"@type":"ImageObject","inLanguage":"bg-BG","@id":"https:\/\/ai4performance.com\/#\/schema\/logo\/image\/","url":"https:\/\/ai4performance.com\/wp-content\/uploads\/2016\/08\/logo.svg","contentUrl":"https:\/\/ai4performance.com\/wp-content\/uploads\/2016\/08\/logo.svg","width":1,"height":1,"caption":"AI 4 Performance"},"image":{"@id":"https:\/\/ai4performance.com\/#\/schema\/logo\/image\/"}}]}},"_links":{"self":[{"href":"https:\/\/ai4performance.com\/bg\/wp-json\/wp\/v2\/pages\/5561","targetHints":{"allow":["GET"]}}],"collection":[{"href":"https:\/\/ai4performance.com\/bg\/wp-json\/wp\/v2\/pages"}],"about":[{"href":"https:\/\/ai4performance.com\/bg\/wp-json\/wp\/v2\/types\/page"}],"author":[{"embeddable":true,"href":"https:\/\/ai4performance.com\/bg\/wp-json\/wp\/v2\/users\/1"}],"replies":[{"embeddable":true,"href":"https:\/\/ai4performance.com\/bg\/wp-json\/wp\/v2\/comments?post=5561"}],"version-history":[{"count":0,"href":"https:\/\/ai4performance.com\/bg\/wp-json\/wp\/v2\/pages\/5561\/revisions"}],"wp:attachment":[{"href":"https:\/\/ai4performance.com\/bg\/wp-json\/wp\/v2\/media?parent=5561"}],"curies":[{"name":"wp","href":"https:\/\/api.w.org\/{rel}","templated":true}]}}